{"id":190,"date":"2021-06-30T09:44:32","date_gmt":"2021-06-30T07:44:32","guid":{"rendered":"https:\/\/www.danosa.com\/es-co\/?page_id=190"},"modified":"2024-04-24T09:49:03","modified_gmt":"2024-04-24T07:49:03","slug":"politicas","status":"publish","type":"page","link":"https:\/\/www.danosa.com\/es-co\/sobre-danosa\/politicas\/","title":{"rendered":"Pol\u00edticas"},"content":{"rendered":"\n<div style=\"height:60px\" aria-hidden=\"true\" class=\"wp-block-spacer\"><\/div>\n\n\n\n<h2 class=\"has-x-large-font-size\">Pol\u00edticas<\/h2>\n\n\n\n<h2>POL\u00cdTICA para la CALIDAD<\/h2>\n\n\n\n<p>DANOSA tiene un compromiso firme con la Calidad, basado en los siguientes principios:<\/p>\n\n\n\n<ul><li>La Calidad es un pilar fundamental de la competitividad, que a su vez es imprescindible para lograr buenos resultados empresariales. Esos resultados son la raz\u00f3n de ser de nuestras Empresas y el futuro de todos nosotros.<\/li><li>La Calidad supone, ante todo, cumplir los requisitos, para satisfacer a nuestros Clientes; su satisfacci\u00f3n es la mejor medida de nuestra calidad.<\/li><li>La Calidad es cosa de todos, Todos, en nuestro puesto, tenemos mucho que hacer y que decir para cumplir los objetivos de calidad.<\/li><li>La Calidad es el resultado de nuestra gesti\u00f3n. Por eso, la mejora continua de nuestro Sistema de Gesti\u00f3n es el mejor camino hacia la calidad. Y para ello, nuestro modelo de gesti\u00f3n est\u00e1 estructurado y liderado por Procesos, y orientado a aprovechar las oportunidades y prevenir los riesgos de un contexto complejo y cambiante.<\/li><\/ul>\n\n\n\n<figure class=\"wp-block-image size-large\"><img loading=\"lazy\" width=\"1024\" height=\"406\" src=\"https:\/\/www.danosa.com\/es-es\/wp-content\/uploads\/sites\/2\/2021\/11\/Danosa_laboratorio-1024x406.jpg\" alt=\"\" class=\"wp-image-7979\" srcset=\"https:\/\/www.danosa.com\/es-co\/wp-content\/uploads\/sites\/8\/2021\/11\/Danosa_laboratorio-1024x406.jpg 1024w, https:\/\/www.danosa.com\/es-co\/wp-content\/uploads\/sites\/8\/2021\/11\/Danosa_laboratorio-300x119.jpg 300w, https:\/\/www.danosa.com\/es-co\/wp-content\/uploads\/sites\/8\/2021\/11\/Danosa_laboratorio-768x304.jpg 768w, https:\/\/www.danosa.com\/es-co\/wp-content\/uploads\/sites\/8\/2021\/11\/Danosa_laboratorio-1536x609.jpg 1536w, https:\/\/www.danosa.com\/es-co\/wp-content\/uploads\/sites\/8\/2021\/11\/Danosa_laboratorio.jpg 1920w\" sizes=\"(max-width: 1024px) 100vw, 1024px\" \/><\/figure>\n\n\n\n<p>\u00c9sta Pol\u00edtica y el correspondiente sistema de gesti\u00f3n se aplican dentro del Grupo DANOSA para toda la actividad industrial y comercial en todos sus emplazamientos, consistente gen\u00e9ricamente en la fabricaci\u00f3n y distribuci\u00f3n de productos y materiales de impermeabilizaci\u00f3n y aislamiento orientados al sector de la construcci\u00f3n.<\/p>\n\n\n\n<p>\u00c9sta Pol\u00edtica est\u00e1 a disposici\u00f3n de las Partes Interesadas pertinentes.<\/p>\n\n\n\n<figure class=\"wp-block-image size-full\"><img loading=\"lazy\" width=\"210\" height=\"300\" src=\"https:\/\/www.danosa.com\/es-es\/wp-content\/uploads\/sites\/2\/2021\/11\/Danosa_politica_calidad.jpg\" alt=\"\" class=\"wp-image-8039\"\/><figcaption><a href=\"https:\/\/www.danosa.com\/es-es\/wp-content\/uploads\/sites\/2\/2021\/11\/Danosa_Politica_Calidad_v3.pdf\">DANOSA-pol\u00edtica de calidad<\/a><\/figcaption><\/figure>\n\n\n\n<div style=\"height:100px\" aria-hidden=\"true\" class=\"wp-block-spacer\"><\/div>\n\n\n\n<h2>POL\u00cdTICA sobre SOSTENIBILIDAD<\/h2>\n\n\n\n<p>DANOSA quiere colaborar a un Desarrollo Sostenible potenciando sus impactos positivos y minimizando, en lo posible, los impactos negativos; y lo queremos hacer alineando nuestro negocio y nuestra gesti\u00f3n con los Objetivos de Desarrollo Sostenible.<\/p>\n\n\n\n<p>Para ello consideramos dos L\u00edneas Estrat\u00e9gicas, que est\u00e1n en la esencia misma de nuestro negocio:<\/p>\n\n\n\n<ul><li>La mejora de la EFICIENCIA ENERG\u00c9TICA en la edificaci\u00f3n.<\/li><li>El impulso de la ECONOM\u00cdA CIRCULAR, principalmente en los pl\u00e1sticos.<\/li><\/ul>\n\n\n\n<p>Y para desarrollar estas l\u00edneas estrat\u00e9gicas nos apoyamos en:<\/p>\n\n\n\n<ul><li>Actividad cada vez m\u00e1s orientada hacia soluciones para el aislamiento t\u00e9rmico y otras aplicaciones que colaboren activamente a la sostenibilidad.<\/li><li>Productos cada vez con m\u00e1s reciclados y m\u00e1s reciclables.<\/li><li>Personas cada vez m\u00e1s comprometidas.<\/li><li>Menos residuos y m\u00e1s valorizados.<\/li><li>Honestidad y Transparencia.<\/li><\/ul>\n\n\n\n<figure class=\"wp-block-image size-large\"><img loading=\"lazy\" width=\"1024\" height=\"122\" src=\"https:\/\/www.danosa.com\/es-es\/wp-content\/uploads\/sites\/2\/2021\/11\/Danosa_recycling-1024x122.jpg\" alt=\"\" class=\"wp-image-7970\" srcset=\"https:\/\/www.danosa.com\/es-co\/wp-content\/uploads\/sites\/8\/2021\/11\/Danosa_recycling-1024x122.jpg 1024w, https:\/\/www.danosa.com\/es-co\/wp-content\/uploads\/sites\/8\/2021\/11\/Danosa_recycling-300x36.jpg 300w, https:\/\/www.danosa.com\/es-co\/wp-content\/uploads\/sites\/8\/2021\/11\/Danosa_recycling-768x91.jpg 768w, https:\/\/www.danosa.com\/es-co\/wp-content\/uploads\/sites\/8\/2021\/11\/Danosa_recycling.jpg 1320w\" sizes=\"(max-width: 1024px) 100vw, 1024px\" \/><\/figure>\n\n\n\n<p>\u00c9sta Pol\u00edtica y el correspondiente sistema de gesti\u00f3n se aplican dentro del Grupo DANOSA para toda la actividad industrial y comercial en todos sus emplazamientos, consistente gen\u00e9ricamente en la fabricaci\u00f3n y distribuci\u00f3n de productos y materiales de impermeabilizaci\u00f3n y aislamiento orientados al sector de la construcci\u00f3n.<\/p>\n\n\n\n<p>\u00c9sta Pol\u00edtica est\u00e1 a disposici\u00f3n de las Partes Interesadas pertinentes.<\/p>\n\n\n\n<figure class=\"wp-block-image size-full\"><img loading=\"lazy\" width=\"212\" height=\"300\" src=\"https:\/\/www.danosa.com\/es-es\/wp-content\/uploads\/sites\/2\/2021\/11\/Danosa_Politica_Sostenibilidad_v4.jpg\" alt=\"\" class=\"wp-image-8041\"\/><figcaption><a href=\"https:\/\/www.danosa.com\/es-es\/wp-content\/uploads\/sites\/2\/2021\/11\/Danosa_Politica_Calidad_v3.pdf\" target=\"_blank\" rel=\"noreferrer noopener\">DANOSA-pol\u00edtica sobre sostenibilidad<\/a><\/figcaption><\/figure>\n\n\n\n<div style=\"height:100px\" aria-hidden=\"true\" class=\"wp-block-spacer\"><\/div>\n\n\n\n<h2>POL\u00cdTICA MEDIOAMBIENTAL<\/h2>\n\n\n\n<p>DANOSA tiene un compromiso manifiesto de respeto al medioambiente. Esto implica una preocupaci\u00f3n constante por los efectos que nuestra actividad ocasiona en el entorno.<\/p>\n\n\n\n<p>Este compromiso:<\/p>\n\n\n\n<ul><li>Comienza por cumplir las leyes, reglamentos y otros requisitos destinados a la preservaci\u00f3n del medioambiente.<\/li><li>Se extiende a todas las \u00e1reas de la empresa, y no \u00fanicamente a la fabricaci\u00f3n de productos.<\/li><li>Nos obliga a mejorar d\u00eda a d\u00eda nuestras pr\u00e1cticas medioambientales.<\/li><li>Supone participar activamente en prevenir la contaminaci\u00f3n, eliminando las causas de los efectos negativos que perjudican al medioambiente.<\/li><li>Implica que los nuevos productos sean fabricados con un m\u00ednimo consumo de recursos, al tiempo que sean sostenibles durante su ciclo de vida.<\/li><\/ul>\n\n\n\n<figure class=\"wp-block-image size-large\"><img loading=\"lazy\" width=\"1024\" height=\"278\" src=\"https:\/\/www.danosa.com\/es-es\/wp-content\/uploads\/sites\/2\/2021\/11\/Danosa_Politica_Medioambiental-1024x278.jpg\" alt=\"\" class=\"wp-image-8047\" srcset=\"https:\/\/www.danosa.com\/es-co\/wp-content\/uploads\/sites\/8\/2021\/11\/Danosa_Politica_Medioambiental-1024x278.jpg 1024w, https:\/\/www.danosa.com\/es-co\/wp-content\/uploads\/sites\/8\/2021\/11\/Danosa_Politica_Medioambiental-300x82.jpg 300w, https:\/\/www.danosa.com\/es-co\/wp-content\/uploads\/sites\/8\/2021\/11\/Danosa_Politica_Medioambiental-768x209.jpg 768w, https:\/\/www.danosa.com\/es-co\/wp-content\/uploads\/sites\/8\/2021\/11\/Danosa_Politica_Medioambiental.jpg 1200w\" sizes=\"(max-width: 1024px) 100vw, 1024px\" \/><\/figure>\n\n\n\n<p>\u00c9sta Pol\u00edtica y el correspondiente sistema de gesti\u00f3n se aplican dentro del Grupo DANOSA para toda la actividad industrial y comercial en todos sus emplazamientos, consistente gen\u00e9ricamente en la fabricaci\u00f3n y distribuci\u00f3n de productos y materiales de impermeabilizaci\u00f3n y aislamiento orientados al sector de la construcci\u00f3n.<\/p>\n\n\n\n<p>\u00c9sta Pol\u00edtica est\u00e1 a disposici\u00f3n de las Partes Interesadas pertinentes.<\/p>\n\n\n\n<figure class=\"wp-block-image size-full\"><img loading=\"lazy\" width=\"212\" height=\"300\" src=\"https:\/\/www.danosa.com\/es-es\/wp-content\/uploads\/sites\/2\/2021\/11\/Danosa_Politica_Medioambiental_v3.jpg\" alt=\"\" class=\"wp-image-8048\"\/><figcaption><a href=\"https:\/\/www.danosa.com\/es-es\/wp-content\/uploads\/sites\/2\/2021\/11\/Danosa_Politica_Medioambiental_v3.pdf\" target=\"_blank\" rel=\"noreferrer noopener\">DANOSA-pol\u00edtica medioambiental<\/a><\/figcaption><\/figure>\n\n\n\n<div style=\"height:100px\" aria-hidden=\"true\" class=\"wp-block-spacer\"><\/div>\n\n\n\n<h2>POL\u00cdTICA ENERG\u00c9TICA<\/h2>\n\n\n\n<p><strong>DANOSA<\/strong> se compromete a hacer una gesti\u00f3n eficaz de la energ\u00eda, con especial atenci\u00f3n a:<\/p>\n\n\n\n<ul><li>Cumplir con los requisitos legales aplicables, y cualquiera otros a los que se comprometa, relacionados con el uso y consumo de la energ\u00eda.<\/li><li>Mejorar sistem\u00e1ticamente el desempe\u00f1o energ\u00e9tico; as\u00ed como el Sistema de Gesti\u00f3n de la Energ\u00eda.<\/li><li>Asegurar la disponibilidad de la informaci\u00f3n y de los recursos necesarios para alcanzar los objetivos y conseguir las metas de la mejora energ\u00e9tica.<\/li><li>Aplicar criterios de eficiencia energ\u00e9tica a la hora de dise\u00f1ar productos y procesos; y de adquirir instalaciones, equipos y servicios.<\/li><li>Evolucionar a energ\u00edas renovables que colaboren a la Sostenibilidad y a mitigar el cambio clim\u00e1tico.<\/li><\/ul>\n\n\n\n<figure class=\"wp-block-image size-large\"><img src=\"https:\/\/www.danosa.com\/es-es\/wp-content\/uploads\/sites\/2\/2024\/04\/Danosa_Politica_Energetica_paneles-1024x409.png\" alt=\"\" class=\"wp-image-12894\"\/><\/figure>\n\n\n\n<p>\u00c9sta Pol\u00edtica y el correspondiente sistema de gesti\u00f3n se aplican dentro del Grupo DANOSA para toda la actividad industrial y comercial en todos sus emplazamientos, consistente gen\u00e9ricamente en la fabricaci\u00f3n y distribuci\u00f3n de productos y materiales de impermeabilizaci\u00f3n y aislamiento orientados al sector de la construcci\u00f3n.<\/p>\n\n\n\n<p>\u00c9sta Pol\u00edtica est\u00e1 a disposici\u00f3n de las Partes Interesadas pertinentes.<\/p>\n\n\n\n<figure class=\"wp-block-image size-full\"><a href=\"https:\/\/www.danosa.com\/es-es\/wp-content\/uploads\/sites\/2\/2024\/04\/Danosa_Politica_Energetica_w.pdf\" target=\"_blank\" rel=\"noopener\"><img src=\"https:\/\/www.danosa.com\/es-es\/wp-content\/uploads\/sites\/2\/2024\/04\/Danosa_Politica_Energetica.png\" alt=\"\" class=\"wp-image-12892\"\/><\/a><figcaption><a href=\"https:\/\/www.danosa.com\/es-es\/wp-content\/uploads\/sites\/2\/2024\/04\/Danosa_Politica_Energetica_w.pdf\" target=\"_blank\" rel=\"noreferrer noopener\">DANOSA-pol\u00edtica energ\u00e9tica<\/a><\/figcaption><\/figure>\n","protected":false},"excerpt":{"rendered":"<p>Pol\u00edticas POL\u00cdTICA para la CALIDAD DANOSA tiene un compromiso firme con la Calidad, basado en los siguientes principios: La Calidad es un pilar fundamental de la competitividad, que a su vez es imprescindible para lograr buenos resultados empresariales. Esos resultados son la raz\u00f3n de ser de nuestras Empresas y el futuro de todos nosotros. La&#8230;<\/p>\n","protected":false},"author":1,"featured_media":0,"parent":36,"menu_order":0,"comment_status":"closed","ping_status":"closed","template":"","meta":{"inline_featured_image":false,"site-sidebar-layout":"default","site-content-layout":"default","ast-main-header-display":"","ast-hfb-above-header-display":"","ast-hfb-below-header-display":"","ast-hfb-mobile-header-display":"","site-post-title":"disabled","ast-breadcrumbs-content":"","ast-featured-img":"","footer-sml-layout":"","theme-transparent-header-meta":"default","adv-header-id-meta":"","stick-header-meta":"default","header-above-stick-meta":"","header-main-stick-meta":"","header-below-stick-meta":""},"acf":[],"yoast_head":"<!-- This site is optimized with the Yoast SEO plugin v18.1 - https:\/\/yoast.com\/wordpress\/plugins\/seo\/ -->\n<title>Pol\u00edticas - Danosa Colombia<\/title>\n<meta name=\"robots\" content=\"index, follow, max-snippet:-1, max-image-preview:large, max-video-preview:-1\" \/>\n<link rel=\"canonical\" href=\"https:\/\/www.danosa.com\/es-co\/sobre-danosa\/politicas\/\" \/>\n<meta property=\"og:locale\" content=\"es_ES\" \/>\n<meta property=\"og:type\" content=\"article\" \/>\n<meta property=\"og:title\" content=\"Pol\u00edticas - Danosa Colombia\" \/>\n<meta property=\"og:description\" content=\"Pol\u00edticas POL\u00cdTICA para la CALIDAD DANOSA tiene un compromiso firme con la Calidad, basado en los siguientes principios: La Calidad es un pilar fundamental de la competitividad, que a su vez es imprescindible para lograr buenos resultados empresariales. Esos resultados son la raz\u00f3n de ser de nuestras Empresas y el futuro de todos nosotros. La...\" \/>\n<meta property=\"og:url\" content=\"https:\/\/www.danosa.com\/es-co\/sobre-danosa\/politicas\/\" \/>\n<meta property=\"og:site_name\" content=\"Danosa Colombia\" \/>\n<meta property=\"article:modified_time\" content=\"2024-04-24T07:49:03+00:00\" \/>\n<meta property=\"og:image\" content=\"https:\/\/www.danosa.com\/es-es\/wp-content\/uploads\/sites\/2\/2021\/11\/Danosa_laboratorio-1024x406.jpg\" \/>\n<meta name=\"twitter:card\" content=\"summary_large_image\" \/>\n<meta name=\"twitter:label1\" content=\"Tiempo de lectura\" \/>\n\t<meta name=\"twitter:data1\" content=\"5 minutos\" \/>\n<script type=\"application\/ld+json\" class=\"yoast-schema-graph\">{\"@context\":\"https:\/\/schema.org\",\"@graph\":[{\"@type\":\"WebSite\",\"@id\":\"https:\/\/www.danosa.com\/es-co\/#website\",\"url\":\"https:\/\/www.danosa.com\/es-co\/\",\"name\":\"Danosa Colombia\",\"description\":\"Danosa\",\"potentialAction\":[{\"@type\":\"SearchAction\",\"target\":{\"@type\":\"EntryPoint\",\"urlTemplate\":\"https:\/\/www.danosa.com\/es-co\/?s={search_term_string}\"},\"query-input\":\"required name=search_term_string\"}],\"inLanguage\":\"es\"},{\"@type\":\"ImageObject\",\"@id\":\"https:\/\/www.danosa.com\/es-co\/sobre-danosa\/politicas\/#primaryimage\",\"inLanguage\":\"es\",\"url\":\"https:\/\/www.danosa.com\/es-es\/wp-content\/uploads\/sites\/2\/2021\/11\/Danosa_laboratorio-1024x406.jpg\",\"contentUrl\":\"https:\/\/www.danosa.com\/es-es\/wp-content\/uploads\/sites\/2\/2021\/11\/Danosa_laboratorio-1024x406.jpg\"},{\"@type\":\"WebPage\",\"@id\":\"https:\/\/www.danosa.com\/es-co\/sobre-danosa\/politicas\/#webpage\",\"url\":\"https:\/\/www.danosa.com\/es-co\/sobre-danosa\/politicas\/\",\"name\":\"Pol\u00edticas - Danosa Colombia\",\"isPartOf\":{\"@id\":\"https:\/\/www.danosa.com\/es-co\/#website\"},\"primaryImageOfPage\":{\"@id\":\"https:\/\/www.danosa.com\/es-co\/sobre-danosa\/politicas\/#primaryimage\"},\"datePublished\":\"2021-06-30T07:44:32+00:00\",\"dateModified\":\"2024-04-24T07:49:03+00:00\",\"breadcrumb\":{\"@id\":\"https:\/\/www.danosa.com\/es-co\/sobre-danosa\/politicas\/#breadcrumb\"},\"inLanguage\":\"es\",\"potentialAction\":[{\"@type\":\"ReadAction\",\"target\":[\"https:\/\/www.danosa.com\/es-co\/sobre-danosa\/politicas\/\"]}]},{\"@type\":\"BreadcrumbList\",\"@id\":\"https:\/\/www.danosa.com\/es-co\/sobre-danosa\/politicas\/#breadcrumb\",\"itemListElement\":[{\"@type\":\"ListItem\",\"position\":1,\"name\":\"Portada\",\"item\":\"https:\/\/www.danosa.com\/es-co\/\"},{\"@type\":\"ListItem\",\"position\":2,\"name\":\"Sobre Danosa\",\"item\":\"https:\/\/www.danosa.com\/es-co\/sobre-danosa\/\"},{\"@type\":\"ListItem\",\"position\":3,\"name\":\"Pol\u00edticas\"}]}]}<\/script>\n<!-- \/ Yoast SEO plugin. -->","yoast_head_json":{"title":"Pol\u00edticas - Danosa Colombia","robots":{"index":"index","follow":"follow","max-snippet":"max-snippet:-1","max-image-preview":"max-image-preview:large","max-video-preview":"max-video-preview:-1"},"canonical":"https:\/\/www.danosa.com\/es-co\/sobre-danosa\/politicas\/","og_locale":"es_ES","og_type":"article","og_title":"Pol\u00edticas - Danosa Colombia","og_description":"Pol\u00edticas POL\u00cdTICA para la CALIDAD DANOSA tiene un compromiso firme con la Calidad, basado en los siguientes principios: La Calidad es un pilar fundamental de la competitividad, que a su vez es imprescindible para lograr buenos resultados empresariales. Esos resultados son la raz\u00f3n de ser de nuestras Empresas y el futuro de todos nosotros. La...","og_url":"https:\/\/www.danosa.com\/es-co\/sobre-danosa\/politicas\/","og_site_name":"Danosa Colombia","article_modified_time":"2024-04-24T07:49:03+00:00","og_image":[{"url":"https:\/\/www.danosa.com\/es-es\/wp-content\/uploads\/sites\/2\/2021\/11\/Danosa_laboratorio-1024x406.jpg"}],"twitter_card":"summary_large_image","twitter_misc":{"Tiempo de lectura":"5 minutos"},"schema":{"@context":"https:\/\/schema.org","@graph":[{"@type":"WebSite","@id":"https:\/\/www.danosa.com\/es-co\/#website","url":"https:\/\/www.danosa.com\/es-co\/","name":"Danosa Colombia","description":"Danosa","potentialAction":[{"@type":"SearchAction","target":{"@type":"EntryPoint","urlTemplate":"https:\/\/www.danosa.com\/es-co\/?s={search_term_string}"},"query-input":"required name=search_term_string"}],"inLanguage":"es"},{"@type":"ImageObject","@id":"https:\/\/www.danosa.com\/es-co\/sobre-danosa\/politicas\/#primaryimage","inLanguage":"es","url":"https:\/\/www.danosa.com\/es-es\/wp-content\/uploads\/sites\/2\/2021\/11\/Danosa_laboratorio-1024x406.jpg","contentUrl":"https:\/\/www.danosa.com\/es-es\/wp-content\/uploads\/sites\/2\/2021\/11\/Danosa_laboratorio-1024x406.jpg"},{"@type":"WebPage","@id":"https:\/\/www.danosa.com\/es-co\/sobre-danosa\/politicas\/#webpage","url":"https:\/\/www.danosa.com\/es-co\/sobre-danosa\/politicas\/","name":"Pol\u00edticas - Danosa Colombia","isPartOf":{"@id":"https:\/\/www.danosa.com\/es-co\/#website"},"primaryImageOfPage":{"@id":"https:\/\/www.danosa.com\/es-co\/sobre-danosa\/politicas\/#primaryimage"},"datePublished":"2021-06-30T07:44:32+00:00","dateModified":"2024-04-24T07:49:03+00:00","breadcrumb":{"@id":"https:\/\/www.danosa.com\/es-co\/sobre-danosa\/politicas\/#breadcrumb"},"inLanguage":"es","potentialAction":[{"@type":"ReadAction","target":["https:\/\/www.danosa.com\/es-co\/sobre-danosa\/politicas\/"]}]},{"@type":"BreadcrumbList","@id":"https:\/\/www.danosa.com\/es-co\/sobre-danosa\/politicas\/#breadcrumb","itemListElement":[{"@type":"ListItem","position":1,"name":"Portada","item":"https:\/\/www.danosa.com\/es-co\/"},{"@type":"ListItem","position":2,"name":"Sobre Danosa","item":"https:\/\/www.danosa.com\/es-co\/sobre-danosa\/"},{"@type":"ListItem","position":3,"name":"Pol\u00edticas"}]}]}},"_links":{"self":[{"href":"https:\/\/www.danosa.com\/es-co\/wp-json\/wp\/v2\/pages\/190"}],"collection":[{"href":"https:\/\/www.danosa.com\/es-co\/wp-json\/wp\/v2\/pages"}],"about":[{"href":"https:\/\/www.danosa.com\/es-co\/wp-json\/wp\/v2\/types\/page"}],"author":[{"embeddable":true,"href":"https:\/\/www.danosa.com\/es-co\/wp-json\/wp\/v2\/users\/1"}],"replies":[{"embeddable":true,"href":"https:\/\/www.danosa.com\/es-co\/wp-json\/wp\/v2\/comments?post=190"}],"version-history":[{"count":18,"href":"https:\/\/www.danosa.com\/es-co\/wp-json\/wp\/v2\/pages\/190\/revisions"}],"predecessor-version":[{"id":9623,"href":"https:\/\/www.danosa.com\/es-co\/wp-json\/wp\/v2\/pages\/190\/revisions\/9623"}],"up":[{"embeddable":true,"href":"https:\/\/www.danosa.com\/es-co\/wp-json\/wp\/v2\/pages\/36"}],"wp:attachment":[{"href":"https:\/\/www.danosa.com\/es-co\/wp-json\/wp\/v2\/media?parent=190"}],"curies":[{"name":"wp","href":"https:\/\/api.w.org\/{rel}","templated":true}]}}