{"id":192,"date":"2021-06-30T09:44:37","date_gmt":"2021-06-30T09:44:37","guid":{"rendered":"https:\/\/www.danosa.com\/es-co\/?page_id=192"},"modified":"2021-10-13T10:59:14","modified_gmt":"2021-10-13T10:59:14","slug":"codigo-etico","status":"publish","type":"page","link":"https:\/\/www.danosa.com\/es-co\/sobre-danosa\/codigo-etico\/","title":{"rendered":"C\u00f3digo \u00e9tico"},"content":{"rendered":"\n<p>El C\u00f3digo establece los criterios de actuaci\u00f3n que deben ser observados por&nbsp;<strong>DANOSA<\/strong>&nbsp;en el desempe\u00f1o de sus responsabilidades empresariales.<\/p>\n\n\n\n<figure class=\"wp-block-image size-large is-resized\"><img src=\"https:\/\/www.danosa.com\/es-co\/wp-content\/uploads\/sites\/8\/2021\/10\/Danosa-codigo-etico-2-1024x366.jpg\" alt=\"\" class=\"wp-image-7477\" width=\"1120\" srcset=\"https:\/\/www.danosa.com\/es-co\/wp-content\/uploads\/sites\/8\/2021\/10\/Danosa-codigo-etico-2-1024x366.jpg 1024w, https:\/\/www.danosa.com\/es-co\/wp-content\/uploads\/sites\/8\/2021\/10\/Danosa-codigo-etico-2-300x107.jpg 300w, https:\/\/www.danosa.com\/es-co\/wp-content\/uploads\/sites\/8\/2021\/10\/Danosa-codigo-etico-2-768x274.jpg 768w, https:\/\/www.danosa.com\/es-co\/wp-content\/uploads\/sites\/8\/2021\/10\/Danosa-codigo-etico-2.jpg 1120w\" sizes=\"(max-width: 1024px) 100vw, 1024px\" \/><\/figure>\n\n\n\n<p>El objetivo del presente C\u00f3digo es procurar un comportamiento profesional, \u00e9tico y responsable de DANOSA y de todos sus empleados, en el desarrollo de sus actividades, como elemento b\u00e1sico de su cultura empresarial en la que se asienta la formaci\u00f3n y el desarrollo personal y profesional de sus empleados.<br>A tal efecto, se definen los principios y valores que deben regir las relaciones de DANOSA con sus grupos de inter\u00e9s (empleados, proveedores, clientes, directivos, accionistas y personas y administraciones del entorno en que se desarrollan sus actividades).<\/p>\n\n\n\n<figure class=\"wp-block-image size-full\"><a href=\"https:\/\/www.danosa.com\/es-co\/wp-content\/uploads\/sites\/8\/2021\/10\/Danosa-codigo-etico.pdf\" target=\"_blank\" rel=\"noopener\"><img loading=\"lazy\" width=\"280\" height=\"400\" src=\"https:\/\/www.danosa.com\/es-co\/wp-content\/uploads\/sites\/8\/2021\/10\/Danosa-codigo-etico.jpg\" alt=\"\" class=\"wp-image-7473\" srcset=\"https:\/\/www.danosa.com\/es-co\/wp-content\/uploads\/sites\/8\/2021\/10\/Danosa-codigo-etico.jpg 280w, https:\/\/www.danosa.com\/es-co\/wp-content\/uploads\/sites\/8\/2021\/10\/Danosa-codigo-etico-210x300.jpg 210w\" sizes=\"(max-width: 280px) 100vw, 280px\" \/><\/a><figcaption><a href=\"https:\/\/www.danosa.com\/es-co\/wp-content\/uploads\/sites\/8\/2021\/10\/Danosa-codigo-etico.pdf\" target=\"_blank\" rel=\"noreferrer noopener\">Danosa c\u00f3digo \u00e9tico<\/a><\/figcaption><\/figure>\n","protected":false},"excerpt":{"rendered":"<p>El C\u00f3digo establece los criterios de actuaci\u00f3n que deben ser observados por&nbsp;DANOSA&nbsp;en el desempe\u00f1o de sus responsabilidades empresariales. El objetivo del presente C\u00f3digo es procurar un comportamiento profesional, \u00e9tico y responsable de DANOSA y de todos sus empleados, en el desarrollo de sus actividades, como elemento b\u00e1sico de su cultura empresarial en la que se&#8230;<\/p>\n","protected":false},"author":1,"featured_media":0,"parent":36,"menu_order":0,"comment_status":"closed","ping_status":"closed","template":"","meta":{"inline_featured_image":false,"site-sidebar-layout":"default","site-content-layout":"default","ast-main-header-display":"","ast-hfb-above-header-display":"","ast-hfb-below-header-display":"","ast-hfb-mobile-header-display":"","site-post-title":"","ast-breadcrumbs-content":"","ast-featured-img":"","footer-sml-layout":"","theme-transparent-header-meta":"default","adv-header-id-meta":"","stick-header-meta":"default","header-above-stick-meta":"","header-main-stick-meta":"","header-below-stick-meta":""},"acf":[],"yoast_head":"<!-- This site is optimized with the Yoast SEO plugin v18.1 - https:\/\/yoast.com\/wordpress\/plugins\/seo\/ -->\n<title>C\u00f3digo \u00e9tico - Danosa Colombia<\/title>\n<meta name=\"robots\" content=\"index, follow, max-snippet:-1, max-image-preview:large, max-video-preview:-1\" \/>\n<link rel=\"canonical\" href=\"https:\/\/www.danosa.com\/es-co\/sobre-danosa\/codigo-etico\/\" \/>\n<meta property=\"og:locale\" content=\"es_ES\" \/>\n<meta property=\"og:type\" content=\"article\" \/>\n<meta property=\"og:title\" content=\"C\u00f3digo \u00e9tico - Danosa Colombia\" \/>\n<meta property=\"og:description\" content=\"El C\u00f3digo establece los criterios de actuaci\u00f3n que deben ser observados por&nbsp;DANOSA&nbsp;en el desempe\u00f1o de sus responsabilidades empresariales. El objetivo del presente C\u00f3digo es procurar un comportamiento profesional, \u00e9tico y responsable de DANOSA y de todos sus empleados, en el desarrollo de sus actividades, como elemento b\u00e1sico de su cultura empresarial en la que se...\" \/>\n<meta property=\"og:url\" content=\"https:\/\/www.danosa.com\/es-co\/sobre-danosa\/codigo-etico\/\" \/>\n<meta property=\"og:site_name\" content=\"Danosa Colombia\" \/>\n<meta property=\"article:modified_time\" content=\"2021-10-13T10:59:14+00:00\" \/>\n<meta property=\"og:image\" content=\"https:\/\/www.danosa.com\/es-co\/wp-content\/uploads\/sites\/8\/2021\/10\/Danosa-codigo-etico-2-1024x366.jpg\" \/>\n<meta name=\"twitter:card\" content=\"summary_large_image\" \/>\n<meta name=\"twitter:label1\" content=\"Tiempo de lectura\" \/>\n\t<meta name=\"twitter:data1\" content=\"1 minuto\" \/>\n<script type=\"application\/ld+json\" class=\"yoast-schema-graph\">{\"@context\":\"https:\/\/schema.org\",\"@graph\":[{\"@type\":\"WebSite\",\"@id\":\"https:\/\/www.danosa.com\/es-co\/#website\",\"url\":\"https:\/\/www.danosa.com\/es-co\/\",\"name\":\"Danosa Colombia\",\"description\":\"Danosa\",\"potentialAction\":[{\"@type\":\"SearchAction\",\"target\":{\"@type\":\"EntryPoint\",\"urlTemplate\":\"https:\/\/www.danosa.com\/es-co\/?s={search_term_string}\"},\"query-input\":\"required name=search_term_string\"}],\"inLanguage\":\"es\"},{\"@type\":\"ImageObject\",\"@id\":\"https:\/\/www.danosa.com\/es-co\/sobre-danosa\/codigo-etico\/#primaryimage\",\"inLanguage\":\"es\",\"url\":\"https:\/\/www.danosa.com\/es-co\/wp-content\/uploads\/sites\/8\/2021\/10\/Danosa-codigo-etico-2.jpg\",\"contentUrl\":\"https:\/\/www.danosa.com\/es-co\/wp-content\/uploads\/sites\/8\/2021\/10\/Danosa-codigo-etico-2.jpg\",\"width\":1120,\"height\":400},{\"@type\":\"WebPage\",\"@id\":\"https:\/\/www.danosa.com\/es-co\/sobre-danosa\/codigo-etico\/#webpage\",\"url\":\"https:\/\/www.danosa.com\/es-co\/sobre-danosa\/codigo-etico\/\",\"name\":\"C\u00f3digo \u00e9tico - Danosa Colombia\",\"isPartOf\":{\"@id\":\"https:\/\/www.danosa.com\/es-co\/#website\"},\"primaryImageOfPage\":{\"@id\":\"https:\/\/www.danosa.com\/es-co\/sobre-danosa\/codigo-etico\/#primaryimage\"},\"datePublished\":\"2021-06-30T09:44:37+00:00\",\"dateModified\":\"2021-10-13T10:59:14+00:00\",\"breadcrumb\":{\"@id\":\"https:\/\/www.danosa.com\/es-co\/sobre-danosa\/codigo-etico\/#breadcrumb\"},\"inLanguage\":\"es\",\"potentialAction\":[{\"@type\":\"ReadAction\",\"target\":[\"https:\/\/www.danosa.com\/es-co\/sobre-danosa\/codigo-etico\/\"]}]},{\"@type\":\"BreadcrumbList\",\"@id\":\"https:\/\/www.danosa.com\/es-co\/sobre-danosa\/codigo-etico\/#breadcrumb\",\"itemListElement\":[{\"@type\":\"ListItem\",\"position\":1,\"name\":\"Portada\",\"item\":\"https:\/\/www.danosa.com\/es-co\/\"},{\"@type\":\"ListItem\",\"position\":2,\"name\":\"Sobre Danosa\",\"item\":\"https:\/\/www.danosa.com\/es-co\/sobre-danosa\/\"},{\"@type\":\"ListItem\",\"position\":3,\"name\":\"C\u00f3digo \u00e9tico\"}]}]}<\/script>\n<!-- \/ Yoast SEO plugin. -->","yoast_head_json":{"title":"C\u00f3digo \u00e9tico - Danosa Colombia","robots":{"index":"index","follow":"follow","max-snippet":"max-snippet:-1","max-image-preview":"max-image-preview:large","max-video-preview":"max-video-preview:-1"},"canonical":"https:\/\/www.danosa.com\/es-co\/sobre-danosa\/codigo-etico\/","og_locale":"es_ES","og_type":"article","og_title":"C\u00f3digo \u00e9tico - Danosa Colombia","og_description":"El C\u00f3digo establece los criterios de actuaci\u00f3n que deben ser observados por&nbsp;DANOSA&nbsp;en el desempe\u00f1o de sus responsabilidades empresariales. El objetivo del presente C\u00f3digo es procurar un comportamiento profesional, \u00e9tico y responsable de DANOSA y de todos sus empleados, en el desarrollo de sus actividades, como elemento b\u00e1sico de su cultura empresarial en la que se...","og_url":"https:\/\/www.danosa.com\/es-co\/sobre-danosa\/codigo-etico\/","og_site_name":"Danosa Colombia","article_modified_time":"2021-10-13T10:59:14+00:00","og_image":[{"url":"https:\/\/www.danosa.com\/es-co\/wp-content\/uploads\/sites\/8\/2021\/10\/Danosa-codigo-etico-2-1024x366.jpg"}],"twitter_card":"summary_large_image","twitter_misc":{"Tiempo de lectura":"1 minuto"},"schema":{"@context":"https:\/\/schema.org","@graph":[{"@type":"WebSite","@id":"https:\/\/www.danosa.com\/es-co\/#website","url":"https:\/\/www.danosa.com\/es-co\/","name":"Danosa Colombia","description":"Danosa","potentialAction":[{"@type":"SearchAction","target":{"@type":"EntryPoint","urlTemplate":"https:\/\/www.danosa.com\/es-co\/?s={search_term_string}"},"query-input":"required name=search_term_string"}],"inLanguage":"es"},{"@type":"ImageObject","@id":"https:\/\/www.danosa.com\/es-co\/sobre-danosa\/codigo-etico\/#primaryimage","inLanguage":"es","url":"https:\/\/www.danosa.com\/es-co\/wp-content\/uploads\/sites\/8\/2021\/10\/Danosa-codigo-etico-2.jpg","contentUrl":"https:\/\/www.danosa.com\/es-co\/wp-content\/uploads\/sites\/8\/2021\/10\/Danosa-codigo-etico-2.jpg","width":1120,"height":400},{"@type":"WebPage","@id":"https:\/\/www.danosa.com\/es-co\/sobre-danosa\/codigo-etico\/#webpage","url":"https:\/\/www.danosa.com\/es-co\/sobre-danosa\/codigo-etico\/","name":"C\u00f3digo \u00e9tico - Danosa Colombia","isPartOf":{"@id":"https:\/\/www.danosa.com\/es-co\/#website"},"primaryImageOfPage":{"@id":"https:\/\/www.danosa.com\/es-co\/sobre-danosa\/codigo-etico\/#primaryimage"},"datePublished":"2021-06-30T09:44:37+00:00","dateModified":"2021-10-13T10:59:14+00:00","breadcrumb":{"@id":"https:\/\/www.danosa.com\/es-co\/sobre-danosa\/codigo-etico\/#breadcrumb"},"inLanguage":"es","potentialAction":[{"@type":"ReadAction","target":["https:\/\/www.danosa.com\/es-co\/sobre-danosa\/codigo-etico\/"]}]},{"@type":"BreadcrumbList","@id":"https:\/\/www.danosa.com\/es-co\/sobre-danosa\/codigo-etico\/#breadcrumb","itemListElement":[{"@type":"ListItem","position":1,"name":"Portada","item":"https:\/\/www.danosa.com\/es-co\/"},{"@type":"ListItem","position":2,"name":"Sobre Danosa","item":"https:\/\/www.danosa.com\/es-co\/sobre-danosa\/"},{"@type":"ListItem","position":3,"name":"C\u00f3digo \u00e9tico"}]}]}},"_links":{"self":[{"href":"https:\/\/www.danosa.com\/es-co\/wp-json\/wp\/v2\/pages\/192"}],"collection":[{"href":"https:\/\/www.danosa.com\/es-co\/wp-json\/wp\/v2\/pages"}],"about":[{"href":"https:\/\/www.danosa.com\/es-co\/wp-json\/wp\/v2\/types\/page"}],"author":[{"embeddable":true,"href":"https:\/\/www.danosa.com\/es-co\/wp-json\/wp\/v2\/users\/1"}],"replies":[{"embeddable":true,"href":"https:\/\/www.danosa.com\/es-co\/wp-json\/wp\/v2\/comments?post=192"}],"version-history":[{"count":5,"href":"https:\/\/www.danosa.com\/es-co\/wp-json\/wp\/v2\/pages\/192\/revisions"}],"predecessor-version":[{"id":7487,"href":"https:\/\/www.danosa.com\/es-co\/wp-json\/wp\/v2\/pages\/192\/revisions\/7487"}],"up":[{"embeddable":true,"href":"https:\/\/www.danosa.com\/es-co\/wp-json\/wp\/v2\/pages\/36"}],"wp:attachment":[{"href":"https:\/\/www.danosa.com\/es-co\/wp-json\/wp\/v2\/media?parent=192"}],"curies":[{"name":"wp","href":"https:\/\/api.w.org\/{rel}","templated":true}]}}