{"id":263,"date":"2021-07-02T11:48:16","date_gmt":"2021-07-02T11:48:16","guid":{"rendered":"https:\/\/www.danosa.com\/es-co\/?page_id=263"},"modified":"2021-12-14T09:36:11","modified_gmt":"2021-12-14T08:36:11","slug":"rehabilitacion","status":"publish","type":"page","link":"https:\/\/www.danosa.com\/es-co\/rehabilitacion\/","title":{"rendered":"Rehabilitaci\u00f3n"},"content":{"rendered":"\n<div class=\"wp-block-cover alignfull\" style=\"min-height:804px\" id=\"rehabilitacion-header\"><img loading=\"lazy\" width=\"1980\" height=\"1320\" class=\"wp-block-cover__image-background wp-image-6827\" alt=\"\" src=\"https:\/\/www.danosa.com\/es-co\/wp-content\/uploads\/sites\/8\/2021\/09\/8W6B7809-e1632307996761.jpg\" style=\"object-position:31% 38%\" data-object-fit=\"cover\" data-object-position=\"31% 38%\" srcset=\"https:\/\/www.danosa.com\/es-co\/wp-content\/uploads\/sites\/8\/2021\/09\/8W6B7809-e1632307996761.jpg 1980w, https:\/\/www.danosa.com\/es-co\/wp-content\/uploads\/sites\/8\/2021\/09\/8W6B7809-e1632307996761-300x200.jpg 300w, https:\/\/www.danosa.com\/es-co\/wp-content\/uploads\/sites\/8\/2021\/09\/8W6B7809-e1632307996761-1024x683.jpg 1024w, https:\/\/www.danosa.com\/es-co\/wp-content\/uploads\/sites\/8\/2021\/09\/8W6B7809-e1632307996761-768x512.jpg 768w, https:\/\/www.danosa.com\/es-co\/wp-content\/uploads\/sites\/8\/2021\/09\/8W6B7809-e1632307996761-1536x1024.jpg 1536w\" sizes=\"(max-width: 1980px) 100vw, 1980px\" \/><div class=\"wp-block-cover__inner-container\">\n<div class=\"wp-block-columns\">\n<div class=\"wp-block-column\" style=\"flex-basis:50%\">\n<h1 class=\"has-white-color has-text-color\">Rehabilitaci\u00f3n la inversi\u00f3n m\u00e1s rentable para un edificio<\/h1>\n\n\n\n<p>El 90% de nuestras vidas la pasamos en el interior de edificios. Es por tanto prioritario que dichos edificios est\u00e9n en unas condiciones de habitabilidad adecuadas para preservar nuestro bienestar, salud y calidad de vida.<\/p>\n<\/div>\n\n\n\n<div class=\"wp-block-column\" style=\"flex-basis:50%\"><\/div>\n<\/div>\n<\/div><\/div>\n\n\n\n<div id=\"rehabilitacion-azoteas\" class=\"wp-container-1 wp-block-group rehabilitacion-white\"><div class=\"wp-block-group__inner-container\">\n<div class=\"wp-block-media-text is-stacked-on-mobile\" style=\"grid-template-columns:77% auto\" id=\"rehabilitacion-azoteas\"><figure class=\"wp-block-media-text__media\"><img loading=\"lazy\" width=\"720\" height=\"398\" src=\"https:\/\/www.danosa.com\/es-co\/wp-content\/uploads\/sites\/8\/2021\/09\/Danosa-rehabilitacion-azoteas-4.jpg\" alt=\"\" class=\"wp-image-6867 size-full\" srcset=\"https:\/\/www.danosa.com\/es-co\/wp-content\/uploads\/sites\/8\/2021\/09\/Danosa-rehabilitacion-azoteas-4.jpg 720w, https:\/\/www.danosa.com\/es-co\/wp-content\/uploads\/sites\/8\/2021\/09\/Danosa-rehabilitacion-azoteas-4-300x166.jpg 300w\" sizes=\"(max-width: 720px) 100vw, 720px\" \/><\/figure><div class=\"wp-block-media-text__content\">\n<h2>Azoteas<\/h2>\n\n\n\n<p>Convierte tu azotea en un nuevo espacio funcional<\/p>\n\n\n<ul class=\"product-landing-list\"><li><a href=\"https:\/\/www.danosa.com\/es-co\/producto\/danopren-tr\/\"><span>DANOPREN TR<\/span> <i class=\"danosa-arrow-go\"><\/i><\/a><\/li><li><a href=\"https:\/\/www.danosa.com\/es-co\/producto\/danoprimer-ep\/\"><span>DANOPRIMER EP<\/span> <i class=\"danosa-arrow-go\"><\/i><\/a><\/li><li><a href=\"https:\/\/www.danosa.com\/es-co\/producto\/danecran-100\/\"><span>DANECRAN 100<\/span> <i class=\"danosa-arrow-go\"><\/i><\/a><\/li><li><a href=\"https:\/\/www.danosa.com\/es-co\/producto\/danocoat-250\/\"><span>DANOCOAT 250<\/span> <i class=\"danosa-arrow-go\"><\/i><\/a><\/li><\/ul>\n<\/div><\/div>\n\n\n\n<div class=\"wp-block-columns\">\n<div class=\"wp-block-column\">\n<h3>Reutilizaci\u00f3n de espacios<\/h3>\n\n\n\n<p>Las cubiertas siempre han sido lugares olvidados, solo nos acordamos de ellos cuando hay alg\u00fan problema de humedades y goteras. En el caso de las cubiertas planas, y gracias a la rehabilitaci\u00f3n, podemos convertir estas zonas en espacios \u00fatiles tanto para uso<br>p\u00fablico como privado, transform\u00e1ndolos en zonas de ocio, jardines, huertos urbanos y zonas comunitarias.<\/p>\n<\/div>\n\n\n\n<div class=\"wp-block-column\">\n<h3>Confort t\u00e9rmico y ac\u00fastico<\/h3>\n\n\n\n<p>Las azoteas son el \u00faltimo techo del edificio y este tiene que protegernos adecuadamente de las altas y bajas temperaturas del exterior, as\u00ed como del ruido que proviene de las ciudades y entornos ruidosos. Para ello utilizaremos sistemas de aislamiento t\u00e9rmico y ac\u00fastico que contribuir\u00e1n al adecuado confort en el interior del edificio.<\/p>\n<\/div>\n\n\n\n<div class=\"wp-block-column\">\n<h3>Protecci\u00f3n del edificio<\/h3>\n\n\n\n<p>Para mantener en pie un edificio hay que proteger su estructura frente a las inclemencias ambientales, para ello es necesario renovar las impermeabilizaciones de las cubiertas para garantizar una correcta estanquidad al agua, sin la cual las cubiertas son un fracaso desde el punto de vista funcional y t\u00e9cnico.<\/p>\n<\/div>\n<\/div>\n<\/div><\/div>\n\n\n\n<div class=\"wp-container-3 wp-block-group alignfull rehabilitacion-blue has-background\" id=\"rehabilitacion-fachadas\" style=\"background-color:#eef3f6\"><div class=\"wp-block-group__inner-container\">\n<div class=\"wp-block-media-text alignwide has-media-on-the-right is-stacked-on-mobile\" style=\"grid-template-columns:auto 76%\"><figure class=\"wp-block-media-text__media\"><img loading=\"lazy\" width=\"1024\" height=\"752\" src=\"https:\/\/www.danosa.com\/es-co\/wp-content\/uploads\/sites\/8\/2021\/06\/image-3-1-1024x752.jpg\" alt=\"\" class=\"wp-image-117 size-full\" srcset=\"https:\/\/www.danosa.com\/es-co\/wp-content\/uploads\/sites\/8\/2021\/06\/image-3-1-1024x752.jpg 1024w, https:\/\/www.danosa.com\/es-co\/wp-content\/uploads\/sites\/8\/2021\/06\/image-3-1-300x220.jpg 300w, https:\/\/www.danosa.com\/es-co\/wp-content\/uploads\/sites\/8\/2021\/06\/image-3-1-768x564.jpg 768w, https:\/\/www.danosa.com\/es-co\/wp-content\/uploads\/sites\/8\/2021\/06\/image-3-1.jpg 1440w\" sizes=\"(max-width: 1024px) 100vw, 1024px\" \/><\/figure><div class=\"wp-block-media-text__content\">\n<h2>Fachadas<\/h2>\n\n\n\n<p>Reduce el gasto de energ\u00eda calefacci\u00f3n y refrigeraci\u00f3n hasta en un 70%.*<\/p>\n\n\n\n<div class=\"wp-container-2 wp-block-buttons\">\n<div class=\"wp-block-button has-custom-width wp-block-button__width-100 is-style-outline\"><a class=\"wp-block-button__link no-border-radius\" href=\"https:\/\/www.danosa.com\/es-co\/familia\/ahorro-de-energia\/\">AHORRO DE ENERG\u00cdA<\/a><\/div>\n<\/div>\n<\/div><\/div>\n\n\n\n<div class=\"wp-block-columns\">\n<div class=\"wp-block-column\">\n<h3>Mejora de la imagen<\/h3>\n\n\n\n<p>La fachada es probablemente la mejor carta de presentaci\u00f3n de un edificio, nos habla de su arquitectura, historia e incluso de la cultura en la que se enmarca el propio edificio. Por ello, en ocasiones las fachadas de edificios antiguos a menudo denotan una est\u00e9tica pobre y degradada que normalmente manifiestan escaso valor inmobiliario.<br>La rehabilitaci\u00f3n de fachadas sin duda es la mejor opci\u00f3n para conseguir revalorizar el edificio y convertirlo en un activo de inter\u00e9s, as\u00ed como conseguir una est\u00e9tica adecuada para los usuarios del edificio.<\/p>\n<\/div>\n\n\n\n<div class=\"wp-block-column\">\n<h3>Confort t\u00e9rmico y ac\u00fastico<\/h3>\n\n\n\n<p>En edificios del siglo XX, normalmente la fachada presenta graves deficiencias en aislamiento t\u00e9rmo-ac\u00fastico que repercuten en que los edificios deban consumir grandes cantidades de energ\u00eda para mantener temperaturas confortables en su interior, o bien, redundan en<br>numerosas molestias de ruido exterior que no permiten una adecuada privacidad para el desempe\u00f1o de actividades o bien el propio descanso en el caso de viviendas. La rehabilitaci\u00f3n de las partes ciegas, conjuntamente con las ventanas, evita estos inconvenientes en edificios antiguos.<\/p>\n<\/div>\n\n\n\n<div class=\"wp-block-column\">\n<h3>Protecci\u00f3n del edificio<\/h3>\n\n\n\n<p>En ocasiones las fachadas de edificios antiguos denotan una est\u00e9tica pobre y degradada que normalmente manifiestan patolog\u00edas de humedades que afectan a la durabilidad de los materiales y la propia estructura del edificio. Adem\u00e1s, afectan a su comportamiento<br>t\u00e9rmico, provocando puentes t\u00e9rmicos y problemas de condensaciones. La renovaci\u00f3n de las fachadas protege nuevamente a los edificios frente a la intemperie.<\/p>\n<\/div>\n<\/div>\n<\/div><\/div>\n\n\n\n<div class=\"wp-container-4 wp-block-group alignwide rehabilitacion-white\" id=\"rehabilitacion-zonas-comunes\"><div class=\"wp-block-group__inner-container\">\n<div class=\"wp-block-media-text alignwide is-stacked-on-mobile\" style=\"grid-template-columns:64% auto\"><figure class=\"wp-block-media-text__media\"><img loading=\"lazy\" width=\"701\" height=\"505\" src=\"https:\/\/www.danosa.com\/es-co\/wp-content\/uploads\/sites\/8\/2021\/09\/Danosa-rehabilitacion-azoteas-2.jpg\" alt=\"\" class=\"wp-image-6863 size-full\" srcset=\"https:\/\/www.danosa.com\/es-co\/wp-content\/uploads\/sites\/8\/2021\/09\/Danosa-rehabilitacion-azoteas-2.jpg 701w, https:\/\/www.danosa.com\/es-co\/wp-content\/uploads\/sites\/8\/2021\/09\/Danosa-rehabilitacion-azoteas-2-300x216.jpg 300w\" sizes=\"(max-width: 701px) 100vw, 701px\" \/><\/figure><div class=\"wp-block-media-text__content\">\n<h2>Zonas comunes<\/h2>\n\n\n\n<p>Renueva la imagen de las zonas comunes de los edificios para revalorizar el edificio en un 20%.*<\/p>\n\n\n<ul class=\"product-landing-list\"><li><a href=\"https:\/\/www.danosa.com\/es-co\/producto\/danocoat-250\/\"><span>DANOCOAT 250<\/span> <i class=\"danosa-arrow-go\"><\/i><\/a><\/li><\/ul>\n<\/div><\/div>\n\n\n\n<div class=\"wp-block-columns\">\n<div class=\"wp-block-column\">\n<h3>Mejora de la imagen<\/h3>\n\n\n\n<p>Uno de los aspectos m\u00e1s valorados de un edificio es la presencia de unas zonas comunes \u00fatiles y atractivas para sus usuarios. Rehabilitando zonas comunes como aparcamientos, salas de m\u00e1quinas e instalaciones y zonas h\u00famedas se consigue revitalizar un espacio condenado a la degradaci\u00f3n por el paso del tiempo y recuperar su funcionalidad. De esta forma podemos conseguir una revalorizaci\u00f3n del edificio del 20%.<\/p>\n<\/div>\n\n\n\n<div class=\"wp-block-column\">\n<h3>Confort ac\u00fastico<\/h3>\n\n\n\n<p>En ocasiones un inadecuado aislamiento ac\u00fastico de las zonas comunes, especialmente las salas de maquinarias e instalaciones o incluso aparcamientos o zonas de ocio, son fuente de molestias para los usuarios de los edificios. Para mantener su funcionalidad y el propio valor del edificio deberemos aislar correctamente los ruidos indeseados de estas zonas.<\/p>\n<\/div>\n\n\n\n<div class=\"wp-block-column\">\n<h3>Protecci\u00f3n del edificio<\/h3>\n\n\n\n<p>Invertir en sistemas de estanquidad al agua protege la estructura del edificio y alarga su vida \u00fatil. Cubiertas, aparcamientos, muros en s\u00f3tanos, cuartos de m\u00e1quinas, vestuarios y otras zonas potencialmente h\u00famedas deben ser rehabilitadas para evitar da\u00f1os mayores que afecten a la estructura del edificio.<br>En el caso de aparcamientos, adem\u00e1s se podr\u00e1n disponer de superficies de rodadura adecuadas para el tr\u00e1nsito de veh\u00edculos.<\/p>\n<\/div>\n<\/div>\n<\/div><\/div>\n\n\n\n<div class=\"wp-container-6 wp-block-group alignfull rehabilitacion-blue has-background\" id=\"rehabilitacion-interiores\" style=\"background-color:#eef3f6\"><div class=\"wp-block-group__inner-container\">\n<div class=\"wp-block-media-text alignwide has-media-on-the-right is-stacked-on-mobile\" style=\"grid-template-columns:auto 77%\"><figure class=\"wp-block-media-text__media\"><img loading=\"lazy\" width=\"736\" height=\"416\" src=\"https:\/\/www.danosa.com\/es-co\/wp-content\/uploads\/sites\/8\/2021\/09\/Danosa-rehabilitacion-interiores-1.jpg\" alt=\"\" class=\"wp-image-6861 size-full\" srcset=\"https:\/\/www.danosa.com\/es-co\/wp-content\/uploads\/sites\/8\/2021\/09\/Danosa-rehabilitacion-interiores-1.jpg 736w, https:\/\/www.danosa.com\/es-co\/wp-content\/uploads\/sites\/8\/2021\/09\/Danosa-rehabilitacion-interiores-1-300x170.jpg 300w\" sizes=\"(max-width: 736px) 100vw, 736px\" \/><\/figure><div class=\"wp-block-media-text__content\">\n<h2>Interiores<\/h2>\n\n\n\n<p>Mejora el confort ac\u00fastico de tu casa reduciendo hasta en 10 db el aislamiento de tus vecinos.*<\/p>\n\n\n\n<div class=\"wp-container-5 wp-block-buttons\">\n<div class=\"wp-block-button is-style-outline\"><a class=\"wp-block-button__link\" href=\"\/es-co\/familia\/proteccion-frente-al-ruido\/\">PROTECCI\u00d3N FRENTE AL RUIDO<\/a><\/div>\n<\/div>\n<\/div><\/div>\n\n\n\n<div class=\"wp-block-columns\">\n<div class=\"wp-block-column\">\n<h3>Mejora de la imagen<\/h3>\n\n\n\n<p>Adem\u00e1s de su est\u00e9tica, el aspecto interior de un edificio refleja tambi\u00e9n el grado de confort y habitabilidad del mismo. Decoloraciones, humedades y condensaciones en paredes, techos y suelos dan cuenta del paso del tiempo y las adversidades sufridas por el edificio. Es el momento de rehabilitar; para que una nueva est\u00e9tica atractiva y funcional perdure a lo largo del tiempo y sea prueba fidedigna del confort y habitabilidad que ofrece el edificio.<\/p>\n<\/div>\n\n\n\n<div class=\"wp-block-column\">\n<h3>Confort t\u00e9rmico y ac\u00fastico<\/h3>\n\n\n\n<p>Adem\u00e1s de cuidar de la est\u00e9tica interior de los edificios deberemos preservar su funcionabilidad desde el punto de vista termo-ac\u00fastico. Para ello es necesario acometer reformas y rehabilitaciones, que permitan cumplir las exigencias m\u00ednimas en cuanto a aislamiento t\u00e9rmico y ac\u00fastico. Esto sin duda alguna, contribuir\u00e1 a disminuir la demanda energ\u00e9tica del edificio adem\u00e1s de evitar incomodas molestias provocadas por el ruido que en algunas ocasiones puede dar lugar incluso a conflictos entre vecinos.<\/p>\n<\/div>\n\n\n\n<div class=\"wp-block-column\">\n<h3>Protecci\u00f3n del edificio<\/h3>\n\n\n\n<p>En muchas ocasiones, la reforma de interiores no contempla la correcta impermeabilizaci\u00f3n de zonas h\u00famedas como pueden ser ba\u00f1os, cocinas o trasteros. Es necesario impermeabilizar correctamente estas zonas para asegurar la estanquidad al agua de la estructura del edificio y as\u00ed no mermar su vida \u00fatil.<\/p>\n<\/div>\n<\/div>\n<\/div><\/div>\n\n\n\n<div class=\"wp-container-8 wp-block-group alignfull has-ast-global-color-5-background-color has-background\" id=\"rehabilitacion-system\"><div class=\"wp-block-group__inner-container\">\n<h2 class=\"has-text-align-center\">Soluciones de rehabilitaci\u00f3n<\/h2>\n\n\n\n<div class=\"wp-container-7 wp-block-group\"><div class=\"wp-block-group__inner-container\">\n<div class=\"wp-block-columns\">\n<div class=\"wp-block-column\" style=\"flex-basis:33.33%\">\n<div class=\"wp-block-image\"><figure class=\"alignright size-full is-resized\"><img loading=\"lazy\" src=\"https:\/\/www.danosa.com\/es-co\/wp-content\/uploads\/sites\/8\/2021\/11\/ciudades_comunidades_sostenibles.jpg\" alt=\"\" class=\"wp-image-8476\" width=\"130\" height=\"130\" srcset=\"https:\/\/www.danosa.com\/es-co\/wp-content\/uploads\/sites\/8\/2021\/11\/ciudades_comunidades_sostenibles.jpg 260w, https:\/\/www.danosa.com\/es-co\/wp-content\/uploads\/sites\/8\/2021\/11\/ciudades_comunidades_sostenibles-150x150.jpg 150w\" sizes=\"(max-width: 130px) 100vw, 130px\" \/><\/figure><\/div>\n<\/div>\n\n\n\n<div class=\"wp-block-column\" style=\"flex-basis:66.66%\">\n<h2>Trabajamos por la reducci\u00f3n del impacto<br>ambiental en ciudades y por la construcci\u00f3n<br>de edificios sostenibles<\/h2>\n<\/div>\n<\/div>\n<\/div><\/div>\n\n\n\r\n        <div id=\"rehabilitacion\" class=\"wp-block-column content-list fade-top\">\r\n                        <a href=\"https:\/\/www.danosa.com\/es-co\/sistemas\/rehabilitacion\/\">\r\n                <figure class=\"wp-block-image size-large content-list-image\">\r\n                    <img loading=\"lazy\" src=\"https:\/\/d7rh5s3nxmpy4.cloudfront.net\/CMP1814\/Rehabilitacion.jpg\" alt=\"Rehabilitaci\u00f3n\"><\/figure>\r\n                <\/figure>\r\n            <\/a>\r\n                        <div class=\"wp-block-group\">\r\n                <div class=\"wp-block-group__inner-container\">\r\n                        <h5>Soluciones<\/h5>\r\n                        <h2>Rehabilitaci\u00f3n<\/h2>\r\n                        <p>DANOSA como empresa comprometida con la sostenibilidad, apuesta por la rehabilitaci\u00f3n como palanca para un desarrollo sostenible y comprometido con el medio ambiente y el bienestar de las personas. Para ello ofrece un amplio cat\u00e1logo de Soluciones adaptadas para Rehabilitaci\u00f3n.<\/p>\r\n\r\n                        <ul class=\"subsystems\">\r\n\r\n                                                <\/ul>\r\n                <\/div>\r\n            <\/div>\r\n            <div class=\"wp-block-columns\">\r\n                <div class=\"wp-block-column\">\r\n                    <a href=\"https:\/\/www.danosa.com\/es-co\/sistemas\/rehabilitacion\/\">Ver soluciones <i class=\"danosa-arrow-go\"><\/i><\/a>\r\n                <\/div>\r\n            <\/div>\r\n        <\/div>\r\n\r\n\r\n\r\n\r\n\r\n\r\n \n<\/div><\/div>\n\n\n\n<div class=\"wp-container-9 wp-block-group\"><div class=\"wp-block-group__inner-container\">\n<div class=\"wp-block-columns\">\n<div class=\"wp-block-column\" style=\"flex-basis:66.66%\">\n<div style=\"height:40px\" aria-hidden=\"true\" class=\"wp-block-spacer\"><\/div>\n\n\n\n<h2 class=\"has-text-align-right has-ast-global-color-3-color has-text-color has-large-font-size\"><strong>#RehabilitaConDanosa<\/strong><\/h2>\n<\/div>\n\n\n\n<div class=\"wp-block-column\" style=\"flex-basis:33.33%\">\n<div class=\"wp-block-image\"><figure class=\"alignleft size-full is-resized\"><img loading=\"lazy\" src=\"https:\/\/www.danosa.com\/es-co\/wp-content\/uploads\/sites\/8\/2021\/11\/Danosa_icono_rehabilitacion.png\" alt=\"\" class=\"wp-image-8481\" width=\"80\" height=\"80\"\/><\/figure><\/div>\n<\/div>\n<\/div>\n<\/div><\/div>\n","protected":false},"excerpt":{"rendered":"<p>Azoteas Convierte tu azotea en un nuevo espacio funcional Fachadas Reduce el gasto de energ\u00eda calefacci\u00f3n y refrigeraci\u00f3n hasta en un 70%.* Mejora de la imagen La fachada es probablemente la mejor carta de presentaci\u00f3n de un edificio, nos habla de su arquitectura, historia e incluso de la cultura en la que se enmarca el&#8230;<\/p>\n","protected":false},"author":1,"featured_media":0,"parent":0,"menu_order":0,"comment_status":"closed","ping_status":"closed","template":"","meta":{"inline_featured_image":false,"site-sidebar-layout":"no-sidebar","site-content-layout":"plain-container","ast-main-header-display":"","ast-hfb-above-header-display":"","ast-hfb-below-header-display":"","ast-hfb-mobile-header-display":"","site-post-title":"disabled","ast-breadcrumbs-content":"","ast-featured-img":"","footer-sml-layout":"","theme-transparent-header-meta":"default","adv-header-id-meta":"","stick-header-meta":"default","header-above-stick-meta":"","header-main-stick-meta":"","header-below-stick-meta":""},"acf":[],"yoast_head":"<!-- This site is optimized with the Yoast SEO plugin v18.1 - https:\/\/yoast.com\/wordpress\/plugins\/seo\/ -->\n<title>Rehabilitaci\u00f3n - Danosa Colombia<\/title>\n<meta name=\"robots\" content=\"index, follow, max-snippet:-1, max-image-preview:large, max-video-preview:-1\" \/>\n<link rel=\"canonical\" href=\"https:\/\/www.danosa.com\/es-co\/rehabilitacion\/\" \/>\n<meta property=\"og:locale\" content=\"es_ES\" \/>\n<meta property=\"og:type\" content=\"article\" \/>\n<meta property=\"og:title\" content=\"Rehabilitaci\u00f3n - Danosa Colombia\" \/>\n<meta property=\"og:description\" content=\"Azoteas Convierte tu azotea en un nuevo espacio funcional Fachadas Reduce el gasto de energ\u00eda calefacci\u00f3n y refrigeraci\u00f3n hasta en un 70%.* Mejora de la imagen La fachada es probablemente la mejor carta de presentaci\u00f3n de un edificio, nos habla de su arquitectura, historia e incluso de la cultura en la que se enmarca el...\" \/>\n<meta property=\"og:url\" content=\"https:\/\/www.danosa.com\/es-co\/rehabilitacion\/\" \/>\n<meta property=\"og:site_name\" content=\"Danosa Colombia\" \/>\n<meta property=\"article:modified_time\" content=\"2021-12-14T08:36:11+00:00\" \/>\n<meta property=\"og:image\" content=\"https:\/\/www.danosa.com\/es-co\/wp-content\/uploads\/sites\/8\/2021\/09\/8W6B7809-e1632307996761.jpg\" \/>\n<meta name=\"twitter:card\" content=\"summary_large_image\" \/>\n<meta name=\"twitter:label1\" content=\"Tiempo de lectura\" \/>\n\t<meta name=\"twitter:data1\" content=\"5 minutos\" \/>\n<script type=\"application\/ld+json\" class=\"yoast-schema-graph\">{\"@context\":\"https:\/\/schema.org\",\"@graph\":[{\"@type\":\"WebSite\",\"@id\":\"https:\/\/www.danosa.com\/es-co\/#website\",\"url\":\"https:\/\/www.danosa.com\/es-co\/\",\"name\":\"Danosa Colombia\",\"description\":\"Danosa\",\"potentialAction\":[{\"@type\":\"SearchAction\",\"target\":{\"@type\":\"EntryPoint\",\"urlTemplate\":\"https:\/\/www.danosa.com\/es-co\/?s={search_term_string}\"},\"query-input\":\"required name=search_term_string\"}],\"inLanguage\":\"es\"},{\"@type\":\"ImageObject\",\"@id\":\"https:\/\/www.danosa.com\/es-co\/rehabilitacion\/#primaryimage\",\"inLanguage\":\"es\",\"url\":\"https:\/\/www.danosa.com\/es-co\/wp-content\/uploads\/sites\/8\/2021\/09\/8W6B7809-e1632307996761.jpg\",\"contentUrl\":\"https:\/\/www.danosa.com\/es-co\/wp-content\/uploads\/sites\/8\/2021\/09\/8W6B7809-e1632307996761.jpg\",\"width\":1980,\"height\":1320},{\"@type\":\"WebPage\",\"@id\":\"https:\/\/www.danosa.com\/es-co\/rehabilitacion\/#webpage\",\"url\":\"https:\/\/www.danosa.com\/es-co\/rehabilitacion\/\",\"name\":\"Rehabilitaci\u00f3n - Danosa Colombia\",\"isPartOf\":{\"@id\":\"https:\/\/www.danosa.com\/es-co\/#website\"},\"primaryImageOfPage\":{\"@id\":\"https:\/\/www.danosa.com\/es-co\/rehabilitacion\/#primaryimage\"},\"datePublished\":\"2021-07-02T11:48:16+00:00\",\"dateModified\":\"2021-12-14T08:36:11+00:00\",\"breadcrumb\":{\"@id\":\"https:\/\/www.danosa.com\/es-co\/rehabilitacion\/#breadcrumb\"},\"inLanguage\":\"es\",\"potentialAction\":[{\"@type\":\"ReadAction\",\"target\":[\"https:\/\/www.danosa.com\/es-co\/rehabilitacion\/\"]}]},{\"@type\":\"BreadcrumbList\",\"@id\":\"https:\/\/www.danosa.com\/es-co\/rehabilitacion\/#breadcrumb\",\"itemListElement\":[{\"@type\":\"ListItem\",\"position\":1,\"name\":\"Portada\",\"item\":\"https:\/\/www.danosa.com\/es-co\/\"},{\"@type\":\"ListItem\",\"position\":2,\"name\":\"Rehabilitaci\u00f3n\"}]}]}<\/script>\n<!-- \/ Yoast SEO plugin. -->","yoast_head_json":{"title":"Rehabilitaci\u00f3n - Danosa Colombia","robots":{"index":"index","follow":"follow","max-snippet":"max-snippet:-1","max-image-preview":"max-image-preview:large","max-video-preview":"max-video-preview:-1"},"canonical":"https:\/\/www.danosa.com\/es-co\/rehabilitacion\/","og_locale":"es_ES","og_type":"article","og_title":"Rehabilitaci\u00f3n - Danosa Colombia","og_description":"Azoteas Convierte tu azotea en un nuevo espacio funcional Fachadas Reduce el gasto de energ\u00eda calefacci\u00f3n y refrigeraci\u00f3n hasta en un 70%.* Mejora de la imagen La fachada es probablemente la mejor carta de presentaci\u00f3n de un edificio, nos habla de su arquitectura, historia e incluso de la cultura en la que se enmarca el...","og_url":"https:\/\/www.danosa.com\/es-co\/rehabilitacion\/","og_site_name":"Danosa Colombia","article_modified_time":"2021-12-14T08:36:11+00:00","og_image":[{"url":"https:\/\/www.danosa.com\/es-co\/wp-content\/uploads\/sites\/8\/2021\/09\/8W6B7809-e1632307996761.jpg"}],"twitter_card":"summary_large_image","twitter_misc":{"Tiempo de lectura":"5 minutos"},"schema":{"@context":"https:\/\/schema.org","@graph":[{"@type":"WebSite","@id":"https:\/\/www.danosa.com\/es-co\/#website","url":"https:\/\/www.danosa.com\/es-co\/","name":"Danosa Colombia","description":"Danosa","potentialAction":[{"@type":"SearchAction","target":{"@type":"EntryPoint","urlTemplate":"https:\/\/www.danosa.com\/es-co\/?s={search_term_string}"},"query-input":"required name=search_term_string"}],"inLanguage":"es"},{"@type":"ImageObject","@id":"https:\/\/www.danosa.com\/es-co\/rehabilitacion\/#primaryimage","inLanguage":"es","url":"https:\/\/www.danosa.com\/es-co\/wp-content\/uploads\/sites\/8\/2021\/09\/8W6B7809-e1632307996761.jpg","contentUrl":"https:\/\/www.danosa.com\/es-co\/wp-content\/uploads\/sites\/8\/2021\/09\/8W6B7809-e1632307996761.jpg","width":1980,"height":1320},{"@type":"WebPage","@id":"https:\/\/www.danosa.com\/es-co\/rehabilitacion\/#webpage","url":"https:\/\/www.danosa.com\/es-co\/rehabilitacion\/","name":"Rehabilitaci\u00f3n - Danosa Colombia","isPartOf":{"@id":"https:\/\/www.danosa.com\/es-co\/#website"},"primaryImageOfPage":{"@id":"https:\/\/www.danosa.com\/es-co\/rehabilitacion\/#primaryimage"},"datePublished":"2021-07-02T11:48:16+00:00","dateModified":"2021-12-14T08:36:11+00:00","breadcrumb":{"@id":"https:\/\/www.danosa.com\/es-co\/rehabilitacion\/#breadcrumb"},"inLanguage":"es","potentialAction":[{"@type":"ReadAction","target":["https:\/\/www.danosa.com\/es-co\/rehabilitacion\/"]}]},{"@type":"BreadcrumbList","@id":"https:\/\/www.danosa.com\/es-co\/rehabilitacion\/#breadcrumb","itemListElement":[{"@type":"ListItem","position":1,"name":"Portada","item":"https:\/\/www.danosa.com\/es-co\/"},{"@type":"ListItem","position":2,"name":"Rehabilitaci\u00f3n"}]}]}},"_links":{"self":[{"href":"https:\/\/www.danosa.com\/es-co\/wp-json\/wp\/v2\/pages\/263"}],"collection":[{"href":"https:\/\/www.danosa.com\/es-co\/wp-json\/wp\/v2\/pages"}],"about":[{"href":"https:\/\/www.danosa.com\/es-co\/wp-json\/wp\/v2\/types\/page"}],"author":[{"embeddable":true,"href":"https:\/\/www.danosa.com\/es-co\/wp-json\/wp\/v2\/users\/1"}],"replies":[{"embeddable":true,"href":"https:\/\/www.danosa.com\/es-co\/wp-json\/wp\/v2\/comments?post=263"}],"version-history":[{"count":64,"href":"https:\/\/www.danosa.com\/es-co\/wp-json\/wp\/v2\/pages\/263\/revisions"}],"predecessor-version":[{"id":8834,"href":"https:\/\/www.danosa.com\/es-co\/wp-json\/wp\/v2\/pages\/263\/revisions\/8834"}],"wp:attachment":[{"href":"https:\/\/www.danosa.com\/es-co\/wp-json\/wp\/v2\/media?parent=263"}],"curies":[{"name":"wp","href":"https:\/\/api.w.org\/{rel}","templated":true}]}}