{"id":6999,"date":"2021-09-30T06:14:51","date_gmt":"2021-09-30T04:14:51","guid":{"rendered":"https:\/\/www.danosa.com\/es-co\/?page_id=6999"},"modified":"2021-11-16T16:38:09","modified_gmt":"2021-11-16T15:38:09","slug":"soporte-tecnico","status":"publish","type":"page","link":"https:\/\/www.danosa.com\/es-co\/contacto\/soporte-tecnico\/","title":{"rendered":"Soporte T\u00e9cnico On Line"},"content":{"rendered":"\n<div class=\"wp-block-cover alignfull has-background-dim page-header\" style=\"min-height:600px\" id=\"jobs-header\"><img loading=\"lazy\" width=\"1920\" height=\"626\" class=\"wp-block-cover__image-background wp-image-7991\" alt=\"\" src=\"https:\/\/www.danosa.com\/es-co\/wp-content\/uploads\/sites\/8\/2021\/11\/Danosa_Tech4U.jpg\" data-object-fit=\"cover\" srcset=\"https:\/\/www.danosa.com\/es-co\/wp-content\/uploads\/sites\/8\/2021\/11\/Danosa_Tech4U.jpg 1920w, https:\/\/www.danosa.com\/es-co\/wp-content\/uploads\/sites\/8\/2021\/11\/Danosa_Tech4U-300x98.jpg 300w, https:\/\/www.danosa.com\/es-co\/wp-content\/uploads\/sites\/8\/2021\/11\/Danosa_Tech4U-1024x334.jpg 1024w, https:\/\/www.danosa.com\/es-co\/wp-content\/uploads\/sites\/8\/2021\/11\/Danosa_Tech4U-768x250.jpg 768w, https:\/\/www.danosa.com\/es-co\/wp-content\/uploads\/sites\/8\/2021\/11\/Danosa_Tech4U-1536x501.jpg 1536w\" sizes=\"(max-width: 1920px) 100vw, 1920px\" \/><div class=\"wp-block-cover__inner-container\">\n<h1 class=\"has-white-color has-text-color\"><strong>TECH4U<\/strong><\/h1>\n\n\n\n<h1 class=\"has-white-color has-text-color\">Soporte T\u00e9cnico On Line<\/h1>\n\n\n\n<p class=\"has-white-color has-text-color\"><\/p>\n<\/div><\/div>\n\n\n<div class=\"menu-contact-container\"><ul id=\"menu-contact\" class=\"menu contact-menu\"><li id=\"menu-item-1534\" class=\"menu-item menu-item-type-post_type menu-item-object-page menu-item-1534\"><a href=\"https:\/\/www.danosa.com\/es-co\/contacto\/\" class=\"menu-link\">Formulario de contacto<\/a><\/li>\n<li id=\"menu-item-1539\" class=\"menu-item menu-item-type-post_type menu-item-object-page menu-item-1539\"><a href=\"https:\/\/www.danosa.com\/es-co\/contacto\/sedes-y-direcciones\/\" class=\"menu-link\">Sedes y direcciones<\/a><\/li>\n<li id=\"menu-item-9611\" class=\"menu-item menu-item-type-post_type menu-item-object-page menu-item-9611\"><a href=\"https:\/\/www.danosa.com\/es-co\/contacto\/equipo-comercial\/\" class=\"menu-link\">Equipo comercial<\/a><\/li>\n<\/ul><\/div>\n\n\n\n<div style=\"height:60px\" aria-hidden=\"true\" class=\"wp-block-spacer\"><\/div>\n\n\n\n<h2>Tu t\u00e9cnico Danosa aqu\u00ed y ahora \u00bfHablamos? Nosotros te llamamos<\/h2>\n\n\n\n<p>Resuelve cualquier duda concertando una entrevista con tu t\u00e9cnico especialista Danosa.<br>Porque a veces necesitas respuestas r\u00e1pidas a problemas que no pueden esperar, ponemos a tu disposici\u00f3n nuestro equipo t\u00e9cnico Danosa para prestar soporte en lo que necesites<\/p>\n\n\n\n<div class=\"wp-container-1 wp-block-group alignwide\"><div class=\"wp-block-group__inner-container\">\n<div class=\"wp-block-columns\">\n<div class=\"wp-block-column\">\n<div class=\"wp-block-image\"><figure class=\"alignleft size-full is-resized\"><img loading=\"lazy\" src=\"https:\/\/www.danosa.com\/es-co\/wp-content\/uploads\/sites\/8\/2021\/11\/Danosa_Tech4U_p11.jpg\" alt=\"\" class=\"wp-image-8015\" width=\"260\" height=\"170\"\/><\/figure><\/div>\n\n\n\n<ol><li><strong>Selecciona el servicio seg\u00fan el tipo de consulta (impermeabilizaci\u00f3n, aislamiento&#8230;) el D\u00eda y Hora que mejor te viene<\/strong><\/li><\/ol>\n<\/div>\n\n\n\n<div class=\"wp-block-column\" style=\"flex-basis:100px\">\n<figure class=\"wp-block-image size-full is-resized\"><img loading=\"lazy\" src=\"https:\/\/www.danosa.com\/es-co\/wp-content\/uploads\/sites\/8\/2021\/11\/Danosa_Tech4U_p.jpg\" alt=\"\" class=\"wp-image-8005\" width=\"77\" height=\"113\"\/><\/figure>\n<\/div>\n\n\n\n<div class=\"wp-block-column\">\n<div class=\"wp-block-image\"><figure class=\"alignleft size-full is-resized\"><img loading=\"lazy\" src=\"https:\/\/www.danosa.com\/es-co\/wp-content\/uploads\/sites\/8\/2021\/11\/Danosa_Tech4U_p12.jpg\" alt=\"\" class=\"wp-image-8017\" width=\"260\" height=\"170\"\/><\/figure><\/div>\n\n\n\n<ol start=\"2\"><li><strong>Rellena tus datos de contacto e informaci\u00f3n adicional que consideres<\/strong><\/li><\/ol>\n<\/div>\n\n\n\n<div class=\"wp-block-column\" style=\"flex-basis:100px\">\n<figure class=\"wp-block-image size-full is-resized\"><img loading=\"lazy\" src=\"https:\/\/www.danosa.com\/es-co\/wp-content\/uploads\/sites\/8\/2021\/11\/Danosa_Tech4U_p.jpg\" alt=\"\" class=\"wp-image-8005\" width=\"77\" height=\"113\"\/><\/figure>\n<\/div>\n\n\n\n<div class=\"wp-block-column\">\n<div class=\"wp-block-image\"><figure class=\"alignleft size-full is-resized\"><img loading=\"lazy\" src=\"https:\/\/www.danosa.com\/es-co\/wp-content\/uploads\/sites\/8\/2021\/11\/Danosa_Tech4U_p13.jpg\" alt=\"\" class=\"wp-image-8018\" width=\"260\" height=\"170\"\/><\/figure><\/div>\n\n\n\n<ol start=\"3\"><li><strong>Y nuestro t\u00e9cnico especialista se pone en contacto contigo ya sea por tel\u00e9fono, videoconferencia o mail<\/strong><\/li><\/ol>\n<\/div>\n<\/div>\n<\/div><\/div>\n\n\n\n<div class=\"wp-container-2 wp-block-group alignwide\"><div class=\"wp-block-group__inner-container\">\n<iframe loading=\"lazy\" src=\"https:\/\/outlook.office365.com\/owa\/calendar\/Danosa@danosa.com\/bookings\/\" width=\"1021\" height=\"2050\" frameborder=\"0\" style=\"margin-top:0px;padding:top:0px;text-align:center\"><\/iframe>\n<\/div><\/div>\n","protected":false},"excerpt":{"rendered":"<p>Tu t\u00e9cnico Danosa aqu\u00ed y ahora \u00bfHablamos? Nosotros te llamamos Resuelve cualquier duda concertando una entrevista con tu t\u00e9cnico especialista Danosa.Porque a veces necesitas respuestas r\u00e1pidas a problemas que no pueden esperar, ponemos a tu disposici\u00f3n nuestro equipo t\u00e9cnico Danosa para prestar soporte en lo que necesites Selecciona el servicio seg\u00fan el tipo de consulta&#8230;<\/p>\n","protected":false},"author":1,"featured_media":0,"parent":90,"menu_order":0,"comment_status":"closed","ping_status":"closed","template":"","meta":{"inline_featured_image":false,"site-sidebar-layout":"default","site-content-layout":"default","ast-main-header-display":"","ast-hfb-above-header-display":"","ast-hfb-below-header-display":"","ast-hfb-mobile-header-display":"","site-post-title":"disabled","ast-breadcrumbs-content":"","ast-featured-img":"","footer-sml-layout":"","theme-transparent-header-meta":"default","adv-header-id-meta":"","stick-header-meta":"default","header-above-stick-meta":"","header-main-stick-meta":"","header-below-stick-meta":""},"acf":[],"yoast_head":"<!-- This site is optimized with the Yoast SEO plugin v18.1 - https:\/\/yoast.com\/wordpress\/plugins\/seo\/ -->\n<title>Soporte T\u00e9cnico On Line - Danosa Colombia<\/title>\n<meta name=\"robots\" content=\"index, follow, max-snippet:-1, max-image-preview:large, max-video-preview:-1\" \/>\n<link rel=\"canonical\" href=\"https:\/\/www.danosa.com\/es-co\/contacto\/soporte-tecnico\/\" \/>\n<meta property=\"og:locale\" content=\"es_ES\" \/>\n<meta property=\"og:type\" content=\"article\" \/>\n<meta property=\"og:title\" content=\"Soporte T\u00e9cnico On Line - Danosa Colombia\" \/>\n<meta property=\"og:description\" content=\"Tu t\u00e9cnico Danosa aqu\u00ed y ahora \u00bfHablamos? Nosotros te llamamos Resuelve cualquier duda concertando una entrevista con tu t\u00e9cnico especialista Danosa.Porque a veces necesitas respuestas r\u00e1pidas a problemas que no pueden esperar, ponemos a tu disposici\u00f3n nuestro equipo t\u00e9cnico Danosa para prestar soporte en lo que necesites Selecciona el servicio seg\u00fan el tipo de consulta...\" \/>\n<meta property=\"og:url\" content=\"https:\/\/www.danosa.com\/es-co\/contacto\/soporte-tecnico\/\" \/>\n<meta property=\"og:site_name\" content=\"Danosa Colombia\" \/>\n<meta property=\"article:modified_time\" content=\"2021-11-16T15:38:09+00:00\" \/>\n<meta property=\"og:image\" content=\"https:\/\/www.danosa.com\/es-co\/wp-content\/uploads\/sites\/8\/2021\/11\/Danosa_Tech4U.jpg\" \/>\n<meta name=\"twitter:card\" content=\"summary_large_image\" \/>\n<meta name=\"twitter:label1\" content=\"Tiempo de lectura\" \/>\n\t<meta name=\"twitter:data1\" content=\"2 minutos\" \/>\n<script type=\"application\/ld+json\" class=\"yoast-schema-graph\">{\"@context\":\"https:\/\/schema.org\",\"@graph\":[{\"@type\":\"WebSite\",\"@id\":\"https:\/\/www.danosa.com\/es-co\/#website\",\"url\":\"https:\/\/www.danosa.com\/es-co\/\",\"name\":\"Danosa Colombia\",\"description\":\"Danosa\",\"potentialAction\":[{\"@type\":\"SearchAction\",\"target\":{\"@type\":\"EntryPoint\",\"urlTemplate\":\"https:\/\/www.danosa.com\/es-co\/?s={search_term_string}\"},\"query-input\":\"required name=search_term_string\"}],\"inLanguage\":\"es\"},{\"@type\":\"ImageObject\",\"@id\":\"https:\/\/www.danosa.com\/es-co\/contacto\/soporte-tecnico\/#primaryimage\",\"inLanguage\":\"es\",\"url\":\"https:\/\/www.danosa.com\/es-co\/wp-content\/uploads\/sites\/8\/2021\/11\/Danosa_Tech4U.jpg\",\"contentUrl\":\"https:\/\/www.danosa.com\/es-co\/wp-content\/uploads\/sites\/8\/2021\/11\/Danosa_Tech4U.jpg\",\"width\":1920,\"height\":626},{\"@type\":\"WebPage\",\"@id\":\"https:\/\/www.danosa.com\/es-co\/contacto\/soporte-tecnico\/#webpage\",\"url\":\"https:\/\/www.danosa.com\/es-co\/contacto\/soporte-tecnico\/\",\"name\":\"Soporte T\u00e9cnico On Line - Danosa Colombia\",\"isPartOf\":{\"@id\":\"https:\/\/www.danosa.com\/es-co\/#website\"},\"primaryImageOfPage\":{\"@id\":\"https:\/\/www.danosa.com\/es-co\/contacto\/soporte-tecnico\/#primaryimage\"},\"datePublished\":\"2021-09-30T04:14:51+00:00\",\"dateModified\":\"2021-11-16T15:38:09+00:00\",\"breadcrumb\":{\"@id\":\"https:\/\/www.danosa.com\/es-co\/contacto\/soporte-tecnico\/#breadcrumb\"},\"inLanguage\":\"es\",\"potentialAction\":[{\"@type\":\"ReadAction\",\"target\":[\"https:\/\/www.danosa.com\/es-co\/contacto\/soporte-tecnico\/\"]}]},{\"@type\":\"BreadcrumbList\",\"@id\":\"https:\/\/www.danosa.com\/es-co\/contacto\/soporte-tecnico\/#breadcrumb\",\"itemListElement\":[{\"@type\":\"ListItem\",\"position\":1,\"name\":\"Portada\",\"item\":\"https:\/\/www.danosa.com\/es-co\/\"},{\"@type\":\"ListItem\",\"position\":2,\"name\":\"Contacto\",\"item\":\"https:\/\/www.danosa.com\/es-co\/contacto\/\"},{\"@type\":\"ListItem\",\"position\":3,\"name\":\"Soporte T\u00e9cnico On Line\"}]}]}<\/script>\n<!-- \/ Yoast SEO plugin. -->","yoast_head_json":{"title":"Soporte T\u00e9cnico On Line - Danosa Colombia","robots":{"index":"index","follow":"follow","max-snippet":"max-snippet:-1","max-image-preview":"max-image-preview:large","max-video-preview":"max-video-preview:-1"},"canonical":"https:\/\/www.danosa.com\/es-co\/contacto\/soporte-tecnico\/","og_locale":"es_ES","og_type":"article","og_title":"Soporte T\u00e9cnico On Line - Danosa Colombia","og_description":"Tu t\u00e9cnico Danosa aqu\u00ed y ahora \u00bfHablamos? Nosotros te llamamos Resuelve cualquier duda concertando una entrevista con tu t\u00e9cnico especialista Danosa.Porque a veces necesitas respuestas r\u00e1pidas a problemas que no pueden esperar, ponemos a tu disposici\u00f3n nuestro equipo t\u00e9cnico Danosa para prestar soporte en lo que necesites Selecciona el servicio seg\u00fan el tipo de consulta...","og_url":"https:\/\/www.danosa.com\/es-co\/contacto\/soporte-tecnico\/","og_site_name":"Danosa Colombia","article_modified_time":"2021-11-16T15:38:09+00:00","og_image":[{"url":"https:\/\/www.danosa.com\/es-co\/wp-content\/uploads\/sites\/8\/2021\/11\/Danosa_Tech4U.jpg"}],"twitter_card":"summary_large_image","twitter_misc":{"Tiempo de lectura":"2 minutos"},"schema":{"@context":"https:\/\/schema.org","@graph":[{"@type":"WebSite","@id":"https:\/\/www.danosa.com\/es-co\/#website","url":"https:\/\/www.danosa.com\/es-co\/","name":"Danosa Colombia","description":"Danosa","potentialAction":[{"@type":"SearchAction","target":{"@type":"EntryPoint","urlTemplate":"https:\/\/www.danosa.com\/es-co\/?s={search_term_string}"},"query-input":"required name=search_term_string"}],"inLanguage":"es"},{"@type":"ImageObject","@id":"https:\/\/www.danosa.com\/es-co\/contacto\/soporte-tecnico\/#primaryimage","inLanguage":"es","url":"https:\/\/www.danosa.com\/es-co\/wp-content\/uploads\/sites\/8\/2021\/11\/Danosa_Tech4U.jpg","contentUrl":"https:\/\/www.danosa.com\/es-co\/wp-content\/uploads\/sites\/8\/2021\/11\/Danosa_Tech4U.jpg","width":1920,"height":626},{"@type":"WebPage","@id":"https:\/\/www.danosa.com\/es-co\/contacto\/soporte-tecnico\/#webpage","url":"https:\/\/www.danosa.com\/es-co\/contacto\/soporte-tecnico\/","name":"Soporte T\u00e9cnico On Line - Danosa Colombia","isPartOf":{"@id":"https:\/\/www.danosa.com\/es-co\/#website"},"primaryImageOfPage":{"@id":"https:\/\/www.danosa.com\/es-co\/contacto\/soporte-tecnico\/#primaryimage"},"datePublished":"2021-09-30T04:14:51+00:00","dateModified":"2021-11-16T15:38:09+00:00","breadcrumb":{"@id":"https:\/\/www.danosa.com\/es-co\/contacto\/soporte-tecnico\/#breadcrumb"},"inLanguage":"es","potentialAction":[{"@type":"ReadAction","target":["https:\/\/www.danosa.com\/es-co\/contacto\/soporte-tecnico\/"]}]},{"@type":"BreadcrumbList","@id":"https:\/\/www.danosa.com\/es-co\/contacto\/soporte-tecnico\/#breadcrumb","itemListElement":[{"@type":"ListItem","position":1,"name":"Portada","item":"https:\/\/www.danosa.com\/es-co\/"},{"@type":"ListItem","position":2,"name":"Contacto","item":"https:\/\/www.danosa.com\/es-co\/contacto\/"},{"@type":"ListItem","position":3,"name":"Soporte T\u00e9cnico On Line"}]}]}},"_links":{"self":[{"href":"https:\/\/www.danosa.com\/es-co\/wp-json\/wp\/v2\/pages\/6999"}],"collection":[{"href":"https:\/\/www.danosa.com\/es-co\/wp-json\/wp\/v2\/pages"}],"about":[{"href":"https:\/\/www.danosa.com\/es-co\/wp-json\/wp\/v2\/types\/page"}],"author":[{"embeddable":true,"href":"https:\/\/www.danosa.com\/es-co\/wp-json\/wp\/v2\/users\/1"}],"replies":[{"embeddable":true,"href":"https:\/\/www.danosa.com\/es-co\/wp-json\/wp\/v2\/comments?post=6999"}],"version-history":[{"count":40,"href":"https:\/\/www.danosa.com\/es-co\/wp-json\/wp\/v2\/pages\/6999\/revisions"}],"predecessor-version":[{"id":8277,"href":"https:\/\/www.danosa.com\/es-co\/wp-json\/wp\/v2\/pages\/6999\/revisions\/8277"}],"up":[{"embeddable":true,"href":"https:\/\/www.danosa.com\/es-co\/wp-json\/wp\/v2\/pages\/90"}],"wp:attachment":[{"href":"https:\/\/www.danosa.com\/es-co\/wp-json\/wp\/v2\/media?parent=6999"}],"curies":[{"name":"wp","href":"https:\/\/api.w.org\/{rel}","templated":true}]}}