{"id":7638,"date":"2021-10-20T10:51:56","date_gmt":"2021-10-20T08:51:56","guid":{"rendered":"https:\/\/www.danosa.com\/es-co\/?page_id=7638"},"modified":"2021-11-15T16:25:04","modified_gmt":"2021-11-15T15:25:04","slug":"app-acustica","status":"publish","type":"page","link":"https:\/\/www.danosa.com\/es-co\/app-acustica\/","title":{"rendered":"APP ac\u00fastica"},"content":{"rendered":"\n<div style=\"height:40px\" aria-hidden=\"true\" class=\"wp-block-spacer\"><\/div>\n\n\n\n<div class=\"wp-block-columns\">\n<div class=\"wp-block-column\" style=\"flex-basis:33.33%\">\n<figure class=\"wp-block-image size-full is-resized\"><img loading=\"lazy\" src=\"https:\/\/www.danosa.com\/es-co\/wp-content\/uploads\/sites\/8\/2021\/11\/Danosa_APP_acustica_logo.png\" alt=\"\" class=\"wp-image-8192\" width=\"175\" height=\"175\" srcset=\"https:\/\/www.danosa.com\/es-co\/wp-content\/uploads\/sites\/8\/2021\/11\/Danosa_APP_acustica_logo.png 512w, https:\/\/www.danosa.com\/es-co\/wp-content\/uploads\/sites\/8\/2021\/11\/Danosa_APP_acustica_logo-300x300.png 300w, https:\/\/www.danosa.com\/es-co\/wp-content\/uploads\/sites\/8\/2021\/11\/Danosa_APP_acustica_logo-150x150.png 150w\" sizes=\"(max-width: 175px) 100vw, 175px\" \/><\/figure>\n<\/div>\n\n\n\n<div class=\"wp-block-column\" style=\"flex-basis:66.66%\">\n<h2 class=\"has-large-font-size\"><strong>CONFORT AC\u00daSTICO<\/strong><\/h2>\n\n\n\n<h2 class=\"has-large-font-size\"><strong>SOLUCIONES DE AISLAMIENTO AC\u00daSTICO EN TU M\u00d3VIL<\/strong><\/h2>\n\n\n\n<p>Ya seas arquitecto, instalador o un particular con problemas de ruido en casa, encuentra la soluci\u00f3n constructiva m\u00e1s eficaz frente al ruido que te molesta.<\/p>\n\n\n\n<p>Resuelve cualquier duda ac\u00fastica a pie de obra y comparte las fichas de productos y sistemas m\u00e1s adecuados, con los distintos agentes que intervienen en la construcci\u00f3n o rehabilitaci\u00f3n de tu edificio o habitaci\u00f3n. <\/p>\n\n\n\n<p>Y si necesitas ampliar informaci\u00f3n, encuentra al experto m\u00e1s cercano a tu ubicaci\u00f3n.<\/p>\n\n\n\n<p>Desc\u00e1rgala en Android o IOS:<\/p>\n\n\n\n<div class=\"wp-block-columns\">\n<div class=\"wp-block-column\">\n<figure class=\"wp-block-image size-full\"><a href=\"https:\/\/apps.apple.com\/es\/app\/ac%C3%BAstica-danosa\/id1565201067\" target=\"_blank\" rel=\"noopener\"><img loading=\"lazy\" width=\"264\" height=\"70\" src=\"https:\/\/www.danosa.com\/es-co\/wp-content\/uploads\/sites\/8\/2021\/11\/app_banner_esp_apple.png\" alt=\"\" class=\"wp-image-8204\"\/><\/a><\/figure>\n<\/div>\n\n\n\n<div class=\"wp-block-column\">\n<figure class=\"wp-block-image size-full\"><a href=\"https:\/\/play.google.com\/store\/apps\/details?id=com.danosa.acousticapp\" target=\"_blank\" rel=\"noopener\"><img loading=\"lazy\" width=\"264\" height=\"70\" src=\"https:\/\/www.danosa.com\/es-co\/wp-content\/uploads\/sites\/8\/2021\/11\/app_banner_esp_ggogle.png\" alt=\"\" class=\"wp-image-8203\"\/><\/a><\/figure>\n<\/div>\n<\/div>\n<\/div>\n<\/div>\n\n\n\n<div class=\"wp-block-columns\">\n<div class=\"wp-block-column\">\n<figure class=\"wp-block-image size-full is-resized\"><img loading=\"lazy\" src=\"https:\/\/www.danosa.com\/es-co\/wp-content\/uploads\/sites\/8\/2021\/11\/Danosa_APP_acustica_1.jpg\" alt=\"\" class=\"wp-image-8187\" width=\"177\" height=\"384\" srcset=\"https:\/\/www.danosa.com\/es-co\/wp-content\/uploads\/sites\/8\/2021\/11\/Danosa_APP_acustica_1.jpg 236w, https:\/\/www.danosa.com\/es-co\/wp-content\/uploads\/sites\/8\/2021\/11\/Danosa_APP_acustica_1-138x300.jpg 138w\" sizes=\"(max-width: 177px) 100vw, 177px\" \/><\/figure>\n<\/div>\n\n\n\n<div class=\"wp-block-column\">\n<figure class=\"wp-block-image size-full is-resized\"><img loading=\"lazy\" src=\"https:\/\/www.danosa.com\/es-co\/wp-content\/uploads\/sites\/8\/2021\/11\/Danosa_APP_acustica_2.jpg\" alt=\"\" class=\"wp-image-8188\" width=\"177\" height=\"384\" srcset=\"https:\/\/www.danosa.com\/es-co\/wp-content\/uploads\/sites\/8\/2021\/11\/Danosa_APP_acustica_2.jpg 236w, https:\/\/www.danosa.com\/es-co\/wp-content\/uploads\/sites\/8\/2021\/11\/Danosa_APP_acustica_2-138x300.jpg 138w\" sizes=\"(max-width: 177px) 100vw, 177px\" \/><\/figure>\n<\/div>\n\n\n\n<div class=\"wp-block-column\">\n<figure class=\"wp-block-image size-full is-resized\"><img loading=\"lazy\" src=\"https:\/\/www.danosa.com\/es-co\/wp-content\/uploads\/sites\/8\/2021\/11\/Danosa_APP_acustica_4.jpg\" alt=\"\" class=\"wp-image-8190\" width=\"177\" height=\"384\" srcset=\"https:\/\/www.danosa.com\/es-co\/wp-content\/uploads\/sites\/8\/2021\/11\/Danosa_APP_acustica_4.jpg 236w, https:\/\/www.danosa.com\/es-co\/wp-content\/uploads\/sites\/8\/2021\/11\/Danosa_APP_acustica_4-138x300.jpg 138w\" sizes=\"(max-width: 177px) 100vw, 177px\" \/><\/figure>\n<\/div>\n\n\n\n<div class=\"wp-block-column\">\n<figure class=\"wp-block-image size-full is-resized\"><img loading=\"lazy\" src=\"https:\/\/www.danosa.com\/es-co\/wp-content\/uploads\/sites\/8\/2021\/11\/Danosa_APP_acustica_3.jpg\" alt=\"\" class=\"wp-image-8189\" width=\"177\" height=\"384\" srcset=\"https:\/\/www.danosa.com\/es-co\/wp-content\/uploads\/sites\/8\/2021\/11\/Danosa_APP_acustica_3.jpg 236w, https:\/\/www.danosa.com\/es-co\/wp-content\/uploads\/sites\/8\/2021\/11\/Danosa_APP_acustica_3-138x300.jpg 138w\" sizes=\"(max-width: 177px) 100vw, 177px\" \/><\/figure>\n\n\n\n<p><\/p>\n<\/div>\n<\/div>\n","protected":false},"excerpt":{"rendered":"<p>CONFORT AC\u00daSTICO SOLUCIONES DE AISLAMIENTO AC\u00daSTICO EN TU M\u00d3VIL Ya seas arquitecto, instalador o un particular con problemas de ruido en casa, encuentra la soluci\u00f3n constructiva m\u00e1s eficaz frente al ruido que te molesta. Resuelve cualquier duda ac\u00fastica a pie de obra y comparte las fichas de productos y sistemas m\u00e1s adecuados, con los distintos&#8230;<\/p>\n","protected":false},"author":2,"featured_media":0,"parent":0,"menu_order":0,"comment_status":"closed","ping_status":"closed","template":"","meta":{"inline_featured_image":false,"site-sidebar-layout":"default","site-content-layout":"default","ast-main-header-display":"","ast-hfb-above-header-display":"","ast-hfb-below-header-display":"","ast-hfb-mobile-header-display":"","site-post-title":"disabled","ast-breadcrumbs-content":"","ast-featured-img":"","footer-sml-layout":"","theme-transparent-header-meta":"default","adv-header-id-meta":"","stick-header-meta":"default","header-above-stick-meta":"","header-main-stick-meta":"","header-below-stick-meta":""},"acf":[],"yoast_head":"<!-- This site is optimized with the Yoast SEO plugin v18.1 - https:\/\/yoast.com\/wordpress\/plugins\/seo\/ -->\n<title>APP ac\u00fastica - Danosa Colombia<\/title>\n<meta name=\"robots\" content=\"index, follow, max-snippet:-1, max-image-preview:large, max-video-preview:-1\" \/>\n<link rel=\"canonical\" href=\"https:\/\/www.danosa.com\/es-co\/app-acustica\/\" \/>\n<meta property=\"og:locale\" content=\"es_ES\" \/>\n<meta property=\"og:type\" content=\"article\" \/>\n<meta property=\"og:title\" content=\"APP ac\u00fastica - Danosa Colombia\" \/>\n<meta property=\"og:description\" content=\"CONFORT AC\u00daSTICO SOLUCIONES DE AISLAMIENTO AC\u00daSTICO EN TU M\u00d3VIL Ya seas arquitecto, instalador o un particular con problemas de ruido en casa, encuentra la soluci\u00f3n constructiva m\u00e1s eficaz frente al ruido que te molesta. Resuelve cualquier duda ac\u00fastica a pie de obra y comparte las fichas de productos y sistemas m\u00e1s adecuados, con los distintos...\" \/>\n<meta property=\"og:url\" content=\"https:\/\/www.danosa.com\/es-co\/app-acustica\/\" \/>\n<meta property=\"og:site_name\" content=\"Danosa Colombia\" \/>\n<meta property=\"article:modified_time\" content=\"2021-11-15T15:25:04+00:00\" \/>\n<meta property=\"og:image\" content=\"https:\/\/www.danosa.com\/es-co\/wp-content\/uploads\/sites\/8\/2021\/11\/Danosa_APP_acustica_logo.png\" \/>\n<meta name=\"twitter:card\" content=\"summary_large_image\" \/>\n<meta name=\"twitter:label1\" content=\"Tiempo de lectura\" \/>\n\t<meta name=\"twitter:data1\" content=\"2 minutos\" \/>\n<script type=\"application\/ld+json\" class=\"yoast-schema-graph\">{\"@context\":\"https:\/\/schema.org\",\"@graph\":[{\"@type\":\"WebSite\",\"@id\":\"https:\/\/www.danosa.com\/es-co\/#website\",\"url\":\"https:\/\/www.danosa.com\/es-co\/\",\"name\":\"Danosa Colombia\",\"description\":\"Danosa\",\"potentialAction\":[{\"@type\":\"SearchAction\",\"target\":{\"@type\":\"EntryPoint\",\"urlTemplate\":\"https:\/\/www.danosa.com\/es-co\/?s={search_term_string}\"},\"query-input\":\"required name=search_term_string\"}],\"inLanguage\":\"es\"},{\"@type\":\"ImageObject\",\"@id\":\"https:\/\/www.danosa.com\/es-co\/app-acustica\/#primaryimage\",\"inLanguage\":\"es\",\"url\":\"https:\/\/www.danosa.com\/es-co\/wp-content\/uploads\/sites\/8\/2021\/11\/Danosa_APP_acustica_logo.png\",\"contentUrl\":\"https:\/\/www.danosa.com\/es-co\/wp-content\/uploads\/sites\/8\/2021\/11\/Danosa_APP_acustica_logo.png\",\"width\":512,\"height\":512},{\"@type\":\"WebPage\",\"@id\":\"https:\/\/www.danosa.com\/es-co\/app-acustica\/#webpage\",\"url\":\"https:\/\/www.danosa.com\/es-co\/app-acustica\/\",\"name\":\"APP ac\u00fastica - Danosa Colombia\",\"isPartOf\":{\"@id\":\"https:\/\/www.danosa.com\/es-co\/#website\"},\"primaryImageOfPage\":{\"@id\":\"https:\/\/www.danosa.com\/es-co\/app-acustica\/#primaryimage\"},\"datePublished\":\"2021-10-20T08:51:56+00:00\",\"dateModified\":\"2021-11-15T15:25:04+00:00\",\"breadcrumb\":{\"@id\":\"https:\/\/www.danosa.com\/es-co\/app-acustica\/#breadcrumb\"},\"inLanguage\":\"es\",\"potentialAction\":[{\"@type\":\"ReadAction\",\"target\":[\"https:\/\/www.danosa.com\/es-co\/app-acustica\/\"]}]},{\"@type\":\"BreadcrumbList\",\"@id\":\"https:\/\/www.danosa.com\/es-co\/app-acustica\/#breadcrumb\",\"itemListElement\":[{\"@type\":\"ListItem\",\"position\":1,\"name\":\"Portada\",\"item\":\"https:\/\/www.danosa.com\/es-co\/\"},{\"@type\":\"ListItem\",\"position\":2,\"name\":\"APP ac\u00fastica\"}]}]}<\/script>\n<!-- \/ Yoast SEO plugin. -->","yoast_head_json":{"title":"APP ac\u00fastica - Danosa Colombia","robots":{"index":"index","follow":"follow","max-snippet":"max-snippet:-1","max-image-preview":"max-image-preview:large","max-video-preview":"max-video-preview:-1"},"canonical":"https:\/\/www.danosa.com\/es-co\/app-acustica\/","og_locale":"es_ES","og_type":"article","og_title":"APP ac\u00fastica - Danosa Colombia","og_description":"CONFORT AC\u00daSTICO SOLUCIONES DE AISLAMIENTO AC\u00daSTICO EN TU M\u00d3VIL Ya seas arquitecto, instalador o un particular con problemas de ruido en casa, encuentra la soluci\u00f3n constructiva m\u00e1s eficaz frente al ruido que te molesta. Resuelve cualquier duda ac\u00fastica a pie de obra y comparte las fichas de productos y sistemas m\u00e1s adecuados, con los distintos...","og_url":"https:\/\/www.danosa.com\/es-co\/app-acustica\/","og_site_name":"Danosa Colombia","article_modified_time":"2021-11-15T15:25:04+00:00","og_image":[{"url":"https:\/\/www.danosa.com\/es-co\/wp-content\/uploads\/sites\/8\/2021\/11\/Danosa_APP_acustica_logo.png"}],"twitter_card":"summary_large_image","twitter_misc":{"Tiempo de lectura":"2 minutos"},"schema":{"@context":"https:\/\/schema.org","@graph":[{"@type":"WebSite","@id":"https:\/\/www.danosa.com\/es-co\/#website","url":"https:\/\/www.danosa.com\/es-co\/","name":"Danosa Colombia","description":"Danosa","potentialAction":[{"@type":"SearchAction","target":{"@type":"EntryPoint","urlTemplate":"https:\/\/www.danosa.com\/es-co\/?s={search_term_string}"},"query-input":"required name=search_term_string"}],"inLanguage":"es"},{"@type":"ImageObject","@id":"https:\/\/www.danosa.com\/es-co\/app-acustica\/#primaryimage","inLanguage":"es","url":"https:\/\/www.danosa.com\/es-co\/wp-content\/uploads\/sites\/8\/2021\/11\/Danosa_APP_acustica_logo.png","contentUrl":"https:\/\/www.danosa.com\/es-co\/wp-content\/uploads\/sites\/8\/2021\/11\/Danosa_APP_acustica_logo.png","width":512,"height":512},{"@type":"WebPage","@id":"https:\/\/www.danosa.com\/es-co\/app-acustica\/#webpage","url":"https:\/\/www.danosa.com\/es-co\/app-acustica\/","name":"APP ac\u00fastica - Danosa Colombia","isPartOf":{"@id":"https:\/\/www.danosa.com\/es-co\/#website"},"primaryImageOfPage":{"@id":"https:\/\/www.danosa.com\/es-co\/app-acustica\/#primaryimage"},"datePublished":"2021-10-20T08:51:56+00:00","dateModified":"2021-11-15T15:25:04+00:00","breadcrumb":{"@id":"https:\/\/www.danosa.com\/es-co\/app-acustica\/#breadcrumb"},"inLanguage":"es","potentialAction":[{"@type":"ReadAction","target":["https:\/\/www.danosa.com\/es-co\/app-acustica\/"]}]},{"@type":"BreadcrumbList","@id":"https:\/\/www.danosa.com\/es-co\/app-acustica\/#breadcrumb","itemListElement":[{"@type":"ListItem","position":1,"name":"Portada","item":"https:\/\/www.danosa.com\/es-co\/"},{"@type":"ListItem","position":2,"name":"APP ac\u00fastica"}]}]}},"_links":{"self":[{"href":"https:\/\/www.danosa.com\/es-co\/wp-json\/wp\/v2\/pages\/7638"}],"collection":[{"href":"https:\/\/www.danosa.com\/es-co\/wp-json\/wp\/v2\/pages"}],"about":[{"href":"https:\/\/www.danosa.com\/es-co\/wp-json\/wp\/v2\/types\/page"}],"author":[{"embeddable":true,"href":"https:\/\/www.danosa.com\/es-co\/wp-json\/wp\/v2\/users\/2"}],"replies":[{"embeddable":true,"href":"https:\/\/www.danosa.com\/es-co\/wp-json\/wp\/v2\/comments?post=7638"}],"version-history":[{"count":19,"href":"https:\/\/www.danosa.com\/es-co\/wp-json\/wp\/v2\/pages\/7638\/revisions"}],"predecessor-version":[{"id":8214,"href":"https:\/\/www.danosa.com\/es-co\/wp-json\/wp\/v2\/pages\/7638\/revisions\/8214"}],"wp:attachment":[{"href":"https:\/\/www.danosa.com\/es-co\/wp-json\/wp\/v2\/media?parent=7638"}],"curies":[{"name":"wp","href":"https:\/\/api.w.org\/{rel}","templated":true}]}}