{"id":8574,"date":"2021-11-24T13:04:44","date_gmt":"2021-11-24T12:04:44","guid":{"rendered":"https:\/\/www.danosa.com\/es-co\/?page_id=8574"},"modified":"2021-11-24T13:20:45","modified_gmt":"2021-11-24T12:20:45","slug":"politica-de-cookies","status":"publish","type":"page","link":"https:\/\/www.danosa.com\/es-co\/politica-de-cookies\/","title":{"rendered":"Pol\u00edtica de cookies"},"content":{"rendered":"\n<p>Esta Pol\u00edtica de Cookies es parte integrante del Aviso Legal y de la Pol\u00edtica de Privacidad de la p\u00e1gina web (en adelante, \u201c<strong>Sitio Web<\/strong>\u201d) disponible en el sitio web ubicado en la URL\u00a0<a href=\"https:\/\/www.teka.com\/es-es\/\">https:\/\/www.danosa.com\/es-es\/<\/a>\u00a0y en la aplicaci\u00f3n para dispositivos m\u00f3viles.<\/p>\n\n\n\n<p>Con el fin de facilitar su navegaci\u00f3n por la Plataforma, DERIVADOS ASFALTICOS NORMALIZADOS, S.A. (en adelante, \u201c<strong>DANOSA<\/strong>\u201d), y domicilio social en Poligono Industrial Sector 9 &#8211; 19290 FONTANAR (Guadalajara) ESPA\u00d1A, le comunica que utiliza dispositivos de almacenamiento y recuperaci\u00f3n de datos: cookies, p\u00edxeles publicitarios o tecnolog\u00edas con funcionalidades similares\u00a0(en adelante, las \u201c<strong>Cookies<\/strong>\u201d).<\/p>\n\n\n\n<p>En todo caso, te informamos de que el prestador es el responsable de las Cookies y del tratamiento de los datos obtenidos a trav\u00e9s de las Cookies propias y de terceros decidiendo sobre la finalidad, contenido y uso del tratamiento de la informaci\u00f3n recabada.<\/p>\n\n\n\n<h3><strong><em>1.<\/em>&nbsp;\u00bfQu\u00e9 es una Cookie?<\/strong><\/h3>\n\n\n\n<p>Las Cookies son archivos que contienen peque\u00f1as cantidades de informaci\u00f3n que se descargan en el dispositivo del usuario cuando visita una p\u00e1gina web.<\/p>\n\n\n\n<p>Las Cookies son esenciales para el funcionamiento de Internet; no pueden da\u00f1ar el equipo\/dispositivo del usuario y, si se encuentran activadas en la configuraci\u00f3n de tu navegador, ayudan a identificar y resolver posibles errores de funcionamiento de la Plataforma. Las Cookies tienen muchas finalidades, como permitirte navegar entre p\u00e1ginas con eficiencia, recordar tus preferencias y, en general, mejorar tu experiencia como usuario. Tambi\u00e9n te ayudan a garantizar que los anuncios que ves online son los m\u00e1s relevantes para ti y tus intereses.<\/p>\n\n\n\n<h3><strong><em>2.&nbsp;<\/em><\/strong><strong>Uso de cookies por parte del prestador<\/strong><\/h3>\n\n\n\n<p>Mediante la aceptaci\u00f3n del anuncio de Cookies que aparece al comienzo de la navegaci\u00f3n en la Plataforma o mediante la configuraci\u00f3n de las Cookies, aceptas de manera expresa la utilizaci\u00f3n de dichas Cookies en sus dispositivos. Si desactivas las Cookies, puede que algunas de las utilidades de que dispone la Plataforma no funcionen correctamente.<\/p>\n\n\n\n<p>Concretamente, el prestador est\u00e1 utilizando las Cookies para las finalidades que a continuaci\u00f3n se exponen. Si en un futuro el prestador utilizase otras con el prop\u00f3sito de otorgar m\u00e1s y mejores servicios, se informar\u00e1 al usuario de ello.<\/p>\n\n\n\n<h3><strong><em>3.<\/em>&nbsp;\u00bfPara qu\u00e9 NO se utilizan las cookies en esta web?<\/strong><\/h3>\n\n\n\n<p>DANOSA no utiliza\u00a0<em>cookies<\/em>\u00a0para almacenar y recuperar datos sensibles de identificaci\u00f3n personal de los usuarios.<\/p>\n\n\n\n<h3><strong><em>4.<\/em>&nbsp;Cookies t\u00e9cnicas<\/strong><\/h3>\n\n\n\n<p>Las Cookies t\u00e9cnicas son esenciales para que te puedas mover por la Plataforma y usar sus funciones. De manera general, estas Cookies habilitan las diferentes funciones de la Plataforma, hacen que tu navegaci\u00f3n sea m\u00e1s segura o aportan funcionalidades que son previamente solicitadas por ti. Al ser necesarias para el funcionamiento del sitio, estas Cookies por defecto estar\u00e1n activadas y no podr\u00e1n denegarse.<\/p>\n\n\n\n<p> DANOSA puede utilizar Cookies necesarias para guardar tu selecci\u00f3n de las Cookies en nuestro configurador, estabilizar tu navegaci\u00f3n o hacerla m\u00e1s segura.\u00a0<\/p>\n\n\n\n<h3><strong><em>5.<\/em>&nbsp;\u00bfQu\u00e9 cookies concretas utiliza este sitio web y para qu\u00e9 finalidad?<\/strong><\/h3>\n\n\n\n<figure class=\"wp-block-table\"><table><tbody><tr><td><strong>Cookies t\u00e9cnicas<\/strong><\/td><td><strong>Finalidad<\/strong><\/td><td><strong>Proveedor<\/strong><\/td><td><strong>Caducidad<\/strong><\/td><\/tr><tr><td>OptanonConsent<\/td><td>Esta Cookie es utilizada para determinar si el visitante ha aceptado la casilla de consentimiento de cookies. Esto asegura que la casilla de consentimiento de cookies no aparecer\u00e1 de nuevo en su reingreso a la web.<\/td><td>DANOSA<\/td><td>1 a\u00f1o<\/td><\/tr><tr><td>PHPSESSID<\/td><td>Esta cookie conserva los estados de los usuarios en todas las peticiones de la p\u00e1gina.<\/td><td> DANOSA <\/td><td>Sesi\u00f3n<\/td><\/tr><tr><td>moove_gdpr_popup<\/td><td>Esta cookie identifica el cierre de la ventana del banner de cookies y recuerda las preferencias de configuraci\u00f3n de cookies de los usuarios<\/td><td> DANOSA <\/td><td>1 a\u00f1o<\/td><\/tr><\/tbody><\/table><\/figure>\n\n\n\n<p>Estas Cookies son necesarias para el funcionamiento de la Plataforma y por tanto no podr\u00e1n ser desactivadas.<\/p>\n\n\n\n<h3>&nbsp;<\/h3>\n\n\n\n<h3><strong><em>6.<\/em>&nbsp;C<\/strong><strong>ookies anal\u00edticas<\/strong><\/h3>\n\n\n\n<p>Estas Cookies permiten realizar un seguimiento y an\u00e1lisis del comportamiento de los usuarios, incluida la cuantificaci\u00f3n de los impactos de los anuncios. La informaci\u00f3n recogida mediante este tipo de Cookies se utiliza en la medici\u00f3n de la actividad de la Plataforma con el fin de introducir mejoras en funci\u00f3n del an\u00e1lisis de los datos de uso que hacen los usuarios del servicio.&nbsp;<\/p>\n\n\n\n<p>Puedes aceptar o rechazar la instalaci\u00f3n de estas Cookies.<\/p>\n\n\n\n<figure class=\"wp-block-table\"><table><tbody><tr><td><strong>Cookies anal\u00edticas<\/strong><\/td><td><strong>Finalidad<\/strong><\/td><td><strong>Proveedor<\/strong><\/td><td><strong>Caducidad<\/strong><\/td><\/tr><tr><td>_gid<\/td><td>Google Analytics es una herramienta de anal\u00edtica web que utiliza la informaci\u00f3n de las Cookies para analizar el n\u00famero de visitantes y de visitas en la Plataforma, la duraci\u00f3n media de la visita, la media de p\u00e1ginas vistas por cada usuario, informes geogr\u00e1ficos, sociodemogr\u00e1ficos (en funci\u00f3n del idioma, ubicaci\u00f3n, proveedor de Internet, dispositivo m\u00f3vil\u2026).<\/td><td>Google Analytics<\/td><td>2 a\u00f1os<\/td><\/tr><tr><td>_ga<\/td><td>Google Analytics es una herramienta de anal\u00edtica web que utiliza la informaci\u00f3n de las Cookies para analizar el n\u00famero de visitantes y de visitas en la Plataforma, la duraci\u00f3n media de la visita, la media de p\u00e1ginas vistas por cada usuario, informes geogr\u00e1ficos, sociodemogr\u00e1ficos (en funci\u00f3n del idioma, ubicaci\u00f3n, proveedor de Internet, dispositivo m\u00f3vil\u2026).<\/td><td>&nbsp;Google Analytics<\/td><td>2 a\u00f1os<\/td><\/tr><tr><td>_gat_UA-4076399-1<\/td><td>Google Analytics es una herramienta de anal\u00edtica web que utiliza la informaci\u00f3n de las Cookies para analizar el n\u00famero de visitantes y de visitas en la Plataforma, la duraci\u00f3n media de la visita, la media de p\u00e1ginas vistas por cada usuario, informes geogr\u00e1ficos, sociodemogr\u00e1ficos (en funci\u00f3n del idioma, ubicaci\u00f3n, proveedor de Internet, dispositivo m\u00f3vil\u2026).<\/td><td>&nbsp;Google Analytics<\/td><td>2 a\u00f1os<\/td><\/tr><\/tbody><\/table><\/figure>\n\n\n\n<h3><strong><em>7.&nbsp;<\/em><\/strong><strong>Cookies publicitarias<\/strong><\/h3>\n\n\n\n<p>Estas Cookies son aquellas que almacenan informaci\u00f3n del comportamiento de los usuarios obtenida a trav\u00e9s de la observaci\u00f3n continuada de sus h\u00e1bitos de navegaci\u00f3n, lo que permite desarrollar un perfil espec\u00edfico para mostrar publicidad en funci\u00f3n de este o realizar determinados tratamientos y acciones publicitarias. De igual manera, a trav\u00e9s del uso de estas Cookies podr\u00e1s recibir anuncios de  DANOSA en sitios webs de terceros. Puedes aceptar o rechazar la instalaci\u00f3n de estas Cookies.<\/p>\n\n\n\n<figure class=\"wp-block-table\"><table><tbody><tr><td><strong>Cookies t\u00e9cnicas<\/strong><\/td><td><strong>Finalidad<\/strong><\/td><td><strong>Caducidad<\/strong><\/td><\/tr><tr><td><a href=\"https:\/\/policies.google.com\/privacy?hl=en\">Google<\/a>&nbsp;(Google Tag Manager)<\/td><td>Utilizamos la plataforma de Google para poder gestionar todas las Cookies y dem\u00e1s tecnolog\u00edas que tratan tu informaci\u00f3n en la Plataforma.<\/td><td>13 meses<\/td><\/tr><tr><td><a href=\"https:\/\/policies.google.com\/privacy?hl=en\">Google<\/a>&nbsp;(YouTube)<\/td><td>Utilizamos las Cookies de Google para poder identificar y analizar tu navegaci\u00f3n por la Plataforma.<\/td><td>3 meses<\/td><\/tr><\/tbody><\/table><\/figure>\n\n\n\n<h3><strong><em>8.&nbsp;<\/em><\/strong><strong>Control y borrado de Cookies<\/strong><\/h3>\n\n\n\n<p>Con la herramienta de configuraci\u00f3n de Cookies, tienes la posibilidad de rechazar o aceptar Cookies que requieran de tu consentimiento. Tambi\u00e9n puedes bloquear y eliminar Cookies cambiando la configuraci\u00f3n de tu navegador.<\/p>\n\n\n\n<p>De igual manera, para administrar las Cookies, la mayor\u00eda de los navegadores permiten rechazar o aceptar todas las Cookies o solo aceptar ciertos tipos de Cookies. El proceso para la gesti\u00f3n y eliminaci\u00f3n de Cookies se puede encontrar en la funci\u00f3n de ayuda integrada en el navegador. Si deseas limitar el uso de Cookies, puede que no puedas utilizar todas las funciones interactivas de la Plataforma.<\/p>\n\n\n\n<p>Puedes permitir, bloquear o eliminar las Cookies instaladas en tu equipo mediante la configuraci\u00f3n de las opciones del navegador instalado en tu ordenador:<\/p>\n\n\n\n<ul><li><strong>Firefox<\/strong>:&nbsp;<a href=\"https:\/\/support.mozilla.org\/es\/kb\/habilitar-y-deshabilitar-cookies-sitios-web-rastrear-preferencias?redirectlocale=es&amp;redirectslug=habilitar-y-deshabilitar-cookies-que-los-sitios-we\">https:\/\/support.mozilla.org\/es\/kb\/habilitar-y-deshabilitar-cookies-sitios-web\u2026<\/a><\/li><li><strong>Chrome<\/strong>:&nbsp;<a href=\"https:\/\/support.google.com\/accounts\/answer\/61416?hl=es\">https:\/\/support.google.com\/accounts\/answer\/61416?hl=es<\/a><\/li><li><strong>Explorer<\/strong>:&nbsp;<a href=\"https:\/\/support.microsoft.com\/es-es\/help\/17442\/windows-internet-explorer-dele\">https:\/\/support.microsoft.com\/es-es\/help\/17442\/windows-internet-explorer-dele<\/a><\/li><li><strong>Safari<\/strong>:&nbsp;<a href=\"https:\/\/support.apple.com\/es-es\/guide\/safari\/sfri11471\/mac\">https:\/\/support.apple.com\/es-es\/guide\/safari\/sfri11471\/mac<\/a><\/li><li><strong>Opera<\/strong>:&nbsp;<a href=\"https:\/\/help.opera.com\/Windows\/11.50\/es-ES\/cookies.html\">https:\/\/help.opera.com\/Windows\/11.50\/es-ES\/cookies.html<\/a><\/li><\/ul>\n\n\n\n<h3><strong><em>9.&nbsp;<\/em><\/strong><strong>Notificaciones en el navegador<\/strong><\/h3>\n\n\n\n<p>Si has aceptado al iniciar tu navegaci\u00f3n en la Plataforma, recibir notificaciones a trav\u00e9s de la ventana emergente,  DANOSA podr\u00e1 enviarte notificaciones emergentes sobre noticias y contenido relevante sobre su objeto social. Puedes configurar estas notificaciones emergentes, tanto de  DANOSA como de otros sitios web, a trav\u00e9s de la configuraci\u00f3n u opciones de tu navegador.<\/p>\n\n\n\n<h3><strong><em>10.&nbsp;<\/em><\/strong><strong>Configuraci\u00f3n de anuncios en otras plataformas<\/strong><\/h3>\n\n\n\n<p>Al igual que sucede en los navegadores de ordenadores, lo navegadores de los dispositivos m\u00f3viles permiten realizar cambios en las opciones o ajustes de privacidad para desactivar o eliminar las Cookies.<\/p>\n\n\n\n<p>Si deseas modificar las opciones de privacidad sigue las instrucciones especificadas por el desarrollador de tu navegador para dispositivo m\u00f3vil.<\/p>\n\n\n\n<p>A continuaci\u00f3n, podr\u00e1s encontrar algunos ejemplos de los links que te guiar\u00e1n para modificar las opciones de privacidad en tu dispositivo m\u00f3vil:<\/p>\n\n\n\n<p><a href=\"https:\/\/support.apple.com\/es-es\/HT201265\">Safari para IOS<\/a><br><a href=\"https:\/\/support.google.com\/accounts\/answer\/32050?co=GENIE.Platform%3DAndroid&amp;hl=es&amp;oco=0\">Chrome para Android<\/a><\/p>\n","protected":false},"excerpt":{"rendered":"<p>Esta Pol\u00edtica de Cookies es parte integrante del Aviso Legal y de la Pol\u00edtica de Privacidad de la p\u00e1gina web (en adelante, \u201cSitio Web\u201d) disponible en el sitio web ubicado en la URL\u00a0https:\/\/www.danosa.com\/es-es\/\u00a0y en la aplicaci\u00f3n para dispositivos m\u00f3viles. Con el fin de facilitar su navegaci\u00f3n por la Plataforma, DERIVADOS ASFALTICOS NORMALIZADOS, S.A. (en adelante,&#8230;<\/p>\n","protected":false},"author":1,"featured_media":0,"parent":0,"menu_order":0,"comment_status":"closed","ping_status":"closed","template":"tp-image-header.php","meta":{"inline_featured_image":false,"site-sidebar-layout":"default","site-content-layout":"default","ast-main-header-display":"","ast-hfb-above-header-display":"","ast-hfb-below-header-display":"","ast-hfb-mobile-header-display":"","site-post-title":"","ast-breadcrumbs-content":"","ast-featured-img":"","footer-sml-layout":"","theme-transparent-header-meta":"default","adv-header-id-meta":"","stick-header-meta":"default","header-above-stick-meta":"","header-main-stick-meta":"","header-below-stick-meta":""},"acf":[],"yoast_head":"<!-- This site is optimized with the Yoast SEO plugin v18.1 - https:\/\/yoast.com\/wordpress\/plugins\/seo\/ -->\n<title>Pol\u00edtica de cookies - Danosa Colombia<\/title>\n<meta name=\"robots\" content=\"index, follow, max-snippet:-1, max-image-preview:large, max-video-preview:-1\" \/>\n<link rel=\"canonical\" href=\"https:\/\/www.danosa.com\/es-co\/politica-de-cookies\/\" \/>\n<meta property=\"og:locale\" content=\"es_ES\" \/>\n<meta property=\"og:type\" content=\"article\" \/>\n<meta property=\"og:title\" content=\"Pol\u00edtica de cookies - Danosa Colombia\" \/>\n<meta property=\"og:description\" content=\"Esta Pol\u00edtica de Cookies es parte integrante del Aviso Legal y de la Pol\u00edtica de Privacidad de la p\u00e1gina web (en adelante, \u201cSitio Web\u201d) disponible en el sitio web ubicado en la URL\u00a0https:\/\/www.danosa.com\/es-es\/\u00a0y en la aplicaci\u00f3n para dispositivos m\u00f3viles. Con el fin de facilitar su navegaci\u00f3n por la Plataforma, DERIVADOS ASFALTICOS NORMALIZADOS, S.A. (en adelante,...\" \/>\n<meta property=\"og:url\" content=\"https:\/\/www.danosa.com\/es-co\/politica-de-cookies\/\" \/>\n<meta property=\"og:site_name\" content=\"Danosa Colombia\" \/>\n<meta property=\"article:modified_time\" content=\"2021-11-24T12:20:45+00:00\" \/>\n<meta name=\"twitter:card\" content=\"summary_large_image\" \/>\n<meta name=\"twitter:label1\" content=\"Tiempo de lectura\" \/>\n\t<meta name=\"twitter:data1\" content=\"6 minutos\" \/>\n<script type=\"application\/ld+json\" class=\"yoast-schema-graph\">{\"@context\":\"https:\/\/schema.org\",\"@graph\":[{\"@type\":\"WebSite\",\"@id\":\"https:\/\/www.danosa.com\/es-co\/#website\",\"url\":\"https:\/\/www.danosa.com\/es-co\/\",\"name\":\"Danosa Colombia\",\"description\":\"Danosa\",\"potentialAction\":[{\"@type\":\"SearchAction\",\"target\":{\"@type\":\"EntryPoint\",\"urlTemplate\":\"https:\/\/www.danosa.com\/es-co\/?s={search_term_string}\"},\"query-input\":\"required name=search_term_string\"}],\"inLanguage\":\"es\"},{\"@type\":\"WebPage\",\"@id\":\"https:\/\/www.danosa.com\/es-co\/politica-de-cookies\/#webpage\",\"url\":\"https:\/\/www.danosa.com\/es-co\/politica-de-cookies\/\",\"name\":\"Pol\u00edtica de cookies - Danosa Colombia\",\"isPartOf\":{\"@id\":\"https:\/\/www.danosa.com\/es-co\/#website\"},\"datePublished\":\"2021-11-24T12:04:44+00:00\",\"dateModified\":\"2021-11-24T12:20:45+00:00\",\"breadcrumb\":{\"@id\":\"https:\/\/www.danosa.com\/es-co\/politica-de-cookies\/#breadcrumb\"},\"inLanguage\":\"es\",\"potentialAction\":[{\"@type\":\"ReadAction\",\"target\":[\"https:\/\/www.danosa.com\/es-co\/politica-de-cookies\/\"]}]},{\"@type\":\"BreadcrumbList\",\"@id\":\"https:\/\/www.danosa.com\/es-co\/politica-de-cookies\/#breadcrumb\",\"itemListElement\":[{\"@type\":\"ListItem\",\"position\":1,\"name\":\"Portada\",\"item\":\"https:\/\/www.danosa.com\/es-co\/\"},{\"@type\":\"ListItem\",\"position\":2,\"name\":\"Pol\u00edtica de cookies\"}]}]}<\/script>\n<!-- \/ Yoast SEO plugin. -->","yoast_head_json":{"title":"Pol\u00edtica de cookies - Danosa Colombia","robots":{"index":"index","follow":"follow","max-snippet":"max-snippet:-1","max-image-preview":"max-image-preview:large","max-video-preview":"max-video-preview:-1"},"canonical":"https:\/\/www.danosa.com\/es-co\/politica-de-cookies\/","og_locale":"es_ES","og_type":"article","og_title":"Pol\u00edtica de cookies - Danosa Colombia","og_description":"Esta Pol\u00edtica de Cookies es parte integrante del Aviso Legal y de la Pol\u00edtica de Privacidad de la p\u00e1gina web (en adelante, \u201cSitio Web\u201d) disponible en el sitio web ubicado en la URL\u00a0https:\/\/www.danosa.com\/es-es\/\u00a0y en la aplicaci\u00f3n para dispositivos m\u00f3viles. Con el fin de facilitar su navegaci\u00f3n por la Plataforma, DERIVADOS ASFALTICOS NORMALIZADOS, S.A. (en adelante,...","og_url":"https:\/\/www.danosa.com\/es-co\/politica-de-cookies\/","og_site_name":"Danosa Colombia","article_modified_time":"2021-11-24T12:20:45+00:00","twitter_card":"summary_large_image","twitter_misc":{"Tiempo de lectura":"6 minutos"},"schema":{"@context":"https:\/\/schema.org","@graph":[{"@type":"WebSite","@id":"https:\/\/www.danosa.com\/es-co\/#website","url":"https:\/\/www.danosa.com\/es-co\/","name":"Danosa Colombia","description":"Danosa","potentialAction":[{"@type":"SearchAction","target":{"@type":"EntryPoint","urlTemplate":"https:\/\/www.danosa.com\/es-co\/?s={search_term_string}"},"query-input":"required name=search_term_string"}],"inLanguage":"es"},{"@type":"WebPage","@id":"https:\/\/www.danosa.com\/es-co\/politica-de-cookies\/#webpage","url":"https:\/\/www.danosa.com\/es-co\/politica-de-cookies\/","name":"Pol\u00edtica de cookies - Danosa Colombia","isPartOf":{"@id":"https:\/\/www.danosa.com\/es-co\/#website"},"datePublished":"2021-11-24T12:04:44+00:00","dateModified":"2021-11-24T12:20:45+00:00","breadcrumb":{"@id":"https:\/\/www.danosa.com\/es-co\/politica-de-cookies\/#breadcrumb"},"inLanguage":"es","potentialAction":[{"@type":"ReadAction","target":["https:\/\/www.danosa.com\/es-co\/politica-de-cookies\/"]}]},{"@type":"BreadcrumbList","@id":"https:\/\/www.danosa.com\/es-co\/politica-de-cookies\/#breadcrumb","itemListElement":[{"@type":"ListItem","position":1,"name":"Portada","item":"https:\/\/www.danosa.com\/es-co\/"},{"@type":"ListItem","position":2,"name":"Pol\u00edtica de cookies"}]}]}},"_links":{"self":[{"href":"https:\/\/www.danosa.com\/es-co\/wp-json\/wp\/v2\/pages\/8574"}],"collection":[{"href":"https:\/\/www.danosa.com\/es-co\/wp-json\/wp\/v2\/pages"}],"about":[{"href":"https:\/\/www.danosa.com\/es-co\/wp-json\/wp\/v2\/types\/page"}],"author":[{"embeddable":true,"href":"https:\/\/www.danosa.com\/es-co\/wp-json\/wp\/v2\/users\/1"}],"replies":[{"embeddable":true,"href":"https:\/\/www.danosa.com\/es-co\/wp-json\/wp\/v2\/comments?post=8574"}],"version-history":[{"count":2,"href":"https:\/\/www.danosa.com\/es-co\/wp-json\/wp\/v2\/pages\/8574\/revisions"}],"predecessor-version":[{"id":8577,"href":"https:\/\/www.danosa.com\/es-co\/wp-json\/wp\/v2\/pages\/8574\/revisions\/8577"}],"wp:attachment":[{"href":"https:\/\/www.danosa.com\/es-co\/wp-json\/wp\/v2\/media?parent=8574"}],"curies":[{"name":"wp","href":"https:\/\/api.w.org\/{rel}","templated":true}]}}