{"id":8987,"date":"2022-05-25T09:57:11","date_gmt":"2022-05-25T07:57:11","guid":{"rendered":"https:\/\/www.danosa.com\/es-co\/?page_id=8987"},"modified":"2026-03-06T11:07:26","modified_gmt":"2026-03-06T10:07:26","slug":"certificados-sostenibilidad","status":"publish","type":"page","link":"https:\/\/www.danosa.com\/es-co\/certificados-sostenibilidad\/","title":{"rendered":"Certificados Sostenibilidad"},"content":{"rendered":"\n<div style=\"height:49px\" aria-hidden=\"true\" class=\"wp-block-spacer\"><\/div>\n\n\n\n<h2 class=\"has-text-align-left has-x-large-font-size\"><strong>Sostenibilidad<\/strong><\/h2>\n\n\n\n<p>Danosa tiene plena conciencia de que la Sostenibilidad es una gran responsabilidad que comprende los riesgos, oportunidades y retos m\u00e1s relevantes para la Sociedad y, con ello, para las empresas, en los pr\u00f3ximos a\u00f1os.<\/p>\n\n\n\n<div class=\"wp-block-image\"><figure class=\"aligncenter size-full\"><img src=\"https:\/\/www.danosa.com\/es-es\/wp-content\/uploads\/sites\/2\/2022\/01\/Danosa_fontanar_ods_11.jpg\" alt=\"\" class=\"wp-image-9039\"\/><\/figure><\/div>\n\n\n\n<div class=\"wp-container-1 wp-block-group\"><div class=\"wp-block-group__inner-container\"><\/div><\/div>\n\n\n\n<h2 class=\"has-ast-global-color-0-color has-text-color\"><strong>MEMORIAS DE SOSTENIBILIDAD<\/strong><\/h2>\n\n\n\n<div class=\"wp-block-columns\">\n<div class=\"wp-block-column\" style=\"flex-basis:320px\">\n<figure class=\"wp-block-image size-full is-resized\"><a href=\"https:\/\/www.danosa.com\/es-es\/wp-content\/uploads\/sites\/2\/2024\/10\/Memoria_sostenibilidad_DANOSA_2021_PRESIDENTE.pdf\" target=\"_blank\" rel=\"noopener\"><img loading=\"lazy\" src=\"https:\/\/www.danosa.com\/es-es\/wp-content\/uploads\/sites\/2\/2024\/10\/Captura.jpg\" alt=\"\" class=\"wp-image-13177\" width=\"321\" height=\"459\"\/><\/a><figcaption><a href=\"https:\/\/www.danosa.com\/es-es\/wp-content\/uploads\/sites\/2\/2024\/10\/Memoria_sostenibilidad_DANOSA_2021_PRESIDENTE.pdf\">Declartaci\u00f3n PRESIDENTE<\/a><\/figcaption><\/figure>\n<\/div>\n\n\n\n<div class=\"wp-block-column\" style=\"flex-basis:320px\">\n<figure class=\"wp-block-image size-full\"><img loading=\"lazy\" width=\"566\" height=\"800\" src=\"https:\/\/www.danosa.com\/es-co\/wp-content\/uploads\/sites\/8\/2026\/03\/Memoria-de-sostenibilidad-DANOSA-2025-1.jpg\" alt=\"\" class=\"wp-image-9975\" srcset=\"https:\/\/www.danosa.com\/es-co\/wp-content\/uploads\/sites\/8\/2026\/03\/Memoria-de-sostenibilidad-DANOSA-2025-1.jpg 566w, https:\/\/www.danosa.com\/es-co\/wp-content\/uploads\/sites\/8\/2026\/03\/Memoria-de-sostenibilidad-DANOSA-2025-1-212x300.jpg 212w\" sizes=\"(max-width: 566px) 100vw, 566px\" \/><figcaption><a href=\"https:\/\/www.danosa.com\/es-co\/wp-content\/uploads\/sites\/8\/2026\/03\/Memoria-de-sostenibilidad-DANOSA-2025.pdf\">Memoria de sostenibilidad 2025<\/a><\/figcaption><\/figure>\n<\/div>\n\n\n\n<div class=\"wp-block-column\" style=\"flex-basis:320px\">\n<figure class=\"wp-block-image size-full\"><img src=\"https:\/\/www.danosa.com\/es-es\/wp-content\/uploads\/sites\/2\/2023\/03\/Certificado-Empresa-plasticos-Espanola-SOSTENIBLE-de-ANAIP.png\" alt=\"\" class=\"wp-image-11488\"\/><figcaption><a href=\"https:\/\/www.danosa.com\/es-es\/wp-content\/uploads\/sites\/2\/2023\/03\/Certificado-Empresa-plasticos-Espanola-SOSTENIBLE-de-ANAIP.pdf\" target=\"_blank\" rel=\"noreferrer noopener\">Certificado-Empresa-pl\u00e1sticos-Espa\u00f1ola-SOSTENIBLE-de-ANAIP<\/a><\/figcaption><\/figure>\n<\/div>\n<\/div>\n\n\n\n<div class=\"wp-block-columns\">\n<div class=\"wp-block-column\" style=\"flex-basis:320px\">\n<figure class=\"wp-block-image size-full is-resized\"><img loading=\"lazy\" src=\"https:\/\/www.danosa.com\/es-es\/wp-content\/uploads\/sites\/2\/2024\/07\/Captura.jpg\" alt=\"\" class=\"wp-image-12996\" width=\"286\" height=\"400\"\/><figcaption><a href=\"https:\/\/www.danosa.com\/es-es\/wp-content\/uploads\/sites\/2\/2024\/07\/Informe_No_Financiero_DANOSA2023.pdf\">Informaci\u00f3n no financiera 2023 DANOSA<\/a><\/figcaption><\/figure>\n<\/div>\n\n\n\n<div class=\"wp-block-column\" style=\"flex-basis:320px\">\n<figure class=\"wp-block-image size-full\"><img src=\"https:\/\/www.danosa.com\/es-es\/wp-content\/uploads\/sites\/2\/2023\/08\/INFORMACION_NO_FINANCIERA_2022.jpg\" alt=\"\" class=\"wp-image-12190\"\/><figcaption><a href=\"https:\/\/www.danosa.com\/es-es\/wp-content\/uploads\/sites\/2\/2021\/10\/Informe-No-Financiero-DANOSA-2022.pdf\" target=\"_blank\" rel=\"noreferrer noopener\">Informaci\u00f3n no financiera 2022 DANOSA<\/a><\/figcaption><\/figure>\n<\/div>\n\n\n\n<div class=\"wp-block-column\" style=\"flex-basis:320px\">\n<figure class=\"wp-block-image size-full\"><a href=\"https:\/\/www.danosa.com\/es-es\/wp-content\/uploads\/sites\/2\/2022\/07\/Informe_No_Financiero_DANOSA_2021.pdf\"><img src=\"https:\/\/www.danosa.com\/es-es\/wp-content\/uploads\/sites\/2\/2023\/03\/INFORMACION_NO_FINANCIERA_2021.png\" alt=\"\" class=\"wp-image-11496\"\/><\/a><figcaption><a href=\"https:\/\/www.danosa.com\/es-es\/wp-content\/uploads\/sites\/2\/2022\/07\/Informe_No_Financiero_DANOSA_2021.pdf\">Informaci\u00f3n no financiera 2021 DANOSA<\/a><\/figcaption><\/figure>\n<\/div>\n<\/div>\n\n\n\n<div style=\"height:30px\" aria-hidden=\"true\" class=\"wp-block-spacer\"><\/div>\n\n\n\n<hr class=\"wp-block-separator is-style-wide\"\/>\n\n\n\n<h2 class=\"has-ast-global-color-0-color has-text-color\"><strong><strong>RECICLADOS<\/strong><\/strong><\/h2>\n\n\n\n<div class=\"wp-block-columns\">\n<div class=\"wp-block-column\">\n<figure class=\"wp-block-image size-full\"><img src=\"https:\/\/www.danosa.com\/es-es\/wp-content\/uploads\/sites\/2\/2022\/01\/Certificado_MORE_2021_DANOSA.jpg\" alt=\"\" class=\"wp-image-9022\"\/><figcaption><a href=\"https:\/\/www.danosa.com\/es-es\/wp-content\/uploads\/sites\/2\/2022\/01\/Certificado-MORE-2021_DANOSA.pdf\" target=\"_blank\" rel=\"noreferrer noopener\">MORE 2021<\/a><\/figcaption><\/figure>\n<\/div>\n\n\n\n<div class=\"wp-block-column\">\n<figure class=\"wp-block-image size-full\"><img src=\"https:\/\/www.danosa.com\/es-es\/wp-content\/uploads\/sites\/2\/2022\/05\/Certificado_MORE_2022_Danosa.jpg\" alt=\"\" class=\"wp-image-9580\"\/><figcaption><a href=\"https:\/\/www.danosa.com\/es-es\/wp-content\/uploads\/sites\/2\/2022\/05\/Certificado_MORE_2022_Danosa.pdf\" target=\"_blank\" rel=\"noreferrer noopener\">MORE 2022<\/a><\/figcaption><\/figure>\n<\/div>\n\n\n\n<div class=\"wp-block-column is-vertically-aligned-center\">\n<figure class=\"wp-block-image size-large\"><img src=\"https:\/\/www.danosa.com\/es-es\/wp-content\/uploads\/sites\/2\/2023\/11\/Captura-1024x730.jpg\" alt=\"\" class=\"wp-image-12585\"\/><figcaption><a href=\"https:\/\/www.danosa.com\/es-es\/wp-content\/uploads\/sites\/2\/2023\/11\/Certificado-MORE-DANOSA.pdf\" target=\"_blank\" rel=\"noreferrer noopener\">MORE 2023<\/a><\/figcaption><\/figure>\n<\/div>\n<\/div>\n\n\n\n<div class=\"wp-block-columns\">\n<div class=\"wp-block-column\">\n<figure class=\"wp-block-image size-full is-resized\"><img loading=\"lazy\" src=\"https:\/\/www.danosa.com\/es-es\/wp-content\/uploads\/sites\/2\/2024\/07\/Danosa-More2024.jpg\" alt=\"\" class=\"wp-image-13042\" width=\"355\" height=\"253\"\/><figcaption><a href=\"https:\/\/www.danosa.com\/es-es\/wp-content\/uploads\/sites\/2\/2024\/07\/DANOSACertificadoMORE.2024-Es.pdf\" target=\"_blank\" rel=\"noreferrer noopener\">MORE 2024<\/a><\/figcaption><\/figure>\n<\/div>\n\n\n\n<div class=\"wp-block-column\"><\/div>\n\n\n\n<div class=\"wp-block-column\"><\/div>\n<\/div>\n\n\n\n<div style=\"height:30px\" aria-hidden=\"true\" class=\"wp-block-spacer\"><\/div>\n\n\n\n<hr class=\"wp-block-separator is-style-wide\"\/>\n\n\n\n<h2 class=\"has-ast-global-color-0-color has-text-color\"><strong>TRAZABILIDAD<\/strong> <strong><strong>RECICLADOS<\/strong><\/strong><\/h2>\n\n\n\n<div class=\"wp-block-columns\">\n<div class=\"wp-block-column\">\n<figure class=\"wp-block-image size-full is-resized\"><img loading=\"lazy\" src=\"https:\/\/www.danosa.com\/es-es\/wp-content\/uploads\/sites\/2\/2023\/11\/trazabilidad_reciclados_posconsumo.jpg\" alt=\"\" class=\"wp-image-12623\" width=\"355\" height=\"498\"\/><figcaption><a href=\"https:\/\/www.danosa.com\/es-es\/wp-content\/uploads\/sites\/2\/2024\/10\/Danosa_CEE17CCSEG000374_ES_2024-10-03.pdf\" target=\"_blank\" rel=\"noreferrer noopener\">TRAZABILIDAD RECICLADOS POSTCONSUMO<\/a><\/figcaption><\/figure>\n<\/div>\n\n\n\n<div class=\"wp-block-column\">\n<figure class=\"wp-block-image size-full\"><img src=\"https:\/\/www.danosa.com\/es-es\/wp-content\/uploads\/sites\/2\/2023\/11\/trazabilidad_reciclados_preconsumo.jpg\" alt=\"\" class=\"wp-image-12625\"\/><figcaption><a href=\"https:\/\/www.danosa.com\/es-es\/wp-content\/uploads\/sites\/2\/2023\/11\/TRAZABILIDAD-RECICLADOS-PRECONSUMO.pdf\">TRAZABILIDAD RECICLADOS PRECONSUMO<\/a><\/figcaption><\/figure>\n<\/div>\n\n\n\n<div class=\"wp-block-column\">\n<figure class=\"wp-block-image size-full\"><img src=\"https:\/\/www.danosa.com\/es-es\/wp-content\/uploads\/sites\/2\/2024\/12\/aenor.png\" alt=\"\" class=\"wp-image-13302\"\/><figcaption><a href=\"https:\/\/www.danosa.com\/es-es\/wp-content\/uploads\/sites\/2\/2024\/12\/Certificado-FIN-CONDICION-RESIDUO-plasticos-RS.pdf\" target=\"_blank\" rel=\"noreferrer noopener\">Certificado FIN CONDICI\u00d3N RESIDUO pl\u00e1sticos [RS]<\/a><\/figcaption><\/figure>\n<\/div>\n<\/div>\n\n\n\n<div style=\"height:30px\" aria-hidden=\"true\" class=\"wp-block-spacer\"><\/div>\n\n\n\n<hr class=\"wp-block-separator is-style-wide\"\/>\n\n\n\n<h2 class=\"has-ast-global-color-0-color has-text-color\"><strong><strong><strong>ALIANZAS y COLABORACIONES<\/strong><\/strong><\/strong><\/h2>\n\n\n\n<div class=\"wp-block-columns\">\n<div class=\"wp-block-column\" style=\"flex-basis:320px\">\n<figure class=\"wp-block-image size-full\"><img src=\"https:\/\/www.danosa.com\/es-es\/wp-content\/uploads\/sites\/2\/2023\/02\/GBC_informe_2022_Digital.jpg\" alt=\"\" class=\"wp-image-10626\"\/><figcaption><a href=\"https:\/\/www.danosa.com\/es-es\/wp-content\/uploads\/sites\/2\/2023\/02\/GBC_informe_2022_Digital.pdf\" target=\"_blank\" rel=\"noreferrer noopener\">Informe Pa\u00eds GBCe 2022<\/a><\/figcaption><\/figure>\n<\/div>\n\n\n\n<div class=\"wp-block-column\">\n<figure class=\"wp-block-image size-full\"><img src=\"https:\/\/www.danosa.com\/es-es\/wp-content\/uploads\/sites\/2\/2022\/01\/Certificado_VYNIL_PLUS_DANOSA.jpg\" alt=\"\" class=\"wp-image-9026\"\/><figcaption><a href=\"https:\/\/www.danosa.com\/es-es\/wp-content\/uploads\/sites\/2\/2022\/01\/Certificado_VYNIL_PLUS_DANOSA.pdf\" target=\"_blank\" rel=\"noreferrer noopener\">VYNIL PLUS 2021<\/a><\/figcaption><\/figure>\n<\/div>\n\n\n\n<div class=\"wp-block-column\">\n<figure class=\"wp-block-image size-full\"><img src=\"https:\/\/www.danosa.com\/es-es\/wp-content\/uploads\/sites\/2\/2023\/06\/Danosa_VINYLPLUS_2023_Spain.png\" alt=\"\" class=\"wp-image-11956\"\/><figcaption><a href=\"https:\/\/www.danosa.com\/es-es\/wp-content\/uploads\/sites\/2\/2023\/06\/Danosa_VINYLPLUS_2023_Spain.pdf\" target=\"_blank\" rel=\"noreferrer noopener\">VYNIL PLUS 2023<\/a><\/figcaption><\/figure>\n<\/div>\n<\/div>\n\n\n\n<div style=\"height:30px\" aria-hidden=\"true\" class=\"wp-block-spacer\"><\/div>\n\n\n\n<hr class=\"wp-block-separator is-style-wide\"\/>\n\n\n\n<h2 class=\"has-ast-global-color-0-color has-text-color\"><strong><strong><strong><strong>SOSTENIBILIDAD de PRODUCTOS<\/strong><\/strong><\/strong><\/strong><\/h2>\n\n\n\n<div class=\"wp-block-columns\">\n<div class=\"wp-block-column\" style=\"flex-basis:320px\">\n<figure class=\"wp-block-image size-full\"><img src=\"https:\/\/www.danosa.com\/es-es\/wp-content\/uploads\/sites\/2\/2022\/11\/Danosa_aenor_020_004045.jpg\" alt=\"\" class=\"wp-image-10172\"\/><figcaption><a href=\"https:\/\/www.danosa.com\/es-es\/wp-content\/uploads\/sites\/2\/2022\/01\/Danosa_CERTIFICADO-INSCRIPCION_2020_C.pdf\"><\/a><a href=\"https:\/\/www.danosa.com\/es-es\/wp-content\/uploads\/sites\/2\/2022\/11\/Danosa-Sello-NS-del-XPS.pdf\" target=\"_blank\" rel=\"noreferrer noopener\">Certificado de la Marca AENOR N Sostenible<\/a><\/figcaption><\/figure>\n<\/div>\n\n\n\n<div class=\"wp-block-column\" style=\"flex-basis:320px\"><\/div>\n\n\n\n<div class=\"wp-block-column\" style=\"flex-basis:320px\"><\/div>\n<\/div>\n\n\n\n<div style=\"height:30px\" aria-hidden=\"true\" class=\"wp-block-spacer\"><\/div>\n\n\n\n<hr class=\"wp-block-separator is-style-wide\"\/>\n\n\n\n<h2 class=\"has-ast-global-color-0-color has-text-color\"><strong>HUELLA DE CARBONO<\/strong><\/h2>\n\n\n\n<div class=\"wp-block-columns\">\n<div class=\"wp-block-column\" style=\"flex-basis:320px\">\n<figure class=\"wp-block-image size-full\"><img src=\"https:\/\/www.danosa.com\/es-es\/wp-content\/uploads\/sites\/2\/2022\/01\/Danosa_CERTIFICADO-INSCRIPCION_2020_C.jpg\" alt=\"\" class=\"wp-image-9054\"\/><figcaption><a href=\"https:\/\/www.danosa.com\/es-es\/wp-content\/uploads\/sites\/2\/2022\/01\/Danosa_CERTIFICADO-INSCRIPCION_2020_C.pdf\" target=\"_blank\" rel=\"noreferrer noopener\">Registro de huella de carbono 2020<\/a><\/figcaption><\/figure>\n<\/div>\n\n\n\n<div class=\"wp-block-column\" style=\"flex-basis:320px\">\n<figure class=\"wp-block-image size-full\"><img src=\"https:\/\/www.danosa.com\/es-es\/wp-content\/uploads\/sites\/2\/2022\/11\/Danosda_HC_2021.jpg\" alt=\"\" class=\"wp-image-10159\"\/><figcaption><a href=\"https:\/\/www.danosa.com\/es-es\/wp-content\/uploads\/sites\/2\/2022\/11\/2022-a1837-CERTIFICADO-INSCRIPCION_2021_C.pdf\" target=\"_blank\" rel=\"noreferrer noopener\">Registro de huella de carbono 2021<\/a><\/figcaption><\/figure>\n<\/div>\n\n\n\n<div class=\"wp-block-column\" style=\"flex-basis:320px\">\n<figure class=\"wp-block-image size-full\"><img src=\"https:\/\/www.danosa.com\/es-es\/wp-content\/uploads\/sites\/2\/2024\/01\/Danosa-hc-2022.jpg\" alt=\"\" class=\"wp-image-12704\"\/><figcaption><a href=\"https:\/\/www.danosa.com\/es-es\/wp-content\/uploads\/sites\/2\/2024\/01\/Danosa-2023-a2656-CERTIFICADO-INSCRIPCION_2022_C.pdf\" target=\"_blank\" rel=\"noreferrer noopener\">Registro de huella de carbono 2022<\/a><\/figcaption><\/figure>\n<\/div>\n\n\n\n<div class=\"wp-block-column\" style=\"flex-basis:320px\">\n<figure class=\"wp-block-image size-full\"><img src=\"https:\/\/www.danosa.com\/es-es\/wp-content\/uploads\/sites\/2\/2024\/11\/Captura.jpg\" alt=\"\" class=\"wp-image-13184\"\/><figcaption><a href=\"https:\/\/www.danosa.com\/es-es\/wp-content\/uploads\/sites\/2\/2024\/11\/2024-a2281-CERTIFICADO-INSCRIPCION_2023_CR.pdf\" target=\"_blank\" rel=\"noreferrer noopener\">Registro de huella de carbono 2023<\/a><\/figcaption><\/figure>\n<\/div>\n<\/div>\n\n\n\n<div class=\"wp-block-columns\">\n<div class=\"wp-block-column\" style=\"flex-basis:320px\">\n<figure class=\"wp-block-image size-full\"><img src=\"https:\/\/www.danosa.com\/es-es\/wp-content\/uploads\/sites\/2\/2023\/03\/Certificado-de-Verificacion-Huella-Carbono-DANOSA-1.png\" alt=\"\" class=\"wp-image-11492\"\/><figcaption><a href=\"https:\/\/www.danosa.com\/es-es\/wp-content\/uploads\/sites\/2\/2023\/03\/Certificado-de-Verificacion-Huella-Carbono-DANOSA.pdf\" target=\"_blank\" rel=\"noreferrer noopener\">Certificado de Verificaci\u00f3n Huella Carbono DANOSA<\/a><\/figcaption><\/figure>\n<\/div>\n\n\n\n<div class=\"wp-block-column\" style=\"flex-basis:320px\">\n<figure class=\"wp-block-image size-full\"><img src=\"https:\/\/www.danosa.com\/es-es\/wp-content\/uploads\/sites\/2\/2023\/03\/Informe-Calculo-Huella-Carbono-DANOSA-1.png\" alt=\"\" class=\"wp-image-11494\"\/><figcaption><a href=\"https:\/\/www.danosa.com\/es-es\/wp-content\/uploads\/sites\/2\/2023\/03\/Informe-Calculo-Huella-Carbono-DANOSA.pdf\" target=\"_blank\" rel=\"noreferrer noopener\">Informe C\u00e1lculo Huella Carbono DANOSA<\/a><\/figcaption><\/figure>\n<\/div>\n\n\n\n<div class=\"wp-block-column\" style=\"flex-basis:320px\"><\/div>\n\n\n\n<div class=\"wp-block-column\" style=\"flex-basis:320px\"><\/div>\n<\/div>\n\n\n\n<div style=\"height:30px\" aria-hidden=\"true\" class=\"wp-block-spacer\"><\/div>\n\n\n\n<hr class=\"wp-block-separator is-style-wide\"\/>\n\n\n\n<h2 class=\"has-ast-global-color-0-color has-text-color\"><strong>EFICIENCIA ENERG\u00c9TICA<\/strong><\/h2>\n\n\n\n<div class=\"wp-block-columns\">\n<div class=\"wp-block-column\" style=\"flex-basis:320px\">\n<div class=\"wp-block-image\"><figure class=\"aligncenter size-full is-resized\"><img loading=\"lazy\" src=\"https:\/\/www.danosa.com\/es-es\/wp-content\/uploads\/sites\/2\/2024\/06\/Captura-1.jpg\" alt=\"\" class=\"wp-image-12966\" width=\"282\" height=\"400\"\/><figcaption><a href=\"https:\/\/www.danosa.com\/es-es\/wp-content\/uploads\/sites\/2\/2024\/06\/Danosa-ISO-50001-Jun2024.pdf\" target=\"_blank\" rel=\"noreferrer noopener\">ISO 5001:2018<\/a><\/figcaption><\/figure><\/div>\n<\/div>\n\n\n\n<div class=\"wp-block-column\" style=\"flex-basis:320px\"><\/div>\n\n\n\n<div class=\"wp-block-column\" style=\"flex-basis:320px\">\n<p><\/p>\n<\/div>\n<\/div>\n\n\n\n<div style=\"height:30px\" aria-hidden=\"true\" class=\"wp-block-spacer\"><\/div>\n\n\n\n<hr class=\"wp-block-separator is-style-wide\"\/>\n\n\n\n<h2 class=\"has-ast-global-color-0-color has-text-color\"><strong><strong>CERTIFICADOS DE EMPRESA<\/strong><\/strong><\/h2>\n\n\n\n<div class=\"wp-block-columns\" id=\"informacion_no_financiera\">\n<div class=\"wp-block-column\" style=\"flex-basis:320px\">\n<figure class=\"wp-block-image size-large\"><img src=\"https:\/\/www.danosa.com\/es-es\/wp-content\/uploads\/sites\/2\/2024\/04\/Danosa_14001_2015.png\" alt=\"\"\/><figcaption><a href=\"https:\/\/www.danosa.com\/es-es\/wp-content\/uploads\/sites\/2\/2024\/04\/Danosa-Certificado-ISO-14001.pdf\" target=\"_blank\" rel=\"noreferrer noopener\">Bureau Veritas Certification ES144052 &#8211; 1<\/a><\/figcaption><\/figure>\n<\/div>\n\n\n\n<div class=\"wp-block-column\" style=\"flex-basis:320px\">\n<figure class=\"wp-block-image size-full is-resized\"><img loading=\"lazy\" src=\"https:\/\/www.danosa.com\/es-es\/wp-content\/uploads\/sites\/2\/2025\/03\/CERTIFICACION2024.jpg\" alt=\"\" class=\"wp-image-13558\" width=\"284\" height=\"400\"\/><figcaption><a href=\"https:\/\/www.danosa.com\/es-es\/wp-content\/uploads\/sites\/2\/2025\/03\/Certificacion-SOSTENIBILIDAD-ODS-esp.pdf\">Bureau Veritas Certification ES127027-1<\/a><\/figcaption><\/figure>\n<\/div>\n<\/div>\n\n\n\n<div style=\"height:50px\" aria-hidden=\"true\" class=\"wp-block-spacer\"><\/div>\n","protected":false},"excerpt":{"rendered":"<p>Sostenibilidad Danosa tiene plena conciencia de que la Sostenibilidad es una gran responsabilidad que comprende los riesgos, oportunidades y retos m\u00e1s relevantes para la Sociedad y, con ello, para las empresas, en los pr\u00f3ximos a\u00f1os. MEMORIAS DE SOSTENIBILIDAD RECICLADOS TRAZABILIDAD RECICLADOS ALIANZAS y COLABORACIONES SOSTENIBILIDAD de PRODUCTOS HUELLA DE CARBONO EFICIENCIA ENERG\u00c9TICA CERTIFICADOS DE EMPRESA<\/p>\n","protected":false},"author":2,"featured_media":0,"parent":0,"menu_order":0,"comment_status":"closed","ping_status":"closed","template":"","meta":{"inline_featured_image":false,"site-sidebar-layout":"default","site-content-layout":"default","ast-main-header-display":"","ast-hfb-above-header-display":"","ast-hfb-below-header-display":"","ast-hfb-mobile-header-display":"","site-post-title":"disabled","ast-breadcrumbs-content":"","ast-featured-img":"","footer-sml-layout":"","theme-transparent-header-meta":"","adv-header-id-meta":"","stick-header-meta":"","header-above-stick-meta":"","header-main-stick-meta":"","header-below-stick-meta":""},"acf":[],"yoast_head":"<!-- This site is optimized with the Yoast SEO plugin v18.1 - https:\/\/yoast.com\/wordpress\/plugins\/seo\/ -->\n<title>Certificados Sostenibilidad - Danosa Colombia<\/title>\n<meta name=\"robots\" content=\"index, follow, max-snippet:-1, max-image-preview:large, max-video-preview:-1\" \/>\n<link rel=\"canonical\" href=\"https:\/\/www.danosa.com\/es-co\/certificados-sostenibilidad\/\" \/>\n<meta property=\"og:locale\" content=\"es_ES\" \/>\n<meta property=\"og:type\" content=\"article\" \/>\n<meta property=\"og:title\" content=\"Certificados Sostenibilidad - Danosa Colombia\" \/>\n<meta property=\"og:description\" content=\"Sostenibilidad Danosa tiene plena conciencia de que la Sostenibilidad es una gran responsabilidad que comprende los riesgos, oportunidades y retos m\u00e1s relevantes para la Sociedad y, con ello, para las empresas, en los pr\u00f3ximos a\u00f1os. MEMORIAS DE SOSTENIBILIDAD RECICLADOS TRAZABILIDAD RECICLADOS ALIANZAS y COLABORACIONES SOSTENIBILIDAD de PRODUCTOS HUELLA DE CARBONO EFICIENCIA ENERG\u00c9TICA CERTIFICADOS DE EMPRESA\" \/>\n<meta property=\"og:url\" content=\"https:\/\/www.danosa.com\/es-co\/certificados-sostenibilidad\/\" \/>\n<meta property=\"og:site_name\" content=\"Danosa Colombia\" \/>\n<meta property=\"article:modified_time\" content=\"2026-03-06T10:07:26+00:00\" \/>\n<meta property=\"og:image\" content=\"https:\/\/www.danosa.com\/es-es\/wp-content\/uploads\/sites\/2\/2022\/01\/Danosa_fontanar_ods_11.jpg\" \/>\n<meta name=\"twitter:card\" content=\"summary_large_image\" \/>\n<meta name=\"twitter:label1\" content=\"Tiempo de lectura\" \/>\n\t<meta name=\"twitter:data1\" content=\"7 minutos\" \/>\n<script type=\"application\/ld+json\" class=\"yoast-schema-graph\">{\"@context\":\"https:\/\/schema.org\",\"@graph\":[{\"@type\":\"WebSite\",\"@id\":\"https:\/\/www.danosa.com\/es-co\/#website\",\"url\":\"https:\/\/www.danosa.com\/es-co\/\",\"name\":\"Danosa Colombia\",\"description\":\"Danosa\",\"potentialAction\":[{\"@type\":\"SearchAction\",\"target\":{\"@type\":\"EntryPoint\",\"urlTemplate\":\"https:\/\/www.danosa.com\/es-co\/?s={search_term_string}\"},\"query-input\":\"required name=search_term_string\"}],\"inLanguage\":\"es\"},{\"@type\":\"ImageObject\",\"@id\":\"https:\/\/www.danosa.com\/es-co\/certificados-sostenibilidad\/#primaryimage\",\"inLanguage\":\"es\",\"url\":\"https:\/\/www.danosa.com\/es-es\/wp-content\/uploads\/sites\/2\/2022\/01\/Danosa_fontanar_ods_11.jpg\",\"contentUrl\":\"https:\/\/www.danosa.com\/es-es\/wp-content\/uploads\/sites\/2\/2022\/01\/Danosa_fontanar_ods_11.jpg\"},{\"@type\":\"WebPage\",\"@id\":\"https:\/\/www.danosa.com\/es-co\/certificados-sostenibilidad\/#webpage\",\"url\":\"https:\/\/www.danosa.com\/es-co\/certificados-sostenibilidad\/\",\"name\":\"Certificados Sostenibilidad - Danosa Colombia\",\"isPartOf\":{\"@id\":\"https:\/\/www.danosa.com\/es-co\/#website\"},\"primaryImageOfPage\":{\"@id\":\"https:\/\/www.danosa.com\/es-co\/certificados-sostenibilidad\/#primaryimage\"},\"datePublished\":\"2022-05-25T07:57:11+00:00\",\"dateModified\":\"2026-03-06T10:07:26+00:00\",\"breadcrumb\":{\"@id\":\"https:\/\/www.danosa.com\/es-co\/certificados-sostenibilidad\/#breadcrumb\"},\"inLanguage\":\"es\",\"potentialAction\":[{\"@type\":\"ReadAction\",\"target\":[\"https:\/\/www.danosa.com\/es-co\/certificados-sostenibilidad\/\"]}]},{\"@type\":\"BreadcrumbList\",\"@id\":\"https:\/\/www.danosa.com\/es-co\/certificados-sostenibilidad\/#breadcrumb\",\"itemListElement\":[{\"@type\":\"ListItem\",\"position\":1,\"name\":\"Portada\",\"item\":\"https:\/\/www.danosa.com\/es-co\/\"},{\"@type\":\"ListItem\",\"position\":2,\"name\":\"Certificados Sostenibilidad\"}]}]}<\/script>\n<!-- \/ Yoast SEO plugin. -->","yoast_head_json":{"title":"Certificados Sostenibilidad - Danosa Colombia","robots":{"index":"index","follow":"follow","max-snippet":"max-snippet:-1","max-image-preview":"max-image-preview:large","max-video-preview":"max-video-preview:-1"},"canonical":"https:\/\/www.danosa.com\/es-co\/certificados-sostenibilidad\/","og_locale":"es_ES","og_type":"article","og_title":"Certificados Sostenibilidad - Danosa Colombia","og_description":"Sostenibilidad Danosa tiene plena conciencia de que la Sostenibilidad es una gran responsabilidad que comprende los riesgos, oportunidades y retos m\u00e1s relevantes para la Sociedad y, con ello, para las empresas, en los pr\u00f3ximos a\u00f1os. MEMORIAS DE SOSTENIBILIDAD RECICLADOS TRAZABILIDAD RECICLADOS ALIANZAS y COLABORACIONES SOSTENIBILIDAD de PRODUCTOS HUELLA DE CARBONO EFICIENCIA ENERG\u00c9TICA CERTIFICADOS DE EMPRESA","og_url":"https:\/\/www.danosa.com\/es-co\/certificados-sostenibilidad\/","og_site_name":"Danosa Colombia","article_modified_time":"2026-03-06T10:07:26+00:00","og_image":[{"url":"https:\/\/www.danosa.com\/es-es\/wp-content\/uploads\/sites\/2\/2022\/01\/Danosa_fontanar_ods_11.jpg"}],"twitter_card":"summary_large_image","twitter_misc":{"Tiempo de lectura":"7 minutos"},"schema":{"@context":"https:\/\/schema.org","@graph":[{"@type":"WebSite","@id":"https:\/\/www.danosa.com\/es-co\/#website","url":"https:\/\/www.danosa.com\/es-co\/","name":"Danosa Colombia","description":"Danosa","potentialAction":[{"@type":"SearchAction","target":{"@type":"EntryPoint","urlTemplate":"https:\/\/www.danosa.com\/es-co\/?s={search_term_string}"},"query-input":"required name=search_term_string"}],"inLanguage":"es"},{"@type":"ImageObject","@id":"https:\/\/www.danosa.com\/es-co\/certificados-sostenibilidad\/#primaryimage","inLanguage":"es","url":"https:\/\/www.danosa.com\/es-es\/wp-content\/uploads\/sites\/2\/2022\/01\/Danosa_fontanar_ods_11.jpg","contentUrl":"https:\/\/www.danosa.com\/es-es\/wp-content\/uploads\/sites\/2\/2022\/01\/Danosa_fontanar_ods_11.jpg"},{"@type":"WebPage","@id":"https:\/\/www.danosa.com\/es-co\/certificados-sostenibilidad\/#webpage","url":"https:\/\/www.danosa.com\/es-co\/certificados-sostenibilidad\/","name":"Certificados Sostenibilidad - Danosa Colombia","isPartOf":{"@id":"https:\/\/www.danosa.com\/es-co\/#website"},"primaryImageOfPage":{"@id":"https:\/\/www.danosa.com\/es-co\/certificados-sostenibilidad\/#primaryimage"},"datePublished":"2022-05-25T07:57:11+00:00","dateModified":"2026-03-06T10:07:26+00:00","breadcrumb":{"@id":"https:\/\/www.danosa.com\/es-co\/certificados-sostenibilidad\/#breadcrumb"},"inLanguage":"es","potentialAction":[{"@type":"ReadAction","target":["https:\/\/www.danosa.com\/es-co\/certificados-sostenibilidad\/"]}]},{"@type":"BreadcrumbList","@id":"https:\/\/www.danosa.com\/es-co\/certificados-sostenibilidad\/#breadcrumb","itemListElement":[{"@type":"ListItem","position":1,"name":"Portada","item":"https:\/\/www.danosa.com\/es-co\/"},{"@type":"ListItem","position":2,"name":"Certificados Sostenibilidad"}]}]}},"_links":{"self":[{"href":"https:\/\/www.danosa.com\/es-co\/wp-json\/wp\/v2\/pages\/8987"}],"collection":[{"href":"https:\/\/www.danosa.com\/es-co\/wp-json\/wp\/v2\/pages"}],"about":[{"href":"https:\/\/www.danosa.com\/es-co\/wp-json\/wp\/v2\/types\/page"}],"author":[{"embeddable":true,"href":"https:\/\/www.danosa.com\/es-co\/wp-json\/wp\/v2\/users\/2"}],"replies":[{"embeddable":true,"href":"https:\/\/www.danosa.com\/es-co\/wp-json\/wp\/v2\/comments?post=8987"}],"version-history":[{"count":19,"href":"https:\/\/www.danosa.com\/es-co\/wp-json\/wp\/v2\/pages\/8987\/revisions"}],"predecessor-version":[{"id":9977,"href":"https:\/\/www.danosa.com\/es-co\/wp-json\/wp\/v2\/pages\/8987\/revisions\/9977"}],"wp:attachment":[{"href":"https:\/\/www.danosa.com\/es-co\/wp-json\/wp\/v2\/media?parent=8987"}],"curies":[{"name":"wp","href":"https:\/\/api.w.org\/{rel}","templated":true}]}}