{"id":3896,"date":"2026-04-09T08:21:25","date_gmt":"2026-04-09T06:21:25","guid":{"rendered":"https:\/\/www.danosa.com\/es-co\/blog\/product\/argocola-elite-200\/"},"modified":"2026-04-09T08:21:26","modified_gmt":"2026-04-09T06:21:26","slug":"argocola-elite-200","status":"publish","type":"product","link":"https:\/\/www.danosa.com\/es-co\/producto\/argocola-elite-200\/","title":{"rendered":"ARGOCOLA ELITE 200"},"content":{"rendered":"<p>Adhesivo cementoso C1TE. Porcel\u00e1nico interiores y piscinas<\/p>\n","protected":false},"excerpt":{"rendered":"<p>Adhesivo cementoso de altas prestaciones<\/p>\n","protected":false},"featured_media":0,"parent":0,"menu_order":0,"template":"","meta":{"inline_featured_image":false,"site-sidebar-layout":"default","site-content-layout":"default","ast-main-header-display":"","ast-hfb-above-header-display":"","ast-hfb-below-header-display":"","ast-hfb-mobile-header-display":"","site-post-title":"","ast-breadcrumbs-content":"","ast-featured-img":"","footer-sml-layout":"","theme-transparent-header-meta":"","adv-header-id-meta":"","stick-header-meta":"","header-above-stick-meta":"","header-main-stick-meta":"","header-below-stick-meta":""},"family":[3425],"product_notice":[11437],"product_icon":[],"product_application":[10022,10061],"product_standards_certification":[],"product_benefits":[9539,9541,9641,9760,9847],"product_support":[11207,11248,11256],"product_substrate_preparation":[11380,11396],"product_important_indications":[],"product_conservation":[10949],"product_warning":[11014,11026,11055,11057,11063,11069,11072,11120,11133],"product_safety_hygiene":[],"system_certification":[3361,3297,4535,3952],"product_maintenance":[],"product_safety_datasheet":[3256],"filter_special_uses":[],"acf":[],"yoast_head":"<!-- This site is optimized with the Yoast SEO plugin v18.1 - https:\/\/yoast.com\/wordpress\/plugins\/seo\/ -->\n<title>Cemento cola exterior | Porcel\u00e1nico y piscinas | ARGOCOLA ELITE 200<\/title>\n<meta name=\"description\" content=\"Cemento cola exterior de altas prestaciones C1TE para colocaci\u00f3n de piezas cer\u00e1micas o porcel\u00e1nico, y alicatado de piscinas. Gama profesional. ARGOCOLA ELITE.\" \/>\n<meta name=\"robots\" content=\"index, follow, max-snippet:-1, max-image-preview:large, max-video-preview:-1\" \/>\n<link rel=\"canonical\" href=\"https:\/\/www.danosa.com\/es-co\/producto\/argocola-elite-200\/\" \/>\n<meta property=\"og:locale\" content=\"es_ES\" \/>\n<meta property=\"og:type\" content=\"article\" \/>\n<meta property=\"og:title\" content=\"Cemento cola exterior | Porcel\u00e1nico y piscinas | ARGOCOLA ELITE 200\" \/>\n<meta property=\"og:description\" content=\"Cemento cola exterior de altas prestaciones C1TE para colocaci\u00f3n de piezas cer\u00e1micas o porcel\u00e1nico, y alicatado de piscinas. Gama profesional. ARGOCOLA ELITE.\" \/>\n<meta property=\"og:url\" content=\"https:\/\/www.danosa.com\/es-co\/producto\/argocola-elite-200\/\" \/>\n<meta property=\"og:site_name\" content=\"Danosa Colombia\" \/>\n<meta property=\"article:modified_time\" content=\"2026-04-09T06:21:26+00:00\" \/>\n<meta name=\"twitter:card\" content=\"summary_large_image\" \/>\n<script type=\"application\/ld+json\" class=\"yoast-schema-graph\">{\"@context\":\"https:\/\/schema.org\",\"@graph\":[{\"@type\":\"WebSite\",\"@id\":\"https:\/\/www.danosa.com\/es-co\/#website\",\"url\":\"https:\/\/www.danosa.com\/es-co\/\",\"name\":\"Danosa Colombia\",\"description\":\"Danosa\",\"potentialAction\":[{\"@type\":\"SearchAction\",\"target\":{\"@type\":\"EntryPoint\",\"urlTemplate\":\"https:\/\/www.danosa.com\/es-co\/?s={search_term_string}\"},\"query-input\":\"required name=search_term_string\"}],\"inLanguage\":\"es\"},{\"@type\":\"WebPage\",\"@id\":\"https:\/\/www.danosa.com\/es-co\/producto\/argocola-elite-200\/#webpage\",\"url\":\"https:\/\/www.danosa.com\/es-co\/producto\/argocola-elite-200\/\",\"name\":\"Cemento cola exterior | Porcel\u00e1nico y piscinas | ARGOCOLA ELITE 200\",\"isPartOf\":{\"@id\":\"https:\/\/www.danosa.com\/es-co\/#website\"},\"datePublished\":\"2026-04-09T06:21:25+00:00\",\"dateModified\":\"2026-04-09T06:21:26+00:00\",\"description\":\"Cemento cola exterior de altas prestaciones C1TE para colocaci\u00f3n de piezas cer\u00e1micas o porcel\u00e1nico, y alicatado de piscinas. Gama profesional. ARGOCOLA ELITE.\",\"breadcrumb\":{\"@id\":\"https:\/\/www.danosa.com\/es-co\/producto\/argocola-elite-200\/#breadcrumb\"},\"inLanguage\":\"es\",\"potentialAction\":[{\"@type\":\"ReadAction\",\"target\":[\"https:\/\/www.danosa.com\/es-co\/producto\/argocola-elite-200\/\"]}]},{\"@type\":\"BreadcrumbList\",\"@id\":\"https:\/\/www.danosa.com\/es-co\/producto\/argocola-elite-200\/#breadcrumb\",\"itemListElement\":[{\"@type\":\"ListItem\",\"position\":1,\"name\":\"Portada\",\"item\":\"https:\/\/www.danosa.com\/es-co\/\"},{\"@type\":\"ListItem\",\"position\":2,\"name\":\"ARGOCOLA ELITE 200\"}]}]}<\/script>\n<!-- \/ Yoast SEO plugin. -->","yoast_head_json":{"title":"Cemento cola exterior | Porcel\u00e1nico y piscinas | ARGOCOLA ELITE 200","description":"Cemento cola exterior de altas prestaciones C1TE para colocaci\u00f3n de piezas cer\u00e1micas o porcel\u00e1nico, y alicatado de piscinas. Gama profesional. ARGOCOLA ELITE.","robots":{"index":"index","follow":"follow","max-snippet":"max-snippet:-1","max-image-preview":"max-image-preview:large","max-video-preview":"max-video-preview:-1"},"canonical":"https:\/\/www.danosa.com\/es-co\/producto\/argocola-elite-200\/","og_locale":"es_ES","og_type":"article","og_title":"Cemento cola exterior | Porcel\u00e1nico y piscinas | ARGOCOLA ELITE 200","og_description":"Cemento cola exterior de altas prestaciones C1TE para colocaci\u00f3n de piezas cer\u00e1micas o porcel\u00e1nico, y alicatado de piscinas. Gama profesional. ARGOCOLA ELITE.","og_url":"https:\/\/www.danosa.com\/es-co\/producto\/argocola-elite-200\/","og_site_name":"Danosa Colombia","article_modified_time":"2026-04-09T06:21:26+00:00","twitter_card":"summary_large_image","schema":{"@context":"https:\/\/schema.org","@graph":[{"@type":"WebSite","@id":"https:\/\/www.danosa.com\/es-co\/#website","url":"https:\/\/www.danosa.com\/es-co\/","name":"Danosa Colombia","description":"Danosa","potentialAction":[{"@type":"SearchAction","target":{"@type":"EntryPoint","urlTemplate":"https:\/\/www.danosa.com\/es-co\/?s={search_term_string}"},"query-input":"required name=search_term_string"}],"inLanguage":"es"},{"@type":"WebPage","@id":"https:\/\/www.danosa.com\/es-co\/producto\/argocola-elite-200\/#webpage","url":"https:\/\/www.danosa.com\/es-co\/producto\/argocola-elite-200\/","name":"Cemento cola exterior | Porcel\u00e1nico y piscinas | ARGOCOLA ELITE 200","isPartOf":{"@id":"https:\/\/www.danosa.com\/es-co\/#website"},"datePublished":"2026-04-09T06:21:25+00:00","dateModified":"2026-04-09T06:21:26+00:00","description":"Cemento cola exterior de altas prestaciones C1TE para colocaci\u00f3n de piezas cer\u00e1micas o porcel\u00e1nico, y alicatado de piscinas. Gama profesional. ARGOCOLA ELITE.","breadcrumb":{"@id":"https:\/\/www.danosa.com\/es-co\/producto\/argocola-elite-200\/#breadcrumb"},"inLanguage":"es","potentialAction":[{"@type":"ReadAction","target":["https:\/\/www.danosa.com\/es-co\/producto\/argocola-elite-200\/"]}]},{"@type":"BreadcrumbList","@id":"https:\/\/www.danosa.com\/es-co\/producto\/argocola-elite-200\/#breadcrumb","itemListElement":[{"@type":"ListItem","position":1,"name":"Portada","item":"https:\/\/www.danosa.com\/es-co\/"},{"@type":"ListItem","position":2,"name":"ARGOCOLA ELITE 200"}]}]}},"_links":{"self":[{"href":"https:\/\/www.danosa.com\/es-co\/wp-json\/wp\/v2\/product\/3896"}],"collection":[{"href":"https:\/\/www.danosa.com\/es-co\/wp-json\/wp\/v2\/product"}],"about":[{"href":"https:\/\/www.danosa.com\/es-co\/wp-json\/wp\/v2\/types\/product"}],"wp:attachment":[{"href":"https:\/\/www.danosa.com\/es-co\/wp-json\/wp\/v2\/media?parent=3896"}],"wp:term":[{"taxonomy":"family","embeddable":true,"href":"https:\/\/www.danosa.com\/es-co\/wp-json\/wp\/v2\/family?post=3896"},{"taxonomy":"product_notice","embeddable":true,"href":"https:\/\/www.danosa.com\/es-co\/wp-json\/wp\/v2\/product_notice?post=3896"},{"taxonomy":"product_icon","embeddable":true,"href":"https:\/\/www.danosa.com\/es-co\/wp-json\/wp\/v2\/product_icon?post=3896"},{"taxonomy":"product_application","embeddable":true,"href":"https:\/\/www.danosa.com\/es-co\/wp-json\/wp\/v2\/product_application?post=3896"},{"taxonomy":"product_standards_certification","embeddable":true,"href":"https:\/\/www.danosa.com\/es-co\/wp-json\/wp\/v2\/product_standards_certification?post=3896"},{"taxonomy":"product_benefits","embeddable":true,"href":"https:\/\/www.danosa.com\/es-co\/wp-json\/wp\/v2\/product_benefits?post=3896"},{"taxonomy":"product_support","embeddable":true,"href":"https:\/\/www.danosa.com\/es-co\/wp-json\/wp\/v2\/product_support?post=3896"},{"taxonomy":"product_substrate_preparation","embeddable":true,"href":"https:\/\/www.danosa.com\/es-co\/wp-json\/wp\/v2\/product_substrate_preparation?post=3896"},{"taxonomy":"product_important_indications","embeddable":true,"href":"https:\/\/www.danosa.com\/es-co\/wp-json\/wp\/v2\/product_important_indications?post=3896"},{"taxonomy":"product_conservation","embeddable":true,"href":"https:\/\/www.danosa.com\/es-co\/wp-json\/wp\/v2\/product_conservation?post=3896"},{"taxonomy":"product_warning","embeddable":true,"href":"https:\/\/www.danosa.com\/es-co\/wp-json\/wp\/v2\/product_warning?post=3896"},{"taxonomy":"product_safety_hygiene","embeddable":true,"href":"https:\/\/www.danosa.com\/es-co\/wp-json\/wp\/v2\/product_safety_hygiene?post=3896"},{"taxonomy":"system_certification","embeddable":true,"href":"https:\/\/www.danosa.com\/es-co\/wp-json\/wp\/v2\/system_certification?post=3896"},{"taxonomy":"product_maintenance","embeddable":true,"href":"https:\/\/www.danosa.com\/es-co\/wp-json\/wp\/v2\/product_maintenance?post=3896"},{"taxonomy":"product_safety_datasheet","embeddable":true,"href":"https:\/\/www.danosa.com\/es-co\/wp-json\/wp\/v2\/product_safety_datasheet?post=3896"},{"taxonomy":"filter_special_uses","embeddable":true,"href":"https:\/\/www.danosa.com\/es-co\/wp-json\/wp\/v2\/filter_special_uses?post=3896"}],"curies":[{"name":"wp","href":"https:\/\/api.w.org\/{rel}","templated":true}]}}