{"id":3914,"date":"2026-04-09T08:21:30","date_gmt":"2026-04-09T06:21:30","guid":{"rendered":"https:\/\/www.danosa.com\/es-co\/blog\/product\/argotec-rapido\/"},"modified":"2026-04-09T08:21:33","modified_gmt":"2026-04-09T06:21:33","slug":"argotec-rapido","status":"publish","type":"product","link":"https:\/\/www.danosa.com\/es-co\/producto\/argotec-rapido\/","title":{"rendered":"ARGOTEC RAPIDO"},"content":{"rendered":"<p>ARGOTEC R\u00c1PIDO es un mortero de fraguado r\u00e1pido, monocomponente, formulado a base de mezcla de conglomerantes hidr\u00e1ulicos, \u00e1ridos seleccionados y aditivos que le proporcionan una excelente adherencia sin puente de uni\u00f3n y unas altas resistencias iniciales.<\/p>\n","protected":false},"excerpt":{"rendered":"<p>Mortero de fraguado r\u00e1pido para fijaciones y anclajes<\/p>\n","protected":false},"featured_media":0,"parent":0,"menu_order":0,"template":"","meta":{"inline_featured_image":false,"site-sidebar-layout":"default","site-content-layout":"default","ast-main-header-display":"","ast-hfb-above-header-display":"","ast-hfb-below-header-display":"","ast-hfb-mobile-header-display":"","site-post-title":"","ast-breadcrumbs-content":"","ast-featured-img":"","footer-sml-layout":"","theme-transparent-header-meta":"","adv-header-id-meta":"","stick-header-meta":"","header-above-stick-meta":"","header-main-stick-meta":"","header-below-stick-meta":""},"family":[3417],"product_notice":[11437],"product_icon":[],"product_application":[10135,10195,10255,10301,10379],"product_standards_certification":[],"product_benefits":[9441,9539,9575,9586,9605,9657,9832,9881],"product_support":[11205,11210,11256],"product_substrate_preparation":[11394,11396,11410],"product_important_indications":[],"product_conservation":[10949],"product_warning":[11052,11055,11063,11070,11072,11076,11077,11114],"product_safety_hygiene":[],"system_certification":[],"product_maintenance":[],"product_safety_datasheet":[3274],"filter_special_uses":[],"acf":[],"yoast_head":"<!-- This site is optimized with the Yoast SEO plugin v18.1 - https:\/\/yoast.com\/wordpress\/plugins\/seo\/ -->\n<title>Mortero r\u00e1pido monocomponente | ARGOTEC R\u00c1PIDO | Danosa<\/title>\n<meta name=\"description\" content=\"Mortero de fraguado r\u00e1pido monocomponente para fijaciones y anclajes en construcci\u00f3n. Realizaci\u00f3n de anclajes no estructurales y empotramientos inmediatos.\" \/>\n<meta name=\"robots\" content=\"index, follow, max-snippet:-1, max-image-preview:large, max-video-preview:-1\" \/>\n<link rel=\"canonical\" href=\"https:\/\/www.danosa.com\/es-co\/producto\/argotec-rapido\/\" \/>\n<meta property=\"og:locale\" content=\"es_ES\" \/>\n<meta property=\"og:type\" content=\"article\" \/>\n<meta property=\"og:title\" content=\"Mortero r\u00e1pido monocomponente | ARGOTEC R\u00c1PIDO | Danosa\" \/>\n<meta property=\"og:description\" content=\"Mortero de fraguado r\u00e1pido monocomponente para fijaciones y anclajes en construcci\u00f3n. Realizaci\u00f3n de anclajes no estructurales y empotramientos inmediatos.\" \/>\n<meta property=\"og:url\" content=\"https:\/\/www.danosa.com\/es-co\/producto\/argotec-rapido\/\" \/>\n<meta property=\"og:site_name\" content=\"Danosa Colombia\" \/>\n<meta property=\"article:modified_time\" content=\"2026-04-09T06:21:33+00:00\" \/>\n<meta name=\"twitter:card\" content=\"summary_large_image\" \/>\n<script type=\"application\/ld+json\" class=\"yoast-schema-graph\">{\"@context\":\"https:\/\/schema.org\",\"@graph\":[{\"@type\":\"WebSite\",\"@id\":\"https:\/\/www.danosa.com\/es-co\/#website\",\"url\":\"https:\/\/www.danosa.com\/es-co\/\",\"name\":\"Danosa Colombia\",\"description\":\"Danosa\",\"potentialAction\":[{\"@type\":\"SearchAction\",\"target\":{\"@type\":\"EntryPoint\",\"urlTemplate\":\"https:\/\/www.danosa.com\/es-co\/?s={search_term_string}\"},\"query-input\":\"required name=search_term_string\"}],\"inLanguage\":\"es\"},{\"@type\":\"WebPage\",\"@id\":\"https:\/\/www.danosa.com\/es-co\/producto\/argotec-rapido\/#webpage\",\"url\":\"https:\/\/www.danosa.com\/es-co\/producto\/argotec-rapido\/\",\"name\":\"Mortero r\u00e1pido monocomponente | ARGOTEC R\u00c1PIDO | Danosa\",\"isPartOf\":{\"@id\":\"https:\/\/www.danosa.com\/es-co\/#website\"},\"datePublished\":\"2026-04-09T06:21:30+00:00\",\"dateModified\":\"2026-04-09T06:21:33+00:00\",\"description\":\"Mortero de fraguado r\u00e1pido monocomponente para fijaciones y anclajes en construcci\u00f3n. Realizaci\u00f3n de anclajes no estructurales y empotramientos inmediatos.\",\"breadcrumb\":{\"@id\":\"https:\/\/www.danosa.com\/es-co\/producto\/argotec-rapido\/#breadcrumb\"},\"inLanguage\":\"es\",\"potentialAction\":[{\"@type\":\"ReadAction\",\"target\":[\"https:\/\/www.danosa.com\/es-co\/producto\/argotec-rapido\/\"]}]},{\"@type\":\"BreadcrumbList\",\"@id\":\"https:\/\/www.danosa.com\/es-co\/producto\/argotec-rapido\/#breadcrumb\",\"itemListElement\":[{\"@type\":\"ListItem\",\"position\":1,\"name\":\"Portada\",\"item\":\"https:\/\/www.danosa.com\/es-co\/\"},{\"@type\":\"ListItem\",\"position\":2,\"name\":\"ARGOTEC RAPIDO\"}]}]}<\/script>\n<!-- \/ Yoast SEO plugin. -->","yoast_head_json":{"title":"Mortero r\u00e1pido monocomponente | ARGOTEC R\u00c1PIDO | Danosa","description":"Mortero de fraguado r\u00e1pido monocomponente para fijaciones y anclajes en construcci\u00f3n. Realizaci\u00f3n de anclajes no estructurales y empotramientos inmediatos.","robots":{"index":"index","follow":"follow","max-snippet":"max-snippet:-1","max-image-preview":"max-image-preview:large","max-video-preview":"max-video-preview:-1"},"canonical":"https:\/\/www.danosa.com\/es-co\/producto\/argotec-rapido\/","og_locale":"es_ES","og_type":"article","og_title":"Mortero r\u00e1pido monocomponente | ARGOTEC R\u00c1PIDO | Danosa","og_description":"Mortero de fraguado r\u00e1pido monocomponente para fijaciones y anclajes en construcci\u00f3n. Realizaci\u00f3n de anclajes no estructurales y empotramientos inmediatos.","og_url":"https:\/\/www.danosa.com\/es-co\/producto\/argotec-rapido\/","og_site_name":"Danosa Colombia","article_modified_time":"2026-04-09T06:21:33+00:00","twitter_card":"summary_large_image","schema":{"@context":"https:\/\/schema.org","@graph":[{"@type":"WebSite","@id":"https:\/\/www.danosa.com\/es-co\/#website","url":"https:\/\/www.danosa.com\/es-co\/","name":"Danosa Colombia","description":"Danosa","potentialAction":[{"@type":"SearchAction","target":{"@type":"EntryPoint","urlTemplate":"https:\/\/www.danosa.com\/es-co\/?s={search_term_string}"},"query-input":"required name=search_term_string"}],"inLanguage":"es"},{"@type":"WebPage","@id":"https:\/\/www.danosa.com\/es-co\/producto\/argotec-rapido\/#webpage","url":"https:\/\/www.danosa.com\/es-co\/producto\/argotec-rapido\/","name":"Mortero r\u00e1pido monocomponente | ARGOTEC R\u00c1PIDO | Danosa","isPartOf":{"@id":"https:\/\/www.danosa.com\/es-co\/#website"},"datePublished":"2026-04-09T06:21:30+00:00","dateModified":"2026-04-09T06:21:33+00:00","description":"Mortero de fraguado r\u00e1pido monocomponente para fijaciones y anclajes en construcci\u00f3n. Realizaci\u00f3n de anclajes no estructurales y empotramientos inmediatos.","breadcrumb":{"@id":"https:\/\/www.danosa.com\/es-co\/producto\/argotec-rapido\/#breadcrumb"},"inLanguage":"es","potentialAction":[{"@type":"ReadAction","target":["https:\/\/www.danosa.com\/es-co\/producto\/argotec-rapido\/"]}]},{"@type":"BreadcrumbList","@id":"https:\/\/www.danosa.com\/es-co\/producto\/argotec-rapido\/#breadcrumb","itemListElement":[{"@type":"ListItem","position":1,"name":"Portada","item":"https:\/\/www.danosa.com\/es-co\/"},{"@type":"ListItem","position":2,"name":"ARGOTEC RAPIDO"}]}]}},"_links":{"self":[{"href":"https:\/\/www.danosa.com\/es-co\/wp-json\/wp\/v2\/product\/3914"}],"collection":[{"href":"https:\/\/www.danosa.com\/es-co\/wp-json\/wp\/v2\/product"}],"about":[{"href":"https:\/\/www.danosa.com\/es-co\/wp-json\/wp\/v2\/types\/product"}],"wp:attachment":[{"href":"https:\/\/www.danosa.com\/es-co\/wp-json\/wp\/v2\/media?parent=3914"}],"wp:term":[{"taxonomy":"family","embeddable":true,"href":"https:\/\/www.danosa.com\/es-co\/wp-json\/wp\/v2\/family?post=3914"},{"taxonomy":"product_notice","embeddable":true,"href":"https:\/\/www.danosa.com\/es-co\/wp-json\/wp\/v2\/product_notice?post=3914"},{"taxonomy":"product_icon","embeddable":true,"href":"https:\/\/www.danosa.com\/es-co\/wp-json\/wp\/v2\/product_icon?post=3914"},{"taxonomy":"product_application","embeddable":true,"href":"https:\/\/www.danosa.com\/es-co\/wp-json\/wp\/v2\/product_application?post=3914"},{"taxonomy":"product_standards_certification","embeddable":true,"href":"https:\/\/www.danosa.com\/es-co\/wp-json\/wp\/v2\/product_standards_certification?post=3914"},{"taxonomy":"product_benefits","embeddable":true,"href":"https:\/\/www.danosa.com\/es-co\/wp-json\/wp\/v2\/product_benefits?post=3914"},{"taxonomy":"product_support","embeddable":true,"href":"https:\/\/www.danosa.com\/es-co\/wp-json\/wp\/v2\/product_support?post=3914"},{"taxonomy":"product_substrate_preparation","embeddable":true,"href":"https:\/\/www.danosa.com\/es-co\/wp-json\/wp\/v2\/product_substrate_preparation?post=3914"},{"taxonomy":"product_important_indications","embeddable":true,"href":"https:\/\/www.danosa.com\/es-co\/wp-json\/wp\/v2\/product_important_indications?post=3914"},{"taxonomy":"product_conservation","embeddable":true,"href":"https:\/\/www.danosa.com\/es-co\/wp-json\/wp\/v2\/product_conservation?post=3914"},{"taxonomy":"product_warning","embeddable":true,"href":"https:\/\/www.danosa.com\/es-co\/wp-json\/wp\/v2\/product_warning?post=3914"},{"taxonomy":"product_safety_hygiene","embeddable":true,"href":"https:\/\/www.danosa.com\/es-co\/wp-json\/wp\/v2\/product_safety_hygiene?post=3914"},{"taxonomy":"system_certification","embeddable":true,"href":"https:\/\/www.danosa.com\/es-co\/wp-json\/wp\/v2\/system_certification?post=3914"},{"taxonomy":"product_maintenance","embeddable":true,"href":"https:\/\/www.danosa.com\/es-co\/wp-json\/wp\/v2\/product_maintenance?post=3914"},{"taxonomy":"product_safety_datasheet","embeddable":true,"href":"https:\/\/www.danosa.com\/es-co\/wp-json\/wp\/v2\/product_safety_datasheet?post=3914"},{"taxonomy":"filter_special_uses","embeddable":true,"href":"https:\/\/www.danosa.com\/es-co\/wp-json\/wp\/v2\/filter_special_uses?post=3914"}],"curies":[{"name":"wp","href":"https:\/\/api.w.org\/{rel}","templated":true}]}}