{"id":3934,"date":"2026-04-09T08:21:38","date_gmt":"2026-04-09T06:21:38","guid":{"rendered":"https:\/\/www.danosa.com\/es-co\/blog\/product\/cazoleta-sifonica\/"},"modified":"2026-04-09T08:21:40","modified_gmt":"2026-04-09T06:21:40","slug":"cazoleta-sifonica","status":"publish","type":"product","link":"https:\/\/www.danosa.com\/es-co\/producto\/cazoleta-sifonica\/","title":{"rendered":"CAZOLETA SIFONICA"},"content":{"rendered":"<p>Cazoleta sif\u00f3nica de salida vertical para bajante de di\u00e1metro 80 mm, compatible con todas las membranas bituminosas, mediante soldadura por calor. Perfectamente resistente a la llama, la corrosi\u00f3n y la intemperie, es d\u00factil y f\u00e1cilmente manejable.Se compone de dos piezas: manguet\u00f3n-base soporte y cubeta-sif\u00f3n con sombrerete.\u00a0La cazoleta cuenta con una base soporte con relieve, para facilitar la penetraci\u00f3n del bet\u00fan. El manguet\u00f3n tiene forma c\u00f3nica para encajar herm\u00e9ticamente en la salida de la bajante.<\/p>\n","protected":false},"excerpt":{"rendered":"<p>Cazoleta sif\u00f3nica de salida vertical para bajante de di\u00e1metro 80 mm.<\/p>\n","protected":false},"featured_media":0,"parent":0,"menu_order":0,"template":"","meta":{"inline_featured_image":false,"site-sidebar-layout":"default","site-content-layout":"default","ast-main-header-display":"","ast-hfb-above-header-display":"","ast-hfb-below-header-display":"","ast-hfb-mobile-header-display":"","site-post-title":"","ast-breadcrumbs-content":"","ast-featured-img":"","footer-sml-layout":"","theme-transparent-header-meta":"","adv-header-id-meta":"","stick-header-meta":"","header-above-stick-meta":"","header-main-stick-meta":"","header-below-stick-meta":""},"family":[3076],"product_notice":[11437],"product_icon":[],"product_application":[],"product_standards_certification":[],"product_benefits":[],"product_support":[],"product_substrate_preparation":[],"product_important_indications":[],"product_conservation":[],"product_warning":[],"product_safety_hygiene":[],"system_certification":[],"product_maintenance":[],"product_safety_datasheet":[],"filter_special_uses":[],"acf":[],"yoast_head":"<!-- This site is optimized with the Yoast SEO plugin v18.1 - https:\/\/yoast.com\/wordpress\/plugins\/seo\/ -->\n<title>Cazoleta sifonica EPDM de salida vertical | impermeabilizaci\u00f3n Danosa<\/title>\n<meta name=\"description\" content=\"Cazoleta sif\u00f3nica de EPDM de salida vertical para bajantes. D\u00factil y perfectamente resistente a la llama, la corrosi\u00f3n y la intemperie. Alto rendimiento.\" \/>\n<meta name=\"robots\" content=\"index, follow, max-snippet:-1, max-image-preview:large, max-video-preview:-1\" \/>\n<link rel=\"canonical\" href=\"https:\/\/www.danosa.com\/es-co\/producto\/cazoleta-sifonica\/\" \/>\n<meta property=\"og:locale\" content=\"es_ES\" \/>\n<meta property=\"og:type\" content=\"article\" \/>\n<meta property=\"og:title\" content=\"Cazoleta sifonica EPDM de salida vertical | impermeabilizaci\u00f3n Danosa\" \/>\n<meta property=\"og:description\" content=\"Cazoleta sif\u00f3nica de EPDM de salida vertical para bajantes. D\u00factil y perfectamente resistente a la llama, la corrosi\u00f3n y la intemperie. Alto rendimiento.\" \/>\n<meta property=\"og:url\" content=\"https:\/\/www.danosa.com\/es-co\/producto\/cazoleta-sifonica\/\" \/>\n<meta property=\"og:site_name\" content=\"Danosa Colombia\" \/>\n<meta property=\"article:modified_time\" content=\"2026-04-09T06:21:40+00:00\" \/>\n<meta name=\"twitter:card\" content=\"summary_large_image\" \/>\n<script type=\"application\/ld+json\" class=\"yoast-schema-graph\">{\"@context\":\"https:\/\/schema.org\",\"@graph\":[{\"@type\":\"WebSite\",\"@id\":\"https:\/\/www.danosa.com\/es-co\/#website\",\"url\":\"https:\/\/www.danosa.com\/es-co\/\",\"name\":\"Danosa Colombia\",\"description\":\"Danosa\",\"potentialAction\":[{\"@type\":\"SearchAction\",\"target\":{\"@type\":\"EntryPoint\",\"urlTemplate\":\"https:\/\/www.danosa.com\/es-co\/?s={search_term_string}\"},\"query-input\":\"required name=search_term_string\"}],\"inLanguage\":\"es\"},{\"@type\":\"WebPage\",\"@id\":\"https:\/\/www.danosa.com\/es-co\/producto\/cazoleta-sifonica\/#webpage\",\"url\":\"https:\/\/www.danosa.com\/es-co\/producto\/cazoleta-sifonica\/\",\"name\":\"Cazoleta sifonica EPDM de salida vertical | impermeabilizaci\u00f3n Danosa\",\"isPartOf\":{\"@id\":\"https:\/\/www.danosa.com\/es-co\/#website\"},\"datePublished\":\"2026-04-09T06:21:38+00:00\",\"dateModified\":\"2026-04-09T06:21:40+00:00\",\"description\":\"Cazoleta sif\u00f3nica de EPDM de salida vertical para bajantes. D\u00factil y perfectamente resistente a la llama, la corrosi\u00f3n y la intemperie. Alto rendimiento.\",\"breadcrumb\":{\"@id\":\"https:\/\/www.danosa.com\/es-co\/producto\/cazoleta-sifonica\/#breadcrumb\"},\"inLanguage\":\"es\",\"potentialAction\":[{\"@type\":\"ReadAction\",\"target\":[\"https:\/\/www.danosa.com\/es-co\/producto\/cazoleta-sifonica\/\"]}]},{\"@type\":\"BreadcrumbList\",\"@id\":\"https:\/\/www.danosa.com\/es-co\/producto\/cazoleta-sifonica\/#breadcrumb\",\"itemListElement\":[{\"@type\":\"ListItem\",\"position\":1,\"name\":\"Portada\",\"item\":\"https:\/\/www.danosa.com\/es-co\/\"},{\"@type\":\"ListItem\",\"position\":2,\"name\":\"CAZOLETA SIFONICA\"}]}]}<\/script>\n<!-- \/ Yoast SEO plugin. -->","yoast_head_json":{"title":"Cazoleta sifonica EPDM de salida vertical | impermeabilizaci\u00f3n Danosa","description":"Cazoleta sif\u00f3nica de EPDM de salida vertical para bajantes. D\u00factil y perfectamente resistente a la llama, la corrosi\u00f3n y la intemperie. Alto rendimiento.","robots":{"index":"index","follow":"follow","max-snippet":"max-snippet:-1","max-image-preview":"max-image-preview:large","max-video-preview":"max-video-preview:-1"},"canonical":"https:\/\/www.danosa.com\/es-co\/producto\/cazoleta-sifonica\/","og_locale":"es_ES","og_type":"article","og_title":"Cazoleta sifonica EPDM de salida vertical | impermeabilizaci\u00f3n Danosa","og_description":"Cazoleta sif\u00f3nica de EPDM de salida vertical para bajantes. D\u00factil y perfectamente resistente a la llama, la corrosi\u00f3n y la intemperie. Alto rendimiento.","og_url":"https:\/\/www.danosa.com\/es-co\/producto\/cazoleta-sifonica\/","og_site_name":"Danosa Colombia","article_modified_time":"2026-04-09T06:21:40+00:00","twitter_card":"summary_large_image","schema":{"@context":"https:\/\/schema.org","@graph":[{"@type":"WebSite","@id":"https:\/\/www.danosa.com\/es-co\/#website","url":"https:\/\/www.danosa.com\/es-co\/","name":"Danosa Colombia","description":"Danosa","potentialAction":[{"@type":"SearchAction","target":{"@type":"EntryPoint","urlTemplate":"https:\/\/www.danosa.com\/es-co\/?s={search_term_string}"},"query-input":"required name=search_term_string"}],"inLanguage":"es"},{"@type":"WebPage","@id":"https:\/\/www.danosa.com\/es-co\/producto\/cazoleta-sifonica\/#webpage","url":"https:\/\/www.danosa.com\/es-co\/producto\/cazoleta-sifonica\/","name":"Cazoleta sifonica EPDM de salida vertical | impermeabilizaci\u00f3n Danosa","isPartOf":{"@id":"https:\/\/www.danosa.com\/es-co\/#website"},"datePublished":"2026-04-09T06:21:38+00:00","dateModified":"2026-04-09T06:21:40+00:00","description":"Cazoleta sif\u00f3nica de EPDM de salida vertical para bajantes. D\u00factil y perfectamente resistente a la llama, la corrosi\u00f3n y la intemperie. Alto rendimiento.","breadcrumb":{"@id":"https:\/\/www.danosa.com\/es-co\/producto\/cazoleta-sifonica\/#breadcrumb"},"inLanguage":"es","potentialAction":[{"@type":"ReadAction","target":["https:\/\/www.danosa.com\/es-co\/producto\/cazoleta-sifonica\/"]}]},{"@type":"BreadcrumbList","@id":"https:\/\/www.danosa.com\/es-co\/producto\/cazoleta-sifonica\/#breadcrumb","itemListElement":[{"@type":"ListItem","position":1,"name":"Portada","item":"https:\/\/www.danosa.com\/es-co\/"},{"@type":"ListItem","position":2,"name":"CAZOLETA SIFONICA"}]}]}},"_links":{"self":[{"href":"https:\/\/www.danosa.com\/es-co\/wp-json\/wp\/v2\/product\/3934"}],"collection":[{"href":"https:\/\/www.danosa.com\/es-co\/wp-json\/wp\/v2\/product"}],"about":[{"href":"https:\/\/www.danosa.com\/es-co\/wp-json\/wp\/v2\/types\/product"}],"wp:attachment":[{"href":"https:\/\/www.danosa.com\/es-co\/wp-json\/wp\/v2\/media?parent=3934"}],"wp:term":[{"taxonomy":"family","embeddable":true,"href":"https:\/\/www.danosa.com\/es-co\/wp-json\/wp\/v2\/family?post=3934"},{"taxonomy":"product_notice","embeddable":true,"href":"https:\/\/www.danosa.com\/es-co\/wp-json\/wp\/v2\/product_notice?post=3934"},{"taxonomy":"product_icon","embeddable":true,"href":"https:\/\/www.danosa.com\/es-co\/wp-json\/wp\/v2\/product_icon?post=3934"},{"taxonomy":"product_application","embeddable":true,"href":"https:\/\/www.danosa.com\/es-co\/wp-json\/wp\/v2\/product_application?post=3934"},{"taxonomy":"product_standards_certification","embeddable":true,"href":"https:\/\/www.danosa.com\/es-co\/wp-json\/wp\/v2\/product_standards_certification?post=3934"},{"taxonomy":"product_benefits","embeddable":true,"href":"https:\/\/www.danosa.com\/es-co\/wp-json\/wp\/v2\/product_benefits?post=3934"},{"taxonomy":"product_support","embeddable":true,"href":"https:\/\/www.danosa.com\/es-co\/wp-json\/wp\/v2\/product_support?post=3934"},{"taxonomy":"product_substrate_preparation","embeddable":true,"href":"https:\/\/www.danosa.com\/es-co\/wp-json\/wp\/v2\/product_substrate_preparation?post=3934"},{"taxonomy":"product_important_indications","embeddable":true,"href":"https:\/\/www.danosa.com\/es-co\/wp-json\/wp\/v2\/product_important_indications?post=3934"},{"taxonomy":"product_conservation","embeddable":true,"href":"https:\/\/www.danosa.com\/es-co\/wp-json\/wp\/v2\/product_conservation?post=3934"},{"taxonomy":"product_warning","embeddable":true,"href":"https:\/\/www.danosa.com\/es-co\/wp-json\/wp\/v2\/product_warning?post=3934"},{"taxonomy":"product_safety_hygiene","embeddable":true,"href":"https:\/\/www.danosa.com\/es-co\/wp-json\/wp\/v2\/product_safety_hygiene?post=3934"},{"taxonomy":"system_certification","embeddable":true,"href":"https:\/\/www.danosa.com\/es-co\/wp-json\/wp\/v2\/system_certification?post=3934"},{"taxonomy":"product_maintenance","embeddable":true,"href":"https:\/\/www.danosa.com\/es-co\/wp-json\/wp\/v2\/product_maintenance?post=3934"},{"taxonomy":"product_safety_datasheet","embeddable":true,"href":"https:\/\/www.danosa.com\/es-co\/wp-json\/wp\/v2\/product_safety_datasheet?post=3934"},{"taxonomy":"filter_special_uses","embeddable":true,"href":"https:\/\/www.danosa.com\/es-co\/wp-json\/wp\/v2\/filter_special_uses?post=3934"}],"curies":[{"name":"wp","href":"https:\/\/api.w.org\/{rel}","templated":true}]}}