{"id":3945,"date":"2026-04-09T08:21:42","date_gmt":"2026-04-09T06:21:42","guid":{"rendered":"https:\/\/www.danosa.com\/es-co\/blog\/product\/danoband-butyl\/"},"modified":"2026-04-09T08:21:43","modified_gmt":"2026-04-09T06:21:43","slug":"danoband-butyl","status":"publish","type":"product","link":"https:\/\/www.danosa.com\/es-co\/producto\/danoband-butyl\/","title":{"rendered":"DANOBAND BUTYL"},"content":{"rendered":"<p>Banda autoadhesiva impermeable, formada por un compuesto but\u00edlico, sobre un film de polipropileno. Especialmente indicada para aplicaciones que requieren una buena adherencia sobre materiales como hormig\u00f3n, placas de yeso, pl\u00e1stico, vidrio, metal, policarbonato, madera y bet\u00fan.<\/p>\n","protected":false},"excerpt":{"rendered":"<p>Banda but\u00edlica de elevada adherencia, protegida con film de polipropileno EASY PEEL<\/p>\n","protected":false},"featured_media":0,"parent":0,"menu_order":0,"template":"","meta":{"inline_featured_image":false,"site-sidebar-layout":"default","site-content-layout":"default","ast-main-header-display":"","ast-hfb-above-header-display":"","ast-hfb-below-header-display":"","ast-hfb-mobile-header-display":"","site-post-title":"","ast-breadcrumbs-content":"","ast-featured-img":"","footer-sml-layout":"","theme-transparent-header-meta":"","adv-header-id-meta":"","stick-header-meta":"","header-above-stick-meta":"","header-main-stick-meta":"","header-below-stick-meta":""},"family":[3075],"product_notice":[11437],"product_icon":[],"product_application":[10045,10190,10390],"product_standards_certification":[],"product_benefits":[9485,9518,9574,9634,9637,9802,9955],"product_support":[],"product_substrate_preparation":[],"product_important_indications":[],"product_conservation":[10813],"product_warning":[11031,11035,11093],"product_safety_hygiene":[],"system_certification":[],"product_maintenance":[],"product_safety_datasheet":[],"filter_special_uses":[],"acf":[],"yoast_head":"<!-- This site is optimized with the Yoast SEO plugin v18.1 - https:\/\/yoast.com\/wordpress\/plugins\/seo\/ -->\n<title>Banda but\u00edlica impermeable de elevada adherencia | DANOBAND BUTYL<\/title>\n<meta name=\"description\" content=\"Banda but\u00edlica impermeable de elevada adhesividad a baja temperatura, protegida con tejido de polipropileno &quot;EASY PEEL&quot;. Sin disolventes. Garant\u00eda Danosa.\" \/>\n<meta name=\"robots\" content=\"index, follow, max-snippet:-1, max-image-preview:large, max-video-preview:-1\" \/>\n<link rel=\"canonical\" href=\"https:\/\/www.danosa.com\/es-co\/producto\/danoband-butyl\/\" \/>\n<meta property=\"og:locale\" content=\"es_ES\" \/>\n<meta property=\"og:type\" content=\"article\" \/>\n<meta property=\"og:title\" content=\"Banda but\u00edlica impermeable de elevada adherencia | DANOBAND BUTYL\" \/>\n<meta property=\"og:description\" content=\"Banda but\u00edlica impermeable de elevada adhesividad a baja temperatura, protegida con tejido de polipropileno &quot;EASY PEEL&quot;. Sin disolventes. Garant\u00eda Danosa.\" \/>\n<meta property=\"og:url\" content=\"https:\/\/www.danosa.com\/es-co\/producto\/danoband-butyl\/\" \/>\n<meta property=\"og:site_name\" content=\"Danosa Colombia\" \/>\n<meta property=\"article:modified_time\" content=\"2026-04-09T06:21:43+00:00\" \/>\n<meta name=\"twitter:card\" content=\"summary_large_image\" \/>\n<script type=\"application\/ld+json\" class=\"yoast-schema-graph\">{\"@context\":\"https:\/\/schema.org\",\"@graph\":[{\"@type\":\"WebSite\",\"@id\":\"https:\/\/www.danosa.com\/es-co\/#website\",\"url\":\"https:\/\/www.danosa.com\/es-co\/\",\"name\":\"Danosa Colombia\",\"description\":\"Danosa\",\"potentialAction\":[{\"@type\":\"SearchAction\",\"target\":{\"@type\":\"EntryPoint\",\"urlTemplate\":\"https:\/\/www.danosa.com\/es-co\/?s={search_term_string}\"},\"query-input\":\"required name=search_term_string\"}],\"inLanguage\":\"es\"},{\"@type\":\"WebPage\",\"@id\":\"https:\/\/www.danosa.com\/es-co\/producto\/danoband-butyl\/#webpage\",\"url\":\"https:\/\/www.danosa.com\/es-co\/producto\/danoband-butyl\/\",\"name\":\"Banda but\u00edlica impermeable de elevada adherencia | DANOBAND BUTYL\",\"isPartOf\":{\"@id\":\"https:\/\/www.danosa.com\/es-co\/#website\"},\"datePublished\":\"2026-04-09T06:21:42+00:00\",\"dateModified\":\"2026-04-09T06:21:43+00:00\",\"description\":\"Banda but\u00edlica impermeable de elevada adhesividad a baja temperatura, protegida con tejido de polipropileno \\\"EASY PEEL\\\". Sin disolventes. Garant\u00eda Danosa.\",\"breadcrumb\":{\"@id\":\"https:\/\/www.danosa.com\/es-co\/producto\/danoband-butyl\/#breadcrumb\"},\"inLanguage\":\"es\",\"potentialAction\":[{\"@type\":\"ReadAction\",\"target\":[\"https:\/\/www.danosa.com\/es-co\/producto\/danoband-butyl\/\"]}]},{\"@type\":\"BreadcrumbList\",\"@id\":\"https:\/\/www.danosa.com\/es-co\/producto\/danoband-butyl\/#breadcrumb\",\"itemListElement\":[{\"@type\":\"ListItem\",\"position\":1,\"name\":\"Portada\",\"item\":\"https:\/\/www.danosa.com\/es-co\/\"},{\"@type\":\"ListItem\",\"position\":2,\"name\":\"DANOBAND BUTYL\"}]}]}<\/script>\n<!-- \/ Yoast SEO plugin. -->","yoast_head_json":{"title":"Banda but\u00edlica impermeable de elevada adherencia | DANOBAND BUTYL","description":"Banda but\u00edlica impermeable de elevada adhesividad a baja temperatura, protegida con tejido de polipropileno \"EASY PEEL\". Sin disolventes. Garant\u00eda Danosa.","robots":{"index":"index","follow":"follow","max-snippet":"max-snippet:-1","max-image-preview":"max-image-preview:large","max-video-preview":"max-video-preview:-1"},"canonical":"https:\/\/www.danosa.com\/es-co\/producto\/danoband-butyl\/","og_locale":"es_ES","og_type":"article","og_title":"Banda but\u00edlica impermeable de elevada adherencia | DANOBAND BUTYL","og_description":"Banda but\u00edlica impermeable de elevada adhesividad a baja temperatura, protegida con tejido de polipropileno \"EASY PEEL\". Sin disolventes. Garant\u00eda Danosa.","og_url":"https:\/\/www.danosa.com\/es-co\/producto\/danoband-butyl\/","og_site_name":"Danosa Colombia","article_modified_time":"2026-04-09T06:21:43+00:00","twitter_card":"summary_large_image","schema":{"@context":"https:\/\/schema.org","@graph":[{"@type":"WebSite","@id":"https:\/\/www.danosa.com\/es-co\/#website","url":"https:\/\/www.danosa.com\/es-co\/","name":"Danosa Colombia","description":"Danosa","potentialAction":[{"@type":"SearchAction","target":{"@type":"EntryPoint","urlTemplate":"https:\/\/www.danosa.com\/es-co\/?s={search_term_string}"},"query-input":"required name=search_term_string"}],"inLanguage":"es"},{"@type":"WebPage","@id":"https:\/\/www.danosa.com\/es-co\/producto\/danoband-butyl\/#webpage","url":"https:\/\/www.danosa.com\/es-co\/producto\/danoband-butyl\/","name":"Banda but\u00edlica impermeable de elevada adherencia | DANOBAND BUTYL","isPartOf":{"@id":"https:\/\/www.danosa.com\/es-co\/#website"},"datePublished":"2026-04-09T06:21:42+00:00","dateModified":"2026-04-09T06:21:43+00:00","description":"Banda but\u00edlica impermeable de elevada adhesividad a baja temperatura, protegida con tejido de polipropileno \"EASY PEEL\". Sin disolventes. Garant\u00eda Danosa.","breadcrumb":{"@id":"https:\/\/www.danosa.com\/es-co\/producto\/danoband-butyl\/#breadcrumb"},"inLanguage":"es","potentialAction":[{"@type":"ReadAction","target":["https:\/\/www.danosa.com\/es-co\/producto\/danoband-butyl\/"]}]},{"@type":"BreadcrumbList","@id":"https:\/\/www.danosa.com\/es-co\/producto\/danoband-butyl\/#breadcrumb","itemListElement":[{"@type":"ListItem","position":1,"name":"Portada","item":"https:\/\/www.danosa.com\/es-co\/"},{"@type":"ListItem","position":2,"name":"DANOBAND BUTYL"}]}]}},"_links":{"self":[{"href":"https:\/\/www.danosa.com\/es-co\/wp-json\/wp\/v2\/product\/3945"}],"collection":[{"href":"https:\/\/www.danosa.com\/es-co\/wp-json\/wp\/v2\/product"}],"about":[{"href":"https:\/\/www.danosa.com\/es-co\/wp-json\/wp\/v2\/types\/product"}],"wp:attachment":[{"href":"https:\/\/www.danosa.com\/es-co\/wp-json\/wp\/v2\/media?parent=3945"}],"wp:term":[{"taxonomy":"family","embeddable":true,"href":"https:\/\/www.danosa.com\/es-co\/wp-json\/wp\/v2\/family?post=3945"},{"taxonomy":"product_notice","embeddable":true,"href":"https:\/\/www.danosa.com\/es-co\/wp-json\/wp\/v2\/product_notice?post=3945"},{"taxonomy":"product_icon","embeddable":true,"href":"https:\/\/www.danosa.com\/es-co\/wp-json\/wp\/v2\/product_icon?post=3945"},{"taxonomy":"product_application","embeddable":true,"href":"https:\/\/www.danosa.com\/es-co\/wp-json\/wp\/v2\/product_application?post=3945"},{"taxonomy":"product_standards_certification","embeddable":true,"href":"https:\/\/www.danosa.com\/es-co\/wp-json\/wp\/v2\/product_standards_certification?post=3945"},{"taxonomy":"product_benefits","embeddable":true,"href":"https:\/\/www.danosa.com\/es-co\/wp-json\/wp\/v2\/product_benefits?post=3945"},{"taxonomy":"product_support","embeddable":true,"href":"https:\/\/www.danosa.com\/es-co\/wp-json\/wp\/v2\/product_support?post=3945"},{"taxonomy":"product_substrate_preparation","embeddable":true,"href":"https:\/\/www.danosa.com\/es-co\/wp-json\/wp\/v2\/product_substrate_preparation?post=3945"},{"taxonomy":"product_important_indications","embeddable":true,"href":"https:\/\/www.danosa.com\/es-co\/wp-json\/wp\/v2\/product_important_indications?post=3945"},{"taxonomy":"product_conservation","embeddable":true,"href":"https:\/\/www.danosa.com\/es-co\/wp-json\/wp\/v2\/product_conservation?post=3945"},{"taxonomy":"product_warning","embeddable":true,"href":"https:\/\/www.danosa.com\/es-co\/wp-json\/wp\/v2\/product_warning?post=3945"},{"taxonomy":"product_safety_hygiene","embeddable":true,"href":"https:\/\/www.danosa.com\/es-co\/wp-json\/wp\/v2\/product_safety_hygiene?post=3945"},{"taxonomy":"system_certification","embeddable":true,"href":"https:\/\/www.danosa.com\/es-co\/wp-json\/wp\/v2\/system_certification?post=3945"},{"taxonomy":"product_maintenance","embeddable":true,"href":"https:\/\/www.danosa.com\/es-co\/wp-json\/wp\/v2\/product_maintenance?post=3945"},{"taxonomy":"product_safety_datasheet","embeddable":true,"href":"https:\/\/www.danosa.com\/es-co\/wp-json\/wp\/v2\/product_safety_datasheet?post=3945"},{"taxonomy":"filter_special_uses","embeddable":true,"href":"https:\/\/www.danosa.com\/es-co\/wp-json\/wp\/v2\/filter_special_uses?post=3945"}],"curies":[{"name":"wp","href":"https:\/\/api.w.org\/{rel}","templated":true}]}}