{"id":3958,"date":"2026-04-09T08:21:42","date_gmt":"2026-04-09T06:21:42","guid":{"rendered":"https:\/\/www.danosa.com\/es-co\/blog\/product\/danodren-g-20\/"},"modified":"2026-04-09T08:21:46","modified_gmt":"2026-04-09T06:21:46","slug":"danodren-g-20","status":"publish","type":"product","link":"https:\/\/www.danosa.com\/es-co\/producto\/danodren-g-20\/","title":{"rendered":"DANODREN G-20"},"content":{"rendered":"<p>El DANODREN G-20 es una l\u00e1mina nodular, fabricada en polietileno de alta densidad (PEAD) de color negro.<\/p>\n","protected":false},"excerpt":{"rendered":"<p>L\u00e1mina nodular de polietileno de alta densidad (PEAD) para drenaje de caudales elevados.<\/p>\n","protected":false},"featured_media":0,"parent":0,"menu_order":0,"template":"","meta":{"inline_featured_image":false,"site-sidebar-layout":"default","site-content-layout":"default","ast-main-header-display":"","ast-hfb-above-header-display":"","ast-hfb-below-header-display":"","ast-hfb-mobile-header-display":"","site-post-title":"","ast-breadcrumbs-content":"","ast-featured-img":"","footer-sml-layout":"","theme-transparent-header-meta":"","adv-header-id-meta":"","stick-header-meta":"","header-above-stick-meta":"","header-main-stick-meta":"","header-below-stick-meta":""},"family":[3089],"product_notice":[11437],"product_icon":[],"product_application":[10094,10282,10283,10356],"product_standards_certification":[],"product_benefits":[9387,9536,9537,9545,9592,9617,9632,9661,9662,9671,9756],"product_support":[],"product_substrate_preparation":[],"product_important_indications":[10572,10590,10639,10680,10694,10703,10710,10743],"product_conservation":[10834,10841,10842,10871,10874,10919,10920,10997,10998,11000],"product_warning":[],"product_safety_hygiene":[],"system_certification":[],"product_maintenance":[],"product_safety_datasheet":[3197],"filter_special_uses":[],"acf":[],"yoast_head":"<!-- This site is optimized with the Yoast SEO plugin v18.1 - https:\/\/yoast.com\/wordpress\/plugins\/seo\/ -->\n<title>L\u00e1mina drenante nodular de polietileno alta densidad | DANODREN G-20<\/title>\n<meta name=\"description\" content=\"DANODREN es una l\u00e1mina drenante de polietileno de alta densidad (PEAD) de color negro con n\u00f3dulos de 20 mm de altura ideal para el drenaje de soleras.\" \/>\n<meta name=\"robots\" content=\"index, follow, max-snippet:-1, max-image-preview:large, max-video-preview:-1\" \/>\n<link rel=\"canonical\" href=\"https:\/\/www.danosa.com\/es-co\/producto\/danodren-g-20\/\" \/>\n<meta property=\"og:locale\" content=\"es_ES\" \/>\n<meta property=\"og:type\" content=\"article\" \/>\n<meta property=\"og:title\" content=\"L\u00e1mina drenante nodular de polietileno alta densidad | DANODREN G-20\" \/>\n<meta property=\"og:description\" content=\"DANODREN es una l\u00e1mina drenante de polietileno de alta densidad (PEAD) de color negro con n\u00f3dulos de 20 mm de altura ideal para el drenaje de soleras.\" \/>\n<meta property=\"og:url\" content=\"https:\/\/www.danosa.com\/es-co\/producto\/danodren-g-20\/\" \/>\n<meta property=\"og:site_name\" content=\"Danosa Colombia\" \/>\n<meta property=\"article:modified_time\" content=\"2026-04-09T06:21:46+00:00\" \/>\n<meta name=\"twitter:card\" content=\"summary_large_image\" \/>\n<script type=\"application\/ld+json\" class=\"yoast-schema-graph\">{\"@context\":\"https:\/\/schema.org\",\"@graph\":[{\"@type\":\"WebSite\",\"@id\":\"https:\/\/www.danosa.com\/es-co\/#website\",\"url\":\"https:\/\/www.danosa.com\/es-co\/\",\"name\":\"Danosa Colombia\",\"description\":\"Danosa\",\"potentialAction\":[{\"@type\":\"SearchAction\",\"target\":{\"@type\":\"EntryPoint\",\"urlTemplate\":\"https:\/\/www.danosa.com\/es-co\/?s={search_term_string}\"},\"query-input\":\"required name=search_term_string\"}],\"inLanguage\":\"es\"},{\"@type\":\"WebPage\",\"@id\":\"https:\/\/www.danosa.com\/es-co\/producto\/danodren-g-20\/#webpage\",\"url\":\"https:\/\/www.danosa.com\/es-co\/producto\/danodren-g-20\/\",\"name\":\"L\u00e1mina drenante nodular de polietileno alta densidad | DANODREN G-20\",\"isPartOf\":{\"@id\":\"https:\/\/www.danosa.com\/es-co\/#website\"},\"datePublished\":\"2026-04-09T06:21:42+00:00\",\"dateModified\":\"2026-04-09T06:21:46+00:00\",\"description\":\"DANODREN es una l\u00e1mina drenante de polietileno de alta densidad (PEAD) de color negro con n\u00f3dulos de 20 mm de altura ideal para el drenaje de soleras.\",\"breadcrumb\":{\"@id\":\"https:\/\/www.danosa.com\/es-co\/producto\/danodren-g-20\/#breadcrumb\"},\"inLanguage\":\"es\",\"potentialAction\":[{\"@type\":\"ReadAction\",\"target\":[\"https:\/\/www.danosa.com\/es-co\/producto\/danodren-g-20\/\"]}]},{\"@type\":\"BreadcrumbList\",\"@id\":\"https:\/\/www.danosa.com\/es-co\/producto\/danodren-g-20\/#breadcrumb\",\"itemListElement\":[{\"@type\":\"ListItem\",\"position\":1,\"name\":\"Portada\",\"item\":\"https:\/\/www.danosa.com\/es-co\/\"},{\"@type\":\"ListItem\",\"position\":2,\"name\":\"DANODREN G-20\"}]}]}<\/script>\n<!-- \/ Yoast SEO plugin. -->","yoast_head_json":{"title":"L\u00e1mina drenante nodular de polietileno alta densidad | DANODREN G-20","description":"DANODREN es una l\u00e1mina drenante de polietileno de alta densidad (PEAD) de color negro con n\u00f3dulos de 20 mm de altura ideal para el drenaje de soleras.","robots":{"index":"index","follow":"follow","max-snippet":"max-snippet:-1","max-image-preview":"max-image-preview:large","max-video-preview":"max-video-preview:-1"},"canonical":"https:\/\/www.danosa.com\/es-co\/producto\/danodren-g-20\/","og_locale":"es_ES","og_type":"article","og_title":"L\u00e1mina drenante nodular de polietileno alta densidad | DANODREN G-20","og_description":"DANODREN es una l\u00e1mina drenante de polietileno de alta densidad (PEAD) de color negro con n\u00f3dulos de 20 mm de altura ideal para el drenaje de soleras.","og_url":"https:\/\/www.danosa.com\/es-co\/producto\/danodren-g-20\/","og_site_name":"Danosa Colombia","article_modified_time":"2026-04-09T06:21:46+00:00","twitter_card":"summary_large_image","schema":{"@context":"https:\/\/schema.org","@graph":[{"@type":"WebSite","@id":"https:\/\/www.danosa.com\/es-co\/#website","url":"https:\/\/www.danosa.com\/es-co\/","name":"Danosa Colombia","description":"Danosa","potentialAction":[{"@type":"SearchAction","target":{"@type":"EntryPoint","urlTemplate":"https:\/\/www.danosa.com\/es-co\/?s={search_term_string}"},"query-input":"required name=search_term_string"}],"inLanguage":"es"},{"@type":"WebPage","@id":"https:\/\/www.danosa.com\/es-co\/producto\/danodren-g-20\/#webpage","url":"https:\/\/www.danosa.com\/es-co\/producto\/danodren-g-20\/","name":"L\u00e1mina drenante nodular de polietileno alta densidad | DANODREN G-20","isPartOf":{"@id":"https:\/\/www.danosa.com\/es-co\/#website"},"datePublished":"2026-04-09T06:21:42+00:00","dateModified":"2026-04-09T06:21:46+00:00","description":"DANODREN es una l\u00e1mina drenante de polietileno de alta densidad (PEAD) de color negro con n\u00f3dulos de 20 mm de altura ideal para el drenaje de soleras.","breadcrumb":{"@id":"https:\/\/www.danosa.com\/es-co\/producto\/danodren-g-20\/#breadcrumb"},"inLanguage":"es","potentialAction":[{"@type":"ReadAction","target":["https:\/\/www.danosa.com\/es-co\/producto\/danodren-g-20\/"]}]},{"@type":"BreadcrumbList","@id":"https:\/\/www.danosa.com\/es-co\/producto\/danodren-g-20\/#breadcrumb","itemListElement":[{"@type":"ListItem","position":1,"name":"Portada","item":"https:\/\/www.danosa.com\/es-co\/"},{"@type":"ListItem","position":2,"name":"DANODREN G-20"}]}]}},"_links":{"self":[{"href":"https:\/\/www.danosa.com\/es-co\/wp-json\/wp\/v2\/product\/3958"}],"collection":[{"href":"https:\/\/www.danosa.com\/es-co\/wp-json\/wp\/v2\/product"}],"about":[{"href":"https:\/\/www.danosa.com\/es-co\/wp-json\/wp\/v2\/types\/product"}],"wp:attachment":[{"href":"https:\/\/www.danosa.com\/es-co\/wp-json\/wp\/v2\/media?parent=3958"}],"wp:term":[{"taxonomy":"family","embeddable":true,"href":"https:\/\/www.danosa.com\/es-co\/wp-json\/wp\/v2\/family?post=3958"},{"taxonomy":"product_notice","embeddable":true,"href":"https:\/\/www.danosa.com\/es-co\/wp-json\/wp\/v2\/product_notice?post=3958"},{"taxonomy":"product_icon","embeddable":true,"href":"https:\/\/www.danosa.com\/es-co\/wp-json\/wp\/v2\/product_icon?post=3958"},{"taxonomy":"product_application","embeddable":true,"href":"https:\/\/www.danosa.com\/es-co\/wp-json\/wp\/v2\/product_application?post=3958"},{"taxonomy":"product_standards_certification","embeddable":true,"href":"https:\/\/www.danosa.com\/es-co\/wp-json\/wp\/v2\/product_standards_certification?post=3958"},{"taxonomy":"product_benefits","embeddable":true,"href":"https:\/\/www.danosa.com\/es-co\/wp-json\/wp\/v2\/product_benefits?post=3958"},{"taxonomy":"product_support","embeddable":true,"href":"https:\/\/www.danosa.com\/es-co\/wp-json\/wp\/v2\/product_support?post=3958"},{"taxonomy":"product_substrate_preparation","embeddable":true,"href":"https:\/\/www.danosa.com\/es-co\/wp-json\/wp\/v2\/product_substrate_preparation?post=3958"},{"taxonomy":"product_important_indications","embeddable":true,"href":"https:\/\/www.danosa.com\/es-co\/wp-json\/wp\/v2\/product_important_indications?post=3958"},{"taxonomy":"product_conservation","embeddable":true,"href":"https:\/\/www.danosa.com\/es-co\/wp-json\/wp\/v2\/product_conservation?post=3958"},{"taxonomy":"product_warning","embeddable":true,"href":"https:\/\/www.danosa.com\/es-co\/wp-json\/wp\/v2\/product_warning?post=3958"},{"taxonomy":"product_safety_hygiene","embeddable":true,"href":"https:\/\/www.danosa.com\/es-co\/wp-json\/wp\/v2\/product_safety_hygiene?post=3958"},{"taxonomy":"system_certification","embeddable":true,"href":"https:\/\/www.danosa.com\/es-co\/wp-json\/wp\/v2\/system_certification?post=3958"},{"taxonomy":"product_maintenance","embeddable":true,"href":"https:\/\/www.danosa.com\/es-co\/wp-json\/wp\/v2\/product_maintenance?post=3958"},{"taxonomy":"product_safety_datasheet","embeddable":true,"href":"https:\/\/www.danosa.com\/es-co\/wp-json\/wp\/v2\/product_safety_datasheet?post=3958"},{"taxonomy":"filter_special_uses","embeddable":true,"href":"https:\/\/www.danosa.com\/es-co\/wp-json\/wp\/v2\/filter_special_uses?post=3958"}],"curies":[{"name":"wp","href":"https:\/\/api.w.org\/{rel}","templated":true}]}}