{"id":3989,"date":"2026-04-09T08:21:51","date_gmt":"2026-04-09T06:21:51","guid":{"rendered":"https:\/\/www.danosa.com\/es-co\/blog\/product\/danopol-pvc-liquido\/"},"modified":"2026-04-09T08:21:54","modified_gmt":"2026-04-09T06:21:54","slug":"danopol-pvc-liquido","status":"publish","type":"product","link":"https:\/\/www.danosa.com\/es-co\/producto\/danopol-pvc-liquido\/","title":{"rendered":"DANOPOL PVC LIQUIDO"},"content":{"rendered":"<p>PVC l\u00edquido para el sellado de juntas de soldadura de membranas DANOPOL.<\/p>\n","protected":false},"excerpt":{"rendered":"<p>PVC l\u00edquido para el refuerzo de soldaduras t\u00e9rmicas en l\u00e1minas DANOPOL PVC.<\/p>\n","protected":false},"featured_media":0,"parent":0,"menu_order":0,"template":"","meta":{"inline_featured_image":false,"site-sidebar-layout":"default","site-content-layout":"default","ast-main-header-display":"","ast-hfb-above-header-display":"","ast-hfb-below-header-display":"","ast-hfb-mobile-header-display":"","site-post-title":"","ast-breadcrumbs-content":"","ast-featured-img":"","footer-sml-layout":"","theme-transparent-header-meta":"","adv-header-id-meta":"","stick-header-meta":"","header-above-stick-meta":"","header-main-stick-meta":"","header-below-stick-meta":""},"family":[3073],"product_notice":[11437],"product_icon":[],"product_application":[10129,10272,10334,10362],"product_standards_certification":[],"product_benefits":[],"product_support":[],"product_substrate_preparation":[],"product_important_indications":[10543,10594,10596,10628,10654,10665,10684,10690,10691,10754,10756,10757],"product_conservation":[10804,10807,10809,10859,10896,10907,10909,10910,10911,10921,10936,10957,10961,10997,10998,11000],"product_warning":[],"product_safety_hygiene":[],"system_certification":[],"product_maintenance":[],"product_safety_datasheet":[4436,5829,4445],"filter_special_uses":[],"acf":[],"yoast_head":"<!-- This site is optimized with the Yoast SEO plugin v18.1 - https:\/\/yoast.com\/wordpress\/plugins\/seo\/ -->\n<title>PVC l\u00edquido impermeabilizante para sellado de juntas | DANOPOL PVC<\/title>\n<meta name=\"description\" content=\"DANOPOL es un PVC l\u00edquido impermeabilizante para sellado de juntas de soldadura de membranas de impermeabilizaci\u00f3n. Recomendado para cubiertas ajardinadas\" \/>\n<meta name=\"robots\" content=\"index, follow, max-snippet:-1, max-image-preview:large, max-video-preview:-1\" \/>\n<link rel=\"canonical\" href=\"https:\/\/www.danosa.com\/es-co\/producto\/danopol-pvc-liquido\/\" \/>\n<meta property=\"og:locale\" content=\"es_ES\" \/>\n<meta property=\"og:type\" content=\"article\" \/>\n<meta property=\"og:title\" content=\"PVC l\u00edquido impermeabilizante para sellado de juntas | DANOPOL PVC\" \/>\n<meta property=\"og:description\" content=\"DANOPOL es un PVC l\u00edquido impermeabilizante para sellado de juntas de soldadura de membranas de impermeabilizaci\u00f3n. Recomendado para cubiertas ajardinadas\" \/>\n<meta property=\"og:url\" content=\"https:\/\/www.danosa.com\/es-co\/producto\/danopol-pvc-liquido\/\" \/>\n<meta property=\"og:site_name\" content=\"Danosa Colombia\" \/>\n<meta property=\"article:modified_time\" content=\"2026-04-09T06:21:54+00:00\" \/>\n<meta name=\"twitter:card\" content=\"summary_large_image\" \/>\n<script type=\"application\/ld+json\" class=\"yoast-schema-graph\">{\"@context\":\"https:\/\/schema.org\",\"@graph\":[{\"@type\":\"WebSite\",\"@id\":\"https:\/\/www.danosa.com\/es-co\/#website\",\"url\":\"https:\/\/www.danosa.com\/es-co\/\",\"name\":\"Danosa Colombia\",\"description\":\"Danosa\",\"potentialAction\":[{\"@type\":\"SearchAction\",\"target\":{\"@type\":\"EntryPoint\",\"urlTemplate\":\"https:\/\/www.danosa.com\/es-co\/?s={search_term_string}\"},\"query-input\":\"required name=search_term_string\"}],\"inLanguage\":\"es\"},{\"@type\":\"WebPage\",\"@id\":\"https:\/\/www.danosa.com\/es-co\/producto\/danopol-pvc-liquido\/#webpage\",\"url\":\"https:\/\/www.danosa.com\/es-co\/producto\/danopol-pvc-liquido\/\",\"name\":\"PVC l\u00edquido impermeabilizante para sellado de juntas | DANOPOL PVC\",\"isPartOf\":{\"@id\":\"https:\/\/www.danosa.com\/es-co\/#website\"},\"datePublished\":\"2026-04-09T06:21:51+00:00\",\"dateModified\":\"2026-04-09T06:21:54+00:00\",\"description\":\"DANOPOL es un PVC l\u00edquido impermeabilizante para sellado de juntas de soldadura de membranas de impermeabilizaci\u00f3n. Recomendado para cubiertas ajardinadas\",\"breadcrumb\":{\"@id\":\"https:\/\/www.danosa.com\/es-co\/producto\/danopol-pvc-liquido\/#breadcrumb\"},\"inLanguage\":\"es\",\"potentialAction\":[{\"@type\":\"ReadAction\",\"target\":[\"https:\/\/www.danosa.com\/es-co\/producto\/danopol-pvc-liquido\/\"]}]},{\"@type\":\"BreadcrumbList\",\"@id\":\"https:\/\/www.danosa.com\/es-co\/producto\/danopol-pvc-liquido\/#breadcrumb\",\"itemListElement\":[{\"@type\":\"ListItem\",\"position\":1,\"name\":\"Portada\",\"item\":\"https:\/\/www.danosa.com\/es-co\/\"},{\"@type\":\"ListItem\",\"position\":2,\"name\":\"DANOPOL PVC LIQUIDO\"}]}]}<\/script>\n<!-- \/ Yoast SEO plugin. -->","yoast_head_json":{"title":"PVC l\u00edquido impermeabilizante para sellado de juntas | DANOPOL PVC","description":"DANOPOL es un PVC l\u00edquido impermeabilizante para sellado de juntas de soldadura de membranas de impermeabilizaci\u00f3n. Recomendado para cubiertas ajardinadas","robots":{"index":"index","follow":"follow","max-snippet":"max-snippet:-1","max-image-preview":"max-image-preview:large","max-video-preview":"max-video-preview:-1"},"canonical":"https:\/\/www.danosa.com\/es-co\/producto\/danopol-pvc-liquido\/","og_locale":"es_ES","og_type":"article","og_title":"PVC l\u00edquido impermeabilizante para sellado de juntas | DANOPOL PVC","og_description":"DANOPOL es un PVC l\u00edquido impermeabilizante para sellado de juntas de soldadura de membranas de impermeabilizaci\u00f3n. Recomendado para cubiertas ajardinadas","og_url":"https:\/\/www.danosa.com\/es-co\/producto\/danopol-pvc-liquido\/","og_site_name":"Danosa Colombia","article_modified_time":"2026-04-09T06:21:54+00:00","twitter_card":"summary_large_image","schema":{"@context":"https:\/\/schema.org","@graph":[{"@type":"WebSite","@id":"https:\/\/www.danosa.com\/es-co\/#website","url":"https:\/\/www.danosa.com\/es-co\/","name":"Danosa Colombia","description":"Danosa","potentialAction":[{"@type":"SearchAction","target":{"@type":"EntryPoint","urlTemplate":"https:\/\/www.danosa.com\/es-co\/?s={search_term_string}"},"query-input":"required name=search_term_string"}],"inLanguage":"es"},{"@type":"WebPage","@id":"https:\/\/www.danosa.com\/es-co\/producto\/danopol-pvc-liquido\/#webpage","url":"https:\/\/www.danosa.com\/es-co\/producto\/danopol-pvc-liquido\/","name":"PVC l\u00edquido impermeabilizante para sellado de juntas | DANOPOL PVC","isPartOf":{"@id":"https:\/\/www.danosa.com\/es-co\/#website"},"datePublished":"2026-04-09T06:21:51+00:00","dateModified":"2026-04-09T06:21:54+00:00","description":"DANOPOL es un PVC l\u00edquido impermeabilizante para sellado de juntas de soldadura de membranas de impermeabilizaci\u00f3n. Recomendado para cubiertas ajardinadas","breadcrumb":{"@id":"https:\/\/www.danosa.com\/es-co\/producto\/danopol-pvc-liquido\/#breadcrumb"},"inLanguage":"es","potentialAction":[{"@type":"ReadAction","target":["https:\/\/www.danosa.com\/es-co\/producto\/danopol-pvc-liquido\/"]}]},{"@type":"BreadcrumbList","@id":"https:\/\/www.danosa.com\/es-co\/producto\/danopol-pvc-liquido\/#breadcrumb","itemListElement":[{"@type":"ListItem","position":1,"name":"Portada","item":"https:\/\/www.danosa.com\/es-co\/"},{"@type":"ListItem","position":2,"name":"DANOPOL PVC LIQUIDO"}]}]}},"_links":{"self":[{"href":"https:\/\/www.danosa.com\/es-co\/wp-json\/wp\/v2\/product\/3989"}],"collection":[{"href":"https:\/\/www.danosa.com\/es-co\/wp-json\/wp\/v2\/product"}],"about":[{"href":"https:\/\/www.danosa.com\/es-co\/wp-json\/wp\/v2\/types\/product"}],"wp:attachment":[{"href":"https:\/\/www.danosa.com\/es-co\/wp-json\/wp\/v2\/media?parent=3989"}],"wp:term":[{"taxonomy":"family","embeddable":true,"href":"https:\/\/www.danosa.com\/es-co\/wp-json\/wp\/v2\/family?post=3989"},{"taxonomy":"product_notice","embeddable":true,"href":"https:\/\/www.danosa.com\/es-co\/wp-json\/wp\/v2\/product_notice?post=3989"},{"taxonomy":"product_icon","embeddable":true,"href":"https:\/\/www.danosa.com\/es-co\/wp-json\/wp\/v2\/product_icon?post=3989"},{"taxonomy":"product_application","embeddable":true,"href":"https:\/\/www.danosa.com\/es-co\/wp-json\/wp\/v2\/product_application?post=3989"},{"taxonomy":"product_standards_certification","embeddable":true,"href":"https:\/\/www.danosa.com\/es-co\/wp-json\/wp\/v2\/product_standards_certification?post=3989"},{"taxonomy":"product_benefits","embeddable":true,"href":"https:\/\/www.danosa.com\/es-co\/wp-json\/wp\/v2\/product_benefits?post=3989"},{"taxonomy":"product_support","embeddable":true,"href":"https:\/\/www.danosa.com\/es-co\/wp-json\/wp\/v2\/product_support?post=3989"},{"taxonomy":"product_substrate_preparation","embeddable":true,"href":"https:\/\/www.danosa.com\/es-co\/wp-json\/wp\/v2\/product_substrate_preparation?post=3989"},{"taxonomy":"product_important_indications","embeddable":true,"href":"https:\/\/www.danosa.com\/es-co\/wp-json\/wp\/v2\/product_important_indications?post=3989"},{"taxonomy":"product_conservation","embeddable":true,"href":"https:\/\/www.danosa.com\/es-co\/wp-json\/wp\/v2\/product_conservation?post=3989"},{"taxonomy":"product_warning","embeddable":true,"href":"https:\/\/www.danosa.com\/es-co\/wp-json\/wp\/v2\/product_warning?post=3989"},{"taxonomy":"product_safety_hygiene","embeddable":true,"href":"https:\/\/www.danosa.com\/es-co\/wp-json\/wp\/v2\/product_safety_hygiene?post=3989"},{"taxonomy":"system_certification","embeddable":true,"href":"https:\/\/www.danosa.com\/es-co\/wp-json\/wp\/v2\/system_certification?post=3989"},{"taxonomy":"product_maintenance","embeddable":true,"href":"https:\/\/www.danosa.com\/es-co\/wp-json\/wp\/v2\/product_maintenance?post=3989"},{"taxonomy":"product_safety_datasheet","embeddable":true,"href":"https:\/\/www.danosa.com\/es-co\/wp-json\/wp\/v2\/product_safety_datasheet?post=3989"},{"taxonomy":"filter_special_uses","embeddable":true,"href":"https:\/\/www.danosa.com\/es-co\/wp-json\/wp\/v2\/filter_special_uses?post=3989"}],"curies":[{"name":"wp","href":"https:\/\/api.w.org\/{rel}","templated":true}]}}