{"id":3997,"date":"2026-04-09T08:21:55","date_gmt":"2026-04-09T06:21:55","guid":{"rendered":"https:\/\/www.danosa.com\/es-co\/blog\/product\/danopren-tr\/"},"modified":"2026-04-09T08:21:57","modified_gmt":"2026-04-09T06:21:57","slug":"danopren-tr","status":"publish","type":"product","link":"https:\/\/www.danosa.com\/es-co\/producto\/danopren-tr\/","title":{"rendered":"DANOPREN TR"},"content":{"rendered":"<p>DANOPREN TR es una plancha r\u00edgida de espuma de poliestireno extruido (XPS) con juntas perimetrales a media madera en diferentes espesores. Fabricado sin CFC&#8217;s, HCFC&#8217;s ni HFC&#8217;s.<\/p>\n","protected":false},"excerpt":{"rendered":"<p>Planchas de poliestireno extruido (XPS) para aislamiento t\u00e9rmico de edificios.<\/p>\n","protected":false},"featured_media":0,"parent":0,"menu_order":0,"template":"","meta":{"inline_featured_image":false,"site-sidebar-layout":"default","site-content-layout":"default","ast-main-header-display":"","ast-hfb-above-header-display":"","ast-hfb-below-header-display":"","ast-hfb-mobile-header-display":"","site-post-title":"","ast-breadcrumbs-content":"","ast-featured-img":"","footer-sml-layout":"","theme-transparent-header-meta":"","adv-header-id-meta":"","stick-header-meta":"","header-above-stick-meta":"","header-main-stick-meta":"","header-below-stick-meta":""},"family":[3093],"product_notice":[11437],"product_icon":[],"product_application":[10010,10013],"product_standards_certification":[11299,11306,11324,11334,11353,11354,11355,11358],"product_benefits":[9380,9536,9569,9702,9781,9841],"product_support":[],"product_substrate_preparation":[],"product_important_indications":[10529,10530,10531,10533,10534,10535,10536],"product_conservation":[10968,10969,10970,10971,10999],"product_warning":[],"product_safety_hygiene":[],"system_certification":[3609,3165,3507,11462,8430,3159],"product_maintenance":[],"product_safety_datasheet":[2707],"filter_special_uses":[],"acf":[],"yoast_head":"<!-- This site is optimized with the Yoast SEO plugin v18.1 - https:\/\/yoast.com\/wordpress\/plugins\/seo\/ -->\n<title>DANOPREN TR | Poliestireno extruido (XPS) | Aislamiento t\u00e9rmico suelos<\/title>\n<meta name=\"description\" content=\"Plancha r\u00edgida de espuma de poliestireno extruido (XPS) para aislamiento t\u00e9rmico de suelos y cubiertas . Uso comercial y residencial. Garant\u00eda Danosa.\" \/>\n<meta name=\"robots\" content=\"index, follow, max-snippet:-1, max-image-preview:large, max-video-preview:-1\" \/>\n<link rel=\"canonical\" href=\"https:\/\/www.danosa.com\/es-co\/producto\/danopren-tr\/\" \/>\n<meta property=\"og:locale\" content=\"es_ES\" \/>\n<meta property=\"og:type\" content=\"article\" \/>\n<meta property=\"og:title\" content=\"DANOPREN TR | Poliestireno extruido (XPS) | Aislamiento t\u00e9rmico suelos\" \/>\n<meta property=\"og:description\" content=\"Plancha r\u00edgida de espuma de poliestireno extruido (XPS) para aislamiento t\u00e9rmico de suelos y cubiertas . Uso comercial y residencial. Garant\u00eda Danosa.\" \/>\n<meta property=\"og:url\" content=\"https:\/\/www.danosa.com\/es-co\/producto\/danopren-tr\/\" \/>\n<meta property=\"og:site_name\" content=\"Danosa Colombia\" \/>\n<meta property=\"article:modified_time\" content=\"2026-04-09T06:21:57+00:00\" \/>\n<meta name=\"twitter:card\" content=\"summary_large_image\" \/>\n<script type=\"application\/ld+json\" class=\"yoast-schema-graph\">{\"@context\":\"https:\/\/schema.org\",\"@graph\":[{\"@type\":\"WebSite\",\"@id\":\"https:\/\/www.danosa.com\/es-co\/#website\",\"url\":\"https:\/\/www.danosa.com\/es-co\/\",\"name\":\"Danosa Colombia\",\"description\":\"Danosa\",\"potentialAction\":[{\"@type\":\"SearchAction\",\"target\":{\"@type\":\"EntryPoint\",\"urlTemplate\":\"https:\/\/www.danosa.com\/es-co\/?s={search_term_string}\"},\"query-input\":\"required name=search_term_string\"}],\"inLanguage\":\"es\"},{\"@type\":\"WebPage\",\"@id\":\"https:\/\/www.danosa.com\/es-co\/producto\/danopren-tr\/#webpage\",\"url\":\"https:\/\/www.danosa.com\/es-co\/producto\/danopren-tr\/\",\"name\":\"DANOPREN TR | Poliestireno extruido (XPS) | Aislamiento t\u00e9rmico suelos\",\"isPartOf\":{\"@id\":\"https:\/\/www.danosa.com\/es-co\/#website\"},\"datePublished\":\"2026-04-09T06:21:55+00:00\",\"dateModified\":\"2026-04-09T06:21:57+00:00\",\"description\":\"Plancha r\u00edgida de espuma de poliestireno extruido (XPS) para aislamiento t\u00e9rmico de suelos y cubiertas . Uso comercial y residencial. Garant\u00eda Danosa.\",\"breadcrumb\":{\"@id\":\"https:\/\/www.danosa.com\/es-co\/producto\/danopren-tr\/#breadcrumb\"},\"inLanguage\":\"es\",\"potentialAction\":[{\"@type\":\"ReadAction\",\"target\":[\"https:\/\/www.danosa.com\/es-co\/producto\/danopren-tr\/\"]}]},{\"@type\":\"BreadcrumbList\",\"@id\":\"https:\/\/www.danosa.com\/es-co\/producto\/danopren-tr\/#breadcrumb\",\"itemListElement\":[{\"@type\":\"ListItem\",\"position\":1,\"name\":\"Portada\",\"item\":\"https:\/\/www.danosa.com\/es-co\/\"},{\"@type\":\"ListItem\",\"position\":2,\"name\":\"DANOPREN TR\"}]}]}<\/script>\n<!-- \/ Yoast SEO plugin. -->","yoast_head_json":{"title":"DANOPREN TR | Poliestireno extruido (XPS) | Aislamiento t\u00e9rmico suelos","description":"Plancha r\u00edgida de espuma de poliestireno extruido (XPS) para aislamiento t\u00e9rmico de suelos y cubiertas . Uso comercial y residencial. Garant\u00eda Danosa.","robots":{"index":"index","follow":"follow","max-snippet":"max-snippet:-1","max-image-preview":"max-image-preview:large","max-video-preview":"max-video-preview:-1"},"canonical":"https:\/\/www.danosa.com\/es-co\/producto\/danopren-tr\/","og_locale":"es_ES","og_type":"article","og_title":"DANOPREN TR | Poliestireno extruido (XPS) | Aislamiento t\u00e9rmico suelos","og_description":"Plancha r\u00edgida de espuma de poliestireno extruido (XPS) para aislamiento t\u00e9rmico de suelos y cubiertas . Uso comercial y residencial. Garant\u00eda Danosa.","og_url":"https:\/\/www.danosa.com\/es-co\/producto\/danopren-tr\/","og_site_name":"Danosa Colombia","article_modified_time":"2026-04-09T06:21:57+00:00","twitter_card":"summary_large_image","schema":{"@context":"https:\/\/schema.org","@graph":[{"@type":"WebSite","@id":"https:\/\/www.danosa.com\/es-co\/#website","url":"https:\/\/www.danosa.com\/es-co\/","name":"Danosa Colombia","description":"Danosa","potentialAction":[{"@type":"SearchAction","target":{"@type":"EntryPoint","urlTemplate":"https:\/\/www.danosa.com\/es-co\/?s={search_term_string}"},"query-input":"required name=search_term_string"}],"inLanguage":"es"},{"@type":"WebPage","@id":"https:\/\/www.danosa.com\/es-co\/producto\/danopren-tr\/#webpage","url":"https:\/\/www.danosa.com\/es-co\/producto\/danopren-tr\/","name":"DANOPREN TR | Poliestireno extruido (XPS) | Aislamiento t\u00e9rmico suelos","isPartOf":{"@id":"https:\/\/www.danosa.com\/es-co\/#website"},"datePublished":"2026-04-09T06:21:55+00:00","dateModified":"2026-04-09T06:21:57+00:00","description":"Plancha r\u00edgida de espuma de poliestireno extruido (XPS) para aislamiento t\u00e9rmico de suelos y cubiertas . Uso comercial y residencial. Garant\u00eda Danosa.","breadcrumb":{"@id":"https:\/\/www.danosa.com\/es-co\/producto\/danopren-tr\/#breadcrumb"},"inLanguage":"es","potentialAction":[{"@type":"ReadAction","target":["https:\/\/www.danosa.com\/es-co\/producto\/danopren-tr\/"]}]},{"@type":"BreadcrumbList","@id":"https:\/\/www.danosa.com\/es-co\/producto\/danopren-tr\/#breadcrumb","itemListElement":[{"@type":"ListItem","position":1,"name":"Portada","item":"https:\/\/www.danosa.com\/es-co\/"},{"@type":"ListItem","position":2,"name":"DANOPREN TR"}]}]}},"_links":{"self":[{"href":"https:\/\/www.danosa.com\/es-co\/wp-json\/wp\/v2\/product\/3997"}],"collection":[{"href":"https:\/\/www.danosa.com\/es-co\/wp-json\/wp\/v2\/product"}],"about":[{"href":"https:\/\/www.danosa.com\/es-co\/wp-json\/wp\/v2\/types\/product"}],"wp:attachment":[{"href":"https:\/\/www.danosa.com\/es-co\/wp-json\/wp\/v2\/media?parent=3997"}],"wp:term":[{"taxonomy":"family","embeddable":true,"href":"https:\/\/www.danosa.com\/es-co\/wp-json\/wp\/v2\/family?post=3997"},{"taxonomy":"product_notice","embeddable":true,"href":"https:\/\/www.danosa.com\/es-co\/wp-json\/wp\/v2\/product_notice?post=3997"},{"taxonomy":"product_icon","embeddable":true,"href":"https:\/\/www.danosa.com\/es-co\/wp-json\/wp\/v2\/product_icon?post=3997"},{"taxonomy":"product_application","embeddable":true,"href":"https:\/\/www.danosa.com\/es-co\/wp-json\/wp\/v2\/product_application?post=3997"},{"taxonomy":"product_standards_certification","embeddable":true,"href":"https:\/\/www.danosa.com\/es-co\/wp-json\/wp\/v2\/product_standards_certification?post=3997"},{"taxonomy":"product_benefits","embeddable":true,"href":"https:\/\/www.danosa.com\/es-co\/wp-json\/wp\/v2\/product_benefits?post=3997"},{"taxonomy":"product_support","embeddable":true,"href":"https:\/\/www.danosa.com\/es-co\/wp-json\/wp\/v2\/product_support?post=3997"},{"taxonomy":"product_substrate_preparation","embeddable":true,"href":"https:\/\/www.danosa.com\/es-co\/wp-json\/wp\/v2\/product_substrate_preparation?post=3997"},{"taxonomy":"product_important_indications","embeddable":true,"href":"https:\/\/www.danosa.com\/es-co\/wp-json\/wp\/v2\/product_important_indications?post=3997"},{"taxonomy":"product_conservation","embeddable":true,"href":"https:\/\/www.danosa.com\/es-co\/wp-json\/wp\/v2\/product_conservation?post=3997"},{"taxonomy":"product_warning","embeddable":true,"href":"https:\/\/www.danosa.com\/es-co\/wp-json\/wp\/v2\/product_warning?post=3997"},{"taxonomy":"product_safety_hygiene","embeddable":true,"href":"https:\/\/www.danosa.com\/es-co\/wp-json\/wp\/v2\/product_safety_hygiene?post=3997"},{"taxonomy":"system_certification","embeddable":true,"href":"https:\/\/www.danosa.com\/es-co\/wp-json\/wp\/v2\/system_certification?post=3997"},{"taxonomy":"product_maintenance","embeddable":true,"href":"https:\/\/www.danosa.com\/es-co\/wp-json\/wp\/v2\/product_maintenance?post=3997"},{"taxonomy":"product_safety_datasheet","embeddable":true,"href":"https:\/\/www.danosa.com\/es-co\/wp-json\/wp\/v2\/product_safety_datasheet?post=3997"},{"taxonomy":"filter_special_uses","embeddable":true,"href":"https:\/\/www.danosa.com\/es-co\/wp-json\/wp\/v2\/filter_special_uses?post=3997"}],"curies":[{"name":"wp","href":"https:\/\/api.w.org\/{rel}","templated":true}]}}