{"id":4004,"date":"2026-04-09T08:21:55","date_gmt":"2026-04-09T06:21:55","guid":{"rendered":"https:\/\/www.danosa.com\/es-co\/blog\/product\/danopur-lt-gris\/"},"modified":"2026-04-09T08:21:59","modified_gmt":"2026-04-09T06:21:59","slug":"danopur-lt-gris","status":"publish","type":"product","link":"https:\/\/www.danosa.com\/es-co\/producto\/danopur-lt-gris\/","title":{"rendered":"DANOPUR LT GRIS"},"content":{"rendered":"<p>DANOPUR\u00ae\u00a0LT GRIS es una membrana l\u00edquida de poliuretano alif\u00e1tico monocomponente de aplicaci\u00f3n en fr\u00edo, sin juntas, de color estable y resistente a los rayos UV, que soporta tanto tr\u00e1fico vehicular como peatonal y que se utiliza como capa de protecci\u00f3n para las membranas de impermeabilizaci\u00f3n arom\u00e1ticas de la gama DANOCOAT\u00ae\u00a0y DANOPUR\u00ae.<\/p>\n","protected":false},"excerpt":{"rendered":"<p>Capa de sellado y acabado de poliuretano alif\u00e1tico monocomponente para protecci\u00f3n de membranas impermeabilizantes para tr\u00e1nsito peatonal y tr\u00e1fico vehicular ligero.<\/p>\n","protected":false},"featured_media":0,"parent":0,"menu_order":0,"template":"","meta":{"inline_featured_image":false,"site-sidebar-layout":"default","site-content-layout":"default","ast-main-header-display":"","ast-hfb-above-header-display":"","ast-hfb-below-header-display":"","ast-hfb-mobile-header-display":"","site-post-title":"","ast-breadcrumbs-content":"","ast-featured-img":"","footer-sml-layout":"","theme-transparent-header-meta":"","adv-header-id-meta":"","stick-header-meta":"","header-above-stick-meta":"","header-main-stick-meta":"","header-below-stick-meta":""},"family":[5699],"product_notice":[11437],"product_icon":[],"product_application":[9990,10167],"product_standards_certification":[],"product_benefits":[9482,9580,9583,9610,9619,9643,9814,9818,9820],"product_support":[11245],"product_substrate_preparation":[11374,11375,11379,11385,11387,11396,11398,11402,11404,11405,11406,11409,11413],"product_important_indications":[],"product_conservation":[10799,10975],"product_warning":[11007,11012,11019,11041,11045,11180],"product_safety_hygiene":[11422,11423,11424,11425,11427,11428],"system_certification":[],"product_maintenance":[],"product_safety_datasheet":[2966],"filter_special_uses":[],"acf":[],"yoast_head":"<!-- This site is optimized with the Yoast SEO plugin v18.1 - https:\/\/yoast.com\/wordpress\/plugins\/seo\/ -->\n<title>Membrana l\u00edquida poliuretano | Zonas tr\u00e1fico intenso | Danopur LT Gris<\/title>\n<meta name=\"description\" content=\"Membrana l\u00edquida de poliuretano monocomponente para la impermeabilizaci\u00f3n de zonas de tr\u00e1fico intenso como parkings o gradas de estadios. Danosa.\" \/>\n<meta name=\"robots\" content=\"index, follow, max-snippet:-1, max-image-preview:large, max-video-preview:-1\" \/>\n<link rel=\"canonical\" href=\"https:\/\/www.danosa.com\/es-co\/producto\/danopur-lt-gris\/\" \/>\n<meta property=\"og:locale\" content=\"es_ES\" \/>\n<meta property=\"og:type\" content=\"article\" \/>\n<meta property=\"og:title\" content=\"Membrana l\u00edquida poliuretano | Zonas tr\u00e1fico intenso | Danopur LT Gris\" \/>\n<meta property=\"og:description\" content=\"Membrana l\u00edquida de poliuretano monocomponente para la impermeabilizaci\u00f3n de zonas de tr\u00e1fico intenso como parkings o gradas de estadios. Danosa.\" \/>\n<meta property=\"og:url\" content=\"https:\/\/www.danosa.com\/es-co\/producto\/danopur-lt-gris\/\" \/>\n<meta property=\"og:site_name\" content=\"Danosa Colombia\" \/>\n<meta property=\"article:modified_time\" content=\"2026-04-09T06:21:59+00:00\" \/>\n<meta name=\"twitter:card\" content=\"summary_large_image\" \/>\n<script type=\"application\/ld+json\" class=\"yoast-schema-graph\">{\"@context\":\"https:\/\/schema.org\",\"@graph\":[{\"@type\":\"WebSite\",\"@id\":\"https:\/\/www.danosa.com\/es-co\/#website\",\"url\":\"https:\/\/www.danosa.com\/es-co\/\",\"name\":\"Danosa Colombia\",\"description\":\"Danosa\",\"potentialAction\":[{\"@type\":\"SearchAction\",\"target\":{\"@type\":\"EntryPoint\",\"urlTemplate\":\"https:\/\/www.danosa.com\/es-co\/?s={search_term_string}\"},\"query-input\":\"required name=search_term_string\"}],\"inLanguage\":\"es\"},{\"@type\":\"WebPage\",\"@id\":\"https:\/\/www.danosa.com\/es-co\/producto\/danopur-lt-gris\/#webpage\",\"url\":\"https:\/\/www.danosa.com\/es-co\/producto\/danopur-lt-gris\/\",\"name\":\"Membrana l\u00edquida poliuretano | Zonas tr\u00e1fico intenso | Danopur LT Gris\",\"isPartOf\":{\"@id\":\"https:\/\/www.danosa.com\/es-co\/#website\"},\"datePublished\":\"2026-04-09T06:21:55+00:00\",\"dateModified\":\"2026-04-09T06:21:59+00:00\",\"description\":\"Membrana l\u00edquida de poliuretano monocomponente para la impermeabilizaci\u00f3n de zonas de tr\u00e1fico intenso como parkings o gradas de estadios. Danosa.\",\"breadcrumb\":{\"@id\":\"https:\/\/www.danosa.com\/es-co\/producto\/danopur-lt-gris\/#breadcrumb\"},\"inLanguage\":\"es\",\"potentialAction\":[{\"@type\":\"ReadAction\",\"target\":[\"https:\/\/www.danosa.com\/es-co\/producto\/danopur-lt-gris\/\"]}]},{\"@type\":\"BreadcrumbList\",\"@id\":\"https:\/\/www.danosa.com\/es-co\/producto\/danopur-lt-gris\/#breadcrumb\",\"itemListElement\":[{\"@type\":\"ListItem\",\"position\":1,\"name\":\"Portada\",\"item\":\"https:\/\/www.danosa.com\/es-co\/\"},{\"@type\":\"ListItem\",\"position\":2,\"name\":\"DANOPUR LT GRIS\"}]}]}<\/script>\n<!-- \/ Yoast SEO plugin. -->","yoast_head_json":{"title":"Membrana l\u00edquida poliuretano | Zonas tr\u00e1fico intenso | Danopur LT Gris","description":"Membrana l\u00edquida de poliuretano monocomponente para la impermeabilizaci\u00f3n de zonas de tr\u00e1fico intenso como parkings o gradas de estadios. Danosa.","robots":{"index":"index","follow":"follow","max-snippet":"max-snippet:-1","max-image-preview":"max-image-preview:large","max-video-preview":"max-video-preview:-1"},"canonical":"https:\/\/www.danosa.com\/es-co\/producto\/danopur-lt-gris\/","og_locale":"es_ES","og_type":"article","og_title":"Membrana l\u00edquida poliuretano | Zonas tr\u00e1fico intenso | Danopur LT Gris","og_description":"Membrana l\u00edquida de poliuretano monocomponente para la impermeabilizaci\u00f3n de zonas de tr\u00e1fico intenso como parkings o gradas de estadios. Danosa.","og_url":"https:\/\/www.danosa.com\/es-co\/producto\/danopur-lt-gris\/","og_site_name":"Danosa Colombia","article_modified_time":"2026-04-09T06:21:59+00:00","twitter_card":"summary_large_image","schema":{"@context":"https:\/\/schema.org","@graph":[{"@type":"WebSite","@id":"https:\/\/www.danosa.com\/es-co\/#website","url":"https:\/\/www.danosa.com\/es-co\/","name":"Danosa Colombia","description":"Danosa","potentialAction":[{"@type":"SearchAction","target":{"@type":"EntryPoint","urlTemplate":"https:\/\/www.danosa.com\/es-co\/?s={search_term_string}"},"query-input":"required name=search_term_string"}],"inLanguage":"es"},{"@type":"WebPage","@id":"https:\/\/www.danosa.com\/es-co\/producto\/danopur-lt-gris\/#webpage","url":"https:\/\/www.danosa.com\/es-co\/producto\/danopur-lt-gris\/","name":"Membrana l\u00edquida poliuretano | Zonas tr\u00e1fico intenso | Danopur LT Gris","isPartOf":{"@id":"https:\/\/www.danosa.com\/es-co\/#website"},"datePublished":"2026-04-09T06:21:55+00:00","dateModified":"2026-04-09T06:21:59+00:00","description":"Membrana l\u00edquida de poliuretano monocomponente para la impermeabilizaci\u00f3n de zonas de tr\u00e1fico intenso como parkings o gradas de estadios. Danosa.","breadcrumb":{"@id":"https:\/\/www.danosa.com\/es-co\/producto\/danopur-lt-gris\/#breadcrumb"},"inLanguage":"es","potentialAction":[{"@type":"ReadAction","target":["https:\/\/www.danosa.com\/es-co\/producto\/danopur-lt-gris\/"]}]},{"@type":"BreadcrumbList","@id":"https:\/\/www.danosa.com\/es-co\/producto\/danopur-lt-gris\/#breadcrumb","itemListElement":[{"@type":"ListItem","position":1,"name":"Portada","item":"https:\/\/www.danosa.com\/es-co\/"},{"@type":"ListItem","position":2,"name":"DANOPUR LT GRIS"}]}]}},"_links":{"self":[{"href":"https:\/\/www.danosa.com\/es-co\/wp-json\/wp\/v2\/product\/4004"}],"collection":[{"href":"https:\/\/www.danosa.com\/es-co\/wp-json\/wp\/v2\/product"}],"about":[{"href":"https:\/\/www.danosa.com\/es-co\/wp-json\/wp\/v2\/types\/product"}],"wp:attachment":[{"href":"https:\/\/www.danosa.com\/es-co\/wp-json\/wp\/v2\/media?parent=4004"}],"wp:term":[{"taxonomy":"family","embeddable":true,"href":"https:\/\/www.danosa.com\/es-co\/wp-json\/wp\/v2\/family?post=4004"},{"taxonomy":"product_notice","embeddable":true,"href":"https:\/\/www.danosa.com\/es-co\/wp-json\/wp\/v2\/product_notice?post=4004"},{"taxonomy":"product_icon","embeddable":true,"href":"https:\/\/www.danosa.com\/es-co\/wp-json\/wp\/v2\/product_icon?post=4004"},{"taxonomy":"product_application","embeddable":true,"href":"https:\/\/www.danosa.com\/es-co\/wp-json\/wp\/v2\/product_application?post=4004"},{"taxonomy":"product_standards_certification","embeddable":true,"href":"https:\/\/www.danosa.com\/es-co\/wp-json\/wp\/v2\/product_standards_certification?post=4004"},{"taxonomy":"product_benefits","embeddable":true,"href":"https:\/\/www.danosa.com\/es-co\/wp-json\/wp\/v2\/product_benefits?post=4004"},{"taxonomy":"product_support","embeddable":true,"href":"https:\/\/www.danosa.com\/es-co\/wp-json\/wp\/v2\/product_support?post=4004"},{"taxonomy":"product_substrate_preparation","embeddable":true,"href":"https:\/\/www.danosa.com\/es-co\/wp-json\/wp\/v2\/product_substrate_preparation?post=4004"},{"taxonomy":"product_important_indications","embeddable":true,"href":"https:\/\/www.danosa.com\/es-co\/wp-json\/wp\/v2\/product_important_indications?post=4004"},{"taxonomy":"product_conservation","embeddable":true,"href":"https:\/\/www.danosa.com\/es-co\/wp-json\/wp\/v2\/product_conservation?post=4004"},{"taxonomy":"product_warning","embeddable":true,"href":"https:\/\/www.danosa.com\/es-co\/wp-json\/wp\/v2\/product_warning?post=4004"},{"taxonomy":"product_safety_hygiene","embeddable":true,"href":"https:\/\/www.danosa.com\/es-co\/wp-json\/wp\/v2\/product_safety_hygiene?post=4004"},{"taxonomy":"system_certification","embeddable":true,"href":"https:\/\/www.danosa.com\/es-co\/wp-json\/wp\/v2\/system_certification?post=4004"},{"taxonomy":"product_maintenance","embeddable":true,"href":"https:\/\/www.danosa.com\/es-co\/wp-json\/wp\/v2\/product_maintenance?post=4004"},{"taxonomy":"product_safety_datasheet","embeddable":true,"href":"https:\/\/www.danosa.com\/es-co\/wp-json\/wp\/v2\/product_safety_datasheet?post=4004"},{"taxonomy":"filter_special_uses","embeddable":true,"href":"https:\/\/www.danosa.com\/es-co\/wp-json\/wp\/v2\/filter_special_uses?post=4004"}],"curies":[{"name":"wp","href":"https:\/\/api.w.org\/{rel}","templated":true}]}}