{"id":4005,"date":"2026-04-09T08:21:59","date_gmt":"2026-04-09T06:21:59","guid":{"rendered":"https:\/\/www.danosa.com\/es-co\/blog\/product\/danopur-pt\/"},"modified":"2026-04-09T08:22:00","modified_gmt":"2026-04-09T06:22:00","slug":"danopur-pt","status":"publish","type":"product","link":"https:\/\/www.danosa.com\/es-co\/producto\/danopur-pt\/","title":{"rendered":"DANOPUR PT"},"content":{"rendered":"<p>DANOPUR\u00ae\u00a0PT es una membrana l\u00edquida de poliuretano monocomponente de aplicaci\u00f3n en fr\u00edo, sin juntas, altamente el\u00e1stica, que reacciona con la humedad y activa su proceso de curado. Usada para la impermeabilizaci\u00f3n y protecci\u00f3n. Membrana vers\u00e1til por la gran variedad de posibles aplicaciones como parte de los sistemas de impermeabilizaci\u00f3n l\u00edquida DANOPUR\u00ae.<\/p>\n","protected":false},"excerpt":{"rendered":"<p>Membrana l\u00edquida para la impermeabilizaci\u00f3n y protecci\u00f3n de cubiertas transitables peatonales.<\/p>\n","protected":false},"featured_media":0,"parent":0,"menu_order":0,"template":"","meta":{"inline_featured_image":false,"site-sidebar-layout":"default","site-content-layout":"default","ast-main-header-display":"","ast-hfb-above-header-display":"","ast-hfb-below-header-display":"","ast-hfb-mobile-header-display":"","site-post-title":"","ast-breadcrumbs-content":"","ast-featured-img":"","footer-sml-layout":"","theme-transparent-header-meta":"","adv-header-id-meta":"","stick-header-meta":"","header-above-stick-meta":"","header-main-stick-meta":"","header-below-stick-meta":""},"family":[5699],"product_notice":[11437],"product_icon":[],"product_application":[10146,10156,10172,10175,10178,10294],"product_standards_certification":[],"product_benefits":[9411,9482,9575,9581,9610,9724,9753,9819,9821,9823],"product_support":[11184,11193,11209,11213,11216,11217,11223,11228,11265],"product_substrate_preparation":[],"product_important_indications":[],"product_conservation":[10809,10975],"product_warning":[11007,11019,11041,11054,11092,11118,11125,11139,11180],"product_safety_hygiene":[],"system_certification":[],"product_maintenance":[],"product_safety_datasheet":[2690],"filter_special_uses":[],"acf":[],"yoast_head":"<!-- This site is optimized with the Yoast SEO plugin v18.1 - https:\/\/yoast.com\/wordpress\/plugins\/seo\/ -->\n<title>Pintura impermeabilizante poliuretano | Terrazas y cubiertas | Danopur<\/title>\n<meta name=\"description\" content=\"Pintura impermeabilizante de poliuretano para terrazas y cubiertas transitables peatonales. El\u00e1stica, monocomponente, aplicaci\u00f3n en fr\u00edo. Danosa.\" \/>\n<meta name=\"robots\" content=\"index, follow, max-snippet:-1, max-image-preview:large, max-video-preview:-1\" \/>\n<link rel=\"canonical\" href=\"https:\/\/www.danosa.com\/es-co\/producto\/danopur-pt\/\" \/>\n<meta property=\"og:locale\" content=\"es_ES\" \/>\n<meta property=\"og:type\" content=\"article\" \/>\n<meta property=\"og:title\" content=\"Pintura impermeabilizante poliuretano | Terrazas y cubiertas | Danopur\" \/>\n<meta property=\"og:description\" content=\"Pintura impermeabilizante de poliuretano para terrazas y cubiertas transitables peatonales. El\u00e1stica, monocomponente, aplicaci\u00f3n en fr\u00edo. Danosa.\" \/>\n<meta property=\"og:url\" content=\"https:\/\/www.danosa.com\/es-co\/producto\/danopur-pt\/\" \/>\n<meta property=\"og:site_name\" content=\"Danosa Colombia\" \/>\n<meta property=\"article:modified_time\" content=\"2026-04-09T06:22:00+00:00\" \/>\n<meta name=\"twitter:card\" content=\"summary_large_image\" \/>\n<script type=\"application\/ld+json\" class=\"yoast-schema-graph\">{\"@context\":\"https:\/\/schema.org\",\"@graph\":[{\"@type\":\"WebSite\",\"@id\":\"https:\/\/www.danosa.com\/es-co\/#website\",\"url\":\"https:\/\/www.danosa.com\/es-co\/\",\"name\":\"Danosa Colombia\",\"description\":\"Danosa\",\"potentialAction\":[{\"@type\":\"SearchAction\",\"target\":{\"@type\":\"EntryPoint\",\"urlTemplate\":\"https:\/\/www.danosa.com\/es-co\/?s={search_term_string}\"},\"query-input\":\"required name=search_term_string\"}],\"inLanguage\":\"es\"},{\"@type\":\"WebPage\",\"@id\":\"https:\/\/www.danosa.com\/es-co\/producto\/danopur-pt\/#webpage\",\"url\":\"https:\/\/www.danosa.com\/es-co\/producto\/danopur-pt\/\",\"name\":\"Pintura impermeabilizante poliuretano | Terrazas y cubiertas | Danopur\",\"isPartOf\":{\"@id\":\"https:\/\/www.danosa.com\/es-co\/#website\"},\"datePublished\":\"2026-04-09T06:21:59+00:00\",\"dateModified\":\"2026-04-09T06:22:00+00:00\",\"description\":\"Pintura impermeabilizante de poliuretano para terrazas y cubiertas transitables peatonales. El\u00e1stica, monocomponente, aplicaci\u00f3n en fr\u00edo. Danosa.\",\"breadcrumb\":{\"@id\":\"https:\/\/www.danosa.com\/es-co\/producto\/danopur-pt\/#breadcrumb\"},\"inLanguage\":\"es\",\"potentialAction\":[{\"@type\":\"ReadAction\",\"target\":[\"https:\/\/www.danosa.com\/es-co\/producto\/danopur-pt\/\"]}]},{\"@type\":\"BreadcrumbList\",\"@id\":\"https:\/\/www.danosa.com\/es-co\/producto\/danopur-pt\/#breadcrumb\",\"itemListElement\":[{\"@type\":\"ListItem\",\"position\":1,\"name\":\"Portada\",\"item\":\"https:\/\/www.danosa.com\/es-co\/\"},{\"@type\":\"ListItem\",\"position\":2,\"name\":\"DANOPUR PT\"}]}]}<\/script>\n<!-- \/ Yoast SEO plugin. -->","yoast_head_json":{"title":"Pintura impermeabilizante poliuretano | Terrazas y cubiertas | Danopur","description":"Pintura impermeabilizante de poliuretano para terrazas y cubiertas transitables peatonales. El\u00e1stica, monocomponente, aplicaci\u00f3n en fr\u00edo. Danosa.","robots":{"index":"index","follow":"follow","max-snippet":"max-snippet:-1","max-image-preview":"max-image-preview:large","max-video-preview":"max-video-preview:-1"},"canonical":"https:\/\/www.danosa.com\/es-co\/producto\/danopur-pt\/","og_locale":"es_ES","og_type":"article","og_title":"Pintura impermeabilizante poliuretano | Terrazas y cubiertas | Danopur","og_description":"Pintura impermeabilizante de poliuretano para terrazas y cubiertas transitables peatonales. El\u00e1stica, monocomponente, aplicaci\u00f3n en fr\u00edo. Danosa.","og_url":"https:\/\/www.danosa.com\/es-co\/producto\/danopur-pt\/","og_site_name":"Danosa Colombia","article_modified_time":"2026-04-09T06:22:00+00:00","twitter_card":"summary_large_image","schema":{"@context":"https:\/\/schema.org","@graph":[{"@type":"WebSite","@id":"https:\/\/www.danosa.com\/es-co\/#website","url":"https:\/\/www.danosa.com\/es-co\/","name":"Danosa Colombia","description":"Danosa","potentialAction":[{"@type":"SearchAction","target":{"@type":"EntryPoint","urlTemplate":"https:\/\/www.danosa.com\/es-co\/?s={search_term_string}"},"query-input":"required name=search_term_string"}],"inLanguage":"es"},{"@type":"WebPage","@id":"https:\/\/www.danosa.com\/es-co\/producto\/danopur-pt\/#webpage","url":"https:\/\/www.danosa.com\/es-co\/producto\/danopur-pt\/","name":"Pintura impermeabilizante poliuretano | Terrazas y cubiertas | Danopur","isPartOf":{"@id":"https:\/\/www.danosa.com\/es-co\/#website"},"datePublished":"2026-04-09T06:21:59+00:00","dateModified":"2026-04-09T06:22:00+00:00","description":"Pintura impermeabilizante de poliuretano para terrazas y cubiertas transitables peatonales. El\u00e1stica, monocomponente, aplicaci\u00f3n en fr\u00edo. Danosa.","breadcrumb":{"@id":"https:\/\/www.danosa.com\/es-co\/producto\/danopur-pt\/#breadcrumb"},"inLanguage":"es","potentialAction":[{"@type":"ReadAction","target":["https:\/\/www.danosa.com\/es-co\/producto\/danopur-pt\/"]}]},{"@type":"BreadcrumbList","@id":"https:\/\/www.danosa.com\/es-co\/producto\/danopur-pt\/#breadcrumb","itemListElement":[{"@type":"ListItem","position":1,"name":"Portada","item":"https:\/\/www.danosa.com\/es-co\/"},{"@type":"ListItem","position":2,"name":"DANOPUR PT"}]}]}},"_links":{"self":[{"href":"https:\/\/www.danosa.com\/es-co\/wp-json\/wp\/v2\/product\/4005"}],"collection":[{"href":"https:\/\/www.danosa.com\/es-co\/wp-json\/wp\/v2\/product"}],"about":[{"href":"https:\/\/www.danosa.com\/es-co\/wp-json\/wp\/v2\/types\/product"}],"wp:attachment":[{"href":"https:\/\/www.danosa.com\/es-co\/wp-json\/wp\/v2\/media?parent=4005"}],"wp:term":[{"taxonomy":"family","embeddable":true,"href":"https:\/\/www.danosa.com\/es-co\/wp-json\/wp\/v2\/family?post=4005"},{"taxonomy":"product_notice","embeddable":true,"href":"https:\/\/www.danosa.com\/es-co\/wp-json\/wp\/v2\/product_notice?post=4005"},{"taxonomy":"product_icon","embeddable":true,"href":"https:\/\/www.danosa.com\/es-co\/wp-json\/wp\/v2\/product_icon?post=4005"},{"taxonomy":"product_application","embeddable":true,"href":"https:\/\/www.danosa.com\/es-co\/wp-json\/wp\/v2\/product_application?post=4005"},{"taxonomy":"product_standards_certification","embeddable":true,"href":"https:\/\/www.danosa.com\/es-co\/wp-json\/wp\/v2\/product_standards_certification?post=4005"},{"taxonomy":"product_benefits","embeddable":true,"href":"https:\/\/www.danosa.com\/es-co\/wp-json\/wp\/v2\/product_benefits?post=4005"},{"taxonomy":"product_support","embeddable":true,"href":"https:\/\/www.danosa.com\/es-co\/wp-json\/wp\/v2\/product_support?post=4005"},{"taxonomy":"product_substrate_preparation","embeddable":true,"href":"https:\/\/www.danosa.com\/es-co\/wp-json\/wp\/v2\/product_substrate_preparation?post=4005"},{"taxonomy":"product_important_indications","embeddable":true,"href":"https:\/\/www.danosa.com\/es-co\/wp-json\/wp\/v2\/product_important_indications?post=4005"},{"taxonomy":"product_conservation","embeddable":true,"href":"https:\/\/www.danosa.com\/es-co\/wp-json\/wp\/v2\/product_conservation?post=4005"},{"taxonomy":"product_warning","embeddable":true,"href":"https:\/\/www.danosa.com\/es-co\/wp-json\/wp\/v2\/product_warning?post=4005"},{"taxonomy":"product_safety_hygiene","embeddable":true,"href":"https:\/\/www.danosa.com\/es-co\/wp-json\/wp\/v2\/product_safety_hygiene?post=4005"},{"taxonomy":"system_certification","embeddable":true,"href":"https:\/\/www.danosa.com\/es-co\/wp-json\/wp\/v2\/system_certification?post=4005"},{"taxonomy":"product_maintenance","embeddable":true,"href":"https:\/\/www.danosa.com\/es-co\/wp-json\/wp\/v2\/product_maintenance?post=4005"},{"taxonomy":"product_safety_datasheet","embeddable":true,"href":"https:\/\/www.danosa.com\/es-co\/wp-json\/wp\/v2\/product_safety_datasheet?post=4005"},{"taxonomy":"filter_special_uses","embeddable":true,"href":"https:\/\/www.danosa.com\/es-co\/wp-json\/wp\/v2\/filter_special_uses?post=4005"}],"curies":[{"name":"wp","href":"https:\/\/api.w.org\/{rel}","templated":true}]}}