{"id":4008,"date":"2026-04-09T08:21:59","date_gmt":"2026-04-09T06:21:59","guid":{"rendered":"https:\/\/www.danosa.com\/es-co\/blog\/product\/danovent-manual\/"},"modified":"2026-04-09T08:22:01","modified_gmt":"2026-04-09T06:22:01","slug":"danovent-manual","status":"publish","type":"product","link":"https:\/\/www.danosa.com\/es-co\/producto\/danovent-manual\/","title":{"rendered":"DANOVENT MANUAL"},"content":{"rendered":"<p>Claraboya practicable compuesta por c\u00fapula y valva de metacrilato (PMMA), de 3mm de espesor, fijada sobre z\u00f3calo de poli\u00e9ster reforzado de 15cm de altura, destinada a la iluminaci\u00f3n cenital y a la ventilaci\u00f3n. Dedicada a cualquier cubierta y en todo tipo de edificaciones.<\/p>\n","protected":false},"excerpt":{"rendered":"<p>Claraboya con apertura manual para ventilaci\u00f3n<\/p>\n","protected":false},"featured_media":0,"parent":0,"menu_order":0,"template":"","meta":{"inline_featured_image":false,"site-sidebar-layout":"default","site-content-layout":"default","ast-main-header-display":"","ast-hfb-above-header-display":"","ast-hfb-below-header-display":"","ast-hfb-mobile-header-display":"","site-post-title":"","ast-breadcrumbs-content":"","ast-featured-img":"","footer-sml-layout":"","theme-transparent-header-meta":"","adv-header-id-meta":"","stick-header-meta":"","header-above-stick-meta":"","header-main-stick-meta":"","header-below-stick-meta":""},"family":[3099],"product_notice":[11437],"product_icon":[],"product_application":[],"product_standards_certification":[11319,11324],"product_benefits":[9688,9710,9885],"product_support":[],"product_substrate_preparation":[],"product_important_indications":[10586,10632,10728],"product_conservation":[10801,10802,10805,10811,10908,10915,10922,10937,10963],"product_warning":[],"product_safety_hygiene":[],"system_certification":[],"product_maintenance":[],"product_safety_datasheet":[],"filter_special_uses":[],"acf":[],"yoast_head":"<!-- This site is optimized with the Yoast SEO plugin v18.1 - https:\/\/yoast.com\/wordpress\/plugins\/seo\/ -->\n<title>Claraboya de metacrilato de apertura manual | DANOVENT MANUAL<\/title>\n<meta name=\"description\" content=\"Claraboya de metacrilato que permite una perfecta difusi\u00f3n de la luz solar, reduciendo notablemente el consumo de energ\u00eda el\u00e9ctrica. Eficiencia energ\u00e9tica.\" \/>\n<meta name=\"robots\" content=\"index, follow, max-snippet:-1, max-image-preview:large, max-video-preview:-1\" \/>\n<link rel=\"canonical\" href=\"https:\/\/www.danosa.com\/es-co\/producto\/danovent-manual\/\" \/>\n<meta property=\"og:locale\" content=\"es_ES\" \/>\n<meta property=\"og:type\" content=\"article\" \/>\n<meta property=\"og:title\" content=\"Claraboya de metacrilato de apertura manual | DANOVENT MANUAL\" \/>\n<meta property=\"og:description\" content=\"Claraboya de metacrilato que permite una perfecta difusi\u00f3n de la luz solar, reduciendo notablemente el consumo de energ\u00eda el\u00e9ctrica. Eficiencia energ\u00e9tica.\" \/>\n<meta property=\"og:url\" content=\"https:\/\/www.danosa.com\/es-co\/producto\/danovent-manual\/\" \/>\n<meta property=\"og:site_name\" content=\"Danosa Colombia\" \/>\n<meta property=\"article:modified_time\" content=\"2026-04-09T06:22:01+00:00\" \/>\n<meta name=\"twitter:card\" content=\"summary_large_image\" \/>\n<script type=\"application\/ld+json\" class=\"yoast-schema-graph\">{\"@context\":\"https:\/\/schema.org\",\"@graph\":[{\"@type\":\"WebSite\",\"@id\":\"https:\/\/www.danosa.com\/es-co\/#website\",\"url\":\"https:\/\/www.danosa.com\/es-co\/\",\"name\":\"Danosa Colombia\",\"description\":\"Danosa\",\"potentialAction\":[{\"@type\":\"SearchAction\",\"target\":{\"@type\":\"EntryPoint\",\"urlTemplate\":\"https:\/\/www.danosa.com\/es-co\/?s={search_term_string}\"},\"query-input\":\"required name=search_term_string\"}],\"inLanguage\":\"es\"},{\"@type\":\"WebPage\",\"@id\":\"https:\/\/www.danosa.com\/es-co\/producto\/danovent-manual\/#webpage\",\"url\":\"https:\/\/www.danosa.com\/es-co\/producto\/danovent-manual\/\",\"name\":\"Claraboya de metacrilato de apertura manual | DANOVENT MANUAL\",\"isPartOf\":{\"@id\":\"https:\/\/www.danosa.com\/es-co\/#website\"},\"datePublished\":\"2026-04-09T06:21:59+00:00\",\"dateModified\":\"2026-04-09T06:22:01+00:00\",\"description\":\"Claraboya de metacrilato que permite una perfecta difusi\u00f3n de la luz solar, reduciendo notablemente el consumo de energ\u00eda el\u00e9ctrica. Eficiencia energ\u00e9tica.\",\"breadcrumb\":{\"@id\":\"https:\/\/www.danosa.com\/es-co\/producto\/danovent-manual\/#breadcrumb\"},\"inLanguage\":\"es\",\"potentialAction\":[{\"@type\":\"ReadAction\",\"target\":[\"https:\/\/www.danosa.com\/es-co\/producto\/danovent-manual\/\"]}]},{\"@type\":\"BreadcrumbList\",\"@id\":\"https:\/\/www.danosa.com\/es-co\/producto\/danovent-manual\/#breadcrumb\",\"itemListElement\":[{\"@type\":\"ListItem\",\"position\":1,\"name\":\"Portada\",\"item\":\"https:\/\/www.danosa.com\/es-co\/\"},{\"@type\":\"ListItem\",\"position\":2,\"name\":\"DANOVENT MANUAL\"}]}]}<\/script>\n<!-- \/ Yoast SEO plugin. -->","yoast_head_json":{"title":"Claraboya de metacrilato de apertura manual | DANOVENT MANUAL","description":"Claraboya de metacrilato que permite una perfecta difusi\u00f3n de la luz solar, reduciendo notablemente el consumo de energ\u00eda el\u00e9ctrica. Eficiencia energ\u00e9tica.","robots":{"index":"index","follow":"follow","max-snippet":"max-snippet:-1","max-image-preview":"max-image-preview:large","max-video-preview":"max-video-preview:-1"},"canonical":"https:\/\/www.danosa.com\/es-co\/producto\/danovent-manual\/","og_locale":"es_ES","og_type":"article","og_title":"Claraboya de metacrilato de apertura manual | DANOVENT MANUAL","og_description":"Claraboya de metacrilato que permite una perfecta difusi\u00f3n de la luz solar, reduciendo notablemente el consumo de energ\u00eda el\u00e9ctrica. Eficiencia energ\u00e9tica.","og_url":"https:\/\/www.danosa.com\/es-co\/producto\/danovent-manual\/","og_site_name":"Danosa Colombia","article_modified_time":"2026-04-09T06:22:01+00:00","twitter_card":"summary_large_image","schema":{"@context":"https:\/\/schema.org","@graph":[{"@type":"WebSite","@id":"https:\/\/www.danosa.com\/es-co\/#website","url":"https:\/\/www.danosa.com\/es-co\/","name":"Danosa Colombia","description":"Danosa","potentialAction":[{"@type":"SearchAction","target":{"@type":"EntryPoint","urlTemplate":"https:\/\/www.danosa.com\/es-co\/?s={search_term_string}"},"query-input":"required name=search_term_string"}],"inLanguage":"es"},{"@type":"WebPage","@id":"https:\/\/www.danosa.com\/es-co\/producto\/danovent-manual\/#webpage","url":"https:\/\/www.danosa.com\/es-co\/producto\/danovent-manual\/","name":"Claraboya de metacrilato de apertura manual | DANOVENT MANUAL","isPartOf":{"@id":"https:\/\/www.danosa.com\/es-co\/#website"},"datePublished":"2026-04-09T06:21:59+00:00","dateModified":"2026-04-09T06:22:01+00:00","description":"Claraboya de metacrilato que permite una perfecta difusi\u00f3n de la luz solar, reduciendo notablemente el consumo de energ\u00eda el\u00e9ctrica. Eficiencia energ\u00e9tica.","breadcrumb":{"@id":"https:\/\/www.danosa.com\/es-co\/producto\/danovent-manual\/#breadcrumb"},"inLanguage":"es","potentialAction":[{"@type":"ReadAction","target":["https:\/\/www.danosa.com\/es-co\/producto\/danovent-manual\/"]}]},{"@type":"BreadcrumbList","@id":"https:\/\/www.danosa.com\/es-co\/producto\/danovent-manual\/#breadcrumb","itemListElement":[{"@type":"ListItem","position":1,"name":"Portada","item":"https:\/\/www.danosa.com\/es-co\/"},{"@type":"ListItem","position":2,"name":"DANOVENT MANUAL"}]}]}},"_links":{"self":[{"href":"https:\/\/www.danosa.com\/es-co\/wp-json\/wp\/v2\/product\/4008"}],"collection":[{"href":"https:\/\/www.danosa.com\/es-co\/wp-json\/wp\/v2\/product"}],"about":[{"href":"https:\/\/www.danosa.com\/es-co\/wp-json\/wp\/v2\/types\/product"}],"wp:attachment":[{"href":"https:\/\/www.danosa.com\/es-co\/wp-json\/wp\/v2\/media?parent=4008"}],"wp:term":[{"taxonomy":"family","embeddable":true,"href":"https:\/\/www.danosa.com\/es-co\/wp-json\/wp\/v2\/family?post=4008"},{"taxonomy":"product_notice","embeddable":true,"href":"https:\/\/www.danosa.com\/es-co\/wp-json\/wp\/v2\/product_notice?post=4008"},{"taxonomy":"product_icon","embeddable":true,"href":"https:\/\/www.danosa.com\/es-co\/wp-json\/wp\/v2\/product_icon?post=4008"},{"taxonomy":"product_application","embeddable":true,"href":"https:\/\/www.danosa.com\/es-co\/wp-json\/wp\/v2\/product_application?post=4008"},{"taxonomy":"product_standards_certification","embeddable":true,"href":"https:\/\/www.danosa.com\/es-co\/wp-json\/wp\/v2\/product_standards_certification?post=4008"},{"taxonomy":"product_benefits","embeddable":true,"href":"https:\/\/www.danosa.com\/es-co\/wp-json\/wp\/v2\/product_benefits?post=4008"},{"taxonomy":"product_support","embeddable":true,"href":"https:\/\/www.danosa.com\/es-co\/wp-json\/wp\/v2\/product_support?post=4008"},{"taxonomy":"product_substrate_preparation","embeddable":true,"href":"https:\/\/www.danosa.com\/es-co\/wp-json\/wp\/v2\/product_substrate_preparation?post=4008"},{"taxonomy":"product_important_indications","embeddable":true,"href":"https:\/\/www.danosa.com\/es-co\/wp-json\/wp\/v2\/product_important_indications?post=4008"},{"taxonomy":"product_conservation","embeddable":true,"href":"https:\/\/www.danosa.com\/es-co\/wp-json\/wp\/v2\/product_conservation?post=4008"},{"taxonomy":"product_warning","embeddable":true,"href":"https:\/\/www.danosa.com\/es-co\/wp-json\/wp\/v2\/product_warning?post=4008"},{"taxonomy":"product_safety_hygiene","embeddable":true,"href":"https:\/\/www.danosa.com\/es-co\/wp-json\/wp\/v2\/product_safety_hygiene?post=4008"},{"taxonomy":"system_certification","embeddable":true,"href":"https:\/\/www.danosa.com\/es-co\/wp-json\/wp\/v2\/system_certification?post=4008"},{"taxonomy":"product_maintenance","embeddable":true,"href":"https:\/\/www.danosa.com\/es-co\/wp-json\/wp\/v2\/product_maintenance?post=4008"},{"taxonomy":"product_safety_datasheet","embeddable":true,"href":"https:\/\/www.danosa.com\/es-co\/wp-json\/wp\/v2\/product_safety_datasheet?post=4008"},{"taxonomy":"filter_special_uses","embeddable":true,"href":"https:\/\/www.danosa.com\/es-co\/wp-json\/wp\/v2\/filter_special_uses?post=4008"}],"curies":[{"name":"wp","href":"https:\/\/api.w.org\/{rel}","templated":true}]}}