{"id":4049,"date":"2026-04-09T08:22:13","date_gmt":"2026-04-09T06:22:13","guid":{"rendered":"https:\/\/www.danosa.com\/es-co\/blog\/product\/glasdan-30-p-elast-2\/"},"modified":"2026-04-09T08:22:14","modified_gmt":"2026-04-09T06:22:14","slug":"glasdan-30-p-elast","status":"publish","type":"product","link":"https:\/\/www.danosa.com\/es-co\/producto\/glasdan-30-p-elast\/","title":{"rendered":"GLASDAN 30 P ELAST"},"content":{"rendered":"<p>L\u00e1mina impermeabilizante bituminosa de superficie no protegida tipo LBM-30-FV.<br \/>\nCompuesta por una armadura de fieltro de fibra de vidrio, recubierta por ambas caras con un m\u00e1stico de bet\u00fan modificado con elast\u00f3meros (SBS), usando como material antiadherente un film pl\u00e1stico por ambas caras.<\/p>\n","protected":false},"excerpt":{"rendered":"<p>L\u00e1mina impermeabilizante de bet\u00fan modificado con elast\u00f3meros (SBS) de superficie no protegida con terminaci\u00f3n en film pl\u00e1stico.<\/p>\n","protected":false},"featured_media":0,"parent":0,"menu_order":0,"template":"","meta":{"inline_featured_image":false,"site-sidebar-layout":"default","site-content-layout":"default","ast-main-header-display":"","ast-hfb-above-header-display":"","ast-hfb-below-header-display":"","ast-hfb-mobile-header-display":"","site-post-title":"","ast-breadcrumbs-content":"","ast-featured-img":"","footer-sml-layout":"","theme-transparent-header-meta":"","adv-header-id-meta":"","stick-header-meta":"","header-above-stick-meta":"","header-main-stick-meta":"","header-below-stick-meta":""},"family":[3053],"product_notice":[11437],"product_icon":[],"product_application":[10046,10052,10221,10306],"product_standards_certification":[11296,11297,11300,11310,11315,11324,11327,11329,11330,11331,11339],"product_benefits":[9558,9638,9654,9696,9755,9765],"product_support":[11224,11246,11253,11255],"product_substrate_preparation":[],"product_important_indications":[10558,10560,10562,10590,10636,10656,10661,10695,10706,10711,10735,10795],"product_conservation":[10808,10834,10841,10893,10926],"product_warning":[11073],"product_safety_hygiene":[],"system_certification":[8080,8082,7377,8220,3124,3135,3155],"product_maintenance":[4217],"product_safety_datasheet":[2693],"filter_special_uses":[2873,2871,2872],"acf":[],"yoast_head":"<!-- This site is optimized with the Yoast SEO plugin v18.1 - https:\/\/yoast.com\/wordpress\/plugins\/seo\/ -->\n<title>Membrana asf\u00e1ltica impermeabilizante | GLASDAN 30 P ELAST | Danosa<\/title>\n<meta name=\"description\" content=\"Membrana asf\u00e1ltica impermeabilizante compuesta por l\u00e1mina de bet\u00fan elastom\u00e9rico SBS. Ideal en sistemas multicapa con asfalto en caliente. Danosa.\" \/>\n<meta name=\"robots\" content=\"index, follow, max-snippet:-1, max-image-preview:large, max-video-preview:-1\" \/>\n<link rel=\"canonical\" href=\"https:\/\/www.danosa.com\/es-co\/producto\/glasdan-30-p-elast\/\" \/>\n<meta property=\"og:locale\" content=\"es_ES\" \/>\n<meta property=\"og:type\" content=\"article\" \/>\n<meta property=\"og:title\" content=\"Membrana asf\u00e1ltica impermeabilizante | GLASDAN 30 P ELAST | Danosa\" \/>\n<meta property=\"og:description\" content=\"Membrana asf\u00e1ltica impermeabilizante compuesta por l\u00e1mina de bet\u00fan elastom\u00e9rico SBS. Ideal en sistemas multicapa con asfalto en caliente. Danosa.\" \/>\n<meta property=\"og:url\" content=\"https:\/\/www.danosa.com\/es-co\/producto\/glasdan-30-p-elast\/\" \/>\n<meta property=\"og:site_name\" content=\"Danosa Colombia\" \/>\n<meta property=\"article:modified_time\" content=\"2026-04-09T06:22:14+00:00\" \/>\n<meta name=\"twitter:card\" content=\"summary_large_image\" \/>\n<script type=\"application\/ld+json\" class=\"yoast-schema-graph\">{\"@context\":\"https:\/\/schema.org\",\"@graph\":[{\"@type\":\"WebSite\",\"@id\":\"https:\/\/www.danosa.com\/es-co\/#website\",\"url\":\"https:\/\/www.danosa.com\/es-co\/\",\"name\":\"Danosa Colombia\",\"description\":\"Danosa\",\"potentialAction\":[{\"@type\":\"SearchAction\",\"target\":{\"@type\":\"EntryPoint\",\"urlTemplate\":\"https:\/\/www.danosa.com\/es-co\/?s={search_term_string}\"},\"query-input\":\"required name=search_term_string\"}],\"inLanguage\":\"es\"},{\"@type\":\"WebPage\",\"@id\":\"https:\/\/www.danosa.com\/es-co\/producto\/glasdan-30-p-elast\/#webpage\",\"url\":\"https:\/\/www.danosa.com\/es-co\/producto\/glasdan-30-p-elast\/\",\"name\":\"Membrana asf\u00e1ltica impermeabilizante | GLASDAN 30 P ELAST | Danosa\",\"isPartOf\":{\"@id\":\"https:\/\/www.danosa.com\/es-co\/#website\"},\"datePublished\":\"2026-04-09T06:22:13+00:00\",\"dateModified\":\"2026-04-09T06:22:14+00:00\",\"description\":\"Membrana asf\u00e1ltica impermeabilizante compuesta por l\u00e1mina de bet\u00fan elastom\u00e9rico SBS. Ideal en sistemas multicapa con asfalto en caliente. Danosa.\",\"breadcrumb\":{\"@id\":\"https:\/\/www.danosa.com\/es-co\/producto\/glasdan-30-p-elast\/#breadcrumb\"},\"inLanguage\":\"es\",\"potentialAction\":[{\"@type\":\"ReadAction\",\"target\":[\"https:\/\/www.danosa.com\/es-co\/producto\/glasdan-30-p-elast\/\"]}]},{\"@type\":\"BreadcrumbList\",\"@id\":\"https:\/\/www.danosa.com\/es-co\/producto\/glasdan-30-p-elast\/#breadcrumb\",\"itemListElement\":[{\"@type\":\"ListItem\",\"position\":1,\"name\":\"Portada\",\"item\":\"https:\/\/www.danosa.com\/es-co\/\"},{\"@type\":\"ListItem\",\"position\":2,\"name\":\"GLASDAN 30 P ELAST\"}]}]}<\/script>\n<!-- \/ Yoast SEO plugin. -->","yoast_head_json":{"title":"Membrana asf\u00e1ltica impermeabilizante | GLASDAN 30 P ELAST | Danosa","description":"Membrana asf\u00e1ltica impermeabilizante compuesta por l\u00e1mina de bet\u00fan elastom\u00e9rico SBS. Ideal en sistemas multicapa con asfalto en caliente. Danosa.","robots":{"index":"index","follow":"follow","max-snippet":"max-snippet:-1","max-image-preview":"max-image-preview:large","max-video-preview":"max-video-preview:-1"},"canonical":"https:\/\/www.danosa.com\/es-co\/producto\/glasdan-30-p-elast\/","og_locale":"es_ES","og_type":"article","og_title":"Membrana asf\u00e1ltica impermeabilizante | GLASDAN 30 P ELAST | Danosa","og_description":"Membrana asf\u00e1ltica impermeabilizante compuesta por l\u00e1mina de bet\u00fan elastom\u00e9rico SBS. Ideal en sistemas multicapa con asfalto en caliente. Danosa.","og_url":"https:\/\/www.danosa.com\/es-co\/producto\/glasdan-30-p-elast\/","og_site_name":"Danosa Colombia","article_modified_time":"2026-04-09T06:22:14+00:00","twitter_card":"summary_large_image","schema":{"@context":"https:\/\/schema.org","@graph":[{"@type":"WebSite","@id":"https:\/\/www.danosa.com\/es-co\/#website","url":"https:\/\/www.danosa.com\/es-co\/","name":"Danosa Colombia","description":"Danosa","potentialAction":[{"@type":"SearchAction","target":{"@type":"EntryPoint","urlTemplate":"https:\/\/www.danosa.com\/es-co\/?s={search_term_string}"},"query-input":"required name=search_term_string"}],"inLanguage":"es"},{"@type":"WebPage","@id":"https:\/\/www.danosa.com\/es-co\/producto\/glasdan-30-p-elast\/#webpage","url":"https:\/\/www.danosa.com\/es-co\/producto\/glasdan-30-p-elast\/","name":"Membrana asf\u00e1ltica impermeabilizante | GLASDAN 30 P ELAST | Danosa","isPartOf":{"@id":"https:\/\/www.danosa.com\/es-co\/#website"},"datePublished":"2026-04-09T06:22:13+00:00","dateModified":"2026-04-09T06:22:14+00:00","description":"Membrana asf\u00e1ltica impermeabilizante compuesta por l\u00e1mina de bet\u00fan elastom\u00e9rico SBS. Ideal en sistemas multicapa con asfalto en caliente. Danosa.","breadcrumb":{"@id":"https:\/\/www.danosa.com\/es-co\/producto\/glasdan-30-p-elast\/#breadcrumb"},"inLanguage":"es","potentialAction":[{"@type":"ReadAction","target":["https:\/\/www.danosa.com\/es-co\/producto\/glasdan-30-p-elast\/"]}]},{"@type":"BreadcrumbList","@id":"https:\/\/www.danosa.com\/es-co\/producto\/glasdan-30-p-elast\/#breadcrumb","itemListElement":[{"@type":"ListItem","position":1,"name":"Portada","item":"https:\/\/www.danosa.com\/es-co\/"},{"@type":"ListItem","position":2,"name":"GLASDAN 30 P ELAST"}]}]}},"_links":{"self":[{"href":"https:\/\/www.danosa.com\/es-co\/wp-json\/wp\/v2\/product\/4049"}],"collection":[{"href":"https:\/\/www.danosa.com\/es-co\/wp-json\/wp\/v2\/product"}],"about":[{"href":"https:\/\/www.danosa.com\/es-co\/wp-json\/wp\/v2\/types\/product"}],"wp:attachment":[{"href":"https:\/\/www.danosa.com\/es-co\/wp-json\/wp\/v2\/media?parent=4049"}],"wp:term":[{"taxonomy":"family","embeddable":true,"href":"https:\/\/www.danosa.com\/es-co\/wp-json\/wp\/v2\/family?post=4049"},{"taxonomy":"product_notice","embeddable":true,"href":"https:\/\/www.danosa.com\/es-co\/wp-json\/wp\/v2\/product_notice?post=4049"},{"taxonomy":"product_icon","embeddable":true,"href":"https:\/\/www.danosa.com\/es-co\/wp-json\/wp\/v2\/product_icon?post=4049"},{"taxonomy":"product_application","embeddable":true,"href":"https:\/\/www.danosa.com\/es-co\/wp-json\/wp\/v2\/product_application?post=4049"},{"taxonomy":"product_standards_certification","embeddable":true,"href":"https:\/\/www.danosa.com\/es-co\/wp-json\/wp\/v2\/product_standards_certification?post=4049"},{"taxonomy":"product_benefits","embeddable":true,"href":"https:\/\/www.danosa.com\/es-co\/wp-json\/wp\/v2\/product_benefits?post=4049"},{"taxonomy":"product_support","embeddable":true,"href":"https:\/\/www.danosa.com\/es-co\/wp-json\/wp\/v2\/product_support?post=4049"},{"taxonomy":"product_substrate_preparation","embeddable":true,"href":"https:\/\/www.danosa.com\/es-co\/wp-json\/wp\/v2\/product_substrate_preparation?post=4049"},{"taxonomy":"product_important_indications","embeddable":true,"href":"https:\/\/www.danosa.com\/es-co\/wp-json\/wp\/v2\/product_important_indications?post=4049"},{"taxonomy":"product_conservation","embeddable":true,"href":"https:\/\/www.danosa.com\/es-co\/wp-json\/wp\/v2\/product_conservation?post=4049"},{"taxonomy":"product_warning","embeddable":true,"href":"https:\/\/www.danosa.com\/es-co\/wp-json\/wp\/v2\/product_warning?post=4049"},{"taxonomy":"product_safety_hygiene","embeddable":true,"href":"https:\/\/www.danosa.com\/es-co\/wp-json\/wp\/v2\/product_safety_hygiene?post=4049"},{"taxonomy":"system_certification","embeddable":true,"href":"https:\/\/www.danosa.com\/es-co\/wp-json\/wp\/v2\/system_certification?post=4049"},{"taxonomy":"product_maintenance","embeddable":true,"href":"https:\/\/www.danosa.com\/es-co\/wp-json\/wp\/v2\/product_maintenance?post=4049"},{"taxonomy":"product_safety_datasheet","embeddable":true,"href":"https:\/\/www.danosa.com\/es-co\/wp-json\/wp\/v2\/product_safety_datasheet?post=4049"},{"taxonomy":"filter_special_uses","embeddable":true,"href":"https:\/\/www.danosa.com\/es-co\/wp-json\/wp\/v2\/filter_special_uses?post=4049"}],"curies":[{"name":"wp","href":"https:\/\/api.w.org\/{rel}","templated":true}]}}