{"id":4055,"date":"2026-04-09T08:22:13","date_gmt":"2026-04-09T06:22:13","guid":{"rendered":"https:\/\/www.danosa.com\/es-co\/blog\/product\/glasdan-40-gp-erf-elast\/"},"modified":"2026-04-09T08:22:15","modified_gmt":"2026-04-09T06:22:15","slug":"glasdan-40-gp-erf-elast","status":"publish","type":"product","link":"https:\/\/www.danosa.com\/es-co\/producto\/glasdan-40-gp-erf-elast\/","title":{"rendered":"GLASDAN 40\/GP ERF ELAST"},"content":{"rendered":"<p>L\u00e1mina\u00a0bituminosa de superficie autoprotegida\u00a0tipo LBM(SBS)-40\/G-FV. Est\u00e1 compuesta por una armadura de fieltro de fibra de vidrio, recubierta por ambas caras con un m\u00e1stico de bet\u00fan modificado con elast\u00f3meros (SBS), acabada en su cara externa en pizarra de color natural, gris claro, rojo, verde o blanco como material de protecci\u00f3n. En su cara interna, como material antiadherente, incorpora\u00a0un\u00a0film pl\u00e1stico de terminaci\u00f3n.<\/p>\n","protected":false},"excerpt":{"rendered":"<p>L\u00e1mina impermeabilizante de bet\u00fan modificado con elast\u00f3meros (SBS) con autoprotecci\u00f3n mineral.<\/p>\n","protected":false},"featured_media":0,"parent":0,"menu_order":0,"template":"","meta":{"inline_featured_image":false,"site-sidebar-layout":"default","site-content-layout":"default","ast-main-header-display":"","ast-hfb-above-header-display":"","ast-hfb-below-header-display":"","ast-hfb-mobile-header-display":"","site-post-title":"","ast-breadcrumbs-content":"","ast-featured-img":"","footer-sml-layout":"","theme-transparent-header-meta":"","adv-header-id-meta":"","stick-header-meta":"","header-above-stick-meta":"","header-main-stick-meta":"","header-below-stick-meta":""},"family":[3053],"product_notice":[11437],"product_icon":[],"product_application":[10090,10231],"product_standards_certification":[11310,11324,11325,11331,11332,11343,11347],"product_benefits":[9521,9527,9668,9765],"product_support":[],"product_substrate_preparation":[],"product_important_indications":[10558,10560,10564,10590,10611,10612,10643,10656,10695,10711],"product_conservation":[10808,10834,10841,10842,10870,10914,10918,10919,10930,10931,10997,10998],"product_warning":[],"product_safety_hygiene":[],"system_certification":[8080,3124,3141,3155],"product_maintenance":[4217],"product_safety_datasheet":[2693],"filter_special_uses":[],"acf":[],"yoast_head":"<!-- This site is optimized with the Yoast SEO plugin v18.1 - https:\/\/yoast.com\/wordpress\/plugins\/seo\/ -->\n<title>Tela asf\u00e1ltica autoprotegida | GLASDAN 40\/GP ERF ELAST | Danosa<\/title>\n<meta name=\"description\" content=\"Tela asf\u00e1ltica autoprotegida compuesta de l\u00e1mina impermeable de bet\u00fan elastom\u00e9rico SBS tipo LBM-40\/G-FV. Armadura fieltro de fibra de vidrio. Alto rendimiento\" \/>\n<meta name=\"robots\" content=\"index, follow, max-snippet:-1, max-image-preview:large, max-video-preview:-1\" \/>\n<link rel=\"canonical\" href=\"https:\/\/www.danosa.com\/es-co\/producto\/glasdan-40-gp-erf-elast\/\" \/>\n<meta property=\"og:locale\" content=\"es_ES\" \/>\n<meta property=\"og:type\" content=\"article\" \/>\n<meta property=\"og:title\" content=\"Tela asf\u00e1ltica autoprotegida | GLASDAN 40\/GP ERF ELAST | Danosa\" \/>\n<meta property=\"og:description\" content=\"Tela asf\u00e1ltica autoprotegida compuesta de l\u00e1mina impermeable de bet\u00fan elastom\u00e9rico SBS tipo LBM-40\/G-FV. Armadura fieltro de fibra de vidrio. Alto rendimiento\" \/>\n<meta property=\"og:url\" content=\"https:\/\/www.danosa.com\/es-co\/producto\/glasdan-40-gp-erf-elast\/\" \/>\n<meta property=\"og:site_name\" content=\"Danosa Colombia\" \/>\n<meta property=\"article:modified_time\" content=\"2026-04-09T06:22:15+00:00\" \/>\n<meta name=\"twitter:card\" content=\"summary_large_image\" \/>\n<script type=\"application\/ld+json\" class=\"yoast-schema-graph\">{\"@context\":\"https:\/\/schema.org\",\"@graph\":[{\"@type\":\"WebSite\",\"@id\":\"https:\/\/www.danosa.com\/es-co\/#website\",\"url\":\"https:\/\/www.danosa.com\/es-co\/\",\"name\":\"Danosa Colombia\",\"description\":\"Danosa\",\"potentialAction\":[{\"@type\":\"SearchAction\",\"target\":{\"@type\":\"EntryPoint\",\"urlTemplate\":\"https:\/\/www.danosa.com\/es-co\/?s={search_term_string}\"},\"query-input\":\"required name=search_term_string\"}],\"inLanguage\":\"es\"},{\"@type\":\"WebPage\",\"@id\":\"https:\/\/www.danosa.com\/es-co\/producto\/glasdan-40-gp-erf-elast\/#webpage\",\"url\":\"https:\/\/www.danosa.com\/es-co\/producto\/glasdan-40-gp-erf-elast\/\",\"name\":\"Tela asf\u00e1ltica autoprotegida | GLASDAN 40\/GP ERF ELAST | Danosa\",\"isPartOf\":{\"@id\":\"https:\/\/www.danosa.com\/es-co\/#website\"},\"datePublished\":\"2026-04-09T06:22:13+00:00\",\"dateModified\":\"2026-04-09T06:22:15+00:00\",\"description\":\"Tela asf\u00e1ltica autoprotegida compuesta de l\u00e1mina impermeable de bet\u00fan elastom\u00e9rico SBS tipo LBM-40\/G-FV. Armadura fieltro de fibra de vidrio. Alto rendimiento\",\"breadcrumb\":{\"@id\":\"https:\/\/www.danosa.com\/es-co\/producto\/glasdan-40-gp-erf-elast\/#breadcrumb\"},\"inLanguage\":\"es\",\"potentialAction\":[{\"@type\":\"ReadAction\",\"target\":[\"https:\/\/www.danosa.com\/es-co\/producto\/glasdan-40-gp-erf-elast\/\"]}]},{\"@type\":\"BreadcrumbList\",\"@id\":\"https:\/\/www.danosa.com\/es-co\/producto\/glasdan-40-gp-erf-elast\/#breadcrumb\",\"itemListElement\":[{\"@type\":\"ListItem\",\"position\":1,\"name\":\"Portada\",\"item\":\"https:\/\/www.danosa.com\/es-co\/\"},{\"@type\":\"ListItem\",\"position\":2,\"name\":\"GLASDAN 40\/GP ERF ELAST\"}]}]}<\/script>\n<!-- \/ Yoast SEO plugin. -->","yoast_head_json":{"title":"Tela asf\u00e1ltica autoprotegida | GLASDAN 40\/GP ERF ELAST | Danosa","description":"Tela asf\u00e1ltica autoprotegida compuesta de l\u00e1mina impermeable de bet\u00fan elastom\u00e9rico SBS tipo LBM-40\/G-FV. Armadura fieltro de fibra de vidrio. Alto rendimiento","robots":{"index":"index","follow":"follow","max-snippet":"max-snippet:-1","max-image-preview":"max-image-preview:large","max-video-preview":"max-video-preview:-1"},"canonical":"https:\/\/www.danosa.com\/es-co\/producto\/glasdan-40-gp-erf-elast\/","og_locale":"es_ES","og_type":"article","og_title":"Tela asf\u00e1ltica autoprotegida | GLASDAN 40\/GP ERF ELAST | Danosa","og_description":"Tela asf\u00e1ltica autoprotegida compuesta de l\u00e1mina impermeable de bet\u00fan elastom\u00e9rico SBS tipo LBM-40\/G-FV. Armadura fieltro de fibra de vidrio. Alto rendimiento","og_url":"https:\/\/www.danosa.com\/es-co\/producto\/glasdan-40-gp-erf-elast\/","og_site_name":"Danosa Colombia","article_modified_time":"2026-04-09T06:22:15+00:00","twitter_card":"summary_large_image","schema":{"@context":"https:\/\/schema.org","@graph":[{"@type":"WebSite","@id":"https:\/\/www.danosa.com\/es-co\/#website","url":"https:\/\/www.danosa.com\/es-co\/","name":"Danosa Colombia","description":"Danosa","potentialAction":[{"@type":"SearchAction","target":{"@type":"EntryPoint","urlTemplate":"https:\/\/www.danosa.com\/es-co\/?s={search_term_string}"},"query-input":"required name=search_term_string"}],"inLanguage":"es"},{"@type":"WebPage","@id":"https:\/\/www.danosa.com\/es-co\/producto\/glasdan-40-gp-erf-elast\/#webpage","url":"https:\/\/www.danosa.com\/es-co\/producto\/glasdan-40-gp-erf-elast\/","name":"Tela asf\u00e1ltica autoprotegida | GLASDAN 40\/GP ERF ELAST | Danosa","isPartOf":{"@id":"https:\/\/www.danosa.com\/es-co\/#website"},"datePublished":"2026-04-09T06:22:13+00:00","dateModified":"2026-04-09T06:22:15+00:00","description":"Tela asf\u00e1ltica autoprotegida compuesta de l\u00e1mina impermeable de bet\u00fan elastom\u00e9rico SBS tipo LBM-40\/G-FV. Armadura fieltro de fibra de vidrio. Alto rendimiento","breadcrumb":{"@id":"https:\/\/www.danosa.com\/es-co\/producto\/glasdan-40-gp-erf-elast\/#breadcrumb"},"inLanguage":"es","potentialAction":[{"@type":"ReadAction","target":["https:\/\/www.danosa.com\/es-co\/producto\/glasdan-40-gp-erf-elast\/"]}]},{"@type":"BreadcrumbList","@id":"https:\/\/www.danosa.com\/es-co\/producto\/glasdan-40-gp-erf-elast\/#breadcrumb","itemListElement":[{"@type":"ListItem","position":1,"name":"Portada","item":"https:\/\/www.danosa.com\/es-co\/"},{"@type":"ListItem","position":2,"name":"GLASDAN 40\/GP ERF ELAST"}]}]}},"_links":{"self":[{"href":"https:\/\/www.danosa.com\/es-co\/wp-json\/wp\/v2\/product\/4055"}],"collection":[{"href":"https:\/\/www.danosa.com\/es-co\/wp-json\/wp\/v2\/product"}],"about":[{"href":"https:\/\/www.danosa.com\/es-co\/wp-json\/wp\/v2\/types\/product"}],"wp:attachment":[{"href":"https:\/\/www.danosa.com\/es-co\/wp-json\/wp\/v2\/media?parent=4055"}],"wp:term":[{"taxonomy":"family","embeddable":true,"href":"https:\/\/www.danosa.com\/es-co\/wp-json\/wp\/v2\/family?post=4055"},{"taxonomy":"product_notice","embeddable":true,"href":"https:\/\/www.danosa.com\/es-co\/wp-json\/wp\/v2\/product_notice?post=4055"},{"taxonomy":"product_icon","embeddable":true,"href":"https:\/\/www.danosa.com\/es-co\/wp-json\/wp\/v2\/product_icon?post=4055"},{"taxonomy":"product_application","embeddable":true,"href":"https:\/\/www.danosa.com\/es-co\/wp-json\/wp\/v2\/product_application?post=4055"},{"taxonomy":"product_standards_certification","embeddable":true,"href":"https:\/\/www.danosa.com\/es-co\/wp-json\/wp\/v2\/product_standards_certification?post=4055"},{"taxonomy":"product_benefits","embeddable":true,"href":"https:\/\/www.danosa.com\/es-co\/wp-json\/wp\/v2\/product_benefits?post=4055"},{"taxonomy":"product_support","embeddable":true,"href":"https:\/\/www.danosa.com\/es-co\/wp-json\/wp\/v2\/product_support?post=4055"},{"taxonomy":"product_substrate_preparation","embeddable":true,"href":"https:\/\/www.danosa.com\/es-co\/wp-json\/wp\/v2\/product_substrate_preparation?post=4055"},{"taxonomy":"product_important_indications","embeddable":true,"href":"https:\/\/www.danosa.com\/es-co\/wp-json\/wp\/v2\/product_important_indications?post=4055"},{"taxonomy":"product_conservation","embeddable":true,"href":"https:\/\/www.danosa.com\/es-co\/wp-json\/wp\/v2\/product_conservation?post=4055"},{"taxonomy":"product_warning","embeddable":true,"href":"https:\/\/www.danosa.com\/es-co\/wp-json\/wp\/v2\/product_warning?post=4055"},{"taxonomy":"product_safety_hygiene","embeddable":true,"href":"https:\/\/www.danosa.com\/es-co\/wp-json\/wp\/v2\/product_safety_hygiene?post=4055"},{"taxonomy":"system_certification","embeddable":true,"href":"https:\/\/www.danosa.com\/es-co\/wp-json\/wp\/v2\/system_certification?post=4055"},{"taxonomy":"product_maintenance","embeddable":true,"href":"https:\/\/www.danosa.com\/es-co\/wp-json\/wp\/v2\/product_maintenance?post=4055"},{"taxonomy":"product_safety_datasheet","embeddable":true,"href":"https:\/\/www.danosa.com\/es-co\/wp-json\/wp\/v2\/product_safety_datasheet?post=4055"},{"taxonomy":"filter_special_uses","embeddable":true,"href":"https:\/\/www.danosa.com\/es-co\/wp-json\/wp\/v2\/filter_special_uses?post=4055"}],"curies":[{"name":"wp","href":"https:\/\/api.w.org\/{rel}","templated":true}]}}