{"id":4060,"date":"2026-04-09T08:22:13","date_gmt":"2026-04-09T06:22:13","guid":{"rendered":"https:\/\/www.danosa.com\/es-co\/blog\/product\/glasdan-al-80-t-50-p-e\/"},"modified":"2026-04-09T08:22:16","modified_gmt":"2026-04-09T06:22:16","slug":"glasdan-al-80-t-50-p-e","status":"publish","type":"product","link":"https:\/\/www.danosa.com\/es-co\/producto\/glasdan-al-80-t-50-p-e\/","title":{"rendered":"GLASDAN AL 80 T 50 P E"},"content":{"rendered":"<p>L\u00e1mina impermeabilizante bituminosa con autoprotecci\u00f3n met\u00e1lica, tipo LBM-45\/M-TV .<br \/>\nCompuesta por una armadura de tejido de vidrio de excelentes prestaciones mec\u00e1nicas, recubierta por ambas caras con un m\u00e1stico de bet\u00fan modificado con elast\u00f3meros (SBS).<br \/>\nComo material de protecci\u00f3n, en la cara externa se usa una hoja de aluminio gofrado de color natural.<br \/>\nIncorpora una banda longitudinal de 8 a 10 cm de ancho desprovista de aluminio para facilitar el solape.<br \/>\nComo material antiadherente en su cara interna, se usa un film pl\u00e1stico de terminaci\u00f3n.<\/p>\n","protected":false},"excerpt":{"rendered":"<p>L\u00e1mina impermeabilizante\u00a0de bet\u00fan modificado con elast\u00f3meros (SBS) \u00a0con autoprotecci\u00f3n met\u00e1lica.<\/p>\n","protected":false},"featured_media":0,"parent":0,"menu_order":0,"template":"","meta":{"inline_featured_image":false,"site-sidebar-layout":"default","site-content-layout":"default","ast-main-header-display":"","ast-hfb-above-header-display":"","ast-hfb-below-header-display":"","ast-hfb-mobile-header-display":"","site-post-title":"","ast-breadcrumbs-content":"","ast-featured-img":"","footer-sml-layout":"","theme-transparent-header-meta":"","adv-header-id-meta":"","stick-header-meta":"","header-above-stick-meta":"","header-main-stick-meta":"","header-below-stick-meta":""},"family":[3053],"product_notice":[11437],"product_icon":[],"product_application":[10048,10468,10472,10473,10474,10475],"product_standards_certification":[11310,11324,11971],"product_benefits":[9510,9520,9558,9638,9669,9675,9695],"product_support":[],"product_substrate_preparation":[],"product_important_indications":[10558,10560,10562,10590,10614,10656,10659,10664,10708,10772,10795],"product_conservation":[10808,10834,10841,10842,10870,10918,10919,10926,10930,10931,10997,10998,11000],"product_warning":[],"product_safety_hygiene":[],"system_certification":[8080,3304,3124,3155,8387],"product_maintenance":[4217],"product_safety_datasheet":[2693],"filter_special_uses":[],"acf":[],"yoast_head":"<!-- This site is optimized with the Yoast SEO plugin v18.1 - https:\/\/yoast.com\/wordpress\/plugins\/seo\/ -->\n<title>Tela asf\u00e1ltica con autoprotecci\u00f3n met\u00e1lica | GLASDAN AL 80 T 50 P E<\/title>\n<meta name=\"description\" content=\"Tela asf\u00e1ltica con autoprotecci\u00f3n met\u00e1lica. L\u00e1mina impermeabilizante asf\u00e1ltica tipo LBM-45\/M-TV. Limita las tensiones de las l\u00e1minas y las deformaciones.\" \/>\n<meta name=\"robots\" content=\"index, follow, max-snippet:-1, max-image-preview:large, max-video-preview:-1\" \/>\n<link rel=\"canonical\" href=\"https:\/\/www.danosa.com\/es-co\/producto\/glasdan-al-80-t-50-p-e\/\" \/>\n<meta property=\"og:locale\" content=\"es_ES\" \/>\n<meta property=\"og:type\" content=\"article\" \/>\n<meta property=\"og:title\" content=\"Tela asf\u00e1ltica con autoprotecci\u00f3n met\u00e1lica | GLASDAN AL 80 T 50 P E\" \/>\n<meta property=\"og:description\" content=\"Tela asf\u00e1ltica con autoprotecci\u00f3n met\u00e1lica. L\u00e1mina impermeabilizante asf\u00e1ltica tipo LBM-45\/M-TV. Limita las tensiones de las l\u00e1minas y las deformaciones.\" \/>\n<meta property=\"og:url\" content=\"https:\/\/www.danosa.com\/es-co\/producto\/glasdan-al-80-t-50-p-e\/\" \/>\n<meta property=\"og:site_name\" content=\"Danosa Colombia\" \/>\n<meta property=\"article:modified_time\" content=\"2026-04-09T06:22:16+00:00\" \/>\n<meta name=\"twitter:card\" content=\"summary_large_image\" \/>\n<script type=\"application\/ld+json\" class=\"yoast-schema-graph\">{\"@context\":\"https:\/\/schema.org\",\"@graph\":[{\"@type\":\"WebSite\",\"@id\":\"https:\/\/www.danosa.com\/es-co\/#website\",\"url\":\"https:\/\/www.danosa.com\/es-co\/\",\"name\":\"Danosa Colombia\",\"description\":\"Danosa\",\"potentialAction\":[{\"@type\":\"SearchAction\",\"target\":{\"@type\":\"EntryPoint\",\"urlTemplate\":\"https:\/\/www.danosa.com\/es-co\/?s={search_term_string}\"},\"query-input\":\"required name=search_term_string\"}],\"inLanguage\":\"es\"},{\"@type\":\"WebPage\",\"@id\":\"https:\/\/www.danosa.com\/es-co\/producto\/glasdan-al-80-t-50-p-e\/#webpage\",\"url\":\"https:\/\/www.danosa.com\/es-co\/producto\/glasdan-al-80-t-50-p-e\/\",\"name\":\"Tela asf\u00e1ltica con autoprotecci\u00f3n met\u00e1lica | GLASDAN AL 80 T 50 P E\",\"isPartOf\":{\"@id\":\"https:\/\/www.danosa.com\/es-co\/#website\"},\"datePublished\":\"2026-04-09T06:22:13+00:00\",\"dateModified\":\"2026-04-09T06:22:16+00:00\",\"description\":\"Tela asf\u00e1ltica con autoprotecci\u00f3n met\u00e1lica. L\u00e1mina impermeabilizante asf\u00e1ltica tipo LBM-45\/M-TV. Limita las tensiones de las l\u00e1minas y las deformaciones.\",\"breadcrumb\":{\"@id\":\"https:\/\/www.danosa.com\/es-co\/producto\/glasdan-al-80-t-50-p-e\/#breadcrumb\"},\"inLanguage\":\"es\",\"potentialAction\":[{\"@type\":\"ReadAction\",\"target\":[\"https:\/\/www.danosa.com\/es-co\/producto\/glasdan-al-80-t-50-p-e\/\"]}]},{\"@type\":\"BreadcrumbList\",\"@id\":\"https:\/\/www.danosa.com\/es-co\/producto\/glasdan-al-80-t-50-p-e\/#breadcrumb\",\"itemListElement\":[{\"@type\":\"ListItem\",\"position\":1,\"name\":\"Portada\",\"item\":\"https:\/\/www.danosa.com\/es-co\/\"},{\"@type\":\"ListItem\",\"position\":2,\"name\":\"GLASDAN AL 80 T 50 P E\"}]}]}<\/script>\n<!-- \/ Yoast SEO plugin. -->","yoast_head_json":{"title":"Tela asf\u00e1ltica con autoprotecci\u00f3n met\u00e1lica | GLASDAN AL 80 T 50 P E","description":"Tela asf\u00e1ltica con autoprotecci\u00f3n met\u00e1lica. L\u00e1mina impermeabilizante asf\u00e1ltica tipo LBM-45\/M-TV. Limita las tensiones de las l\u00e1minas y las deformaciones.","robots":{"index":"index","follow":"follow","max-snippet":"max-snippet:-1","max-image-preview":"max-image-preview:large","max-video-preview":"max-video-preview:-1"},"canonical":"https:\/\/www.danosa.com\/es-co\/producto\/glasdan-al-80-t-50-p-e\/","og_locale":"es_ES","og_type":"article","og_title":"Tela asf\u00e1ltica con autoprotecci\u00f3n met\u00e1lica | GLASDAN AL 80 T 50 P E","og_description":"Tela asf\u00e1ltica con autoprotecci\u00f3n met\u00e1lica. L\u00e1mina impermeabilizante asf\u00e1ltica tipo LBM-45\/M-TV. Limita las tensiones de las l\u00e1minas y las deformaciones.","og_url":"https:\/\/www.danosa.com\/es-co\/producto\/glasdan-al-80-t-50-p-e\/","og_site_name":"Danosa Colombia","article_modified_time":"2026-04-09T06:22:16+00:00","twitter_card":"summary_large_image","schema":{"@context":"https:\/\/schema.org","@graph":[{"@type":"WebSite","@id":"https:\/\/www.danosa.com\/es-co\/#website","url":"https:\/\/www.danosa.com\/es-co\/","name":"Danosa Colombia","description":"Danosa","potentialAction":[{"@type":"SearchAction","target":{"@type":"EntryPoint","urlTemplate":"https:\/\/www.danosa.com\/es-co\/?s={search_term_string}"},"query-input":"required name=search_term_string"}],"inLanguage":"es"},{"@type":"WebPage","@id":"https:\/\/www.danosa.com\/es-co\/producto\/glasdan-al-80-t-50-p-e\/#webpage","url":"https:\/\/www.danosa.com\/es-co\/producto\/glasdan-al-80-t-50-p-e\/","name":"Tela asf\u00e1ltica con autoprotecci\u00f3n met\u00e1lica | GLASDAN AL 80 T 50 P E","isPartOf":{"@id":"https:\/\/www.danosa.com\/es-co\/#website"},"datePublished":"2026-04-09T06:22:13+00:00","dateModified":"2026-04-09T06:22:16+00:00","description":"Tela asf\u00e1ltica con autoprotecci\u00f3n met\u00e1lica. L\u00e1mina impermeabilizante asf\u00e1ltica tipo LBM-45\/M-TV. Limita las tensiones de las l\u00e1minas y las deformaciones.","breadcrumb":{"@id":"https:\/\/www.danosa.com\/es-co\/producto\/glasdan-al-80-t-50-p-e\/#breadcrumb"},"inLanguage":"es","potentialAction":[{"@type":"ReadAction","target":["https:\/\/www.danosa.com\/es-co\/producto\/glasdan-al-80-t-50-p-e\/"]}]},{"@type":"BreadcrumbList","@id":"https:\/\/www.danosa.com\/es-co\/producto\/glasdan-al-80-t-50-p-e\/#breadcrumb","itemListElement":[{"@type":"ListItem","position":1,"name":"Portada","item":"https:\/\/www.danosa.com\/es-co\/"},{"@type":"ListItem","position":2,"name":"GLASDAN AL 80 T 50 P E"}]}]}},"_links":{"self":[{"href":"https:\/\/www.danosa.com\/es-co\/wp-json\/wp\/v2\/product\/4060"}],"collection":[{"href":"https:\/\/www.danosa.com\/es-co\/wp-json\/wp\/v2\/product"}],"about":[{"href":"https:\/\/www.danosa.com\/es-co\/wp-json\/wp\/v2\/types\/product"}],"wp:attachment":[{"href":"https:\/\/www.danosa.com\/es-co\/wp-json\/wp\/v2\/media?parent=4060"}],"wp:term":[{"taxonomy":"family","embeddable":true,"href":"https:\/\/www.danosa.com\/es-co\/wp-json\/wp\/v2\/family?post=4060"},{"taxonomy":"product_notice","embeddable":true,"href":"https:\/\/www.danosa.com\/es-co\/wp-json\/wp\/v2\/product_notice?post=4060"},{"taxonomy":"product_icon","embeddable":true,"href":"https:\/\/www.danosa.com\/es-co\/wp-json\/wp\/v2\/product_icon?post=4060"},{"taxonomy":"product_application","embeddable":true,"href":"https:\/\/www.danosa.com\/es-co\/wp-json\/wp\/v2\/product_application?post=4060"},{"taxonomy":"product_standards_certification","embeddable":true,"href":"https:\/\/www.danosa.com\/es-co\/wp-json\/wp\/v2\/product_standards_certification?post=4060"},{"taxonomy":"product_benefits","embeddable":true,"href":"https:\/\/www.danosa.com\/es-co\/wp-json\/wp\/v2\/product_benefits?post=4060"},{"taxonomy":"product_support","embeddable":true,"href":"https:\/\/www.danosa.com\/es-co\/wp-json\/wp\/v2\/product_support?post=4060"},{"taxonomy":"product_substrate_preparation","embeddable":true,"href":"https:\/\/www.danosa.com\/es-co\/wp-json\/wp\/v2\/product_substrate_preparation?post=4060"},{"taxonomy":"product_important_indications","embeddable":true,"href":"https:\/\/www.danosa.com\/es-co\/wp-json\/wp\/v2\/product_important_indications?post=4060"},{"taxonomy":"product_conservation","embeddable":true,"href":"https:\/\/www.danosa.com\/es-co\/wp-json\/wp\/v2\/product_conservation?post=4060"},{"taxonomy":"product_warning","embeddable":true,"href":"https:\/\/www.danosa.com\/es-co\/wp-json\/wp\/v2\/product_warning?post=4060"},{"taxonomy":"product_safety_hygiene","embeddable":true,"href":"https:\/\/www.danosa.com\/es-co\/wp-json\/wp\/v2\/product_safety_hygiene?post=4060"},{"taxonomy":"system_certification","embeddable":true,"href":"https:\/\/www.danosa.com\/es-co\/wp-json\/wp\/v2\/system_certification?post=4060"},{"taxonomy":"product_maintenance","embeddable":true,"href":"https:\/\/www.danosa.com\/es-co\/wp-json\/wp\/v2\/product_maintenance?post=4060"},{"taxonomy":"product_safety_datasheet","embeddable":true,"href":"https:\/\/www.danosa.com\/es-co\/wp-json\/wp\/v2\/product_safety_datasheet?post=4060"},{"taxonomy":"filter_special_uses","embeddable":true,"href":"https:\/\/www.danosa.com\/es-co\/wp-json\/wp\/v2\/filter_special_uses?post=4060"}],"curies":[{"name":"wp","href":"https:\/\/api.w.org\/{rel}","templated":true}]}}