{"id":4061,"date":"2026-04-09T08:22:13","date_gmt":"2026-04-09T06:22:13","guid":{"rendered":"https:\/\/www.danosa.com\/es-co\/blog\/product\/glasdan-al-80-t-35-p-elast\/"},"modified":"2026-04-09T08:22:16","modified_gmt":"2026-04-09T06:22:16","slug":"glasdan-al-80-t-35-p-elast","status":"publish","type":"product","link":"https:\/\/www.danosa.com\/es-co\/producto\/glasdan-al-80-t-35-p-elast\/","title":{"rendered":"GLASDAN AL 80 T-35 P ELAST"},"content":{"rendered":"<p>L\u00e1mina impermeabilizante bituminosa con autoprotecci\u00f3n met\u00e1lica, tipo LBM-35\/M-TV (SBS).<br \/>\nCompuesta por una armadura de tejido de vidrio de excelentes prestaciones mec\u00e1nicas, recubierta por ambas caras con un m\u00e1stico de bet\u00fan modificado con elast\u00f3meros (SBS).<br \/>\nComo material de protecci\u00f3n, en la cara externa se usa una hoja de aluminio gofrado de color natural.<br \/>\nIncorpora una banda longitudinal de 8 a 10 cm de ancho desprovista de aluminio para facilitar el solape.<br \/>\nComo material antiadherente en su cara interna, se usa un film pl\u00e1stico de terminaci\u00f3n.<\/p>\n","protected":false},"excerpt":{"rendered":"<p>L\u00e1mina impermeabilizante\u00a0de bet\u00fan modificado con elast\u00f3meros (SBS)\u00a0con autoprotecci\u00f3n met\u00e1lica.<\/p>\n","protected":false},"featured_media":0,"parent":0,"menu_order":0,"template":"","meta":{"inline_featured_image":false,"site-sidebar-layout":"default","site-content-layout":"default","ast-main-header-display":"","ast-hfb-above-header-display":"","ast-hfb-below-header-display":"","ast-hfb-mobile-header-display":"","site-post-title":"","ast-breadcrumbs-content":"","ast-featured-img":"","footer-sml-layout":"","theme-transparent-header-meta":"","adv-header-id-meta":"","stick-header-meta":"","header-above-stick-meta":"","header-main-stick-meta":"","header-below-stick-meta":""},"family":[3053],"product_notice":[11437],"product_icon":[],"product_application":[10089,10201],"product_standards_certification":[11310,11324],"product_benefits":[9520,9558,9638,9675,9695,9696,9755,9873],"product_support":[],"product_substrate_preparation":[],"product_important_indications":[10558,10560,10562,10567,10590,10611,10613,10614,10636,10647,10656,10658,10659,10661,10664,10708,10795],"product_conservation":[10808,10834,10841,10842,10870,10918,10919,10926,10930,10931,10997,10998,11000],"product_warning":[],"product_safety_hygiene":[],"system_certification":[3155],"product_maintenance":[4217],"product_safety_datasheet":[2693],"filter_special_uses":[],"acf":[],"yoast_head":"<!-- This site is optimized with the Yoast SEO plugin v18.1 - https:\/\/yoast.com\/wordpress\/plugins\/seo\/ -->\n<title>L\u00e1mina asf\u00e1ltica autoprotegida | GLASDAN AL 80 T-35 P ELAST | Danosa<\/title>\n<meta name=\"description\" content=\"L\u00e1mina asf\u00e1ltica autoprotegida compuesta por membrana impermeable de bet\u00fan elastom\u00e9rico SBS con autoprotecci\u00f3n met\u00e1lica, tipo LBM-35\/M-TV. Danosa.\" \/>\n<meta name=\"robots\" content=\"index, follow, max-snippet:-1, max-image-preview:large, max-video-preview:-1\" \/>\n<link rel=\"canonical\" href=\"https:\/\/www.danosa.com\/es-co\/producto\/glasdan-al-80-t-35-p-elast\/\" \/>\n<meta property=\"og:locale\" content=\"es_ES\" \/>\n<meta property=\"og:type\" content=\"article\" \/>\n<meta property=\"og:title\" content=\"L\u00e1mina asf\u00e1ltica autoprotegida | GLASDAN AL 80 T-35 P ELAST | Danosa\" \/>\n<meta property=\"og:description\" content=\"L\u00e1mina asf\u00e1ltica autoprotegida compuesta por membrana impermeable de bet\u00fan elastom\u00e9rico SBS con autoprotecci\u00f3n met\u00e1lica, tipo LBM-35\/M-TV. Danosa.\" \/>\n<meta property=\"og:url\" content=\"https:\/\/www.danosa.com\/es-co\/producto\/glasdan-al-80-t-35-p-elast\/\" \/>\n<meta property=\"og:site_name\" content=\"Danosa Colombia\" \/>\n<meta property=\"article:modified_time\" content=\"2026-04-09T06:22:16+00:00\" \/>\n<meta name=\"twitter:card\" content=\"summary_large_image\" \/>\n<script type=\"application\/ld+json\" class=\"yoast-schema-graph\">{\"@context\":\"https:\/\/schema.org\",\"@graph\":[{\"@type\":\"WebSite\",\"@id\":\"https:\/\/www.danosa.com\/es-co\/#website\",\"url\":\"https:\/\/www.danosa.com\/es-co\/\",\"name\":\"Danosa Colombia\",\"description\":\"Danosa\",\"potentialAction\":[{\"@type\":\"SearchAction\",\"target\":{\"@type\":\"EntryPoint\",\"urlTemplate\":\"https:\/\/www.danosa.com\/es-co\/?s={search_term_string}\"},\"query-input\":\"required name=search_term_string\"}],\"inLanguage\":\"es\"},{\"@type\":\"WebPage\",\"@id\":\"https:\/\/www.danosa.com\/es-co\/producto\/glasdan-al-80-t-35-p-elast\/#webpage\",\"url\":\"https:\/\/www.danosa.com\/es-co\/producto\/glasdan-al-80-t-35-p-elast\/\",\"name\":\"L\u00e1mina asf\u00e1ltica autoprotegida | GLASDAN AL 80 T-35 P ELAST | Danosa\",\"isPartOf\":{\"@id\":\"https:\/\/www.danosa.com\/es-co\/#website\"},\"datePublished\":\"2026-04-09T06:22:13+00:00\",\"dateModified\":\"2026-04-09T06:22:16+00:00\",\"description\":\"L\u00e1mina asf\u00e1ltica autoprotegida compuesta por membrana impermeable de bet\u00fan elastom\u00e9rico SBS con autoprotecci\u00f3n met\u00e1lica, tipo LBM-35\/M-TV. Danosa.\",\"breadcrumb\":{\"@id\":\"https:\/\/www.danosa.com\/es-co\/producto\/glasdan-al-80-t-35-p-elast\/#breadcrumb\"},\"inLanguage\":\"es\",\"potentialAction\":[{\"@type\":\"ReadAction\",\"target\":[\"https:\/\/www.danosa.com\/es-co\/producto\/glasdan-al-80-t-35-p-elast\/\"]}]},{\"@type\":\"BreadcrumbList\",\"@id\":\"https:\/\/www.danosa.com\/es-co\/producto\/glasdan-al-80-t-35-p-elast\/#breadcrumb\",\"itemListElement\":[{\"@type\":\"ListItem\",\"position\":1,\"name\":\"Portada\",\"item\":\"https:\/\/www.danosa.com\/es-co\/\"},{\"@type\":\"ListItem\",\"position\":2,\"name\":\"GLASDAN AL 80 T-35 P ELAST\"}]}]}<\/script>\n<!-- \/ Yoast SEO plugin. -->","yoast_head_json":{"title":"L\u00e1mina asf\u00e1ltica autoprotegida | GLASDAN AL 80 T-35 P ELAST | Danosa","description":"L\u00e1mina asf\u00e1ltica autoprotegida compuesta por membrana impermeable de bet\u00fan elastom\u00e9rico SBS con autoprotecci\u00f3n met\u00e1lica, tipo LBM-35\/M-TV. Danosa.","robots":{"index":"index","follow":"follow","max-snippet":"max-snippet:-1","max-image-preview":"max-image-preview:large","max-video-preview":"max-video-preview:-1"},"canonical":"https:\/\/www.danosa.com\/es-co\/producto\/glasdan-al-80-t-35-p-elast\/","og_locale":"es_ES","og_type":"article","og_title":"L\u00e1mina asf\u00e1ltica autoprotegida | GLASDAN AL 80 T-35 P ELAST | Danosa","og_description":"L\u00e1mina asf\u00e1ltica autoprotegida compuesta por membrana impermeable de bet\u00fan elastom\u00e9rico SBS con autoprotecci\u00f3n met\u00e1lica, tipo LBM-35\/M-TV. Danosa.","og_url":"https:\/\/www.danosa.com\/es-co\/producto\/glasdan-al-80-t-35-p-elast\/","og_site_name":"Danosa Colombia","article_modified_time":"2026-04-09T06:22:16+00:00","twitter_card":"summary_large_image","schema":{"@context":"https:\/\/schema.org","@graph":[{"@type":"WebSite","@id":"https:\/\/www.danosa.com\/es-co\/#website","url":"https:\/\/www.danosa.com\/es-co\/","name":"Danosa Colombia","description":"Danosa","potentialAction":[{"@type":"SearchAction","target":{"@type":"EntryPoint","urlTemplate":"https:\/\/www.danosa.com\/es-co\/?s={search_term_string}"},"query-input":"required name=search_term_string"}],"inLanguage":"es"},{"@type":"WebPage","@id":"https:\/\/www.danosa.com\/es-co\/producto\/glasdan-al-80-t-35-p-elast\/#webpage","url":"https:\/\/www.danosa.com\/es-co\/producto\/glasdan-al-80-t-35-p-elast\/","name":"L\u00e1mina asf\u00e1ltica autoprotegida | GLASDAN AL 80 T-35 P ELAST | Danosa","isPartOf":{"@id":"https:\/\/www.danosa.com\/es-co\/#website"},"datePublished":"2026-04-09T06:22:13+00:00","dateModified":"2026-04-09T06:22:16+00:00","description":"L\u00e1mina asf\u00e1ltica autoprotegida compuesta por membrana impermeable de bet\u00fan elastom\u00e9rico SBS con autoprotecci\u00f3n met\u00e1lica, tipo LBM-35\/M-TV. Danosa.","breadcrumb":{"@id":"https:\/\/www.danosa.com\/es-co\/producto\/glasdan-al-80-t-35-p-elast\/#breadcrumb"},"inLanguage":"es","potentialAction":[{"@type":"ReadAction","target":["https:\/\/www.danosa.com\/es-co\/producto\/glasdan-al-80-t-35-p-elast\/"]}]},{"@type":"BreadcrumbList","@id":"https:\/\/www.danosa.com\/es-co\/producto\/glasdan-al-80-t-35-p-elast\/#breadcrumb","itemListElement":[{"@type":"ListItem","position":1,"name":"Portada","item":"https:\/\/www.danosa.com\/es-co\/"},{"@type":"ListItem","position":2,"name":"GLASDAN AL 80 T-35 P ELAST"}]}]}},"_links":{"self":[{"href":"https:\/\/www.danosa.com\/es-co\/wp-json\/wp\/v2\/product\/4061"}],"collection":[{"href":"https:\/\/www.danosa.com\/es-co\/wp-json\/wp\/v2\/product"}],"about":[{"href":"https:\/\/www.danosa.com\/es-co\/wp-json\/wp\/v2\/types\/product"}],"wp:attachment":[{"href":"https:\/\/www.danosa.com\/es-co\/wp-json\/wp\/v2\/media?parent=4061"}],"wp:term":[{"taxonomy":"family","embeddable":true,"href":"https:\/\/www.danosa.com\/es-co\/wp-json\/wp\/v2\/family?post=4061"},{"taxonomy":"product_notice","embeddable":true,"href":"https:\/\/www.danosa.com\/es-co\/wp-json\/wp\/v2\/product_notice?post=4061"},{"taxonomy":"product_icon","embeddable":true,"href":"https:\/\/www.danosa.com\/es-co\/wp-json\/wp\/v2\/product_icon?post=4061"},{"taxonomy":"product_application","embeddable":true,"href":"https:\/\/www.danosa.com\/es-co\/wp-json\/wp\/v2\/product_application?post=4061"},{"taxonomy":"product_standards_certification","embeddable":true,"href":"https:\/\/www.danosa.com\/es-co\/wp-json\/wp\/v2\/product_standards_certification?post=4061"},{"taxonomy":"product_benefits","embeddable":true,"href":"https:\/\/www.danosa.com\/es-co\/wp-json\/wp\/v2\/product_benefits?post=4061"},{"taxonomy":"product_support","embeddable":true,"href":"https:\/\/www.danosa.com\/es-co\/wp-json\/wp\/v2\/product_support?post=4061"},{"taxonomy":"product_substrate_preparation","embeddable":true,"href":"https:\/\/www.danosa.com\/es-co\/wp-json\/wp\/v2\/product_substrate_preparation?post=4061"},{"taxonomy":"product_important_indications","embeddable":true,"href":"https:\/\/www.danosa.com\/es-co\/wp-json\/wp\/v2\/product_important_indications?post=4061"},{"taxonomy":"product_conservation","embeddable":true,"href":"https:\/\/www.danosa.com\/es-co\/wp-json\/wp\/v2\/product_conservation?post=4061"},{"taxonomy":"product_warning","embeddable":true,"href":"https:\/\/www.danosa.com\/es-co\/wp-json\/wp\/v2\/product_warning?post=4061"},{"taxonomy":"product_safety_hygiene","embeddable":true,"href":"https:\/\/www.danosa.com\/es-co\/wp-json\/wp\/v2\/product_safety_hygiene?post=4061"},{"taxonomy":"system_certification","embeddable":true,"href":"https:\/\/www.danosa.com\/es-co\/wp-json\/wp\/v2\/system_certification?post=4061"},{"taxonomy":"product_maintenance","embeddable":true,"href":"https:\/\/www.danosa.com\/es-co\/wp-json\/wp\/v2\/product_maintenance?post=4061"},{"taxonomy":"product_safety_datasheet","embeddable":true,"href":"https:\/\/www.danosa.com\/es-co\/wp-json\/wp\/v2\/product_safety_datasheet?post=4061"},{"taxonomy":"filter_special_uses","embeddable":true,"href":"https:\/\/www.danosa.com\/es-co\/wp-json\/wp\/v2\/filter_special_uses?post=4061"}],"curies":[{"name":"wp","href":"https:\/\/api.w.org\/{rel}","templated":true}]}}