{"id":4069,"date":"2026-04-09T08:22:17","date_gmt":"2026-04-09T06:22:17","guid":{"rendered":"https:\/\/www.danosa.com\/es-co\/blog\/product\/granulo-de-pizarra\/"},"modified":"2026-04-09T08:22:18","modified_gmt":"2026-04-09T06:22:18","slug":"granulo-de-pizarra","status":"publish","type":"product","link":"https:\/\/www.danosa.com\/es-co\/producto\/granulo-de-pizarra\/","title":{"rendered":"GRANULO DE PIZARRA"},"content":{"rendered":"<p>Granulado mineral cer\u00e1mico a granel.<\/p>\n<p>La gravilla mineral se utiliza habitualmente como acabado superficial de cubiertas planas o de poca inclinaci\u00f3n, especialmente los de asfalto. Se fabrican a partir de pizarra natural triturada.<br \/>\nSe aplican a la superficie del tejado como una capa protectora que ayuda a prevenir los da\u00f1os causados por los rayos UV, las temperaturas extremas y la intemperie. Tambi\u00e9n proporcionan una superficie antideslizante que hace m\u00e1s seguro caminar sobre el tejado para realizar tareas de mantenimiento o reparaciones.<br \/>\nAdem\u00e1s de sus ventajas funcionales, las granzas minerales tambi\u00e9n pueden mejorar el aspecto est\u00e9tico de un tejado, ya que est\u00e1n disponibles en una gama de colores y tama\u00f1os que pueden utilizarse para crear diferentes patrones o dise\u00f1os.<\/p>\n","protected":false},"excerpt":{"rendered":"<p>Gr\u00e1nulos de pizarra o cer\u00e1micos, suministrados a granel<\/p>\n","protected":false},"featured_media":0,"parent":0,"menu_order":0,"template":"","meta":{"inline_featured_image":false,"site-sidebar-layout":"default","site-content-layout":"default","ast-main-header-display":"","ast-hfb-above-header-display":"","ast-hfb-below-header-display":"","ast-hfb-mobile-header-display":"","site-post-title":"","ast-breadcrumbs-content":"","ast-featured-img":"","footer-sml-layout":"","theme-transparent-header-meta":"","adv-header-id-meta":"","stick-header-meta":"","header-above-stick-meta":"","header-main-stick-meta":"","header-below-stick-meta":""},"family":[3076],"product_notice":[11437],"product_icon":[],"product_application":[],"product_standards_certification":[],"product_benefits":[],"product_support":[],"product_substrate_preparation":[],"product_important_indications":[],"product_conservation":[],"product_warning":[],"product_safety_hygiene":[],"system_certification":[],"product_maintenance":[],"product_safety_datasheet":[],"filter_special_uses":[],"acf":[],"yoast_head":"<!-- This site is optimized with the Yoast SEO plugin v18.1 - https:\/\/yoast.com\/wordpress\/plugins\/seo\/ -->\n<title>Gr\u00e1nulo de pizarra o mineral cer\u00e1mico a granel | Danosa<\/title>\n<meta name=\"description\" content=\"Gr\u00e1nulo de pizarra o mineral cer\u00e1mico a granel para repasar las juntas y desperfectos causados por la soldadura. Construcci\u00f3n sostenible. Danosa.\" \/>\n<meta name=\"robots\" content=\"index, follow, max-snippet:-1, max-image-preview:large, max-video-preview:-1\" \/>\n<link rel=\"canonical\" href=\"https:\/\/www.danosa.com\/es-co\/producto\/granulo-de-pizarra\/\" \/>\n<meta property=\"og:locale\" content=\"es_ES\" \/>\n<meta property=\"og:type\" content=\"article\" \/>\n<meta property=\"og:title\" content=\"Gr\u00e1nulo de pizarra o mineral cer\u00e1mico a granel | Danosa\" \/>\n<meta property=\"og:description\" content=\"Gr\u00e1nulo de pizarra o mineral cer\u00e1mico a granel para repasar las juntas y desperfectos causados por la soldadura. Construcci\u00f3n sostenible. Danosa.\" \/>\n<meta property=\"og:url\" content=\"https:\/\/www.danosa.com\/es-co\/producto\/granulo-de-pizarra\/\" \/>\n<meta property=\"og:site_name\" content=\"Danosa Colombia\" \/>\n<meta property=\"article:modified_time\" content=\"2026-04-09T06:22:18+00:00\" \/>\n<meta name=\"twitter:card\" content=\"summary_large_image\" \/>\n<meta name=\"twitter:label1\" content=\"Tiempo de lectura\" \/>\n\t<meta name=\"twitter:data1\" content=\"1 minuto\" \/>\n<script type=\"application\/ld+json\" class=\"yoast-schema-graph\">{\"@context\":\"https:\/\/schema.org\",\"@graph\":[{\"@type\":\"WebSite\",\"@id\":\"https:\/\/www.danosa.com\/es-co\/#website\",\"url\":\"https:\/\/www.danosa.com\/es-co\/\",\"name\":\"Danosa Colombia\",\"description\":\"Danosa\",\"potentialAction\":[{\"@type\":\"SearchAction\",\"target\":{\"@type\":\"EntryPoint\",\"urlTemplate\":\"https:\/\/www.danosa.com\/es-co\/?s={search_term_string}\"},\"query-input\":\"required name=search_term_string\"}],\"inLanguage\":\"es\"},{\"@type\":\"WebPage\",\"@id\":\"https:\/\/www.danosa.com\/es-co\/producto\/granulo-de-pizarra\/#webpage\",\"url\":\"https:\/\/www.danosa.com\/es-co\/producto\/granulo-de-pizarra\/\",\"name\":\"Gr\u00e1nulo de pizarra o mineral cer\u00e1mico a granel | Danosa\",\"isPartOf\":{\"@id\":\"https:\/\/www.danosa.com\/es-co\/#website\"},\"datePublished\":\"2026-04-09T06:22:17+00:00\",\"dateModified\":\"2026-04-09T06:22:18+00:00\",\"description\":\"Gr\u00e1nulo de pizarra o mineral cer\u00e1mico a granel para repasar las juntas y desperfectos causados por la soldadura. Construcci\u00f3n sostenible. Danosa.\",\"breadcrumb\":{\"@id\":\"https:\/\/www.danosa.com\/es-co\/producto\/granulo-de-pizarra\/#breadcrumb\"},\"inLanguage\":\"es\",\"potentialAction\":[{\"@type\":\"ReadAction\",\"target\":[\"https:\/\/www.danosa.com\/es-co\/producto\/granulo-de-pizarra\/\"]}]},{\"@type\":\"BreadcrumbList\",\"@id\":\"https:\/\/www.danosa.com\/es-co\/producto\/granulo-de-pizarra\/#breadcrumb\",\"itemListElement\":[{\"@type\":\"ListItem\",\"position\":1,\"name\":\"Portada\",\"item\":\"https:\/\/www.danosa.com\/es-co\/\"},{\"@type\":\"ListItem\",\"position\":2,\"name\":\"GRANULO DE PIZARRA\"}]}]}<\/script>\n<!-- \/ Yoast SEO plugin. -->","yoast_head_json":{"title":"Gr\u00e1nulo de pizarra o mineral cer\u00e1mico a granel | Danosa","description":"Gr\u00e1nulo de pizarra o mineral cer\u00e1mico a granel para repasar las juntas y desperfectos causados por la soldadura. Construcci\u00f3n sostenible. Danosa.","robots":{"index":"index","follow":"follow","max-snippet":"max-snippet:-1","max-image-preview":"max-image-preview:large","max-video-preview":"max-video-preview:-1"},"canonical":"https:\/\/www.danosa.com\/es-co\/producto\/granulo-de-pizarra\/","og_locale":"es_ES","og_type":"article","og_title":"Gr\u00e1nulo de pizarra o mineral cer\u00e1mico a granel | Danosa","og_description":"Gr\u00e1nulo de pizarra o mineral cer\u00e1mico a granel para repasar las juntas y desperfectos causados por la soldadura. Construcci\u00f3n sostenible. Danosa.","og_url":"https:\/\/www.danosa.com\/es-co\/producto\/granulo-de-pizarra\/","og_site_name":"Danosa Colombia","article_modified_time":"2026-04-09T06:22:18+00:00","twitter_card":"summary_large_image","twitter_misc":{"Tiempo de lectura":"1 minuto"},"schema":{"@context":"https:\/\/schema.org","@graph":[{"@type":"WebSite","@id":"https:\/\/www.danosa.com\/es-co\/#website","url":"https:\/\/www.danosa.com\/es-co\/","name":"Danosa Colombia","description":"Danosa","potentialAction":[{"@type":"SearchAction","target":{"@type":"EntryPoint","urlTemplate":"https:\/\/www.danosa.com\/es-co\/?s={search_term_string}"},"query-input":"required name=search_term_string"}],"inLanguage":"es"},{"@type":"WebPage","@id":"https:\/\/www.danosa.com\/es-co\/producto\/granulo-de-pizarra\/#webpage","url":"https:\/\/www.danosa.com\/es-co\/producto\/granulo-de-pizarra\/","name":"Gr\u00e1nulo de pizarra o mineral cer\u00e1mico a granel | Danosa","isPartOf":{"@id":"https:\/\/www.danosa.com\/es-co\/#website"},"datePublished":"2026-04-09T06:22:17+00:00","dateModified":"2026-04-09T06:22:18+00:00","description":"Gr\u00e1nulo de pizarra o mineral cer\u00e1mico a granel para repasar las juntas y desperfectos causados por la soldadura. Construcci\u00f3n sostenible. Danosa.","breadcrumb":{"@id":"https:\/\/www.danosa.com\/es-co\/producto\/granulo-de-pizarra\/#breadcrumb"},"inLanguage":"es","potentialAction":[{"@type":"ReadAction","target":["https:\/\/www.danosa.com\/es-co\/producto\/granulo-de-pizarra\/"]}]},{"@type":"BreadcrumbList","@id":"https:\/\/www.danosa.com\/es-co\/producto\/granulo-de-pizarra\/#breadcrumb","itemListElement":[{"@type":"ListItem","position":1,"name":"Portada","item":"https:\/\/www.danosa.com\/es-co\/"},{"@type":"ListItem","position":2,"name":"GRANULO DE PIZARRA"}]}]}},"_links":{"self":[{"href":"https:\/\/www.danosa.com\/es-co\/wp-json\/wp\/v2\/product\/4069"}],"collection":[{"href":"https:\/\/www.danosa.com\/es-co\/wp-json\/wp\/v2\/product"}],"about":[{"href":"https:\/\/www.danosa.com\/es-co\/wp-json\/wp\/v2\/types\/product"}],"wp:attachment":[{"href":"https:\/\/www.danosa.com\/es-co\/wp-json\/wp\/v2\/media?parent=4069"}],"wp:term":[{"taxonomy":"family","embeddable":true,"href":"https:\/\/www.danosa.com\/es-co\/wp-json\/wp\/v2\/family?post=4069"},{"taxonomy":"product_notice","embeddable":true,"href":"https:\/\/www.danosa.com\/es-co\/wp-json\/wp\/v2\/product_notice?post=4069"},{"taxonomy":"product_icon","embeddable":true,"href":"https:\/\/www.danosa.com\/es-co\/wp-json\/wp\/v2\/product_icon?post=4069"},{"taxonomy":"product_application","embeddable":true,"href":"https:\/\/www.danosa.com\/es-co\/wp-json\/wp\/v2\/product_application?post=4069"},{"taxonomy":"product_standards_certification","embeddable":true,"href":"https:\/\/www.danosa.com\/es-co\/wp-json\/wp\/v2\/product_standards_certification?post=4069"},{"taxonomy":"product_benefits","embeddable":true,"href":"https:\/\/www.danosa.com\/es-co\/wp-json\/wp\/v2\/product_benefits?post=4069"},{"taxonomy":"product_support","embeddable":true,"href":"https:\/\/www.danosa.com\/es-co\/wp-json\/wp\/v2\/product_support?post=4069"},{"taxonomy":"product_substrate_preparation","embeddable":true,"href":"https:\/\/www.danosa.com\/es-co\/wp-json\/wp\/v2\/product_substrate_preparation?post=4069"},{"taxonomy":"product_important_indications","embeddable":true,"href":"https:\/\/www.danosa.com\/es-co\/wp-json\/wp\/v2\/product_important_indications?post=4069"},{"taxonomy":"product_conservation","embeddable":true,"href":"https:\/\/www.danosa.com\/es-co\/wp-json\/wp\/v2\/product_conservation?post=4069"},{"taxonomy":"product_warning","embeddable":true,"href":"https:\/\/www.danosa.com\/es-co\/wp-json\/wp\/v2\/product_warning?post=4069"},{"taxonomy":"product_safety_hygiene","embeddable":true,"href":"https:\/\/www.danosa.com\/es-co\/wp-json\/wp\/v2\/product_safety_hygiene?post=4069"},{"taxonomy":"system_certification","embeddable":true,"href":"https:\/\/www.danosa.com\/es-co\/wp-json\/wp\/v2\/system_certification?post=4069"},{"taxonomy":"product_maintenance","embeddable":true,"href":"https:\/\/www.danosa.com\/es-co\/wp-json\/wp\/v2\/product_maintenance?post=4069"},{"taxonomy":"product_safety_datasheet","embeddable":true,"href":"https:\/\/www.danosa.com\/es-co\/wp-json\/wp\/v2\/product_safety_datasheet?post=4069"},{"taxonomy":"filter_special_uses","embeddable":true,"href":"https:\/\/www.danosa.com\/es-co\/wp-json\/wp\/v2\/filter_special_uses?post=4069"}],"curies":[{"name":"wp","href":"https:\/\/api.w.org\/{rel}","templated":true}]}}