{"id":4071,"date":"2026-04-09T08:22:17","date_gmt":"2026-04-09T06:22:17","guid":{"rendered":"https:\/\/www.danosa.com\/es-co\/blog\/product\/impactodan\/"},"modified":"2026-04-09T08:22:18","modified_gmt":"2026-04-09T06:22:18","slug":"impactodan","status":"publish","type":"product","link":"https:\/\/www.danosa.com\/es-co\/producto\/impactodan\/","title":{"rendered":"IMPACTODAN"},"content":{"rendered":"<p>El IMPACTODAN es una l\u00e1mina flexible de polietileno qu\u00edmicamente reticulado de celda cerrada que proporciona al producto una estructuraci\u00f3n interna el\u00e1stica. Ac\u00fasticamente el IMPACTODAN  funciona como amortiguador aplicado en un sistema masa-resorte-masa.<\/p>\n","protected":false},"excerpt":{"rendered":"<p>L\u00e1mina de polietileno reticulado y espumado para aislamiento ac\u00fastico de forjados.<\/p>\n","protected":false},"featured_media":0,"parent":0,"menu_order":0,"template":"","meta":{"inline_featured_image":false,"site-sidebar-layout":"default","site-content-layout":"default","ast-main-header-display":"","ast-hfb-above-header-display":"","ast-hfb-below-header-display":"","ast-hfb-mobile-header-display":"","site-post-title":"","ast-breadcrumbs-content":"","ast-featured-img":"","footer-sml-layout":"","theme-transparent-header-meta":"","adv-header-id-meta":"","stick-header-meta":"","header-above-stick-meta":"","header-main-stick-meta":"","header-below-stick-meta":""},"family":[3103],"product_notice":[11437],"product_icon":[],"product_application":[9999,10003,10074],"product_standards_certification":[11361,11372],"product_benefits":[9390,9391,9457,9477,9623,9632,9640,9769],"product_support":[],"product_substrate_preparation":[],"product_important_indications":[10519,10526,10554,10574,10587,10621,10719,10733],"product_conservation":[10806,10819,10823,10837,10896,10925,10998,11000],"product_warning":[],"product_safety_hygiene":[],"system_certification":[3496,3137],"product_maintenance":[],"product_safety_datasheet":[],"filter_special_uses":[],"acf":[],"yoast_head":"<!-- This site is optimized with the Yoast SEO plugin v18.1 - https:\/\/yoast.com\/wordpress\/plugins\/seo\/ -->\n<title>Aislante ac\u00fastico IMPACTODAN | L\u00e1mina anti impacto suelos y forjados<\/title>\n<meta name=\"description\" content=\"L\u00e1mina anti impacto flexible de polietileno reticulado para aislamiento ac\u00fastico a ruido a\u00e9reo y de impacto en suelos y forjados. ACUSTIDAN. Danosa.\" \/>\n<meta name=\"robots\" content=\"index, follow, max-snippet:-1, max-image-preview:large, max-video-preview:-1\" \/>\n<link rel=\"canonical\" href=\"https:\/\/www.danosa.com\/es-co\/producto\/impactodan\/\" \/>\n<meta property=\"og:locale\" content=\"es_ES\" \/>\n<meta property=\"og:type\" content=\"article\" \/>\n<meta property=\"og:title\" content=\"Aislante ac\u00fastico IMPACTODAN | L\u00e1mina anti impacto suelos y forjados\" \/>\n<meta property=\"og:description\" content=\"L\u00e1mina anti impacto flexible de polietileno reticulado para aislamiento ac\u00fastico a ruido a\u00e9reo y de impacto en suelos y forjados. ACUSTIDAN. Danosa.\" \/>\n<meta property=\"og:url\" content=\"https:\/\/www.danosa.com\/es-co\/producto\/impactodan\/\" \/>\n<meta property=\"og:site_name\" content=\"Danosa Colombia\" \/>\n<meta property=\"article:modified_time\" content=\"2026-04-09T06:22:18+00:00\" \/>\n<meta name=\"twitter:card\" content=\"summary_large_image\" \/>\n<script type=\"application\/ld+json\" class=\"yoast-schema-graph\">{\"@context\":\"https:\/\/schema.org\",\"@graph\":[{\"@type\":\"WebSite\",\"@id\":\"https:\/\/www.danosa.com\/es-co\/#website\",\"url\":\"https:\/\/www.danosa.com\/es-co\/\",\"name\":\"Danosa Colombia\",\"description\":\"Danosa\",\"potentialAction\":[{\"@type\":\"SearchAction\",\"target\":{\"@type\":\"EntryPoint\",\"urlTemplate\":\"https:\/\/www.danosa.com\/es-co\/?s={search_term_string}\"},\"query-input\":\"required name=search_term_string\"}],\"inLanguage\":\"es\"},{\"@type\":\"WebPage\",\"@id\":\"https:\/\/www.danosa.com\/es-co\/producto\/impactodan\/#webpage\",\"url\":\"https:\/\/www.danosa.com\/es-co\/producto\/impactodan\/\",\"name\":\"Aislante ac\u00fastico IMPACTODAN | L\u00e1mina anti impacto suelos y forjados\",\"isPartOf\":{\"@id\":\"https:\/\/www.danosa.com\/es-co\/#website\"},\"datePublished\":\"2026-04-09T06:22:17+00:00\",\"dateModified\":\"2026-04-09T06:22:18+00:00\",\"description\":\"L\u00e1mina anti impacto flexible de polietileno reticulado para aislamiento ac\u00fastico a ruido a\u00e9reo y de impacto en suelos y forjados. ACUSTIDAN. Danosa.\",\"breadcrumb\":{\"@id\":\"https:\/\/www.danosa.com\/es-co\/producto\/impactodan\/#breadcrumb\"},\"inLanguage\":\"es\",\"potentialAction\":[{\"@type\":\"ReadAction\",\"target\":[\"https:\/\/www.danosa.com\/es-co\/producto\/impactodan\/\"]}]},{\"@type\":\"BreadcrumbList\",\"@id\":\"https:\/\/www.danosa.com\/es-co\/producto\/impactodan\/#breadcrumb\",\"itemListElement\":[{\"@type\":\"ListItem\",\"position\":1,\"name\":\"Portada\",\"item\":\"https:\/\/www.danosa.com\/es-co\/\"},{\"@type\":\"ListItem\",\"position\":2,\"name\":\"IMPACTODAN\"}]}]}<\/script>\n<!-- \/ Yoast SEO plugin. -->","yoast_head_json":{"title":"Aislante ac\u00fastico IMPACTODAN | L\u00e1mina anti impacto suelos y forjados","description":"L\u00e1mina anti impacto flexible de polietileno reticulado para aislamiento ac\u00fastico a ruido a\u00e9reo y de impacto en suelos y forjados. ACUSTIDAN. Danosa.","robots":{"index":"index","follow":"follow","max-snippet":"max-snippet:-1","max-image-preview":"max-image-preview:large","max-video-preview":"max-video-preview:-1"},"canonical":"https:\/\/www.danosa.com\/es-co\/producto\/impactodan\/","og_locale":"es_ES","og_type":"article","og_title":"Aislante ac\u00fastico IMPACTODAN | L\u00e1mina anti impacto suelos y forjados","og_description":"L\u00e1mina anti impacto flexible de polietileno reticulado para aislamiento ac\u00fastico a ruido a\u00e9reo y de impacto en suelos y forjados. ACUSTIDAN. Danosa.","og_url":"https:\/\/www.danosa.com\/es-co\/producto\/impactodan\/","og_site_name":"Danosa Colombia","article_modified_time":"2026-04-09T06:22:18+00:00","twitter_card":"summary_large_image","schema":{"@context":"https:\/\/schema.org","@graph":[{"@type":"WebSite","@id":"https:\/\/www.danosa.com\/es-co\/#website","url":"https:\/\/www.danosa.com\/es-co\/","name":"Danosa Colombia","description":"Danosa","potentialAction":[{"@type":"SearchAction","target":{"@type":"EntryPoint","urlTemplate":"https:\/\/www.danosa.com\/es-co\/?s={search_term_string}"},"query-input":"required name=search_term_string"}],"inLanguage":"es"},{"@type":"WebPage","@id":"https:\/\/www.danosa.com\/es-co\/producto\/impactodan\/#webpage","url":"https:\/\/www.danosa.com\/es-co\/producto\/impactodan\/","name":"Aislante ac\u00fastico IMPACTODAN | L\u00e1mina anti impacto suelos y forjados","isPartOf":{"@id":"https:\/\/www.danosa.com\/es-co\/#website"},"datePublished":"2026-04-09T06:22:17+00:00","dateModified":"2026-04-09T06:22:18+00:00","description":"L\u00e1mina anti impacto flexible de polietileno reticulado para aislamiento ac\u00fastico a ruido a\u00e9reo y de impacto en suelos y forjados. ACUSTIDAN. Danosa.","breadcrumb":{"@id":"https:\/\/www.danosa.com\/es-co\/producto\/impactodan\/#breadcrumb"},"inLanguage":"es","potentialAction":[{"@type":"ReadAction","target":["https:\/\/www.danosa.com\/es-co\/producto\/impactodan\/"]}]},{"@type":"BreadcrumbList","@id":"https:\/\/www.danosa.com\/es-co\/producto\/impactodan\/#breadcrumb","itemListElement":[{"@type":"ListItem","position":1,"name":"Portada","item":"https:\/\/www.danosa.com\/es-co\/"},{"@type":"ListItem","position":2,"name":"IMPACTODAN"}]}]}},"_links":{"self":[{"href":"https:\/\/www.danosa.com\/es-co\/wp-json\/wp\/v2\/product\/4071"}],"collection":[{"href":"https:\/\/www.danosa.com\/es-co\/wp-json\/wp\/v2\/product"}],"about":[{"href":"https:\/\/www.danosa.com\/es-co\/wp-json\/wp\/v2\/types\/product"}],"wp:attachment":[{"href":"https:\/\/www.danosa.com\/es-co\/wp-json\/wp\/v2\/media?parent=4071"}],"wp:term":[{"taxonomy":"family","embeddable":true,"href":"https:\/\/www.danosa.com\/es-co\/wp-json\/wp\/v2\/family?post=4071"},{"taxonomy":"product_notice","embeddable":true,"href":"https:\/\/www.danosa.com\/es-co\/wp-json\/wp\/v2\/product_notice?post=4071"},{"taxonomy":"product_icon","embeddable":true,"href":"https:\/\/www.danosa.com\/es-co\/wp-json\/wp\/v2\/product_icon?post=4071"},{"taxonomy":"product_application","embeddable":true,"href":"https:\/\/www.danosa.com\/es-co\/wp-json\/wp\/v2\/product_application?post=4071"},{"taxonomy":"product_standards_certification","embeddable":true,"href":"https:\/\/www.danosa.com\/es-co\/wp-json\/wp\/v2\/product_standards_certification?post=4071"},{"taxonomy":"product_benefits","embeddable":true,"href":"https:\/\/www.danosa.com\/es-co\/wp-json\/wp\/v2\/product_benefits?post=4071"},{"taxonomy":"product_support","embeddable":true,"href":"https:\/\/www.danosa.com\/es-co\/wp-json\/wp\/v2\/product_support?post=4071"},{"taxonomy":"product_substrate_preparation","embeddable":true,"href":"https:\/\/www.danosa.com\/es-co\/wp-json\/wp\/v2\/product_substrate_preparation?post=4071"},{"taxonomy":"product_important_indications","embeddable":true,"href":"https:\/\/www.danosa.com\/es-co\/wp-json\/wp\/v2\/product_important_indications?post=4071"},{"taxonomy":"product_conservation","embeddable":true,"href":"https:\/\/www.danosa.com\/es-co\/wp-json\/wp\/v2\/product_conservation?post=4071"},{"taxonomy":"product_warning","embeddable":true,"href":"https:\/\/www.danosa.com\/es-co\/wp-json\/wp\/v2\/product_warning?post=4071"},{"taxonomy":"product_safety_hygiene","embeddable":true,"href":"https:\/\/www.danosa.com\/es-co\/wp-json\/wp\/v2\/product_safety_hygiene?post=4071"},{"taxonomy":"system_certification","embeddable":true,"href":"https:\/\/www.danosa.com\/es-co\/wp-json\/wp\/v2\/system_certification?post=4071"},{"taxonomy":"product_maintenance","embeddable":true,"href":"https:\/\/www.danosa.com\/es-co\/wp-json\/wp\/v2\/product_maintenance?post=4071"},{"taxonomy":"product_safety_datasheet","embeddable":true,"href":"https:\/\/www.danosa.com\/es-co\/wp-json\/wp\/v2\/product_safety_datasheet?post=4071"},{"taxonomy":"filter_special_uses","embeddable":true,"href":"https:\/\/www.danosa.com\/es-co\/wp-json\/wp\/v2\/filter_special_uses?post=4071"}],"curies":[{"name":"wp","href":"https:\/\/api.w.org\/{rel}","templated":true}]}}