{"id":4092,"date":"2026-04-09T08:22:21","date_gmt":"2026-04-09T06:22:21","guid":{"rendered":"https:\/\/www.danosa.com\/es-co\/blog\/product\/juntodan\/"},"modified":"2026-04-09T08:22:24","modified_gmt":"2026-04-09T06:22:24","slug":"juntodan","status":"publish","type":"product","link":"https:\/\/www.danosa.com\/es-co\/producto\/juntodan\/","title":{"rendered":"JUNTODAN"},"content":{"rendered":"<p>JUNTODAN E es un producto para sellado de juntas, compuesto por bet\u00fan asf\u00e1ltico modificado, que se presenta en forma de cordones de aproximadamente 50 cm de longitud y en diversos di\u00e1metros. Permite la formaci\u00f3n de la junta y su libre movimiento a lo largo del tiempo.<\/p>\n","protected":false},"excerpt":{"rendered":"<p>Cord\u00f3n bituminoso para relleno de juntas<\/p>\n","protected":false},"featured_media":0,"parent":0,"menu_order":0,"template":"","meta":{"inline_featured_image":false,"site-sidebar-layout":"default","site-content-layout":"default","ast-main-header-display":"","ast-hfb-above-header-display":"","ast-hfb-below-header-display":"","ast-hfb-mobile-header-display":"","site-post-title":"","ast-breadcrumbs-content":"","ast-featured-img":"","footer-sml-layout":"","theme-transparent-header-meta":"","adv-header-id-meta":"","stick-header-meta":"","header-above-stick-meta":"","header-main-stick-meta":"","header-below-stick-meta":""},"family":[3054],"product_notice":[11437],"product_icon":[],"product_application":[10351,10353,10361],"product_standards_certification":[11302],"product_benefits":[9379,9467,9499,9610,9631,9634,9657,9726,9738,9739,9741,9752,9755,9778,9788,9822,9955],"product_support":[],"product_substrate_preparation":[],"product_important_indications":[10558,10575,10580,10695,10795],"product_conservation":[10810,10842,10870,10880,10885,10919,10926,10951,10997,10998,11000],"product_warning":[],"product_safety_hygiene":[],"system_certification":[],"product_maintenance":[],"product_safety_datasheet":[],"filter_special_uses":[],"acf":[],"yoast_head":"<!-- This site is optimized with the Yoast SEO plugin v18.1 - https:\/\/yoast.com\/wordpress\/plugins\/seo\/ -->\n<title>Sellado y relleno de juntas de dilataci\u00f3n | JUNTODAN | Bet\u00fan asf\u00e1ltico<\/title>\n<meta name=\"description\" content=\"Material para sellado y relleno de juntas de dilataci\u00f3n en construcci\u00f3n y obra p\u00fablica. Bet\u00fan asf\u00e1ltico 50 cm de longitud. Diversos di\u00e1metros. Alto rendimiento.\" \/>\n<meta name=\"robots\" content=\"index, follow, max-snippet:-1, max-image-preview:large, max-video-preview:-1\" \/>\n<link rel=\"canonical\" href=\"https:\/\/www.danosa.com\/es-co\/producto\/juntodan\/\" \/>\n<meta property=\"og:locale\" content=\"es_ES\" \/>\n<meta property=\"og:type\" content=\"article\" \/>\n<meta property=\"og:title\" content=\"Sellado y relleno de juntas de dilataci\u00f3n | JUNTODAN | Bet\u00fan asf\u00e1ltico\" \/>\n<meta property=\"og:description\" content=\"Material para sellado y relleno de juntas de dilataci\u00f3n en construcci\u00f3n y obra p\u00fablica. Bet\u00fan asf\u00e1ltico 50 cm de longitud. Diversos di\u00e1metros. Alto rendimiento.\" \/>\n<meta property=\"og:url\" content=\"https:\/\/www.danosa.com\/es-co\/producto\/juntodan\/\" \/>\n<meta property=\"og:site_name\" content=\"Danosa Colombia\" \/>\n<meta property=\"article:modified_time\" content=\"2026-04-09T06:22:24+00:00\" \/>\n<meta name=\"twitter:card\" content=\"summary_large_image\" \/>\n<script type=\"application\/ld+json\" class=\"yoast-schema-graph\">{\"@context\":\"https:\/\/schema.org\",\"@graph\":[{\"@type\":\"WebSite\",\"@id\":\"https:\/\/www.danosa.com\/es-co\/#website\",\"url\":\"https:\/\/www.danosa.com\/es-co\/\",\"name\":\"Danosa Colombia\",\"description\":\"Danosa\",\"potentialAction\":[{\"@type\":\"SearchAction\",\"target\":{\"@type\":\"EntryPoint\",\"urlTemplate\":\"https:\/\/www.danosa.com\/es-co\/?s={search_term_string}\"},\"query-input\":\"required name=search_term_string\"}],\"inLanguage\":\"es\"},{\"@type\":\"WebPage\",\"@id\":\"https:\/\/www.danosa.com\/es-co\/producto\/juntodan\/#webpage\",\"url\":\"https:\/\/www.danosa.com\/es-co\/producto\/juntodan\/\",\"name\":\"Sellado y relleno de juntas de dilataci\u00f3n | JUNTODAN | Bet\u00fan asf\u00e1ltico\",\"isPartOf\":{\"@id\":\"https:\/\/www.danosa.com\/es-co\/#website\"},\"datePublished\":\"2026-04-09T06:22:21+00:00\",\"dateModified\":\"2026-04-09T06:22:24+00:00\",\"description\":\"Material para sellado y relleno de juntas de dilataci\u00f3n en construcci\u00f3n y obra p\u00fablica. Bet\u00fan asf\u00e1ltico 50 cm de longitud. Diversos di\u00e1metros. Alto rendimiento.\",\"breadcrumb\":{\"@id\":\"https:\/\/www.danosa.com\/es-co\/producto\/juntodan\/#breadcrumb\"},\"inLanguage\":\"es\",\"potentialAction\":[{\"@type\":\"ReadAction\",\"target\":[\"https:\/\/www.danosa.com\/es-co\/producto\/juntodan\/\"]}]},{\"@type\":\"BreadcrumbList\",\"@id\":\"https:\/\/www.danosa.com\/es-co\/producto\/juntodan\/#breadcrumb\",\"itemListElement\":[{\"@type\":\"ListItem\",\"position\":1,\"name\":\"Portada\",\"item\":\"https:\/\/www.danosa.com\/es-co\/\"},{\"@type\":\"ListItem\",\"position\":2,\"name\":\"JUNTODAN\"}]}]}<\/script>\n<!-- \/ Yoast SEO plugin. -->","yoast_head_json":{"title":"Sellado y relleno de juntas de dilataci\u00f3n | JUNTODAN | Bet\u00fan asf\u00e1ltico","description":"Material para sellado y relleno de juntas de dilataci\u00f3n en construcci\u00f3n y obra p\u00fablica. Bet\u00fan asf\u00e1ltico 50 cm de longitud. Diversos di\u00e1metros. Alto rendimiento.","robots":{"index":"index","follow":"follow","max-snippet":"max-snippet:-1","max-image-preview":"max-image-preview:large","max-video-preview":"max-video-preview:-1"},"canonical":"https:\/\/www.danosa.com\/es-co\/producto\/juntodan\/","og_locale":"es_ES","og_type":"article","og_title":"Sellado y relleno de juntas de dilataci\u00f3n | JUNTODAN | Bet\u00fan asf\u00e1ltico","og_description":"Material para sellado y relleno de juntas de dilataci\u00f3n en construcci\u00f3n y obra p\u00fablica. Bet\u00fan asf\u00e1ltico 50 cm de longitud. Diversos di\u00e1metros. Alto rendimiento.","og_url":"https:\/\/www.danosa.com\/es-co\/producto\/juntodan\/","og_site_name":"Danosa Colombia","article_modified_time":"2026-04-09T06:22:24+00:00","twitter_card":"summary_large_image","schema":{"@context":"https:\/\/schema.org","@graph":[{"@type":"WebSite","@id":"https:\/\/www.danosa.com\/es-co\/#website","url":"https:\/\/www.danosa.com\/es-co\/","name":"Danosa Colombia","description":"Danosa","potentialAction":[{"@type":"SearchAction","target":{"@type":"EntryPoint","urlTemplate":"https:\/\/www.danosa.com\/es-co\/?s={search_term_string}"},"query-input":"required name=search_term_string"}],"inLanguage":"es"},{"@type":"WebPage","@id":"https:\/\/www.danosa.com\/es-co\/producto\/juntodan\/#webpage","url":"https:\/\/www.danosa.com\/es-co\/producto\/juntodan\/","name":"Sellado y relleno de juntas de dilataci\u00f3n | JUNTODAN | Bet\u00fan asf\u00e1ltico","isPartOf":{"@id":"https:\/\/www.danosa.com\/es-co\/#website"},"datePublished":"2026-04-09T06:22:21+00:00","dateModified":"2026-04-09T06:22:24+00:00","description":"Material para sellado y relleno de juntas de dilataci\u00f3n en construcci\u00f3n y obra p\u00fablica. Bet\u00fan asf\u00e1ltico 50 cm de longitud. Diversos di\u00e1metros. Alto rendimiento.","breadcrumb":{"@id":"https:\/\/www.danosa.com\/es-co\/producto\/juntodan\/#breadcrumb"},"inLanguage":"es","potentialAction":[{"@type":"ReadAction","target":["https:\/\/www.danosa.com\/es-co\/producto\/juntodan\/"]}]},{"@type":"BreadcrumbList","@id":"https:\/\/www.danosa.com\/es-co\/producto\/juntodan\/#breadcrumb","itemListElement":[{"@type":"ListItem","position":1,"name":"Portada","item":"https:\/\/www.danosa.com\/es-co\/"},{"@type":"ListItem","position":2,"name":"JUNTODAN"}]}]}},"_links":{"self":[{"href":"https:\/\/www.danosa.com\/es-co\/wp-json\/wp\/v2\/product\/4092"}],"collection":[{"href":"https:\/\/www.danosa.com\/es-co\/wp-json\/wp\/v2\/product"}],"about":[{"href":"https:\/\/www.danosa.com\/es-co\/wp-json\/wp\/v2\/types\/product"}],"wp:attachment":[{"href":"https:\/\/www.danosa.com\/es-co\/wp-json\/wp\/v2\/media?parent=4092"}],"wp:term":[{"taxonomy":"family","embeddable":true,"href":"https:\/\/www.danosa.com\/es-co\/wp-json\/wp\/v2\/family?post=4092"},{"taxonomy":"product_notice","embeddable":true,"href":"https:\/\/www.danosa.com\/es-co\/wp-json\/wp\/v2\/product_notice?post=4092"},{"taxonomy":"product_icon","embeddable":true,"href":"https:\/\/www.danosa.com\/es-co\/wp-json\/wp\/v2\/product_icon?post=4092"},{"taxonomy":"product_application","embeddable":true,"href":"https:\/\/www.danosa.com\/es-co\/wp-json\/wp\/v2\/product_application?post=4092"},{"taxonomy":"product_standards_certification","embeddable":true,"href":"https:\/\/www.danosa.com\/es-co\/wp-json\/wp\/v2\/product_standards_certification?post=4092"},{"taxonomy":"product_benefits","embeddable":true,"href":"https:\/\/www.danosa.com\/es-co\/wp-json\/wp\/v2\/product_benefits?post=4092"},{"taxonomy":"product_support","embeddable":true,"href":"https:\/\/www.danosa.com\/es-co\/wp-json\/wp\/v2\/product_support?post=4092"},{"taxonomy":"product_substrate_preparation","embeddable":true,"href":"https:\/\/www.danosa.com\/es-co\/wp-json\/wp\/v2\/product_substrate_preparation?post=4092"},{"taxonomy":"product_important_indications","embeddable":true,"href":"https:\/\/www.danosa.com\/es-co\/wp-json\/wp\/v2\/product_important_indications?post=4092"},{"taxonomy":"product_conservation","embeddable":true,"href":"https:\/\/www.danosa.com\/es-co\/wp-json\/wp\/v2\/product_conservation?post=4092"},{"taxonomy":"product_warning","embeddable":true,"href":"https:\/\/www.danosa.com\/es-co\/wp-json\/wp\/v2\/product_warning?post=4092"},{"taxonomy":"product_safety_hygiene","embeddable":true,"href":"https:\/\/www.danosa.com\/es-co\/wp-json\/wp\/v2\/product_safety_hygiene?post=4092"},{"taxonomy":"system_certification","embeddable":true,"href":"https:\/\/www.danosa.com\/es-co\/wp-json\/wp\/v2\/system_certification?post=4092"},{"taxonomy":"product_maintenance","embeddable":true,"href":"https:\/\/www.danosa.com\/es-co\/wp-json\/wp\/v2\/product_maintenance?post=4092"},{"taxonomy":"product_safety_datasheet","embeddable":true,"href":"https:\/\/www.danosa.com\/es-co\/wp-json\/wp\/v2\/product_safety_datasheet?post=4092"},{"taxonomy":"filter_special_uses","embeddable":true,"href":"https:\/\/www.danosa.com\/es-co\/wp-json\/wp\/v2\/filter_special_uses?post=4092"}],"curies":[{"name":"wp","href":"https:\/\/api.w.org\/{rel}","templated":true}]}}