{"id":4098,"date":"2026-04-09T08:22:21","date_gmt":"2026-04-09T06:22:21","guid":{"rendered":"https:\/\/www.danosa.com\/es-co\/blog\/product\/mad4\/"},"modified":"2026-04-09T08:22:24","modified_gmt":"2026-04-09T06:22:24","slug":"mad4","status":"publish","type":"product","link":"https:\/\/www.danosa.com\/es-co\/producto\/mad4\/","title":{"rendered":"MAD4"},"content":{"rendered":"<p>La Membrana Ac\u00fastica Danosa M.A.D.4 es una l\u00e1mina bituminosa armada con cargas minerales, revestida en sus caras externas por un film de polietileno de alta densidad. Ac\u00fasticamente funciona como elemento pl\u00e1stico entre elementos r\u00edgidos, siendo un eficaz sustituto del plomo; entre elementos resorte funciona como resonador membrana (absorbente t\u00edpico a bajas frecuencias)<\/p>\n","protected":false},"excerpt":{"rendered":"<p>Membrana ac\u00fastica de 4 mm de espesor.<\/p>\n","protected":false},"featured_media":0,"parent":0,"menu_order":0,"template":"","meta":{"inline_featured_image":false,"site-sidebar-layout":"default","site-content-layout":"default","ast-main-header-display":"","ast-hfb-above-header-display":"","ast-hfb-below-header-display":"","ast-hfb-mobile-header-display":"","site-post-title":"","ast-breadcrumbs-content":"","ast-featured-img":"","footer-sml-layout":"","theme-transparent-header-meta":"","adv-header-id-meta":"","stick-header-meta":"","header-above-stick-meta":"","header-main-stick-meta":"","header-below-stick-meta":""},"family":[3101],"product_notice":[11437],"product_icon":[],"product_application":[10343,10355,10397],"product_standards_certification":[11349,11361,11372],"product_benefits":[9394,9395,9402,9507,9548,9616],"product_support":[],"product_substrate_preparation":[],"product_important_indications":[10520,10550,10556,10577,10616,10625,10646,10650,10701,10723,10732],"product_conservation":[10819,10823,10832,10844,10848,10851,10884,10887,10896,10938,10998,11000],"product_warning":[],"product_safety_hygiene":[],"system_certification":[3136],"product_maintenance":[],"product_safety_datasheet":[],"filter_special_uses":[],"acf":[],"yoast_head":"<!-- This site is optimized with the Yoast SEO plugin v18.1 - https:\/\/yoast.com\/wordpress\/plugins\/seo\/ -->\n<title>L\u00e1mina antiruido MAD4 | Aislamiento ac\u00fastico de bajas frecuencias<\/title>\n<meta name=\"description\" content=\"MAD4 es una l\u00e1mina antiruido bituminosa armada con cargas minerales, revestida en sus caras externas por polietileno de alta densidad. Garant\u00eda Danosa\" \/>\n<meta name=\"robots\" content=\"index, follow, max-snippet:-1, max-image-preview:large, max-video-preview:-1\" \/>\n<link rel=\"canonical\" href=\"https:\/\/www.danosa.com\/es-co\/producto\/mad4\/\" \/>\n<meta property=\"og:locale\" content=\"es_ES\" \/>\n<meta property=\"og:type\" content=\"article\" \/>\n<meta property=\"og:title\" content=\"L\u00e1mina antiruido MAD4 | Aislamiento ac\u00fastico de bajas frecuencias\" \/>\n<meta property=\"og:description\" content=\"MAD4 es una l\u00e1mina antiruido bituminosa armada con cargas minerales, revestida en sus caras externas por polietileno de alta densidad. Garant\u00eda Danosa\" \/>\n<meta property=\"og:url\" content=\"https:\/\/www.danosa.com\/es-co\/producto\/mad4\/\" \/>\n<meta property=\"og:site_name\" content=\"Danosa Colombia\" \/>\n<meta property=\"article:modified_time\" content=\"2026-04-09T06:22:24+00:00\" \/>\n<meta name=\"twitter:card\" content=\"summary_large_image\" \/>\n<script type=\"application\/ld+json\" class=\"yoast-schema-graph\">{\"@context\":\"https:\/\/schema.org\",\"@graph\":[{\"@type\":\"WebSite\",\"@id\":\"https:\/\/www.danosa.com\/es-co\/#website\",\"url\":\"https:\/\/www.danosa.com\/es-co\/\",\"name\":\"Danosa Colombia\",\"description\":\"Danosa\",\"potentialAction\":[{\"@type\":\"SearchAction\",\"target\":{\"@type\":\"EntryPoint\",\"urlTemplate\":\"https:\/\/www.danosa.com\/es-co\/?s={search_term_string}\"},\"query-input\":\"required name=search_term_string\"}],\"inLanguage\":\"es\"},{\"@type\":\"WebPage\",\"@id\":\"https:\/\/www.danosa.com\/es-co\/producto\/mad4\/#webpage\",\"url\":\"https:\/\/www.danosa.com\/es-co\/producto\/mad4\/\",\"name\":\"L\u00e1mina antiruido MAD4 | Aislamiento ac\u00fastico de bajas frecuencias\",\"isPartOf\":{\"@id\":\"https:\/\/www.danosa.com\/es-co\/#website\"},\"datePublished\":\"2026-04-09T06:22:21+00:00\",\"dateModified\":\"2026-04-09T06:22:24+00:00\",\"description\":\"MAD4 es una l\u00e1mina antiruido bituminosa armada con cargas minerales, revestida en sus caras externas por polietileno de alta densidad. Garant\u00eda Danosa\",\"breadcrumb\":{\"@id\":\"https:\/\/www.danosa.com\/es-co\/producto\/mad4\/#breadcrumb\"},\"inLanguage\":\"es\",\"potentialAction\":[{\"@type\":\"ReadAction\",\"target\":[\"https:\/\/www.danosa.com\/es-co\/producto\/mad4\/\"]}]},{\"@type\":\"BreadcrumbList\",\"@id\":\"https:\/\/www.danosa.com\/es-co\/producto\/mad4\/#breadcrumb\",\"itemListElement\":[{\"@type\":\"ListItem\",\"position\":1,\"name\":\"Portada\",\"item\":\"https:\/\/www.danosa.com\/es-co\/\"},{\"@type\":\"ListItem\",\"position\":2,\"name\":\"MAD4\"}]}]}<\/script>\n<!-- \/ Yoast SEO plugin. -->","yoast_head_json":{"title":"L\u00e1mina antiruido MAD4 | Aislamiento ac\u00fastico de bajas frecuencias","description":"MAD4 es una l\u00e1mina antiruido bituminosa armada con cargas minerales, revestida en sus caras externas por polietileno de alta densidad. Garant\u00eda Danosa","robots":{"index":"index","follow":"follow","max-snippet":"max-snippet:-1","max-image-preview":"max-image-preview:large","max-video-preview":"max-video-preview:-1"},"canonical":"https:\/\/www.danosa.com\/es-co\/producto\/mad4\/","og_locale":"es_ES","og_type":"article","og_title":"L\u00e1mina antiruido MAD4 | Aislamiento ac\u00fastico de bajas frecuencias","og_description":"MAD4 es una l\u00e1mina antiruido bituminosa armada con cargas minerales, revestida en sus caras externas por polietileno de alta densidad. Garant\u00eda Danosa","og_url":"https:\/\/www.danosa.com\/es-co\/producto\/mad4\/","og_site_name":"Danosa Colombia","article_modified_time":"2026-04-09T06:22:24+00:00","twitter_card":"summary_large_image","schema":{"@context":"https:\/\/schema.org","@graph":[{"@type":"WebSite","@id":"https:\/\/www.danosa.com\/es-co\/#website","url":"https:\/\/www.danosa.com\/es-co\/","name":"Danosa Colombia","description":"Danosa","potentialAction":[{"@type":"SearchAction","target":{"@type":"EntryPoint","urlTemplate":"https:\/\/www.danosa.com\/es-co\/?s={search_term_string}"},"query-input":"required name=search_term_string"}],"inLanguage":"es"},{"@type":"WebPage","@id":"https:\/\/www.danosa.com\/es-co\/producto\/mad4\/#webpage","url":"https:\/\/www.danosa.com\/es-co\/producto\/mad4\/","name":"L\u00e1mina antiruido MAD4 | Aislamiento ac\u00fastico de bajas frecuencias","isPartOf":{"@id":"https:\/\/www.danosa.com\/es-co\/#website"},"datePublished":"2026-04-09T06:22:21+00:00","dateModified":"2026-04-09T06:22:24+00:00","description":"MAD4 es una l\u00e1mina antiruido bituminosa armada con cargas minerales, revestida en sus caras externas por polietileno de alta densidad. Garant\u00eda Danosa","breadcrumb":{"@id":"https:\/\/www.danosa.com\/es-co\/producto\/mad4\/#breadcrumb"},"inLanguage":"es","potentialAction":[{"@type":"ReadAction","target":["https:\/\/www.danosa.com\/es-co\/producto\/mad4\/"]}]},{"@type":"BreadcrumbList","@id":"https:\/\/www.danosa.com\/es-co\/producto\/mad4\/#breadcrumb","itemListElement":[{"@type":"ListItem","position":1,"name":"Portada","item":"https:\/\/www.danosa.com\/es-co\/"},{"@type":"ListItem","position":2,"name":"MAD4"}]}]}},"_links":{"self":[{"href":"https:\/\/www.danosa.com\/es-co\/wp-json\/wp\/v2\/product\/4098"}],"collection":[{"href":"https:\/\/www.danosa.com\/es-co\/wp-json\/wp\/v2\/product"}],"about":[{"href":"https:\/\/www.danosa.com\/es-co\/wp-json\/wp\/v2\/types\/product"}],"wp:attachment":[{"href":"https:\/\/www.danosa.com\/es-co\/wp-json\/wp\/v2\/media?parent=4098"}],"wp:term":[{"taxonomy":"family","embeddable":true,"href":"https:\/\/www.danosa.com\/es-co\/wp-json\/wp\/v2\/family?post=4098"},{"taxonomy":"product_notice","embeddable":true,"href":"https:\/\/www.danosa.com\/es-co\/wp-json\/wp\/v2\/product_notice?post=4098"},{"taxonomy":"product_icon","embeddable":true,"href":"https:\/\/www.danosa.com\/es-co\/wp-json\/wp\/v2\/product_icon?post=4098"},{"taxonomy":"product_application","embeddable":true,"href":"https:\/\/www.danosa.com\/es-co\/wp-json\/wp\/v2\/product_application?post=4098"},{"taxonomy":"product_standards_certification","embeddable":true,"href":"https:\/\/www.danosa.com\/es-co\/wp-json\/wp\/v2\/product_standards_certification?post=4098"},{"taxonomy":"product_benefits","embeddable":true,"href":"https:\/\/www.danosa.com\/es-co\/wp-json\/wp\/v2\/product_benefits?post=4098"},{"taxonomy":"product_support","embeddable":true,"href":"https:\/\/www.danosa.com\/es-co\/wp-json\/wp\/v2\/product_support?post=4098"},{"taxonomy":"product_substrate_preparation","embeddable":true,"href":"https:\/\/www.danosa.com\/es-co\/wp-json\/wp\/v2\/product_substrate_preparation?post=4098"},{"taxonomy":"product_important_indications","embeddable":true,"href":"https:\/\/www.danosa.com\/es-co\/wp-json\/wp\/v2\/product_important_indications?post=4098"},{"taxonomy":"product_conservation","embeddable":true,"href":"https:\/\/www.danosa.com\/es-co\/wp-json\/wp\/v2\/product_conservation?post=4098"},{"taxonomy":"product_warning","embeddable":true,"href":"https:\/\/www.danosa.com\/es-co\/wp-json\/wp\/v2\/product_warning?post=4098"},{"taxonomy":"product_safety_hygiene","embeddable":true,"href":"https:\/\/www.danosa.com\/es-co\/wp-json\/wp\/v2\/product_safety_hygiene?post=4098"},{"taxonomy":"system_certification","embeddable":true,"href":"https:\/\/www.danosa.com\/es-co\/wp-json\/wp\/v2\/system_certification?post=4098"},{"taxonomy":"product_maintenance","embeddable":true,"href":"https:\/\/www.danosa.com\/es-co\/wp-json\/wp\/v2\/product_maintenance?post=4098"},{"taxonomy":"product_safety_datasheet","embeddable":true,"href":"https:\/\/www.danosa.com\/es-co\/wp-json\/wp\/v2\/product_safety_datasheet?post=4098"},{"taxonomy":"filter_special_uses","embeddable":true,"href":"https:\/\/www.danosa.com\/es-co\/wp-json\/wp\/v2\/filter_special_uses?post=4098"}],"curies":[{"name":"wp","href":"https:\/\/api.w.org\/{rel}","templated":true}]}}