{"id":4099,"date":"2026-04-09T08:25:56","date_gmt":"2026-04-09T06:25:56","guid":{"rendered":"https:\/\/www.danosa.com\/es-co\/blog\/product\/mad4-autoadhesiva\/"},"modified":"2026-04-09T08:25:57","modified_gmt":"2026-04-09T06:25:57","slug":"mad4-autoadhesiva","status":"publish","type":"product","link":"https:\/\/www.danosa.com\/es-co\/producto\/mad4-autoadhesiva\/","title":{"rendered":"MAD4 AUTOADHESIVA"},"content":{"rendered":"<p>La Membrana Ac\u00fastica Danosa M.A.D.4 autoadhesiva (placas) es una membrana bituminosa de 4 mm de espesor, obtenida a partir de betum modificado para conseguir u mejor rendimiento ac\u00fastico.rSe utiliza para mejorar y aislar ac\u00fasticamente a bajas frecuencias dos tabiques secos, colocada entre ambas placas de yeso-laminado (tanto en paredes como en techos), formando un &#8216;sandwich ac\u00fastico&#8217;.<\/p>\n","protected":false},"excerpt":{"rendered":"<p>Membrana ac\u00fastica autoadhesiva de 4 mm de espesor, en placas de 1.20 x 1 m.<\/p>\n","protected":false},"featured_media":0,"parent":0,"menu_order":0,"template":"","meta":{"inline_featured_image":false,"site-sidebar-layout":"default","site-content-layout":"default","ast-main-header-display":"","ast-hfb-above-header-display":"","ast-hfb-below-header-display":"","ast-hfb-mobile-header-display":"","site-post-title":"","ast-breadcrumbs-content":"","ast-featured-img":"","footer-sml-layout":"","theme-transparent-header-meta":"","adv-header-id-meta":"","stick-header-meta":"","header-above-stick-meta":"","header-main-stick-meta":"","header-below-stick-meta":""},"family":[3101],"product_notice":[11437],"product_icon":[],"product_application":[10343,10355,10397],"product_standards_certification":[11349,11361,11372],"product_benefits":[9394,9395,9402,9507,9548,9616],"product_support":[],"product_substrate_preparation":[],"product_important_indications":[10520,10550,10556,10577,10616,10618,10625,10646,10650,10688,10701,10723,10732],"product_conservation":[10819,10823,10832,10844,10848,10851,10884,10887,10896,10938,10998,11000],"product_warning":[],"product_safety_hygiene":[],"system_certification":[3136],"product_maintenance":[],"product_safety_datasheet":[],"filter_special_uses":[],"acf":[],"yoast_head":"<!-- This site is optimized with the Yoast SEO plugin v18.1 - https:\/\/yoast.com\/wordpress\/plugins\/seo\/ -->\n<title>L\u00e1mina aislante ac\u00fastico autoadhesiva MAD4 anti-resonante | Danosa<\/title>\n<meta name=\"description\" content=\"L\u00e1mina autoadhesiva de 4 mm de espesor para insonorizar a bajas frecuencias dos tabiques secos, colocada entre ambas placas de yeso-laminado. Danosa.\" \/>\n<meta name=\"robots\" content=\"index, follow, max-snippet:-1, max-image-preview:large, max-video-preview:-1\" \/>\n<link rel=\"canonical\" href=\"https:\/\/www.danosa.com\/es-co\/producto\/mad4-autoadhesiva\/\" \/>\n<meta property=\"og:locale\" content=\"es_ES\" \/>\n<meta property=\"og:type\" content=\"article\" \/>\n<meta property=\"og:title\" content=\"L\u00e1mina aislante ac\u00fastico autoadhesiva MAD4 anti-resonante | Danosa\" \/>\n<meta property=\"og:description\" content=\"L\u00e1mina autoadhesiva de 4 mm de espesor para insonorizar a bajas frecuencias dos tabiques secos, colocada entre ambas placas de yeso-laminado. Danosa.\" \/>\n<meta property=\"og:url\" content=\"https:\/\/www.danosa.com\/es-co\/producto\/mad4-autoadhesiva\/\" \/>\n<meta property=\"og:site_name\" content=\"Danosa Colombia\" \/>\n<meta property=\"article:modified_time\" content=\"2026-04-09T06:25:57+00:00\" \/>\n<meta name=\"twitter:card\" content=\"summary_large_image\" \/>\n<script type=\"application\/ld+json\" class=\"yoast-schema-graph\">{\"@context\":\"https:\/\/schema.org\",\"@graph\":[{\"@type\":\"WebSite\",\"@id\":\"https:\/\/www.danosa.com\/es-co\/#website\",\"url\":\"https:\/\/www.danosa.com\/es-co\/\",\"name\":\"Danosa Colombia\",\"description\":\"Danosa\",\"potentialAction\":[{\"@type\":\"SearchAction\",\"target\":{\"@type\":\"EntryPoint\",\"urlTemplate\":\"https:\/\/www.danosa.com\/es-co\/?s={search_term_string}\"},\"query-input\":\"required name=search_term_string\"}],\"inLanguage\":\"es\"},{\"@type\":\"WebPage\",\"@id\":\"https:\/\/www.danosa.com\/es-co\/producto\/mad4-autoadhesiva\/#webpage\",\"url\":\"https:\/\/www.danosa.com\/es-co\/producto\/mad4-autoadhesiva\/\",\"name\":\"L\u00e1mina aislante ac\u00fastico autoadhesiva MAD4 anti-resonante | Danosa\",\"isPartOf\":{\"@id\":\"https:\/\/www.danosa.com\/es-co\/#website\"},\"datePublished\":\"2026-04-09T06:25:56+00:00\",\"dateModified\":\"2026-04-09T06:25:57+00:00\",\"description\":\"L\u00e1mina autoadhesiva de 4 mm de espesor para insonorizar a bajas frecuencias dos tabiques secos, colocada entre ambas placas de yeso-laminado. Danosa.\",\"breadcrumb\":{\"@id\":\"https:\/\/www.danosa.com\/es-co\/producto\/mad4-autoadhesiva\/#breadcrumb\"},\"inLanguage\":\"es\",\"potentialAction\":[{\"@type\":\"ReadAction\",\"target\":[\"https:\/\/www.danosa.com\/es-co\/producto\/mad4-autoadhesiva\/\"]}]},{\"@type\":\"BreadcrumbList\",\"@id\":\"https:\/\/www.danosa.com\/es-co\/producto\/mad4-autoadhesiva\/#breadcrumb\",\"itemListElement\":[{\"@type\":\"ListItem\",\"position\":1,\"name\":\"Portada\",\"item\":\"https:\/\/www.danosa.com\/es-co\/\"},{\"@type\":\"ListItem\",\"position\":2,\"name\":\"MAD4 AUTOADHESIVA\"}]}]}<\/script>\n<!-- \/ Yoast SEO plugin. -->","yoast_head_json":{"title":"L\u00e1mina aislante ac\u00fastico autoadhesiva MAD4 anti-resonante | Danosa","description":"L\u00e1mina autoadhesiva de 4 mm de espesor para insonorizar a bajas frecuencias dos tabiques secos, colocada entre ambas placas de yeso-laminado. Danosa.","robots":{"index":"index","follow":"follow","max-snippet":"max-snippet:-1","max-image-preview":"max-image-preview:large","max-video-preview":"max-video-preview:-1"},"canonical":"https:\/\/www.danosa.com\/es-co\/producto\/mad4-autoadhesiva\/","og_locale":"es_ES","og_type":"article","og_title":"L\u00e1mina aislante ac\u00fastico autoadhesiva MAD4 anti-resonante | Danosa","og_description":"L\u00e1mina autoadhesiva de 4 mm de espesor para insonorizar a bajas frecuencias dos tabiques secos, colocada entre ambas placas de yeso-laminado. Danosa.","og_url":"https:\/\/www.danosa.com\/es-co\/producto\/mad4-autoadhesiva\/","og_site_name":"Danosa Colombia","article_modified_time":"2026-04-09T06:25:57+00:00","twitter_card":"summary_large_image","schema":{"@context":"https:\/\/schema.org","@graph":[{"@type":"WebSite","@id":"https:\/\/www.danosa.com\/es-co\/#website","url":"https:\/\/www.danosa.com\/es-co\/","name":"Danosa Colombia","description":"Danosa","potentialAction":[{"@type":"SearchAction","target":{"@type":"EntryPoint","urlTemplate":"https:\/\/www.danosa.com\/es-co\/?s={search_term_string}"},"query-input":"required name=search_term_string"}],"inLanguage":"es"},{"@type":"WebPage","@id":"https:\/\/www.danosa.com\/es-co\/producto\/mad4-autoadhesiva\/#webpage","url":"https:\/\/www.danosa.com\/es-co\/producto\/mad4-autoadhesiva\/","name":"L\u00e1mina aislante ac\u00fastico autoadhesiva MAD4 anti-resonante | Danosa","isPartOf":{"@id":"https:\/\/www.danosa.com\/es-co\/#website"},"datePublished":"2026-04-09T06:25:56+00:00","dateModified":"2026-04-09T06:25:57+00:00","description":"L\u00e1mina autoadhesiva de 4 mm de espesor para insonorizar a bajas frecuencias dos tabiques secos, colocada entre ambas placas de yeso-laminado. Danosa.","breadcrumb":{"@id":"https:\/\/www.danosa.com\/es-co\/producto\/mad4-autoadhesiva\/#breadcrumb"},"inLanguage":"es","potentialAction":[{"@type":"ReadAction","target":["https:\/\/www.danosa.com\/es-co\/producto\/mad4-autoadhesiva\/"]}]},{"@type":"BreadcrumbList","@id":"https:\/\/www.danosa.com\/es-co\/producto\/mad4-autoadhesiva\/#breadcrumb","itemListElement":[{"@type":"ListItem","position":1,"name":"Portada","item":"https:\/\/www.danosa.com\/es-co\/"},{"@type":"ListItem","position":2,"name":"MAD4 AUTOADHESIVA"}]}]}},"_links":{"self":[{"href":"https:\/\/www.danosa.com\/es-co\/wp-json\/wp\/v2\/product\/4099"}],"collection":[{"href":"https:\/\/www.danosa.com\/es-co\/wp-json\/wp\/v2\/product"}],"about":[{"href":"https:\/\/www.danosa.com\/es-co\/wp-json\/wp\/v2\/types\/product"}],"wp:attachment":[{"href":"https:\/\/www.danosa.com\/es-co\/wp-json\/wp\/v2\/media?parent=4099"}],"wp:term":[{"taxonomy":"family","embeddable":true,"href":"https:\/\/www.danosa.com\/es-co\/wp-json\/wp\/v2\/family?post=4099"},{"taxonomy":"product_notice","embeddable":true,"href":"https:\/\/www.danosa.com\/es-co\/wp-json\/wp\/v2\/product_notice?post=4099"},{"taxonomy":"product_icon","embeddable":true,"href":"https:\/\/www.danosa.com\/es-co\/wp-json\/wp\/v2\/product_icon?post=4099"},{"taxonomy":"product_application","embeddable":true,"href":"https:\/\/www.danosa.com\/es-co\/wp-json\/wp\/v2\/product_application?post=4099"},{"taxonomy":"product_standards_certification","embeddable":true,"href":"https:\/\/www.danosa.com\/es-co\/wp-json\/wp\/v2\/product_standards_certification?post=4099"},{"taxonomy":"product_benefits","embeddable":true,"href":"https:\/\/www.danosa.com\/es-co\/wp-json\/wp\/v2\/product_benefits?post=4099"},{"taxonomy":"product_support","embeddable":true,"href":"https:\/\/www.danosa.com\/es-co\/wp-json\/wp\/v2\/product_support?post=4099"},{"taxonomy":"product_substrate_preparation","embeddable":true,"href":"https:\/\/www.danosa.com\/es-co\/wp-json\/wp\/v2\/product_substrate_preparation?post=4099"},{"taxonomy":"product_important_indications","embeddable":true,"href":"https:\/\/www.danosa.com\/es-co\/wp-json\/wp\/v2\/product_important_indications?post=4099"},{"taxonomy":"product_conservation","embeddable":true,"href":"https:\/\/www.danosa.com\/es-co\/wp-json\/wp\/v2\/product_conservation?post=4099"},{"taxonomy":"product_warning","embeddable":true,"href":"https:\/\/www.danosa.com\/es-co\/wp-json\/wp\/v2\/product_warning?post=4099"},{"taxonomy":"product_safety_hygiene","embeddable":true,"href":"https:\/\/www.danosa.com\/es-co\/wp-json\/wp\/v2\/product_safety_hygiene?post=4099"},{"taxonomy":"system_certification","embeddable":true,"href":"https:\/\/www.danosa.com\/es-co\/wp-json\/wp\/v2\/system_certification?post=4099"},{"taxonomy":"product_maintenance","embeddable":true,"href":"https:\/\/www.danosa.com\/es-co\/wp-json\/wp\/v2\/product_maintenance?post=4099"},{"taxonomy":"product_safety_datasheet","embeddable":true,"href":"https:\/\/www.danosa.com\/es-co\/wp-json\/wp\/v2\/product_safety_datasheet?post=4099"},{"taxonomy":"filter_special_uses","embeddable":true,"href":"https:\/\/www.danosa.com\/es-co\/wp-json\/wp\/v2\/filter_special_uses?post=4099"}],"curies":[{"name":"wp","href":"https:\/\/api.w.org\/{rel}","templated":true}]}}