{"id":4106,"date":"2026-04-09T08:25:56","date_gmt":"2026-04-09T06:25:56","guid":{"rendered":"https:\/\/www.danosa.com\/es-co\/blog\/product\/paragravillas-danosa\/"},"modified":"2026-04-09T08:25:59","modified_gmt":"2026-04-09T06:25:59","slug":"paragravillas-danosa","status":"publish","type":"product","link":"https:\/\/www.danosa.com\/es-co\/producto\/paragravillas-danosa\/","title":{"rendered":"PARAGRAVILLAS DANOSA"},"content":{"rendered":"<p>El Paragravillas DANOSA es un protector de polietileno de alta densidad (PEAD), de medida \u00fanica especialmente dise\u00f1ada para cubiertas acabadas en grava.rSirve para\u00a0retener la gravilla u otros elementos de gran tama\u00f1o que podr\u00edan atascar la cazoleta o las bajantes.<\/p>\n","protected":false},"excerpt":{"rendered":"<p>Paragravillas de polietileno.<\/p>\n","protected":false},"featured_media":0,"parent":0,"menu_order":0,"template":"","meta":{"inline_featured_image":false,"site-sidebar-layout":"default","site-content-layout":"default","ast-main-header-display":"","ast-hfb-above-header-display":"","ast-hfb-below-header-display":"","ast-hfb-mobile-header-display":"","site-post-title":"","ast-breadcrumbs-content":"","ast-featured-img":"","footer-sml-layout":"","theme-transparent-header-meta":"","adv-header-id-meta":"","stick-header-meta":"","header-above-stick-meta":"","header-main-stick-meta":"","header-below-stick-meta":""},"family":[3076],"product_notice":[11437],"product_icon":[],"product_application":[],"product_standards_certification":[],"product_benefits":[],"product_support":[],"product_substrate_preparation":[],"product_important_indications":[],"product_conservation":[],"product_warning":[],"product_safety_hygiene":[],"system_certification":[],"product_maintenance":[],"product_safety_datasheet":[],"filter_special_uses":[],"acf":[],"yoast_head":"<!-- This site is optimized with the Yoast SEO plugin v18.1 - https:\/\/yoast.com\/wordpress\/plugins\/seo\/ -->\n<title>Paragravillas Danosa polietileno alta densidad (PEAD) | Cubierta grava<\/title>\n<meta name=\"description\" content=\"Paragravillas Danosa: protector de polietileno alta densidad (PEAD) de medida \u00fanica especialmente dise\u00f1ada para cubiertas acabadas en grava. Garant\u00eda Danosa.\" \/>\n<meta name=\"robots\" content=\"index, follow, max-snippet:-1, max-image-preview:large, max-video-preview:-1\" \/>\n<link rel=\"canonical\" href=\"https:\/\/www.danosa.com\/es-co\/producto\/paragravillas-danosa\/\" \/>\n<meta property=\"og:locale\" content=\"es_ES\" \/>\n<meta property=\"og:type\" content=\"article\" \/>\n<meta property=\"og:title\" content=\"Paragravillas Danosa polietileno alta densidad (PEAD) | Cubierta grava\" \/>\n<meta property=\"og:description\" content=\"Paragravillas Danosa: protector de polietileno alta densidad (PEAD) de medida \u00fanica especialmente dise\u00f1ada para cubiertas acabadas en grava. Garant\u00eda Danosa.\" \/>\n<meta property=\"og:url\" content=\"https:\/\/www.danosa.com\/es-co\/producto\/paragravillas-danosa\/\" \/>\n<meta property=\"og:site_name\" content=\"Danosa Colombia\" \/>\n<meta property=\"article:modified_time\" content=\"2026-04-09T06:25:59+00:00\" \/>\n<meta name=\"twitter:card\" content=\"summary_large_image\" \/>\n<script type=\"application\/ld+json\" class=\"yoast-schema-graph\">{\"@context\":\"https:\/\/schema.org\",\"@graph\":[{\"@type\":\"WebSite\",\"@id\":\"https:\/\/www.danosa.com\/es-co\/#website\",\"url\":\"https:\/\/www.danosa.com\/es-co\/\",\"name\":\"Danosa Colombia\",\"description\":\"Danosa\",\"potentialAction\":[{\"@type\":\"SearchAction\",\"target\":{\"@type\":\"EntryPoint\",\"urlTemplate\":\"https:\/\/www.danosa.com\/es-co\/?s={search_term_string}\"},\"query-input\":\"required name=search_term_string\"}],\"inLanguage\":\"es\"},{\"@type\":\"WebPage\",\"@id\":\"https:\/\/www.danosa.com\/es-co\/producto\/paragravillas-danosa\/#webpage\",\"url\":\"https:\/\/www.danosa.com\/es-co\/producto\/paragravillas-danosa\/\",\"name\":\"Paragravillas Danosa polietileno alta densidad (PEAD) | Cubierta grava\",\"isPartOf\":{\"@id\":\"https:\/\/www.danosa.com\/es-co\/#website\"},\"datePublished\":\"2026-04-09T06:25:56+00:00\",\"dateModified\":\"2026-04-09T06:25:59+00:00\",\"description\":\"Paragravillas Danosa: protector de polietileno alta densidad (PEAD) de medida \u00fanica especialmente dise\u00f1ada para cubiertas acabadas en grava. Garant\u00eda Danosa.\",\"breadcrumb\":{\"@id\":\"https:\/\/www.danosa.com\/es-co\/producto\/paragravillas-danosa\/#breadcrumb\"},\"inLanguage\":\"es\",\"potentialAction\":[{\"@type\":\"ReadAction\",\"target\":[\"https:\/\/www.danosa.com\/es-co\/producto\/paragravillas-danosa\/\"]}]},{\"@type\":\"BreadcrumbList\",\"@id\":\"https:\/\/www.danosa.com\/es-co\/producto\/paragravillas-danosa\/#breadcrumb\",\"itemListElement\":[{\"@type\":\"ListItem\",\"position\":1,\"name\":\"Portada\",\"item\":\"https:\/\/www.danosa.com\/es-co\/\"},{\"@type\":\"ListItem\",\"position\":2,\"name\":\"PARAGRAVILLAS DANOSA\"}]}]}<\/script>\n<!-- \/ Yoast SEO plugin. -->","yoast_head_json":{"title":"Paragravillas Danosa polietileno alta densidad (PEAD) | Cubierta grava","description":"Paragravillas Danosa: protector de polietileno alta densidad (PEAD) de medida \u00fanica especialmente dise\u00f1ada para cubiertas acabadas en grava. Garant\u00eda Danosa.","robots":{"index":"index","follow":"follow","max-snippet":"max-snippet:-1","max-image-preview":"max-image-preview:large","max-video-preview":"max-video-preview:-1"},"canonical":"https:\/\/www.danosa.com\/es-co\/producto\/paragravillas-danosa\/","og_locale":"es_ES","og_type":"article","og_title":"Paragravillas Danosa polietileno alta densidad (PEAD) | Cubierta grava","og_description":"Paragravillas Danosa: protector de polietileno alta densidad (PEAD) de medida \u00fanica especialmente dise\u00f1ada para cubiertas acabadas en grava. Garant\u00eda Danosa.","og_url":"https:\/\/www.danosa.com\/es-co\/producto\/paragravillas-danosa\/","og_site_name":"Danosa Colombia","article_modified_time":"2026-04-09T06:25:59+00:00","twitter_card":"summary_large_image","schema":{"@context":"https:\/\/schema.org","@graph":[{"@type":"WebSite","@id":"https:\/\/www.danosa.com\/es-co\/#website","url":"https:\/\/www.danosa.com\/es-co\/","name":"Danosa Colombia","description":"Danosa","potentialAction":[{"@type":"SearchAction","target":{"@type":"EntryPoint","urlTemplate":"https:\/\/www.danosa.com\/es-co\/?s={search_term_string}"},"query-input":"required name=search_term_string"}],"inLanguage":"es"},{"@type":"WebPage","@id":"https:\/\/www.danosa.com\/es-co\/producto\/paragravillas-danosa\/#webpage","url":"https:\/\/www.danosa.com\/es-co\/producto\/paragravillas-danosa\/","name":"Paragravillas Danosa polietileno alta densidad (PEAD) | Cubierta grava","isPartOf":{"@id":"https:\/\/www.danosa.com\/es-co\/#website"},"datePublished":"2026-04-09T06:25:56+00:00","dateModified":"2026-04-09T06:25:59+00:00","description":"Paragravillas Danosa: protector de polietileno alta densidad (PEAD) de medida \u00fanica especialmente dise\u00f1ada para cubiertas acabadas en grava. Garant\u00eda Danosa.","breadcrumb":{"@id":"https:\/\/www.danosa.com\/es-co\/producto\/paragravillas-danosa\/#breadcrumb"},"inLanguage":"es","potentialAction":[{"@type":"ReadAction","target":["https:\/\/www.danosa.com\/es-co\/producto\/paragravillas-danosa\/"]}]},{"@type":"BreadcrumbList","@id":"https:\/\/www.danosa.com\/es-co\/producto\/paragravillas-danosa\/#breadcrumb","itemListElement":[{"@type":"ListItem","position":1,"name":"Portada","item":"https:\/\/www.danosa.com\/es-co\/"},{"@type":"ListItem","position":2,"name":"PARAGRAVILLAS DANOSA"}]}]}},"_links":{"self":[{"href":"https:\/\/www.danosa.com\/es-co\/wp-json\/wp\/v2\/product\/4106"}],"collection":[{"href":"https:\/\/www.danosa.com\/es-co\/wp-json\/wp\/v2\/product"}],"about":[{"href":"https:\/\/www.danosa.com\/es-co\/wp-json\/wp\/v2\/types\/product"}],"wp:attachment":[{"href":"https:\/\/www.danosa.com\/es-co\/wp-json\/wp\/v2\/media?parent=4106"}],"wp:term":[{"taxonomy":"family","embeddable":true,"href":"https:\/\/www.danosa.com\/es-co\/wp-json\/wp\/v2\/family?post=4106"},{"taxonomy":"product_notice","embeddable":true,"href":"https:\/\/www.danosa.com\/es-co\/wp-json\/wp\/v2\/product_notice?post=4106"},{"taxonomy":"product_icon","embeddable":true,"href":"https:\/\/www.danosa.com\/es-co\/wp-json\/wp\/v2\/product_icon?post=4106"},{"taxonomy":"product_application","embeddable":true,"href":"https:\/\/www.danosa.com\/es-co\/wp-json\/wp\/v2\/product_application?post=4106"},{"taxonomy":"product_standards_certification","embeddable":true,"href":"https:\/\/www.danosa.com\/es-co\/wp-json\/wp\/v2\/product_standards_certification?post=4106"},{"taxonomy":"product_benefits","embeddable":true,"href":"https:\/\/www.danosa.com\/es-co\/wp-json\/wp\/v2\/product_benefits?post=4106"},{"taxonomy":"product_support","embeddable":true,"href":"https:\/\/www.danosa.com\/es-co\/wp-json\/wp\/v2\/product_support?post=4106"},{"taxonomy":"product_substrate_preparation","embeddable":true,"href":"https:\/\/www.danosa.com\/es-co\/wp-json\/wp\/v2\/product_substrate_preparation?post=4106"},{"taxonomy":"product_important_indications","embeddable":true,"href":"https:\/\/www.danosa.com\/es-co\/wp-json\/wp\/v2\/product_important_indications?post=4106"},{"taxonomy":"product_conservation","embeddable":true,"href":"https:\/\/www.danosa.com\/es-co\/wp-json\/wp\/v2\/product_conservation?post=4106"},{"taxonomy":"product_warning","embeddable":true,"href":"https:\/\/www.danosa.com\/es-co\/wp-json\/wp\/v2\/product_warning?post=4106"},{"taxonomy":"product_safety_hygiene","embeddable":true,"href":"https:\/\/www.danosa.com\/es-co\/wp-json\/wp\/v2\/product_safety_hygiene?post=4106"},{"taxonomy":"system_certification","embeddable":true,"href":"https:\/\/www.danosa.com\/es-co\/wp-json\/wp\/v2\/system_certification?post=4106"},{"taxonomy":"product_maintenance","embeddable":true,"href":"https:\/\/www.danosa.com\/es-co\/wp-json\/wp\/v2\/product_maintenance?post=4106"},{"taxonomy":"product_safety_datasheet","embeddable":true,"href":"https:\/\/www.danosa.com\/es-co\/wp-json\/wp\/v2\/product_safety_datasheet?post=4106"},{"taxonomy":"filter_special_uses","embeddable":true,"href":"https:\/\/www.danosa.com\/es-co\/wp-json\/wp\/v2\/filter_special_uses?post=4106"}],"curies":[{"name":"wp","href":"https:\/\/api.w.org\/{rel}","templated":true}]}}