{"id":4110,"date":"2026-04-09T08:25:56","date_gmt":"2026-04-09T06:25:56","guid":{"rendered":"https:\/\/www.danosa.com\/es-co\/blog\/product\/perfil-colaminado-a\/"},"modified":"2026-04-09T08:26:00","modified_gmt":"2026-04-09T06:26:00","slug":"perfil-colaminado-a","status":"publish","type":"product","link":"https:\/\/www.danosa.com\/es-co\/producto\/perfil-colaminado-a\/","title":{"rendered":"PERFIL COLAMINADO A"},"content":{"rendered":"<p>Perfil de chapa colaminada con PVC-p, utilizado como remate de la impermeabilizaci\u00f3n tanto en el plano horizontal como en el paramento vertical.<\/p>\n","protected":false},"excerpt":{"rendered":"<p>Perfil de chapa colaminada con PVC-p<\/p>\n","protected":false},"featured_media":0,"parent":0,"menu_order":0,"template":"","meta":{"inline_featured_image":false,"site-sidebar-layout":"default","site-content-layout":"default","ast-main-header-display":"","ast-hfb-above-header-display":"","ast-hfb-below-header-display":"","ast-hfb-mobile-header-display":"","site-post-title":"","ast-breadcrumbs-content":"","ast-featured-img":"","footer-sml-layout":"","theme-transparent-header-meta":"","adv-header-id-meta":"","stick-header-meta":"","header-above-stick-meta":"","header-main-stick-meta":"","header-below-stick-meta":""},"family":[3073],"product_notice":[11437],"product_icon":[],"product_application":[10408],"product_standards_certification":[],"product_benefits":[9495,9600,9793,9830],"product_support":[],"product_substrate_preparation":[],"product_important_indications":[10522,10523,10551,10590,10602,10604,10707,10708,10709],"product_conservation":[10834,10842,10870,10874,10919,10920,10939,10997,10998,11000],"product_warning":[],"product_safety_hygiene":[],"system_certification":[3151,3152],"product_maintenance":[],"product_safety_datasheet":[],"filter_special_uses":[],"acf":[],"yoast_head":"<!-- This site is optimized with the Yoast SEO plugin v18.1 - https:\/\/yoast.com\/wordpress\/plugins\/seo\/ -->\n<title>Perfil COLAMINADO plano de PVC - A | Remate para impermeabilizaci\u00f3n<\/title>\n<meta name=\"description\" content=\"Perfil de chapa colaminada con PVC-p para remate de la impermeabilizaci\u00f3n tanto en el plano horizontal como en el paramento vertical. Garant\u00eda Danosa.\" \/>\n<meta name=\"robots\" content=\"index, follow, max-snippet:-1, max-image-preview:large, max-video-preview:-1\" \/>\n<link rel=\"canonical\" href=\"https:\/\/www.danosa.com\/es-co\/producto\/perfil-colaminado-a\/\" \/>\n<meta property=\"og:locale\" content=\"es_ES\" \/>\n<meta property=\"og:type\" content=\"article\" \/>\n<meta property=\"og:title\" content=\"Perfil COLAMINADO plano de PVC - A | Remate para impermeabilizaci\u00f3n\" \/>\n<meta property=\"og:description\" content=\"Perfil de chapa colaminada con PVC-p para remate de la impermeabilizaci\u00f3n tanto en el plano horizontal como en el paramento vertical. Garant\u00eda Danosa.\" \/>\n<meta property=\"og:url\" content=\"https:\/\/www.danosa.com\/es-co\/producto\/perfil-colaminado-a\/\" \/>\n<meta property=\"og:site_name\" content=\"Danosa Colombia\" \/>\n<meta property=\"article:modified_time\" content=\"2026-04-09T06:26:00+00:00\" \/>\n<meta name=\"twitter:card\" content=\"summary_large_image\" \/>\n<script type=\"application\/ld+json\" class=\"yoast-schema-graph\">{\"@context\":\"https:\/\/schema.org\",\"@graph\":[{\"@type\":\"WebSite\",\"@id\":\"https:\/\/www.danosa.com\/es-co\/#website\",\"url\":\"https:\/\/www.danosa.com\/es-co\/\",\"name\":\"Danosa Colombia\",\"description\":\"Danosa\",\"potentialAction\":[{\"@type\":\"SearchAction\",\"target\":{\"@type\":\"EntryPoint\",\"urlTemplate\":\"https:\/\/www.danosa.com\/es-co\/?s={search_term_string}\"},\"query-input\":\"required name=search_term_string\"}],\"inLanguage\":\"es\"},{\"@type\":\"WebPage\",\"@id\":\"https:\/\/www.danosa.com\/es-co\/producto\/perfil-colaminado-a\/#webpage\",\"url\":\"https:\/\/www.danosa.com\/es-co\/producto\/perfil-colaminado-a\/\",\"name\":\"Perfil COLAMINADO plano de PVC - A | Remate para impermeabilizaci\u00f3n\",\"isPartOf\":{\"@id\":\"https:\/\/www.danosa.com\/es-co\/#website\"},\"datePublished\":\"2026-04-09T06:25:56+00:00\",\"dateModified\":\"2026-04-09T06:26:00+00:00\",\"description\":\"Perfil de chapa colaminada con PVC-p para remate de la impermeabilizaci\u00f3n tanto en el plano horizontal como en el paramento vertical. Garant\u00eda Danosa.\",\"breadcrumb\":{\"@id\":\"https:\/\/www.danosa.com\/es-co\/producto\/perfil-colaminado-a\/#breadcrumb\"},\"inLanguage\":\"es\",\"potentialAction\":[{\"@type\":\"ReadAction\",\"target\":[\"https:\/\/www.danosa.com\/es-co\/producto\/perfil-colaminado-a\/\"]}]},{\"@type\":\"BreadcrumbList\",\"@id\":\"https:\/\/www.danosa.com\/es-co\/producto\/perfil-colaminado-a\/#breadcrumb\",\"itemListElement\":[{\"@type\":\"ListItem\",\"position\":1,\"name\":\"Portada\",\"item\":\"https:\/\/www.danosa.com\/es-co\/\"},{\"@type\":\"ListItem\",\"position\":2,\"name\":\"PERFIL COLAMINADO A\"}]}]}<\/script>\n<!-- \/ Yoast SEO plugin. -->","yoast_head_json":{"title":"Perfil COLAMINADO plano de PVC - A | Remate para impermeabilizaci\u00f3n","description":"Perfil de chapa colaminada con PVC-p para remate de la impermeabilizaci\u00f3n tanto en el plano horizontal como en el paramento vertical. Garant\u00eda Danosa.","robots":{"index":"index","follow":"follow","max-snippet":"max-snippet:-1","max-image-preview":"max-image-preview:large","max-video-preview":"max-video-preview:-1"},"canonical":"https:\/\/www.danosa.com\/es-co\/producto\/perfil-colaminado-a\/","og_locale":"es_ES","og_type":"article","og_title":"Perfil COLAMINADO plano de PVC - A | Remate para impermeabilizaci\u00f3n","og_description":"Perfil de chapa colaminada con PVC-p para remate de la impermeabilizaci\u00f3n tanto en el plano horizontal como en el paramento vertical. Garant\u00eda Danosa.","og_url":"https:\/\/www.danosa.com\/es-co\/producto\/perfil-colaminado-a\/","og_site_name":"Danosa Colombia","article_modified_time":"2026-04-09T06:26:00+00:00","twitter_card":"summary_large_image","schema":{"@context":"https:\/\/schema.org","@graph":[{"@type":"WebSite","@id":"https:\/\/www.danosa.com\/es-co\/#website","url":"https:\/\/www.danosa.com\/es-co\/","name":"Danosa Colombia","description":"Danosa","potentialAction":[{"@type":"SearchAction","target":{"@type":"EntryPoint","urlTemplate":"https:\/\/www.danosa.com\/es-co\/?s={search_term_string}"},"query-input":"required name=search_term_string"}],"inLanguage":"es"},{"@type":"WebPage","@id":"https:\/\/www.danosa.com\/es-co\/producto\/perfil-colaminado-a\/#webpage","url":"https:\/\/www.danosa.com\/es-co\/producto\/perfil-colaminado-a\/","name":"Perfil COLAMINADO plano de PVC - A | Remate para impermeabilizaci\u00f3n","isPartOf":{"@id":"https:\/\/www.danosa.com\/es-co\/#website"},"datePublished":"2026-04-09T06:25:56+00:00","dateModified":"2026-04-09T06:26:00+00:00","description":"Perfil de chapa colaminada con PVC-p para remate de la impermeabilizaci\u00f3n tanto en el plano horizontal como en el paramento vertical. Garant\u00eda Danosa.","breadcrumb":{"@id":"https:\/\/www.danosa.com\/es-co\/producto\/perfil-colaminado-a\/#breadcrumb"},"inLanguage":"es","potentialAction":[{"@type":"ReadAction","target":["https:\/\/www.danosa.com\/es-co\/producto\/perfil-colaminado-a\/"]}]},{"@type":"BreadcrumbList","@id":"https:\/\/www.danosa.com\/es-co\/producto\/perfil-colaminado-a\/#breadcrumb","itemListElement":[{"@type":"ListItem","position":1,"name":"Portada","item":"https:\/\/www.danosa.com\/es-co\/"},{"@type":"ListItem","position":2,"name":"PERFIL COLAMINADO A"}]}]}},"_links":{"self":[{"href":"https:\/\/www.danosa.com\/es-co\/wp-json\/wp\/v2\/product\/4110"}],"collection":[{"href":"https:\/\/www.danosa.com\/es-co\/wp-json\/wp\/v2\/product"}],"about":[{"href":"https:\/\/www.danosa.com\/es-co\/wp-json\/wp\/v2\/types\/product"}],"wp:attachment":[{"href":"https:\/\/www.danosa.com\/es-co\/wp-json\/wp\/v2\/media?parent=4110"}],"wp:term":[{"taxonomy":"family","embeddable":true,"href":"https:\/\/www.danosa.com\/es-co\/wp-json\/wp\/v2\/family?post=4110"},{"taxonomy":"product_notice","embeddable":true,"href":"https:\/\/www.danosa.com\/es-co\/wp-json\/wp\/v2\/product_notice?post=4110"},{"taxonomy":"product_icon","embeddable":true,"href":"https:\/\/www.danosa.com\/es-co\/wp-json\/wp\/v2\/product_icon?post=4110"},{"taxonomy":"product_application","embeddable":true,"href":"https:\/\/www.danosa.com\/es-co\/wp-json\/wp\/v2\/product_application?post=4110"},{"taxonomy":"product_standards_certification","embeddable":true,"href":"https:\/\/www.danosa.com\/es-co\/wp-json\/wp\/v2\/product_standards_certification?post=4110"},{"taxonomy":"product_benefits","embeddable":true,"href":"https:\/\/www.danosa.com\/es-co\/wp-json\/wp\/v2\/product_benefits?post=4110"},{"taxonomy":"product_support","embeddable":true,"href":"https:\/\/www.danosa.com\/es-co\/wp-json\/wp\/v2\/product_support?post=4110"},{"taxonomy":"product_substrate_preparation","embeddable":true,"href":"https:\/\/www.danosa.com\/es-co\/wp-json\/wp\/v2\/product_substrate_preparation?post=4110"},{"taxonomy":"product_important_indications","embeddable":true,"href":"https:\/\/www.danosa.com\/es-co\/wp-json\/wp\/v2\/product_important_indications?post=4110"},{"taxonomy":"product_conservation","embeddable":true,"href":"https:\/\/www.danosa.com\/es-co\/wp-json\/wp\/v2\/product_conservation?post=4110"},{"taxonomy":"product_warning","embeddable":true,"href":"https:\/\/www.danosa.com\/es-co\/wp-json\/wp\/v2\/product_warning?post=4110"},{"taxonomy":"product_safety_hygiene","embeddable":true,"href":"https:\/\/www.danosa.com\/es-co\/wp-json\/wp\/v2\/product_safety_hygiene?post=4110"},{"taxonomy":"system_certification","embeddable":true,"href":"https:\/\/www.danosa.com\/es-co\/wp-json\/wp\/v2\/system_certification?post=4110"},{"taxonomy":"product_maintenance","embeddable":true,"href":"https:\/\/www.danosa.com\/es-co\/wp-json\/wp\/v2\/product_maintenance?post=4110"},{"taxonomy":"product_safety_datasheet","embeddable":true,"href":"https:\/\/www.danosa.com\/es-co\/wp-json\/wp\/v2\/product_safety_datasheet?post=4110"},{"taxonomy":"filter_special_uses","embeddable":true,"href":"https:\/\/www.danosa.com\/es-co\/wp-json\/wp\/v2\/filter_special_uses?post=4110"}],"curies":[{"name":"wp","href":"https:\/\/api.w.org\/{rel}","templated":true}]}}