{"id":4119,"date":"2026-04-09T08:26:01","date_gmt":"2026-04-09T06:26:01","guid":{"rendered":"https:\/\/www.danosa.com\/es-co\/blog\/product\/placa-bt-minionda\/"},"modified":"2026-04-09T08:26:03","modified_gmt":"2026-04-09T06:26:03","slug":"placa-bt-minionda","status":"publish","type":"product","link":"https:\/\/www.danosa.com\/es-co\/producto\/placa-bt-minionda\/","title":{"rendered":"PLACA BT MINIONDA"},"content":{"rendered":"<p>PLACA DANOSA BT MINIONDA (2000&#215;955) es una placa bituminosa de forma ondulada. Se compone\u00a0de fibras minerales y vegetales saturadas con una emulsi\u00f3n bituminosa a altas temperaturas. En su composici\u00f3n no hay amianto ni materias t\u00f3xicas, por lo que son totalmente inofensivas para la salud.<\/p>\n","protected":false},"excerpt":{"rendered":"<p>Placa bituminosa ondulada para impermeabilizaci\u00f3n de cubiertas inclinadas.<\/p>\n","protected":false},"featured_media":0,"parent":0,"menu_order":0,"template":"","meta":{"inline_featured_image":false,"site-sidebar-layout":"default","site-content-layout":"default","ast-main-header-display":"","ast-hfb-above-header-display":"","ast-hfb-below-header-display":"","ast-hfb-mobile-header-display":"","site-post-title":"","ast-breadcrumbs-content":"","ast-featured-img":"","footer-sml-layout":"","theme-transparent-header-meta":"","adv-header-id-meta":"","stick-header-meta":"","header-above-stick-meta":"","header-main-stick-meta":"","header-below-stick-meta":""},"family":[3054],"product_notice":[11437],"product_icon":[],"product_application":[10275,10276,10280],"product_standards_certification":[11318,11324],"product_benefits":[9419,9426,9439,9611,9691,9737,9766,9817],"product_support":[11250,11251,11252,11257],"product_substrate_preparation":[],"product_important_indications":[10617,10641,10651,10715],"product_conservation":[10834,10840,10842,10870,10917,10919,10926,10997,10998,11000],"product_warning":[],"product_safety_hygiene":[],"system_certification":[],"product_maintenance":[],"product_safety_datasheet":[],"filter_special_uses":[],"acf":[],"yoast_head":"<!-- This site is optimized with the Yoast SEO plugin v18.1 - https:\/\/yoast.com\/wordpress\/plugins\/seo\/ -->\n<title>Placa bituminosa ondulada minionda | Bajo tejas planas, curvas, mixtas<\/title>\n<meta name=\"description\" content=\"Placa bituminosa ondulada minionda para colocar debajo de tejas planas o mixta con rastreles. Sin amianto ni materias t\u00f3xicas. Alto rendimiento. Danosa.\" \/>\n<meta name=\"robots\" content=\"index, follow, max-snippet:-1, max-image-preview:large, max-video-preview:-1\" \/>\n<link rel=\"canonical\" href=\"https:\/\/www.danosa.com\/es-co\/producto\/placa-bt-minionda\/\" \/>\n<meta property=\"og:locale\" content=\"es_ES\" \/>\n<meta property=\"og:type\" content=\"article\" \/>\n<meta property=\"og:title\" content=\"Placa bituminosa ondulada minionda | Bajo tejas planas, curvas, mixtas\" \/>\n<meta property=\"og:description\" content=\"Placa bituminosa ondulada minionda para colocar debajo de tejas planas o mixta con rastreles. Sin amianto ni materias t\u00f3xicas. Alto rendimiento. Danosa.\" \/>\n<meta property=\"og:url\" content=\"https:\/\/www.danosa.com\/es-co\/producto\/placa-bt-minionda\/\" \/>\n<meta property=\"og:site_name\" content=\"Danosa Colombia\" \/>\n<meta property=\"article:modified_time\" content=\"2026-04-09T06:26:03+00:00\" \/>\n<meta name=\"twitter:card\" content=\"summary_large_image\" \/>\n<script type=\"application\/ld+json\" class=\"yoast-schema-graph\">{\"@context\":\"https:\/\/schema.org\",\"@graph\":[{\"@type\":\"WebSite\",\"@id\":\"https:\/\/www.danosa.com\/es-co\/#website\",\"url\":\"https:\/\/www.danosa.com\/es-co\/\",\"name\":\"Danosa Colombia\",\"description\":\"Danosa\",\"potentialAction\":[{\"@type\":\"SearchAction\",\"target\":{\"@type\":\"EntryPoint\",\"urlTemplate\":\"https:\/\/www.danosa.com\/es-co\/?s={search_term_string}\"},\"query-input\":\"required name=search_term_string\"}],\"inLanguage\":\"es\"},{\"@type\":\"WebPage\",\"@id\":\"https:\/\/www.danosa.com\/es-co\/producto\/placa-bt-minionda\/#webpage\",\"url\":\"https:\/\/www.danosa.com\/es-co\/producto\/placa-bt-minionda\/\",\"name\":\"Placa bituminosa ondulada minionda | Bajo tejas planas, curvas, mixtas\",\"isPartOf\":{\"@id\":\"https:\/\/www.danosa.com\/es-co\/#website\"},\"datePublished\":\"2026-04-09T06:26:01+00:00\",\"dateModified\":\"2026-04-09T06:26:03+00:00\",\"description\":\"Placa bituminosa ondulada minionda para colocar debajo de tejas planas o mixta con rastreles. Sin amianto ni materias t\u00f3xicas. Alto rendimiento. Danosa.\",\"breadcrumb\":{\"@id\":\"https:\/\/www.danosa.com\/es-co\/producto\/placa-bt-minionda\/#breadcrumb\"},\"inLanguage\":\"es\",\"potentialAction\":[{\"@type\":\"ReadAction\",\"target\":[\"https:\/\/www.danosa.com\/es-co\/producto\/placa-bt-minionda\/\"]}]},{\"@type\":\"BreadcrumbList\",\"@id\":\"https:\/\/www.danosa.com\/es-co\/producto\/placa-bt-minionda\/#breadcrumb\",\"itemListElement\":[{\"@type\":\"ListItem\",\"position\":1,\"name\":\"Portada\",\"item\":\"https:\/\/www.danosa.com\/es-co\/\"},{\"@type\":\"ListItem\",\"position\":2,\"name\":\"PLACA BT MINIONDA\"}]}]}<\/script>\n<!-- \/ Yoast SEO plugin. -->","yoast_head_json":{"title":"Placa bituminosa ondulada minionda | Bajo tejas planas, curvas, mixtas","description":"Placa bituminosa ondulada minionda para colocar debajo de tejas planas o mixta con rastreles. Sin amianto ni materias t\u00f3xicas. Alto rendimiento. Danosa.","robots":{"index":"index","follow":"follow","max-snippet":"max-snippet:-1","max-image-preview":"max-image-preview:large","max-video-preview":"max-video-preview:-1"},"canonical":"https:\/\/www.danosa.com\/es-co\/producto\/placa-bt-minionda\/","og_locale":"es_ES","og_type":"article","og_title":"Placa bituminosa ondulada minionda | Bajo tejas planas, curvas, mixtas","og_description":"Placa bituminosa ondulada minionda para colocar debajo de tejas planas o mixta con rastreles. Sin amianto ni materias t\u00f3xicas. Alto rendimiento. Danosa.","og_url":"https:\/\/www.danosa.com\/es-co\/producto\/placa-bt-minionda\/","og_site_name":"Danosa Colombia","article_modified_time":"2026-04-09T06:26:03+00:00","twitter_card":"summary_large_image","schema":{"@context":"https:\/\/schema.org","@graph":[{"@type":"WebSite","@id":"https:\/\/www.danosa.com\/es-co\/#website","url":"https:\/\/www.danosa.com\/es-co\/","name":"Danosa Colombia","description":"Danosa","potentialAction":[{"@type":"SearchAction","target":{"@type":"EntryPoint","urlTemplate":"https:\/\/www.danosa.com\/es-co\/?s={search_term_string}"},"query-input":"required name=search_term_string"}],"inLanguage":"es"},{"@type":"WebPage","@id":"https:\/\/www.danosa.com\/es-co\/producto\/placa-bt-minionda\/#webpage","url":"https:\/\/www.danosa.com\/es-co\/producto\/placa-bt-minionda\/","name":"Placa bituminosa ondulada minionda | Bajo tejas planas, curvas, mixtas","isPartOf":{"@id":"https:\/\/www.danosa.com\/es-co\/#website"},"datePublished":"2026-04-09T06:26:01+00:00","dateModified":"2026-04-09T06:26:03+00:00","description":"Placa bituminosa ondulada minionda para colocar debajo de tejas planas o mixta con rastreles. Sin amianto ni materias t\u00f3xicas. Alto rendimiento. Danosa.","breadcrumb":{"@id":"https:\/\/www.danosa.com\/es-co\/producto\/placa-bt-minionda\/#breadcrumb"},"inLanguage":"es","potentialAction":[{"@type":"ReadAction","target":["https:\/\/www.danosa.com\/es-co\/producto\/placa-bt-minionda\/"]}]},{"@type":"BreadcrumbList","@id":"https:\/\/www.danosa.com\/es-co\/producto\/placa-bt-minionda\/#breadcrumb","itemListElement":[{"@type":"ListItem","position":1,"name":"Portada","item":"https:\/\/www.danosa.com\/es-co\/"},{"@type":"ListItem","position":2,"name":"PLACA BT MINIONDA"}]}]}},"_links":{"self":[{"href":"https:\/\/www.danosa.com\/es-co\/wp-json\/wp\/v2\/product\/4119"}],"collection":[{"href":"https:\/\/www.danosa.com\/es-co\/wp-json\/wp\/v2\/product"}],"about":[{"href":"https:\/\/www.danosa.com\/es-co\/wp-json\/wp\/v2\/types\/product"}],"wp:attachment":[{"href":"https:\/\/www.danosa.com\/es-co\/wp-json\/wp\/v2\/media?parent=4119"}],"wp:term":[{"taxonomy":"family","embeddable":true,"href":"https:\/\/www.danosa.com\/es-co\/wp-json\/wp\/v2\/family?post=4119"},{"taxonomy":"product_notice","embeddable":true,"href":"https:\/\/www.danosa.com\/es-co\/wp-json\/wp\/v2\/product_notice?post=4119"},{"taxonomy":"product_icon","embeddable":true,"href":"https:\/\/www.danosa.com\/es-co\/wp-json\/wp\/v2\/product_icon?post=4119"},{"taxonomy":"product_application","embeddable":true,"href":"https:\/\/www.danosa.com\/es-co\/wp-json\/wp\/v2\/product_application?post=4119"},{"taxonomy":"product_standards_certification","embeddable":true,"href":"https:\/\/www.danosa.com\/es-co\/wp-json\/wp\/v2\/product_standards_certification?post=4119"},{"taxonomy":"product_benefits","embeddable":true,"href":"https:\/\/www.danosa.com\/es-co\/wp-json\/wp\/v2\/product_benefits?post=4119"},{"taxonomy":"product_support","embeddable":true,"href":"https:\/\/www.danosa.com\/es-co\/wp-json\/wp\/v2\/product_support?post=4119"},{"taxonomy":"product_substrate_preparation","embeddable":true,"href":"https:\/\/www.danosa.com\/es-co\/wp-json\/wp\/v2\/product_substrate_preparation?post=4119"},{"taxonomy":"product_important_indications","embeddable":true,"href":"https:\/\/www.danosa.com\/es-co\/wp-json\/wp\/v2\/product_important_indications?post=4119"},{"taxonomy":"product_conservation","embeddable":true,"href":"https:\/\/www.danosa.com\/es-co\/wp-json\/wp\/v2\/product_conservation?post=4119"},{"taxonomy":"product_warning","embeddable":true,"href":"https:\/\/www.danosa.com\/es-co\/wp-json\/wp\/v2\/product_warning?post=4119"},{"taxonomy":"product_safety_hygiene","embeddable":true,"href":"https:\/\/www.danosa.com\/es-co\/wp-json\/wp\/v2\/product_safety_hygiene?post=4119"},{"taxonomy":"system_certification","embeddable":true,"href":"https:\/\/www.danosa.com\/es-co\/wp-json\/wp\/v2\/system_certification?post=4119"},{"taxonomy":"product_maintenance","embeddable":true,"href":"https:\/\/www.danosa.com\/es-co\/wp-json\/wp\/v2\/product_maintenance?post=4119"},{"taxonomy":"product_safety_datasheet","embeddable":true,"href":"https:\/\/www.danosa.com\/es-co\/wp-json\/wp\/v2\/product_safety_datasheet?post=4119"},{"taxonomy":"filter_special_uses","embeddable":true,"href":"https:\/\/www.danosa.com\/es-co\/wp-json\/wp\/v2\/filter_special_uses?post=4119"}],"curies":[{"name":"wp","href":"https:\/\/api.w.org\/{rel}","templated":true}]}}