{"id":4150,"date":"2026-04-09T08:26:06","date_gmt":"2026-04-09T06:26:06","guid":{"rendered":"https:\/\/www.danosa.com\/es-co\/blog\/product\/revestidan-sate-acrilico\/"},"modified":"2026-04-09T08:26:09","modified_gmt":"2026-04-09T06:26:09","slug":"revestidan-sate-acrilico","status":"publish","type":"product","link":"https:\/\/www.danosa.com\/es-co\/producto\/revestidan-sate-acrilico\/","title":{"rendered":"REVESTIDAN SATE ACRILICO"},"content":{"rendered":"<p>Revestidan rojo es un revestimiento el\u00e1stico impermeabilizante de intemperie, de aplicaci\u00f3n en fr\u00edo,\u00a0de\u00a0color rojo \u00f3xido, gris musgo y blanco y de consistencia pastosa.\u00a0Est\u00e1 compuesto\u00a0a base de copol\u00edmeros el\u00e1sticos estireno-acr\u00edlicos en dispersi\u00f3n acuosa..REVESTIDAN es un revestimiento el\u00e1stico impermeabilizante de intemperie, de aplicaci\u00f3n en fr\u00edo, de color rojo \u00f3xido, gris musgo y blanco y de consistencia pastosa. Est\u00e1 compuesto a base de copolimeros el\u00e1sticos estireno-acr\u00edlicos en dispersi\u00f3n acuosa.<\/p>\n","protected":false},"excerpt":{"rendered":"<p>Pintura el\u00e1stica impermeabilizante para cubiertas<\/p>\n","protected":false},"featured_media":0,"parent":0,"menu_order":0,"template":"","meta":{"inline_featured_image":false,"site-sidebar-layout":"default","site-content-layout":"default","ast-main-header-display":"","ast-hfb-above-header-display":"","ast-hfb-below-header-display":"","ast-hfb-mobile-header-display":"","site-post-title":"","ast-breadcrumbs-content":"","ast-featured-img":"","footer-sml-layout":"","theme-transparent-header-meta":"","adv-header-id-meta":"","stick-header-meta":"","header-above-stick-meta":"","header-main-stick-meta":"","header-below-stick-meta":""},"family":[3209],"product_notice":[11437],"product_icon":[],"product_application":[10336],"product_standards_certification":[],"product_benefits":[9381,9422,9423,9479,9611,9625,9628,9633,9641,9656,9739,9753,9930],"product_support":[11244,11279],"product_substrate_preparation":[],"product_important_indications":[],"product_conservation":[10903,10982],"product_warning":[11021,11043,11115,11146,11150,11151,11152,11153,11728],"product_safety_hygiene":[],"system_certification":[3145],"product_maintenance":[],"product_safety_datasheet":[3373],"filter_special_uses":[],"acf":[],"yoast_head":"<!-- This site is optimized with the Yoast SEO plugin v18.1 - https:\/\/yoast.com\/wordpress\/plugins\/seo\/ -->\n<title>Mortero acr\u00edlico fachada SATE | REVESTIDAN | Altas prestaciones<\/title>\n<meta name=\"description\" content=\"REVESTIDAN SATE es un mortero acr\u00edlico de altas prestaciones para el revestimiento de fachadas: decoraci\u00f3n e impermeabilizaci\u00f3n de fachadas. Gama profesional\" \/>\n<meta name=\"robots\" content=\"index, follow, max-snippet:-1, max-image-preview:large, max-video-preview:-1\" \/>\n<link rel=\"canonical\" href=\"https:\/\/www.danosa.com\/es-co\/producto\/revestidan-sate-acrilico\/\" \/>\n<meta property=\"og:locale\" content=\"es_ES\" \/>\n<meta property=\"og:type\" content=\"article\" \/>\n<meta property=\"og:title\" content=\"Mortero acr\u00edlico fachada SATE | REVESTIDAN | Altas prestaciones\" \/>\n<meta property=\"og:description\" content=\"REVESTIDAN SATE es un mortero acr\u00edlico de altas prestaciones para el revestimiento de fachadas: decoraci\u00f3n e impermeabilizaci\u00f3n de fachadas. Gama profesional\" \/>\n<meta property=\"og:url\" content=\"https:\/\/www.danosa.com\/es-co\/producto\/revestidan-sate-acrilico\/\" \/>\n<meta property=\"og:site_name\" content=\"Danosa Colombia\" \/>\n<meta property=\"article:modified_time\" content=\"2026-04-09T06:26:09+00:00\" \/>\n<meta name=\"twitter:card\" content=\"summary_large_image\" \/>\n<script type=\"application\/ld+json\" class=\"yoast-schema-graph\">{\"@context\":\"https:\/\/schema.org\",\"@graph\":[{\"@type\":\"WebSite\",\"@id\":\"https:\/\/www.danosa.com\/es-co\/#website\",\"url\":\"https:\/\/www.danosa.com\/es-co\/\",\"name\":\"Danosa Colombia\",\"description\":\"Danosa\",\"potentialAction\":[{\"@type\":\"SearchAction\",\"target\":{\"@type\":\"EntryPoint\",\"urlTemplate\":\"https:\/\/www.danosa.com\/es-co\/?s={search_term_string}\"},\"query-input\":\"required name=search_term_string\"}],\"inLanguage\":\"es\"},{\"@type\":\"WebPage\",\"@id\":\"https:\/\/www.danosa.com\/es-co\/producto\/revestidan-sate-acrilico\/#webpage\",\"url\":\"https:\/\/www.danosa.com\/es-co\/producto\/revestidan-sate-acrilico\/\",\"name\":\"Mortero acr\u00edlico fachada SATE | REVESTIDAN | Altas prestaciones\",\"isPartOf\":{\"@id\":\"https:\/\/www.danosa.com\/es-co\/#website\"},\"datePublished\":\"2026-04-09T06:26:06+00:00\",\"dateModified\":\"2026-04-09T06:26:09+00:00\",\"description\":\"REVESTIDAN SATE es un mortero acr\u00edlico de altas prestaciones para el revestimiento de fachadas: decoraci\u00f3n e impermeabilizaci\u00f3n de fachadas. Gama profesional\",\"breadcrumb\":{\"@id\":\"https:\/\/www.danosa.com\/es-co\/producto\/revestidan-sate-acrilico\/#breadcrumb\"},\"inLanguage\":\"es\",\"potentialAction\":[{\"@type\":\"ReadAction\",\"target\":[\"https:\/\/www.danosa.com\/es-co\/producto\/revestidan-sate-acrilico\/\"]}]},{\"@type\":\"BreadcrumbList\",\"@id\":\"https:\/\/www.danosa.com\/es-co\/producto\/revestidan-sate-acrilico\/#breadcrumb\",\"itemListElement\":[{\"@type\":\"ListItem\",\"position\":1,\"name\":\"Portada\",\"item\":\"https:\/\/www.danosa.com\/es-co\/\"},{\"@type\":\"ListItem\",\"position\":2,\"name\":\"REVESTIDAN SATE ACRILICO\"}]}]}<\/script>\n<!-- \/ Yoast SEO plugin. -->","yoast_head_json":{"title":"Mortero acr\u00edlico fachada SATE | REVESTIDAN | Altas prestaciones","description":"REVESTIDAN SATE es un mortero acr\u00edlico de altas prestaciones para el revestimiento de fachadas: decoraci\u00f3n e impermeabilizaci\u00f3n de fachadas. Gama profesional","robots":{"index":"index","follow":"follow","max-snippet":"max-snippet:-1","max-image-preview":"max-image-preview:large","max-video-preview":"max-video-preview:-1"},"canonical":"https:\/\/www.danosa.com\/es-co\/producto\/revestidan-sate-acrilico\/","og_locale":"es_ES","og_type":"article","og_title":"Mortero acr\u00edlico fachada SATE | REVESTIDAN | Altas prestaciones","og_description":"REVESTIDAN SATE es un mortero acr\u00edlico de altas prestaciones para el revestimiento de fachadas: decoraci\u00f3n e impermeabilizaci\u00f3n de fachadas. Gama profesional","og_url":"https:\/\/www.danosa.com\/es-co\/producto\/revestidan-sate-acrilico\/","og_site_name":"Danosa Colombia","article_modified_time":"2026-04-09T06:26:09+00:00","twitter_card":"summary_large_image","schema":{"@context":"https:\/\/schema.org","@graph":[{"@type":"WebSite","@id":"https:\/\/www.danosa.com\/es-co\/#website","url":"https:\/\/www.danosa.com\/es-co\/","name":"Danosa Colombia","description":"Danosa","potentialAction":[{"@type":"SearchAction","target":{"@type":"EntryPoint","urlTemplate":"https:\/\/www.danosa.com\/es-co\/?s={search_term_string}"},"query-input":"required name=search_term_string"}],"inLanguage":"es"},{"@type":"WebPage","@id":"https:\/\/www.danosa.com\/es-co\/producto\/revestidan-sate-acrilico\/#webpage","url":"https:\/\/www.danosa.com\/es-co\/producto\/revestidan-sate-acrilico\/","name":"Mortero acr\u00edlico fachada SATE | REVESTIDAN | Altas prestaciones","isPartOf":{"@id":"https:\/\/www.danosa.com\/es-co\/#website"},"datePublished":"2026-04-09T06:26:06+00:00","dateModified":"2026-04-09T06:26:09+00:00","description":"REVESTIDAN SATE es un mortero acr\u00edlico de altas prestaciones para el revestimiento de fachadas: decoraci\u00f3n e impermeabilizaci\u00f3n de fachadas. Gama profesional","breadcrumb":{"@id":"https:\/\/www.danosa.com\/es-co\/producto\/revestidan-sate-acrilico\/#breadcrumb"},"inLanguage":"es","potentialAction":[{"@type":"ReadAction","target":["https:\/\/www.danosa.com\/es-co\/producto\/revestidan-sate-acrilico\/"]}]},{"@type":"BreadcrumbList","@id":"https:\/\/www.danosa.com\/es-co\/producto\/revestidan-sate-acrilico\/#breadcrumb","itemListElement":[{"@type":"ListItem","position":1,"name":"Portada","item":"https:\/\/www.danosa.com\/es-co\/"},{"@type":"ListItem","position":2,"name":"REVESTIDAN SATE ACRILICO"}]}]}},"_links":{"self":[{"href":"https:\/\/www.danosa.com\/es-co\/wp-json\/wp\/v2\/product\/4150"}],"collection":[{"href":"https:\/\/www.danosa.com\/es-co\/wp-json\/wp\/v2\/product"}],"about":[{"href":"https:\/\/www.danosa.com\/es-co\/wp-json\/wp\/v2\/types\/product"}],"wp:attachment":[{"href":"https:\/\/www.danosa.com\/es-co\/wp-json\/wp\/v2\/media?parent=4150"}],"wp:term":[{"taxonomy":"family","embeddable":true,"href":"https:\/\/www.danosa.com\/es-co\/wp-json\/wp\/v2\/family?post=4150"},{"taxonomy":"product_notice","embeddable":true,"href":"https:\/\/www.danosa.com\/es-co\/wp-json\/wp\/v2\/product_notice?post=4150"},{"taxonomy":"product_icon","embeddable":true,"href":"https:\/\/www.danosa.com\/es-co\/wp-json\/wp\/v2\/product_icon?post=4150"},{"taxonomy":"product_application","embeddable":true,"href":"https:\/\/www.danosa.com\/es-co\/wp-json\/wp\/v2\/product_application?post=4150"},{"taxonomy":"product_standards_certification","embeddable":true,"href":"https:\/\/www.danosa.com\/es-co\/wp-json\/wp\/v2\/product_standards_certification?post=4150"},{"taxonomy":"product_benefits","embeddable":true,"href":"https:\/\/www.danosa.com\/es-co\/wp-json\/wp\/v2\/product_benefits?post=4150"},{"taxonomy":"product_support","embeddable":true,"href":"https:\/\/www.danosa.com\/es-co\/wp-json\/wp\/v2\/product_support?post=4150"},{"taxonomy":"product_substrate_preparation","embeddable":true,"href":"https:\/\/www.danosa.com\/es-co\/wp-json\/wp\/v2\/product_substrate_preparation?post=4150"},{"taxonomy":"product_important_indications","embeddable":true,"href":"https:\/\/www.danosa.com\/es-co\/wp-json\/wp\/v2\/product_important_indications?post=4150"},{"taxonomy":"product_conservation","embeddable":true,"href":"https:\/\/www.danosa.com\/es-co\/wp-json\/wp\/v2\/product_conservation?post=4150"},{"taxonomy":"product_warning","embeddable":true,"href":"https:\/\/www.danosa.com\/es-co\/wp-json\/wp\/v2\/product_warning?post=4150"},{"taxonomy":"product_safety_hygiene","embeddable":true,"href":"https:\/\/www.danosa.com\/es-co\/wp-json\/wp\/v2\/product_safety_hygiene?post=4150"},{"taxonomy":"system_certification","embeddable":true,"href":"https:\/\/www.danosa.com\/es-co\/wp-json\/wp\/v2\/system_certification?post=4150"},{"taxonomy":"product_maintenance","embeddable":true,"href":"https:\/\/www.danosa.com\/es-co\/wp-json\/wp\/v2\/product_maintenance?post=4150"},{"taxonomy":"product_safety_datasheet","embeddable":true,"href":"https:\/\/www.danosa.com\/es-co\/wp-json\/wp\/v2\/product_safety_datasheet?post=4150"},{"taxonomy":"filter_special_uses","embeddable":true,"href":"https:\/\/www.danosa.com\/es-co\/wp-json\/wp\/v2\/filter_special_uses?post=4150"}],"curies":[{"name":"wp","href":"https:\/\/api.w.org\/{rel}","templated":true}]}}