{"id":4159,"date":"2026-04-09T08:26:10","date_gmt":"2026-04-09T06:26:10","guid":{"rendered":"https:\/\/www.danosa.com\/es-co\/blog\/product\/self-dan\/"},"modified":"2026-04-09T08:26:11","modified_gmt":"2026-04-09T06:26:11","slug":"self-dan","status":"publish","type":"product","link":"https:\/\/www.danosa.com\/es-co\/producto\/self-dan\/","title":{"rendered":"SELF-DAN"},"content":{"rendered":"<p>La Cinta autoadhesiva SELF-DAN 10 cm es una cinta impermeabilizante autoadhesiva con autoprotecci\u00f3n met\u00e1lica compuesta por un m\u00e1stico bituminoso de bet\u00fan elast\u00f3mero. Como material de protecci\u00f3n de la cara externa de la cinta lleva una hoja de aluminio de 60\/1000 mm de color natural, rojo o gris y como material de terminaci\u00f3n en su cara interna, un film pl\u00e1stico antiadherente. Se presenta en rollos de 10 m de largo y en distintos anchos : 10, 15 y 30 cm.<\/p>\n","protected":false},"excerpt":{"rendered":"<p>Cinta autoadhesiva de 10 cm de ancho de bet\u00fan modificado con elast\u00f3meros (SBS).<\/p>\n","protected":false},"featured_media":0,"parent":0,"menu_order":0,"template":"","meta":{"inline_featured_image":false,"site-sidebar-layout":"default","site-content-layout":"default","ast-main-header-display":"","ast-hfb-above-header-display":"","ast-hfb-below-header-display":"","ast-hfb-mobile-header-display":"","site-post-title":"","ast-breadcrumbs-content":"","ast-featured-img":"","footer-sml-layout":"","theme-transparent-header-meta":"","adv-header-id-meta":"","stick-header-meta":"","header-above-stick-meta":"","header-main-stick-meta":"","header-below-stick-meta":""},"family":[3057],"product_notice":[11437],"product_icon":[],"product_application":[10046,10069,10161,10357,10359,10363,10364,10365,10366,10370],"product_standards_certification":[],"product_benefits":[9623,9634,9643,9654,9755,9818],"product_support":[],"product_substrate_preparation":[],"product_important_indications":[10528,10558,10560,10670,10695,10711,10714,10740,10795],"product_conservation":[],"product_warning":[11001,11005,11008,11009,11017,11047,11050,11073,11085],"product_safety_hygiene":[],"system_certification":[3155],"product_maintenance":[],"product_safety_datasheet":[2693],"filter_special_uses":[],"acf":[],"yoast_head":"<!-- This site is optimized with the Yoast SEO plugin v18.1 - https:\/\/yoast.com\/wordpress\/plugins\/seo\/ -->\n<title>Cinta impermeabilizante autoadhesiva bituminosa | SELF-DAN | Danosa<\/title>\n<meta name=\"description\" content=\"Cinta impermeabilizante autoadhesiva bituminosa SELF-DAN con autoprotecci\u00f3n met\u00e1lica para sellado de chimeneas, tubos, claraboyas o grietas. Danosa.\" \/>\n<meta name=\"robots\" content=\"index, follow, max-snippet:-1, max-image-preview:large, max-video-preview:-1\" \/>\n<link rel=\"canonical\" href=\"https:\/\/www.danosa.com\/es-co\/producto\/self-dan\/\" \/>\n<meta property=\"og:locale\" content=\"es_ES\" \/>\n<meta property=\"og:type\" content=\"article\" \/>\n<meta property=\"og:title\" content=\"Cinta impermeabilizante autoadhesiva bituminosa | SELF-DAN | Danosa\" \/>\n<meta property=\"og:description\" content=\"Cinta impermeabilizante autoadhesiva bituminosa SELF-DAN con autoprotecci\u00f3n met\u00e1lica para sellado de chimeneas, tubos, claraboyas o grietas. Danosa.\" \/>\n<meta property=\"og:url\" content=\"https:\/\/www.danosa.com\/es-co\/producto\/self-dan\/\" \/>\n<meta property=\"og:site_name\" content=\"Danosa Colombia\" \/>\n<meta property=\"article:modified_time\" content=\"2026-04-09T06:26:11+00:00\" \/>\n<meta name=\"twitter:card\" content=\"summary_large_image\" \/>\n<script type=\"application\/ld+json\" class=\"yoast-schema-graph\">{\"@context\":\"https:\/\/schema.org\",\"@graph\":[{\"@type\":\"WebSite\",\"@id\":\"https:\/\/www.danosa.com\/es-co\/#website\",\"url\":\"https:\/\/www.danosa.com\/es-co\/\",\"name\":\"Danosa Colombia\",\"description\":\"Danosa\",\"potentialAction\":[{\"@type\":\"SearchAction\",\"target\":{\"@type\":\"EntryPoint\",\"urlTemplate\":\"https:\/\/www.danosa.com\/es-co\/?s={search_term_string}\"},\"query-input\":\"required name=search_term_string\"}],\"inLanguage\":\"es\"},{\"@type\":\"WebPage\",\"@id\":\"https:\/\/www.danosa.com\/es-co\/producto\/self-dan\/#webpage\",\"url\":\"https:\/\/www.danosa.com\/es-co\/producto\/self-dan\/\",\"name\":\"Cinta impermeabilizante autoadhesiva bituminosa | SELF-DAN | Danosa\",\"isPartOf\":{\"@id\":\"https:\/\/www.danosa.com\/es-co\/#website\"},\"datePublished\":\"2026-04-09T06:26:10+00:00\",\"dateModified\":\"2026-04-09T06:26:11+00:00\",\"description\":\"Cinta impermeabilizante autoadhesiva bituminosa SELF-DAN con autoprotecci\u00f3n met\u00e1lica para sellado de chimeneas, tubos, claraboyas o grietas. Danosa.\",\"breadcrumb\":{\"@id\":\"https:\/\/www.danosa.com\/es-co\/producto\/self-dan\/#breadcrumb\"},\"inLanguage\":\"es\",\"potentialAction\":[{\"@type\":\"ReadAction\",\"target\":[\"https:\/\/www.danosa.com\/es-co\/producto\/self-dan\/\"]}]},{\"@type\":\"BreadcrumbList\",\"@id\":\"https:\/\/www.danosa.com\/es-co\/producto\/self-dan\/#breadcrumb\",\"itemListElement\":[{\"@type\":\"ListItem\",\"position\":1,\"name\":\"Portada\",\"item\":\"https:\/\/www.danosa.com\/es-co\/\"},{\"@type\":\"ListItem\",\"position\":2,\"name\":\"SELF-DAN\"}]}]}<\/script>\n<!-- \/ Yoast SEO plugin. -->","yoast_head_json":{"title":"Cinta impermeabilizante autoadhesiva bituminosa | SELF-DAN | Danosa","description":"Cinta impermeabilizante autoadhesiva bituminosa SELF-DAN con autoprotecci\u00f3n met\u00e1lica para sellado de chimeneas, tubos, claraboyas o grietas. Danosa.","robots":{"index":"index","follow":"follow","max-snippet":"max-snippet:-1","max-image-preview":"max-image-preview:large","max-video-preview":"max-video-preview:-1"},"canonical":"https:\/\/www.danosa.com\/es-co\/producto\/self-dan\/","og_locale":"es_ES","og_type":"article","og_title":"Cinta impermeabilizante autoadhesiva bituminosa | SELF-DAN | Danosa","og_description":"Cinta impermeabilizante autoadhesiva bituminosa SELF-DAN con autoprotecci\u00f3n met\u00e1lica para sellado de chimeneas, tubos, claraboyas o grietas. Danosa.","og_url":"https:\/\/www.danosa.com\/es-co\/producto\/self-dan\/","og_site_name":"Danosa Colombia","article_modified_time":"2026-04-09T06:26:11+00:00","twitter_card":"summary_large_image","schema":{"@context":"https:\/\/schema.org","@graph":[{"@type":"WebSite","@id":"https:\/\/www.danosa.com\/es-co\/#website","url":"https:\/\/www.danosa.com\/es-co\/","name":"Danosa Colombia","description":"Danosa","potentialAction":[{"@type":"SearchAction","target":{"@type":"EntryPoint","urlTemplate":"https:\/\/www.danosa.com\/es-co\/?s={search_term_string}"},"query-input":"required name=search_term_string"}],"inLanguage":"es"},{"@type":"WebPage","@id":"https:\/\/www.danosa.com\/es-co\/producto\/self-dan\/#webpage","url":"https:\/\/www.danosa.com\/es-co\/producto\/self-dan\/","name":"Cinta impermeabilizante autoadhesiva bituminosa | SELF-DAN | Danosa","isPartOf":{"@id":"https:\/\/www.danosa.com\/es-co\/#website"},"datePublished":"2026-04-09T06:26:10+00:00","dateModified":"2026-04-09T06:26:11+00:00","description":"Cinta impermeabilizante autoadhesiva bituminosa SELF-DAN con autoprotecci\u00f3n met\u00e1lica para sellado de chimeneas, tubos, claraboyas o grietas. Danosa.","breadcrumb":{"@id":"https:\/\/www.danosa.com\/es-co\/producto\/self-dan\/#breadcrumb"},"inLanguage":"es","potentialAction":[{"@type":"ReadAction","target":["https:\/\/www.danosa.com\/es-co\/producto\/self-dan\/"]}]},{"@type":"BreadcrumbList","@id":"https:\/\/www.danosa.com\/es-co\/producto\/self-dan\/#breadcrumb","itemListElement":[{"@type":"ListItem","position":1,"name":"Portada","item":"https:\/\/www.danosa.com\/es-co\/"},{"@type":"ListItem","position":2,"name":"SELF-DAN"}]}]}},"_links":{"self":[{"href":"https:\/\/www.danosa.com\/es-co\/wp-json\/wp\/v2\/product\/4159"}],"collection":[{"href":"https:\/\/www.danosa.com\/es-co\/wp-json\/wp\/v2\/product"}],"about":[{"href":"https:\/\/www.danosa.com\/es-co\/wp-json\/wp\/v2\/types\/product"}],"wp:attachment":[{"href":"https:\/\/www.danosa.com\/es-co\/wp-json\/wp\/v2\/media?parent=4159"}],"wp:term":[{"taxonomy":"family","embeddable":true,"href":"https:\/\/www.danosa.com\/es-co\/wp-json\/wp\/v2\/family?post=4159"},{"taxonomy":"product_notice","embeddable":true,"href":"https:\/\/www.danosa.com\/es-co\/wp-json\/wp\/v2\/product_notice?post=4159"},{"taxonomy":"product_icon","embeddable":true,"href":"https:\/\/www.danosa.com\/es-co\/wp-json\/wp\/v2\/product_icon?post=4159"},{"taxonomy":"product_application","embeddable":true,"href":"https:\/\/www.danosa.com\/es-co\/wp-json\/wp\/v2\/product_application?post=4159"},{"taxonomy":"product_standards_certification","embeddable":true,"href":"https:\/\/www.danosa.com\/es-co\/wp-json\/wp\/v2\/product_standards_certification?post=4159"},{"taxonomy":"product_benefits","embeddable":true,"href":"https:\/\/www.danosa.com\/es-co\/wp-json\/wp\/v2\/product_benefits?post=4159"},{"taxonomy":"product_support","embeddable":true,"href":"https:\/\/www.danosa.com\/es-co\/wp-json\/wp\/v2\/product_support?post=4159"},{"taxonomy":"product_substrate_preparation","embeddable":true,"href":"https:\/\/www.danosa.com\/es-co\/wp-json\/wp\/v2\/product_substrate_preparation?post=4159"},{"taxonomy":"product_important_indications","embeddable":true,"href":"https:\/\/www.danosa.com\/es-co\/wp-json\/wp\/v2\/product_important_indications?post=4159"},{"taxonomy":"product_conservation","embeddable":true,"href":"https:\/\/www.danosa.com\/es-co\/wp-json\/wp\/v2\/product_conservation?post=4159"},{"taxonomy":"product_warning","embeddable":true,"href":"https:\/\/www.danosa.com\/es-co\/wp-json\/wp\/v2\/product_warning?post=4159"},{"taxonomy":"product_safety_hygiene","embeddable":true,"href":"https:\/\/www.danosa.com\/es-co\/wp-json\/wp\/v2\/product_safety_hygiene?post=4159"},{"taxonomy":"system_certification","embeddable":true,"href":"https:\/\/www.danosa.com\/es-co\/wp-json\/wp\/v2\/system_certification?post=4159"},{"taxonomy":"product_maintenance","embeddable":true,"href":"https:\/\/www.danosa.com\/es-co\/wp-json\/wp\/v2\/product_maintenance?post=4159"},{"taxonomy":"product_safety_datasheet","embeddable":true,"href":"https:\/\/www.danosa.com\/es-co\/wp-json\/wp\/v2\/product_safety_datasheet?post=4159"},{"taxonomy":"filter_special_uses","embeddable":true,"href":"https:\/\/www.danosa.com\/es-co\/wp-json\/wp\/v2\/filter_special_uses?post=4159"}],"curies":[{"name":"wp","href":"https:\/\/api.w.org\/{rel}","templated":true}]}}