{"id":4223,"date":"2026-04-09T08:26:06","date_gmt":"2026-04-09T06:26:06","guid":{"rendered":"https:\/\/www.danosa.com\/es-co\/blog\/product\/polydan-60-tf-elast-2\/"},"modified":"2026-04-09T08:26:07","modified_gmt":"2026-04-09T06:26:07","slug":"polydan-60-tf-elast","status":"publish","type":"product","link":"https:\/\/www.danosa.com\/es-co\/producto\/polydan-60-tf-elast\/","title":{"rendered":"POLYDAN 60 TF ELAST"},"content":{"rendered":"<p>L\u00e1mina bituminosa de superficie autoprotegida tipo LBM(SBS)-60\/G-FP. Est\u00e1 compuesta por una armadura de fieltro de poli\u00e9ster no tejido de gran gramaje, recubierta por ambas caras con un m\u00e1stico de bet\u00fan modificado con elast\u00f3meros (SBS), acabada en su cara externa en gr\u00e1nulos de pizarra de color gris (negro), como material de protecci\u00f3n. En su cara interna, como material antiadherente, incorpora un film pl\u00e1stico de terminaci\u00f3n.<\/p>\n","protected":false},"excerpt":{"rendered":"<p>L\u00e1mina impermeabilizante de bet\u00fan modificado con elast\u00f3meros (SBS) con autoprotecci\u00f3n mineral.<\/p>\n","protected":false},"featured_media":0,"parent":0,"menu_order":0,"template":"","meta":{"inline_featured_image":false,"site-sidebar-layout":"default","site-content-layout":"default","ast-main-header-display":"","ast-hfb-above-header-display":"","ast-hfb-below-header-display":"","ast-hfb-mobile-header-display":"","site-post-title":"","ast-breadcrumbs-content":"","ast-featured-img":"","footer-sml-layout":"","theme-transparent-header-meta":"","adv-header-id-meta":"","stick-header-meta":"","header-above-stick-meta":"","header-main-stick-meta":"","header-below-stick-meta":""},"family":[3053],"product_notice":[11437],"product_icon":[],"product_application":[10226,10232,10234,10235,10247],"product_standards_certification":[11310,11314,11317,11324,11329,11330,11971],"product_benefits":[9424,9450,9465,9521,9638,9645,9648,9654,9755,9768],"product_support":[11203,11253,11255],"product_substrate_preparation":[],"product_important_indications":[10546,10558,10560,10562,10564,10590,10595,10601,10603,10612,10636,10653,10656,10695,10705,10708,10711,10735,10795],"product_conservation":[10808,10834,10841,10893,10926],"product_warning":[11073],"product_safety_hygiene":[],"system_certification":[3369,8220,6808,3135,3155,8387],"product_maintenance":[4217],"product_safety_datasheet":[2693],"filter_special_uses":[2871,2872],"acf":[],"yoast_head":"<!-- This site is optimized with the Yoast SEO plugin v18.1 - https:\/\/yoast.com\/wordpress\/plugins\/seo\/ -->\n<title>Tela asf\u00e1ltica especial tr\u00e1fico rodado | POLYDAN 60 TF ELAST | Danosa<\/title>\n<meta name=\"description\" content=\"Tela asf\u00e1ltica especial tr\u00e1fico rodado con l\u00e1mina impermeabilizante autoprotegida de bet\u00fan elastom\u00e9rico SBS. Autocicatrizante e emputrescible. Alto rendimiento\" \/>\n<meta name=\"robots\" content=\"index, follow, max-snippet:-1, max-image-preview:large, max-video-preview:-1\" \/>\n<link rel=\"canonical\" href=\"https:\/\/www.danosa.com\/es-co\/producto\/polydan-60-tf-elast\/\" \/>\n<meta property=\"og:locale\" content=\"es_ES\" \/>\n<meta property=\"og:type\" content=\"article\" \/>\n<meta property=\"og:title\" content=\"Tela asf\u00e1ltica especial tr\u00e1fico rodado | POLYDAN 60 TF ELAST | Danosa\" \/>\n<meta property=\"og:description\" content=\"Tela asf\u00e1ltica especial tr\u00e1fico rodado con l\u00e1mina impermeabilizante autoprotegida de bet\u00fan elastom\u00e9rico SBS. Autocicatrizante e emputrescible. Alto rendimiento\" \/>\n<meta property=\"og:url\" content=\"https:\/\/www.danosa.com\/es-co\/producto\/polydan-60-tf-elast\/\" \/>\n<meta property=\"og:site_name\" content=\"Danosa Colombia\" \/>\n<meta property=\"article:modified_time\" content=\"2026-04-09T06:26:07+00:00\" \/>\n<meta name=\"twitter:card\" content=\"summary_large_image\" \/>\n<script type=\"application\/ld+json\" class=\"yoast-schema-graph\">{\"@context\":\"https:\/\/schema.org\",\"@graph\":[{\"@type\":\"WebSite\",\"@id\":\"https:\/\/www.danosa.com\/es-co\/#website\",\"url\":\"https:\/\/www.danosa.com\/es-co\/\",\"name\":\"Danosa Colombia\",\"description\":\"Danosa\",\"potentialAction\":[{\"@type\":\"SearchAction\",\"target\":{\"@type\":\"EntryPoint\",\"urlTemplate\":\"https:\/\/www.danosa.com\/es-co\/?s={search_term_string}\"},\"query-input\":\"required name=search_term_string\"}],\"inLanguage\":\"es\"},{\"@type\":\"WebPage\",\"@id\":\"https:\/\/www.danosa.com\/es-co\/producto\/polydan-60-tf-elast\/#webpage\",\"url\":\"https:\/\/www.danosa.com\/es-co\/producto\/polydan-60-tf-elast\/\",\"name\":\"Tela asf\u00e1ltica especial tr\u00e1fico rodado | POLYDAN 60 TF ELAST | Danosa\",\"isPartOf\":{\"@id\":\"https:\/\/www.danosa.com\/es-co\/#website\"},\"datePublished\":\"2026-04-09T06:26:06+00:00\",\"dateModified\":\"2026-04-09T06:26:07+00:00\",\"description\":\"Tela asf\u00e1ltica especial tr\u00e1fico rodado con l\u00e1mina impermeabilizante autoprotegida de bet\u00fan elastom\u00e9rico SBS. Autocicatrizante e emputrescible. Alto rendimiento\",\"breadcrumb\":{\"@id\":\"https:\/\/www.danosa.com\/es-co\/producto\/polydan-60-tf-elast\/#breadcrumb\"},\"inLanguage\":\"es\",\"potentialAction\":[{\"@type\":\"ReadAction\",\"target\":[\"https:\/\/www.danosa.com\/es-co\/producto\/polydan-60-tf-elast\/\"]}]},{\"@type\":\"BreadcrumbList\",\"@id\":\"https:\/\/www.danosa.com\/es-co\/producto\/polydan-60-tf-elast\/#breadcrumb\",\"itemListElement\":[{\"@type\":\"ListItem\",\"position\":1,\"name\":\"Portada\",\"item\":\"https:\/\/www.danosa.com\/es-co\/\"},{\"@type\":\"ListItem\",\"position\":2,\"name\":\"POLYDAN 60 TF ELAST\"}]}]}<\/script>\n<!-- \/ Yoast SEO plugin. -->","yoast_head_json":{"title":"Tela asf\u00e1ltica especial tr\u00e1fico rodado | POLYDAN 60 TF ELAST | Danosa","description":"Tela asf\u00e1ltica especial tr\u00e1fico rodado con l\u00e1mina impermeabilizante autoprotegida de bet\u00fan elastom\u00e9rico SBS. Autocicatrizante e emputrescible. Alto rendimiento","robots":{"index":"index","follow":"follow","max-snippet":"max-snippet:-1","max-image-preview":"max-image-preview:large","max-video-preview":"max-video-preview:-1"},"canonical":"https:\/\/www.danosa.com\/es-co\/producto\/polydan-60-tf-elast\/","og_locale":"es_ES","og_type":"article","og_title":"Tela asf\u00e1ltica especial tr\u00e1fico rodado | POLYDAN 60 TF ELAST | Danosa","og_description":"Tela asf\u00e1ltica especial tr\u00e1fico rodado con l\u00e1mina impermeabilizante autoprotegida de bet\u00fan elastom\u00e9rico SBS. Autocicatrizante e emputrescible. Alto rendimiento","og_url":"https:\/\/www.danosa.com\/es-co\/producto\/polydan-60-tf-elast\/","og_site_name":"Danosa Colombia","article_modified_time":"2026-04-09T06:26:07+00:00","twitter_card":"summary_large_image","schema":{"@context":"https:\/\/schema.org","@graph":[{"@type":"WebSite","@id":"https:\/\/www.danosa.com\/es-co\/#website","url":"https:\/\/www.danosa.com\/es-co\/","name":"Danosa Colombia","description":"Danosa","potentialAction":[{"@type":"SearchAction","target":{"@type":"EntryPoint","urlTemplate":"https:\/\/www.danosa.com\/es-co\/?s={search_term_string}"},"query-input":"required name=search_term_string"}],"inLanguage":"es"},{"@type":"WebPage","@id":"https:\/\/www.danosa.com\/es-co\/producto\/polydan-60-tf-elast\/#webpage","url":"https:\/\/www.danosa.com\/es-co\/producto\/polydan-60-tf-elast\/","name":"Tela asf\u00e1ltica especial tr\u00e1fico rodado | POLYDAN 60 TF ELAST | Danosa","isPartOf":{"@id":"https:\/\/www.danosa.com\/es-co\/#website"},"datePublished":"2026-04-09T06:26:06+00:00","dateModified":"2026-04-09T06:26:07+00:00","description":"Tela asf\u00e1ltica especial tr\u00e1fico rodado con l\u00e1mina impermeabilizante autoprotegida de bet\u00fan elastom\u00e9rico SBS. Autocicatrizante e emputrescible. Alto rendimiento","breadcrumb":{"@id":"https:\/\/www.danosa.com\/es-co\/producto\/polydan-60-tf-elast\/#breadcrumb"},"inLanguage":"es","potentialAction":[{"@type":"ReadAction","target":["https:\/\/www.danosa.com\/es-co\/producto\/polydan-60-tf-elast\/"]}]},{"@type":"BreadcrumbList","@id":"https:\/\/www.danosa.com\/es-co\/producto\/polydan-60-tf-elast\/#breadcrumb","itemListElement":[{"@type":"ListItem","position":1,"name":"Portada","item":"https:\/\/www.danosa.com\/es-co\/"},{"@type":"ListItem","position":2,"name":"POLYDAN 60 TF ELAST"}]}]}},"_links":{"self":[{"href":"https:\/\/www.danosa.com\/es-co\/wp-json\/wp\/v2\/product\/4223"}],"collection":[{"href":"https:\/\/www.danosa.com\/es-co\/wp-json\/wp\/v2\/product"}],"about":[{"href":"https:\/\/www.danosa.com\/es-co\/wp-json\/wp\/v2\/types\/product"}],"wp:attachment":[{"href":"https:\/\/www.danosa.com\/es-co\/wp-json\/wp\/v2\/media?parent=4223"}],"wp:term":[{"taxonomy":"family","embeddable":true,"href":"https:\/\/www.danosa.com\/es-co\/wp-json\/wp\/v2\/family?post=4223"},{"taxonomy":"product_notice","embeddable":true,"href":"https:\/\/www.danosa.com\/es-co\/wp-json\/wp\/v2\/product_notice?post=4223"},{"taxonomy":"product_icon","embeddable":true,"href":"https:\/\/www.danosa.com\/es-co\/wp-json\/wp\/v2\/product_icon?post=4223"},{"taxonomy":"product_application","embeddable":true,"href":"https:\/\/www.danosa.com\/es-co\/wp-json\/wp\/v2\/product_application?post=4223"},{"taxonomy":"product_standards_certification","embeddable":true,"href":"https:\/\/www.danosa.com\/es-co\/wp-json\/wp\/v2\/product_standards_certification?post=4223"},{"taxonomy":"product_benefits","embeddable":true,"href":"https:\/\/www.danosa.com\/es-co\/wp-json\/wp\/v2\/product_benefits?post=4223"},{"taxonomy":"product_support","embeddable":true,"href":"https:\/\/www.danosa.com\/es-co\/wp-json\/wp\/v2\/product_support?post=4223"},{"taxonomy":"product_substrate_preparation","embeddable":true,"href":"https:\/\/www.danosa.com\/es-co\/wp-json\/wp\/v2\/product_substrate_preparation?post=4223"},{"taxonomy":"product_important_indications","embeddable":true,"href":"https:\/\/www.danosa.com\/es-co\/wp-json\/wp\/v2\/product_important_indications?post=4223"},{"taxonomy":"product_conservation","embeddable":true,"href":"https:\/\/www.danosa.com\/es-co\/wp-json\/wp\/v2\/product_conservation?post=4223"},{"taxonomy":"product_warning","embeddable":true,"href":"https:\/\/www.danosa.com\/es-co\/wp-json\/wp\/v2\/product_warning?post=4223"},{"taxonomy":"product_safety_hygiene","embeddable":true,"href":"https:\/\/www.danosa.com\/es-co\/wp-json\/wp\/v2\/product_safety_hygiene?post=4223"},{"taxonomy":"system_certification","embeddable":true,"href":"https:\/\/www.danosa.com\/es-co\/wp-json\/wp\/v2\/system_certification?post=4223"},{"taxonomy":"product_maintenance","embeddable":true,"href":"https:\/\/www.danosa.com\/es-co\/wp-json\/wp\/v2\/product_maintenance?post=4223"},{"taxonomy":"product_safety_datasheet","embeddable":true,"href":"https:\/\/www.danosa.com\/es-co\/wp-json\/wp\/v2\/product_safety_datasheet?post=4223"},{"taxonomy":"filter_special_uses","embeddable":true,"href":"https:\/\/www.danosa.com\/es-co\/wp-json\/wp\/v2\/filter_special_uses?post=4223"}],"curies":[{"name":"wp","href":"https:\/\/api.w.org\/{rel}","templated":true}]}}