{"id":8356,"date":"2026-04-27T08:22:05","date_gmt":"2026-04-27T06:22:05","guid":{"rendered":"https:\/\/www.danosa.com\/es-co\/producto\/esterdan-30-p-pol-3\/"},"modified":"2026-04-27T08:22:07","modified_gmt":"2026-04-27T06:22:07","slug":"esterdan-30-p-pol","status":"publish","type":"product","link":"https:\/\/www.danosa.com\/es-co\/producto\/esterdan-30-p-pol\/","title":{"rendered":"ESTERDAN 30 P POL."},"content":{"rendered":"<p>L\u00e1mina\u00a0impermeabilizante\u00a0bituminosa de superficie no protegida\u00a0tipo LBM-30-FP (APP -15 \u00baC).<br \/>\nCompuesta por una armadura de fieltro de poli\u00e9ster reforzado, recubierta por ambas caras con un m\u00e1stico de bet\u00fan modificado con plast\u00f3meros, usando como material antiadherente un film pl\u00e1stico por ambas caras.<\/p>\n","protected":false},"excerpt":{"rendered":"<p>L\u00e1mina impermeabilizante de bet\u00fan modificado con plast\u00f3meros de superficie no protegida con terminaci\u00f3n en film pl\u00e1stico.<\/p>\n","protected":false},"featured_media":0,"parent":0,"menu_order":0,"template":"","meta":{"inline_featured_image":false,"site-sidebar-layout":"default","site-content-layout":"default","ast-main-header-display":"","ast-hfb-above-header-display":"","ast-hfb-below-header-display":"","ast-hfb-mobile-header-display":"","site-post-title":"","ast-breadcrumbs-content":"","ast-featured-img":"","footer-sml-layout":"","theme-transparent-header-meta":"","adv-header-id-meta":"","stick-header-meta":"","header-above-stick-meta":"","header-main-stick-meta":"","header-below-stick-meta":""},"family":[3053],"product_notice":[11437],"product_icon":[],"product_application":[10046,10207,10217,10218,10222,10223,12135],"product_standards_certification":[11310,11314,11324,11327,11329,11338],"product_benefits":[9379,9488,9498,9555,9566,9568,9645,9648,9650,9661,9675,9676,9717,9733],"product_support":[],"product_substrate_preparation":[],"product_important_indications":[10559,10560,10562,10566,10590,10613,10636,10656,10695,10706,10711,10735,10795],"product_conservation":[10808,10834,10841,10842,10869,10870,10919,10926,10930,10931,10997,10998,11000],"product_warning":[],"product_safety_hygiene":[],"system_certification":[8220,3155],"product_maintenance":[4217],"product_safety_datasheet":[2693],"filter_special_uses":[2871],"acf":[],"yoast_head":"<!-- This site is optimized with the Yoast SEO plugin v18.1 - https:\/\/yoast.com\/wordpress\/plugins\/seo\/ -->\n<title>L\u00e1mina impermeabilizante para muros y cubiertas | Esterdan 30 P POL<\/title>\n<meta name=\"description\" content=\"L\u00e1mina impermeabilizante para muros y cubiertas con protecci\u00f3n pesada adheridas, no adheridas o flotantes. bet\u00fan modificado con plast\u00f3meros. Gama profesional\" \/>\n<meta name=\"robots\" content=\"index, follow, max-snippet:-1, max-image-preview:large, max-video-preview:-1\" \/>\n<link rel=\"canonical\" href=\"https:\/\/www.danosa.com\/es-co\/producto\/esterdan-30-p-pol\/\" \/>\n<meta property=\"og:locale\" content=\"es_ES\" \/>\n<meta property=\"og:type\" content=\"article\" \/>\n<meta property=\"og:title\" content=\"L\u00e1mina impermeabilizante para muros y cubiertas | Esterdan 30 P POL\" \/>\n<meta property=\"og:description\" content=\"L\u00e1mina impermeabilizante para muros y cubiertas con protecci\u00f3n pesada adheridas, no adheridas o flotantes. bet\u00fan modificado con plast\u00f3meros. Gama profesional\" \/>\n<meta property=\"og:url\" content=\"https:\/\/www.danosa.com\/es-co\/producto\/esterdan-30-p-pol\/\" \/>\n<meta property=\"og:site_name\" content=\"Danosa Colombia\" \/>\n<meta property=\"article:modified_time\" content=\"2026-04-27T06:22:07+00:00\" \/>\n<meta name=\"twitter:card\" content=\"summary_large_image\" \/>\n<script type=\"application\/ld+json\" class=\"yoast-schema-graph\">{\"@context\":\"https:\/\/schema.org\",\"@graph\":[{\"@type\":\"WebSite\",\"@id\":\"https:\/\/www.danosa.com\/es-co\/#website\",\"url\":\"https:\/\/www.danosa.com\/es-co\/\",\"name\":\"Danosa Colombia\",\"description\":\"Danosa\",\"potentialAction\":[{\"@type\":\"SearchAction\",\"target\":{\"@type\":\"EntryPoint\",\"urlTemplate\":\"https:\/\/www.danosa.com\/es-co\/?s={search_term_string}\"},\"query-input\":\"required name=search_term_string\"}],\"inLanguage\":\"es\"},{\"@type\":\"WebPage\",\"@id\":\"https:\/\/www.danosa.com\/es-co\/producto\/esterdan-30-p-pol\/#webpage\",\"url\":\"https:\/\/www.danosa.com\/es-co\/producto\/esterdan-30-p-pol\/\",\"name\":\"L\u00e1mina impermeabilizante para muros y cubiertas | Esterdan 30 P POL\",\"isPartOf\":{\"@id\":\"https:\/\/www.danosa.com\/es-co\/#website\"},\"datePublished\":\"2026-04-27T06:22:05+00:00\",\"dateModified\":\"2026-04-27T06:22:07+00:00\",\"description\":\"L\u00e1mina impermeabilizante para muros y cubiertas con protecci\u00f3n pesada adheridas, no adheridas o flotantes. bet\u00fan modificado con plast\u00f3meros. Gama profesional\",\"breadcrumb\":{\"@id\":\"https:\/\/www.danosa.com\/es-co\/producto\/esterdan-30-p-pol\/#breadcrumb\"},\"inLanguage\":\"es\",\"potentialAction\":[{\"@type\":\"ReadAction\",\"target\":[\"https:\/\/www.danosa.com\/es-co\/producto\/esterdan-30-p-pol\/\"]}]},{\"@type\":\"BreadcrumbList\",\"@id\":\"https:\/\/www.danosa.com\/es-co\/producto\/esterdan-30-p-pol\/#breadcrumb\",\"itemListElement\":[{\"@type\":\"ListItem\",\"position\":1,\"name\":\"Portada\",\"item\":\"https:\/\/www.danosa.com\/es-co\/\"},{\"@type\":\"ListItem\",\"position\":2,\"name\":\"ESTERDAN 30 P POL.\"}]}]}<\/script>\n<!-- \/ Yoast SEO plugin. -->","yoast_head_json":{"title":"L\u00e1mina impermeabilizante para muros y cubiertas | Esterdan 30 P POL","description":"L\u00e1mina impermeabilizante para muros y cubiertas con protecci\u00f3n pesada adheridas, no adheridas o flotantes. bet\u00fan modificado con plast\u00f3meros. Gama profesional","robots":{"index":"index","follow":"follow","max-snippet":"max-snippet:-1","max-image-preview":"max-image-preview:large","max-video-preview":"max-video-preview:-1"},"canonical":"https:\/\/www.danosa.com\/es-co\/producto\/esterdan-30-p-pol\/","og_locale":"es_ES","og_type":"article","og_title":"L\u00e1mina impermeabilizante para muros y cubiertas | Esterdan 30 P POL","og_description":"L\u00e1mina impermeabilizante para muros y cubiertas con protecci\u00f3n pesada adheridas, no adheridas o flotantes. bet\u00fan modificado con plast\u00f3meros. Gama profesional","og_url":"https:\/\/www.danosa.com\/es-co\/producto\/esterdan-30-p-pol\/","og_site_name":"Danosa Colombia","article_modified_time":"2026-04-27T06:22:07+00:00","twitter_card":"summary_large_image","schema":{"@context":"https:\/\/schema.org","@graph":[{"@type":"WebSite","@id":"https:\/\/www.danosa.com\/es-co\/#website","url":"https:\/\/www.danosa.com\/es-co\/","name":"Danosa Colombia","description":"Danosa","potentialAction":[{"@type":"SearchAction","target":{"@type":"EntryPoint","urlTemplate":"https:\/\/www.danosa.com\/es-co\/?s={search_term_string}"},"query-input":"required name=search_term_string"}],"inLanguage":"es"},{"@type":"WebPage","@id":"https:\/\/www.danosa.com\/es-co\/producto\/esterdan-30-p-pol\/#webpage","url":"https:\/\/www.danosa.com\/es-co\/producto\/esterdan-30-p-pol\/","name":"L\u00e1mina impermeabilizante para muros y cubiertas | Esterdan 30 P POL","isPartOf":{"@id":"https:\/\/www.danosa.com\/es-co\/#website"},"datePublished":"2026-04-27T06:22:05+00:00","dateModified":"2026-04-27T06:22:07+00:00","description":"L\u00e1mina impermeabilizante para muros y cubiertas con protecci\u00f3n pesada adheridas, no adheridas o flotantes. bet\u00fan modificado con plast\u00f3meros. Gama profesional","breadcrumb":{"@id":"https:\/\/www.danosa.com\/es-co\/producto\/esterdan-30-p-pol\/#breadcrumb"},"inLanguage":"es","potentialAction":[{"@type":"ReadAction","target":["https:\/\/www.danosa.com\/es-co\/producto\/esterdan-30-p-pol\/"]}]},{"@type":"BreadcrumbList","@id":"https:\/\/www.danosa.com\/es-co\/producto\/esterdan-30-p-pol\/#breadcrumb","itemListElement":[{"@type":"ListItem","position":1,"name":"Portada","item":"https:\/\/www.danosa.com\/es-co\/"},{"@type":"ListItem","position":2,"name":"ESTERDAN 30 P POL."}]}]}},"_links":{"self":[{"href":"https:\/\/www.danosa.com\/es-co\/wp-json\/wp\/v2\/product\/8356"}],"collection":[{"href":"https:\/\/www.danosa.com\/es-co\/wp-json\/wp\/v2\/product"}],"about":[{"href":"https:\/\/www.danosa.com\/es-co\/wp-json\/wp\/v2\/types\/product"}],"wp:attachment":[{"href":"https:\/\/www.danosa.com\/es-co\/wp-json\/wp\/v2\/media?parent=8356"}],"wp:term":[{"taxonomy":"family","embeddable":true,"href":"https:\/\/www.danosa.com\/es-co\/wp-json\/wp\/v2\/family?post=8356"},{"taxonomy":"product_notice","embeddable":true,"href":"https:\/\/www.danosa.com\/es-co\/wp-json\/wp\/v2\/product_notice?post=8356"},{"taxonomy":"product_icon","embeddable":true,"href":"https:\/\/www.danosa.com\/es-co\/wp-json\/wp\/v2\/product_icon?post=8356"},{"taxonomy":"product_application","embeddable":true,"href":"https:\/\/www.danosa.com\/es-co\/wp-json\/wp\/v2\/product_application?post=8356"},{"taxonomy":"product_standards_certification","embeddable":true,"href":"https:\/\/www.danosa.com\/es-co\/wp-json\/wp\/v2\/product_standards_certification?post=8356"},{"taxonomy":"product_benefits","embeddable":true,"href":"https:\/\/www.danosa.com\/es-co\/wp-json\/wp\/v2\/product_benefits?post=8356"},{"taxonomy":"product_support","embeddable":true,"href":"https:\/\/www.danosa.com\/es-co\/wp-json\/wp\/v2\/product_support?post=8356"},{"taxonomy":"product_substrate_preparation","embeddable":true,"href":"https:\/\/www.danosa.com\/es-co\/wp-json\/wp\/v2\/product_substrate_preparation?post=8356"},{"taxonomy":"product_important_indications","embeddable":true,"href":"https:\/\/www.danosa.com\/es-co\/wp-json\/wp\/v2\/product_important_indications?post=8356"},{"taxonomy":"product_conservation","embeddable":true,"href":"https:\/\/www.danosa.com\/es-co\/wp-json\/wp\/v2\/product_conservation?post=8356"},{"taxonomy":"product_warning","embeddable":true,"href":"https:\/\/www.danosa.com\/es-co\/wp-json\/wp\/v2\/product_warning?post=8356"},{"taxonomy":"product_safety_hygiene","embeddable":true,"href":"https:\/\/www.danosa.com\/es-co\/wp-json\/wp\/v2\/product_safety_hygiene?post=8356"},{"taxonomy":"system_certification","embeddable":true,"href":"https:\/\/www.danosa.com\/es-co\/wp-json\/wp\/v2\/system_certification?post=8356"},{"taxonomy":"product_maintenance","embeddable":true,"href":"https:\/\/www.danosa.com\/es-co\/wp-json\/wp\/v2\/product_maintenance?post=8356"},{"taxonomy":"product_safety_datasheet","embeddable":true,"href":"https:\/\/www.danosa.com\/es-co\/wp-json\/wp\/v2\/product_safety_datasheet?post=8356"},{"taxonomy":"filter_special_uses","embeddable":true,"href":"https:\/\/www.danosa.com\/es-co\/wp-json\/wp\/v2\/filter_special_uses?post=8356"}],"curies":[{"name":"wp","href":"https:\/\/api.w.org\/{rel}","templated":true}]}}