{"id":8359,"date":"2026-04-09T08:22:04","date_gmt":"2026-04-09T06:22:04","guid":{"rendered":"https:\/\/www.danosa.com\/es-co\/producto\/esterdan-48-p-elast-3\/"},"modified":"2026-04-09T08:22:07","modified_gmt":"2026-04-09T06:22:07","slug":"esterdan-48-p-elast","status":"publish","type":"product","link":"https:\/\/www.danosa.com\/es-co\/producto\/esterdan-48-p-elast\/","title":{"rendered":"ESTERDAN 48 P ELAST"},"content":{"rendered":"<p>L\u00e1mina\u00a0impermeabilizante\u00a0bituminosa de superficie no protegida\u00a0tipo LBM(SBS)-48-FP.<br \/>\nCompuesta por una armadura de fieltro de poli\u00e9ster no tejido, recubierta por ambas caras con un m\u00e1stico de bet\u00fan modificado con elast\u00f3meros (SBS), usando como material antiadherente un film pl\u00e1stico por ambas caras.<\/p>\n","protected":false},"excerpt":{"rendered":"<p>L\u00e1mina impermeabilizante de bet\u00fan modificado con elast\u00f3meros (SBS) de superficie no protegida con terminaci\u00f3n en film pl\u00e1stico.<\/p>\n","protected":false},"featured_media":0,"parent":0,"menu_order":0,"template":"","meta":{"inline_featured_image":false,"site-sidebar-layout":"default","site-content-layout":"default","ast-main-header-display":"","ast-hfb-above-header-display":"","ast-hfb-below-header-display":"","ast-hfb-mobile-header-display":"","site-post-title":"","ast-breadcrumbs-content":"","ast-featured-img":"","footer-sml-layout":"","theme-transparent-header-meta":"","adv-header-id-meta":"","stick-header-meta":"","header-above-stick-meta":"","header-main-stick-meta":"","header-below-stick-meta":""},"family":[3053],"product_notice":[11437],"product_icon":[],"product_application":[10206,10219,10220,10242,10243,10244,10248,10295,12135],"product_standards_certification":[11297,11310,11314,11324,11327],"product_benefits":[9379,9486,9488,9498,9515,9557,9568,9645,9648,9650,9661,9679,9733,9780],"product_support":[],"product_substrate_preparation":[],"product_important_indications":[10558,10560,10562,10590,10636,10656,10695,10706,10708,10711,10735,10795],"product_conservation":[10808,10834,10841,10842,10869,10870,10919,10926,10930,10931,10997,10998,11000],"product_warning":[],"product_safety_hygiene":[],"system_certification":[8080,3369,3155],"product_maintenance":[4217],"product_safety_datasheet":[2693],"filter_special_uses":[],"acf":[],"yoast_head":"<!-- This site is optimized with the Yoast SEO plugin v18.1 - https:\/\/yoast.com\/wordpress\/plugins\/seo\/ -->\n<title>L\u00e1mina de bet\u00fan modificado con elast\u00f3mero SBS | Esterdan 48 P ELAST<\/title>\n<meta name=\"description\" content=\"L\u00e1mina de bet\u00fan modificado con elast\u00f3mero SBS con gran resistencia a la tracci\u00f3n, al desgarro y gran elongaci\u00f3n a la rotura. Muy resistente. Danosa.\" \/>\n<meta name=\"robots\" content=\"index, follow, max-snippet:-1, max-image-preview:large, max-video-preview:-1\" \/>\n<link rel=\"canonical\" href=\"https:\/\/www.danosa.com\/es-co\/producto\/esterdan-48-p-elast\/\" \/>\n<meta property=\"og:locale\" content=\"es_ES\" \/>\n<meta property=\"og:type\" content=\"article\" \/>\n<meta property=\"og:title\" content=\"L\u00e1mina de bet\u00fan modificado con elast\u00f3mero SBS | Esterdan 48 P ELAST\" \/>\n<meta property=\"og:description\" content=\"L\u00e1mina de bet\u00fan modificado con elast\u00f3mero SBS con gran resistencia a la tracci\u00f3n, al desgarro y gran elongaci\u00f3n a la rotura. Muy resistente. Danosa.\" \/>\n<meta property=\"og:url\" content=\"https:\/\/www.danosa.com\/es-co\/producto\/esterdan-48-p-elast\/\" \/>\n<meta property=\"og:site_name\" content=\"Danosa Colombia\" \/>\n<meta property=\"article:modified_time\" content=\"2026-04-09T06:22:07+00:00\" \/>\n<meta name=\"twitter:card\" content=\"summary_large_image\" \/>\n<script type=\"application\/ld+json\" class=\"yoast-schema-graph\">{\"@context\":\"https:\/\/schema.org\",\"@graph\":[{\"@type\":\"WebSite\",\"@id\":\"https:\/\/www.danosa.com\/es-co\/#website\",\"url\":\"https:\/\/www.danosa.com\/es-co\/\",\"name\":\"Danosa Colombia\",\"description\":\"Danosa\",\"potentialAction\":[{\"@type\":\"SearchAction\",\"target\":{\"@type\":\"EntryPoint\",\"urlTemplate\":\"https:\/\/www.danosa.com\/es-co\/?s={search_term_string}\"},\"query-input\":\"required name=search_term_string\"}],\"inLanguage\":\"es\"},{\"@type\":\"WebPage\",\"@id\":\"https:\/\/www.danosa.com\/es-co\/producto\/esterdan-48-p-elast\/#webpage\",\"url\":\"https:\/\/www.danosa.com\/es-co\/producto\/esterdan-48-p-elast\/\",\"name\":\"L\u00e1mina de bet\u00fan modificado con elast\u00f3mero SBS | Esterdan 48 P ELAST\",\"isPartOf\":{\"@id\":\"https:\/\/www.danosa.com\/es-co\/#website\"},\"datePublished\":\"2026-04-09T06:22:04+00:00\",\"dateModified\":\"2026-04-09T06:22:07+00:00\",\"description\":\"L\u00e1mina de bet\u00fan modificado con elast\u00f3mero SBS con gran resistencia a la tracci\u00f3n, al desgarro y gran elongaci\u00f3n a la rotura. Muy resistente. Danosa.\",\"breadcrumb\":{\"@id\":\"https:\/\/www.danosa.com\/es-co\/producto\/esterdan-48-p-elast\/#breadcrumb\"},\"inLanguage\":\"es\",\"potentialAction\":[{\"@type\":\"ReadAction\",\"target\":[\"https:\/\/www.danosa.com\/es-co\/producto\/esterdan-48-p-elast\/\"]}]},{\"@type\":\"BreadcrumbList\",\"@id\":\"https:\/\/www.danosa.com\/es-co\/producto\/esterdan-48-p-elast\/#breadcrumb\",\"itemListElement\":[{\"@type\":\"ListItem\",\"position\":1,\"name\":\"Portada\",\"item\":\"https:\/\/www.danosa.com\/es-co\/\"},{\"@type\":\"ListItem\",\"position\":2,\"name\":\"ESTERDAN 48 P ELAST\"}]}]}<\/script>\n<!-- \/ Yoast SEO plugin. -->","yoast_head_json":{"title":"L\u00e1mina de bet\u00fan modificado con elast\u00f3mero SBS | Esterdan 48 P ELAST","description":"L\u00e1mina de bet\u00fan modificado con elast\u00f3mero SBS con gran resistencia a la tracci\u00f3n, al desgarro y gran elongaci\u00f3n a la rotura. Muy resistente. Danosa.","robots":{"index":"index","follow":"follow","max-snippet":"max-snippet:-1","max-image-preview":"max-image-preview:large","max-video-preview":"max-video-preview:-1"},"canonical":"https:\/\/www.danosa.com\/es-co\/producto\/esterdan-48-p-elast\/","og_locale":"es_ES","og_type":"article","og_title":"L\u00e1mina de bet\u00fan modificado con elast\u00f3mero SBS | Esterdan 48 P ELAST","og_description":"L\u00e1mina de bet\u00fan modificado con elast\u00f3mero SBS con gran resistencia a la tracci\u00f3n, al desgarro y gran elongaci\u00f3n a la rotura. Muy resistente. Danosa.","og_url":"https:\/\/www.danosa.com\/es-co\/producto\/esterdan-48-p-elast\/","og_site_name":"Danosa Colombia","article_modified_time":"2026-04-09T06:22:07+00:00","twitter_card":"summary_large_image","schema":{"@context":"https:\/\/schema.org","@graph":[{"@type":"WebSite","@id":"https:\/\/www.danosa.com\/es-co\/#website","url":"https:\/\/www.danosa.com\/es-co\/","name":"Danosa Colombia","description":"Danosa","potentialAction":[{"@type":"SearchAction","target":{"@type":"EntryPoint","urlTemplate":"https:\/\/www.danosa.com\/es-co\/?s={search_term_string}"},"query-input":"required name=search_term_string"}],"inLanguage":"es"},{"@type":"WebPage","@id":"https:\/\/www.danosa.com\/es-co\/producto\/esterdan-48-p-elast\/#webpage","url":"https:\/\/www.danosa.com\/es-co\/producto\/esterdan-48-p-elast\/","name":"L\u00e1mina de bet\u00fan modificado con elast\u00f3mero SBS | Esterdan 48 P ELAST","isPartOf":{"@id":"https:\/\/www.danosa.com\/es-co\/#website"},"datePublished":"2026-04-09T06:22:04+00:00","dateModified":"2026-04-09T06:22:07+00:00","description":"L\u00e1mina de bet\u00fan modificado con elast\u00f3mero SBS con gran resistencia a la tracci\u00f3n, al desgarro y gran elongaci\u00f3n a la rotura. Muy resistente. Danosa.","breadcrumb":{"@id":"https:\/\/www.danosa.com\/es-co\/producto\/esterdan-48-p-elast\/#breadcrumb"},"inLanguage":"es","potentialAction":[{"@type":"ReadAction","target":["https:\/\/www.danosa.com\/es-co\/producto\/esterdan-48-p-elast\/"]}]},{"@type":"BreadcrumbList","@id":"https:\/\/www.danosa.com\/es-co\/producto\/esterdan-48-p-elast\/#breadcrumb","itemListElement":[{"@type":"ListItem","position":1,"name":"Portada","item":"https:\/\/www.danosa.com\/es-co\/"},{"@type":"ListItem","position":2,"name":"ESTERDAN 48 P ELAST"}]}]}},"_links":{"self":[{"href":"https:\/\/www.danosa.com\/es-co\/wp-json\/wp\/v2\/product\/8359"}],"collection":[{"href":"https:\/\/www.danosa.com\/es-co\/wp-json\/wp\/v2\/product"}],"about":[{"href":"https:\/\/www.danosa.com\/es-co\/wp-json\/wp\/v2\/types\/product"}],"wp:attachment":[{"href":"https:\/\/www.danosa.com\/es-co\/wp-json\/wp\/v2\/media?parent=8359"}],"wp:term":[{"taxonomy":"family","embeddable":true,"href":"https:\/\/www.danosa.com\/es-co\/wp-json\/wp\/v2\/family?post=8359"},{"taxonomy":"product_notice","embeddable":true,"href":"https:\/\/www.danosa.com\/es-co\/wp-json\/wp\/v2\/product_notice?post=8359"},{"taxonomy":"product_icon","embeddable":true,"href":"https:\/\/www.danosa.com\/es-co\/wp-json\/wp\/v2\/product_icon?post=8359"},{"taxonomy":"product_application","embeddable":true,"href":"https:\/\/www.danosa.com\/es-co\/wp-json\/wp\/v2\/product_application?post=8359"},{"taxonomy":"product_standards_certification","embeddable":true,"href":"https:\/\/www.danosa.com\/es-co\/wp-json\/wp\/v2\/product_standards_certification?post=8359"},{"taxonomy":"product_benefits","embeddable":true,"href":"https:\/\/www.danosa.com\/es-co\/wp-json\/wp\/v2\/product_benefits?post=8359"},{"taxonomy":"product_support","embeddable":true,"href":"https:\/\/www.danosa.com\/es-co\/wp-json\/wp\/v2\/product_support?post=8359"},{"taxonomy":"product_substrate_preparation","embeddable":true,"href":"https:\/\/www.danosa.com\/es-co\/wp-json\/wp\/v2\/product_substrate_preparation?post=8359"},{"taxonomy":"product_important_indications","embeddable":true,"href":"https:\/\/www.danosa.com\/es-co\/wp-json\/wp\/v2\/product_important_indications?post=8359"},{"taxonomy":"product_conservation","embeddable":true,"href":"https:\/\/www.danosa.com\/es-co\/wp-json\/wp\/v2\/product_conservation?post=8359"},{"taxonomy":"product_warning","embeddable":true,"href":"https:\/\/www.danosa.com\/es-co\/wp-json\/wp\/v2\/product_warning?post=8359"},{"taxonomy":"product_safety_hygiene","embeddable":true,"href":"https:\/\/www.danosa.com\/es-co\/wp-json\/wp\/v2\/product_safety_hygiene?post=8359"},{"taxonomy":"system_certification","embeddable":true,"href":"https:\/\/www.danosa.com\/es-co\/wp-json\/wp\/v2\/system_certification?post=8359"},{"taxonomy":"product_maintenance","embeddable":true,"href":"https:\/\/www.danosa.com\/es-co\/wp-json\/wp\/v2\/product_maintenance?post=8359"},{"taxonomy":"product_safety_datasheet","embeddable":true,"href":"https:\/\/www.danosa.com\/es-co\/wp-json\/wp\/v2\/product_safety_datasheet?post=8359"},{"taxonomy":"filter_special_uses","embeddable":true,"href":"https:\/\/www.danosa.com\/es-co\/wp-json\/wp\/v2\/filter_special_uses?post=8359"}],"curies":[{"name":"wp","href":"https:\/\/api.w.org\/{rel}","templated":true}]}}