{"id":9151,"date":"2026-02-27T07:37:10","date_gmt":"2026-02-27T06:37:10","guid":{"rendered":"https:\/\/www.danosa.com\/es-co\/producto\/danopol-fv-1-2\/danopol-fv-1-2-light-grey-18-x-20-m\/"},"modified":"2026-02-27T07:37:11","modified_gmt":"2026-02-27T06:37:11","slug":"danopol-fv-1-2-light-grey-1-8-x-20-m","status":"publish","type":"product","link":"https:\/\/www.danosa.com\/es-co\/producto\/danopol-fv-1-2\/danopol-fv-1-2-light-grey-1-8-x-20-m\/","title":{"rendered":"DANOPOL FV 1.2 LIGHT GREY | 1.8 x 20 m"},"content":{"rendered":"","protected":false},"excerpt":{"rendered":"","protected":false},"featured_media":0,"parent":8856,"menu_order":0,"template":"","meta":{"inline_featured_image":false,"site-sidebar-layout":"default","site-content-layout":"default","ast-main-header-display":"","ast-hfb-above-header-display":"","ast-hfb-below-header-display":"","ast-hfb-mobile-header-display":"","site-post-title":"","ast-breadcrumbs-content":"","ast-featured-img":"","footer-sml-layout":"","theme-transparent-header-meta":"","adv-header-id-meta":"","stick-header-meta":"","header-above-stick-meta":"","header-main-stick-meta":"","header-below-stick-meta":""},"family":[],"product_notice":[],"product_icon":[],"product_application":[],"product_standards_certification":[],"product_benefits":[],"product_support":[],"product_substrate_preparation":[],"product_important_indications":[],"product_conservation":[],"product_warning":[],"product_safety_hygiene":[],"system_certification":[],"product_maintenance":[],"product_safety_datasheet":[],"filter_special_uses":[],"acf":[],"yoast_head":"<!-- This site is optimized with the Yoast SEO plugin v18.1 - https:\/\/yoast.com\/wordpress\/plugins\/seo\/ -->\n<title>L\u00e1mina impermeable exterior | DANOPOL FV 1.2 LIGHT GREY (1,8X20 M)<\/title>\n<meta name=\"description\" content=\"L\u00e1mina impermeabilizante exterior para impermeabilizaci\u00f3n de cubiertas invertidas. Programa Europeo de reciclaje de materiales PVC Roofcollect. Danosa.\" \/>\n<meta name=\"robots\" content=\"index, follow, max-snippet:-1, max-image-preview:large, max-video-preview:-1\" \/>\n<link rel=\"canonical\" href=\"https:\/\/www.danosa.com\/es-co\/producto\/danopol-fv-1-2\/danopol-fv-1-2-light-grey-1-8-x-20-m\/\" \/>\n<meta property=\"og:locale\" content=\"es_ES\" \/>\n<meta property=\"og:type\" content=\"article\" \/>\n<meta property=\"og:title\" content=\"L\u00e1mina impermeable exterior | DANOPOL FV 1.2 LIGHT GREY (1,8X20 M)\" \/>\n<meta property=\"og:description\" content=\"L\u00e1mina impermeabilizante exterior para impermeabilizaci\u00f3n de cubiertas invertidas. Programa Europeo de reciclaje de materiales PVC Roofcollect. Danosa.\" \/>\n<meta property=\"og:url\" content=\"https:\/\/www.danosa.com\/es-co\/producto\/danopol-fv-1-2\/danopol-fv-1-2-light-grey-1-8-x-20-m\/\" \/>\n<meta property=\"og:site_name\" content=\"Danosa Colombia\" \/>\n<meta property=\"article:modified_time\" content=\"2026-02-27T06:37:11+00:00\" \/>\n<meta name=\"twitter:card\" content=\"summary_large_image\" \/>\n<script type=\"application\/ld+json\" class=\"yoast-schema-graph\">{\"@context\":\"https:\/\/schema.org\",\"@graph\":[{\"@type\":\"WebSite\",\"@id\":\"https:\/\/www.danosa.com\/es-co\/#website\",\"url\":\"https:\/\/www.danosa.com\/es-co\/\",\"name\":\"Danosa Colombia\",\"description\":\"Danosa\",\"potentialAction\":[{\"@type\":\"SearchAction\",\"target\":{\"@type\":\"EntryPoint\",\"urlTemplate\":\"https:\/\/www.danosa.com\/es-co\/?s={search_term_string}\"},\"query-input\":\"required name=search_term_string\"}],\"inLanguage\":\"es\"},{\"@type\":\"WebPage\",\"@id\":\"https:\/\/www.danosa.com\/es-co\/producto\/danopol-fv-1-2\/danopol-fv-1-2-light-grey-1-8-x-20-m\/#webpage\",\"url\":\"https:\/\/www.danosa.com\/es-co\/producto\/danopol-fv-1-2\/danopol-fv-1-2-light-grey-1-8-x-20-m\/\",\"name\":\"L\u00e1mina impermeable exterior | DANOPOL FV 1.2 LIGHT GREY (1,8X20 M)\",\"isPartOf\":{\"@id\":\"https:\/\/www.danosa.com\/es-co\/#website\"},\"datePublished\":\"2026-02-27T06:37:10+00:00\",\"dateModified\":\"2026-02-27T06:37:11+00:00\",\"description\":\"L\u00e1mina impermeabilizante exterior para impermeabilizaci\u00f3n de cubiertas invertidas. Programa Europeo de reciclaje de materiales PVC Roofcollect. Danosa.\",\"breadcrumb\":{\"@id\":\"https:\/\/www.danosa.com\/es-co\/producto\/danopol-fv-1-2\/danopol-fv-1-2-light-grey-1-8-x-20-m\/#breadcrumb\"},\"inLanguage\":\"es\",\"potentialAction\":[{\"@type\":\"ReadAction\",\"target\":[\"https:\/\/www.danosa.com\/es-co\/producto\/danopol-fv-1-2\/danopol-fv-1-2-light-grey-1-8-x-20-m\/\"]}]},{\"@type\":\"BreadcrumbList\",\"@id\":\"https:\/\/www.danosa.com\/es-co\/producto\/danopol-fv-1-2\/danopol-fv-1-2-light-grey-1-8-x-20-m\/#breadcrumb\",\"itemListElement\":[{\"@type\":\"ListItem\",\"position\":1,\"name\":\"Portada\",\"item\":\"https:\/\/www.danosa.com\/es-co\/\"},{\"@type\":\"ListItem\",\"position\":2,\"name\":\"DANOPOL FV 1.2\",\"item\":\"https:\/\/www.danosa.com\/es-co\/producto\/danopol-fv-1-2\/\"},{\"@type\":\"ListItem\",\"position\":3,\"name\":\"DANOPOL FV 1.2 LIGHT GREY | 1.8 x 20 m\"}]}]}<\/script>\n<!-- \/ Yoast SEO plugin. -->","yoast_head_json":{"title":"L\u00e1mina impermeable exterior | DANOPOL FV 1.2 LIGHT GREY (1,8X20 M)","description":"L\u00e1mina impermeabilizante exterior para impermeabilizaci\u00f3n de cubiertas invertidas. Programa Europeo de reciclaje de materiales PVC Roofcollect. Danosa.","robots":{"index":"index","follow":"follow","max-snippet":"max-snippet:-1","max-image-preview":"max-image-preview:large","max-video-preview":"max-video-preview:-1"},"canonical":"https:\/\/www.danosa.com\/es-co\/producto\/danopol-fv-1-2\/danopol-fv-1-2-light-grey-1-8-x-20-m\/","og_locale":"es_ES","og_type":"article","og_title":"L\u00e1mina impermeable exterior | DANOPOL FV 1.2 LIGHT GREY (1,8X20 M)","og_description":"L\u00e1mina impermeabilizante exterior para impermeabilizaci\u00f3n de cubiertas invertidas. Programa Europeo de reciclaje de materiales PVC Roofcollect. Danosa.","og_url":"https:\/\/www.danosa.com\/es-co\/producto\/danopol-fv-1-2\/danopol-fv-1-2-light-grey-1-8-x-20-m\/","og_site_name":"Danosa Colombia","article_modified_time":"2026-02-27T06:37:11+00:00","twitter_card":"summary_large_image","schema":{"@context":"https:\/\/schema.org","@graph":[{"@type":"WebSite","@id":"https:\/\/www.danosa.com\/es-co\/#website","url":"https:\/\/www.danosa.com\/es-co\/","name":"Danosa Colombia","description":"Danosa","potentialAction":[{"@type":"SearchAction","target":{"@type":"EntryPoint","urlTemplate":"https:\/\/www.danosa.com\/es-co\/?s={search_term_string}"},"query-input":"required name=search_term_string"}],"inLanguage":"es"},{"@type":"WebPage","@id":"https:\/\/www.danosa.com\/es-co\/producto\/danopol-fv-1-2\/danopol-fv-1-2-light-grey-1-8-x-20-m\/#webpage","url":"https:\/\/www.danosa.com\/es-co\/producto\/danopol-fv-1-2\/danopol-fv-1-2-light-grey-1-8-x-20-m\/","name":"L\u00e1mina impermeable exterior | DANOPOL FV 1.2 LIGHT GREY (1,8X20 M)","isPartOf":{"@id":"https:\/\/www.danosa.com\/es-co\/#website"},"datePublished":"2026-02-27T06:37:10+00:00","dateModified":"2026-02-27T06:37:11+00:00","description":"L\u00e1mina impermeabilizante exterior para impermeabilizaci\u00f3n de cubiertas invertidas. Programa Europeo de reciclaje de materiales PVC Roofcollect. Danosa.","breadcrumb":{"@id":"https:\/\/www.danosa.com\/es-co\/producto\/danopol-fv-1-2\/danopol-fv-1-2-light-grey-1-8-x-20-m\/#breadcrumb"},"inLanguage":"es","potentialAction":[{"@type":"ReadAction","target":["https:\/\/www.danosa.com\/es-co\/producto\/danopol-fv-1-2\/danopol-fv-1-2-light-grey-1-8-x-20-m\/"]}]},{"@type":"BreadcrumbList","@id":"https:\/\/www.danosa.com\/es-co\/producto\/danopol-fv-1-2\/danopol-fv-1-2-light-grey-1-8-x-20-m\/#breadcrumb","itemListElement":[{"@type":"ListItem","position":1,"name":"Portada","item":"https:\/\/www.danosa.com\/es-co\/"},{"@type":"ListItem","position":2,"name":"DANOPOL FV 1.2","item":"https:\/\/www.danosa.com\/es-co\/producto\/danopol-fv-1-2\/"},{"@type":"ListItem","position":3,"name":"DANOPOL FV 1.2 LIGHT GREY | 1.8 x 20 m"}]}]}},"_links":{"self":[{"href":"https:\/\/www.danosa.com\/es-co\/wp-json\/wp\/v2\/product\/9151"}],"collection":[{"href":"https:\/\/www.danosa.com\/es-co\/wp-json\/wp\/v2\/product"}],"about":[{"href":"https:\/\/www.danosa.com\/es-co\/wp-json\/wp\/v2\/types\/product"}],"up":[{"embeddable":true,"href":"https:\/\/www.danosa.com\/es-co\/wp-json\/wp\/v2\/product\/8856"}],"wp:attachment":[{"href":"https:\/\/www.danosa.com\/es-co\/wp-json\/wp\/v2\/media?parent=9151"}],"wp:term":[{"taxonomy":"family","embeddable":true,"href":"https:\/\/www.danosa.com\/es-co\/wp-json\/wp\/v2\/family?post=9151"},{"taxonomy":"product_notice","embeddable":true,"href":"https:\/\/www.danosa.com\/es-co\/wp-json\/wp\/v2\/product_notice?post=9151"},{"taxonomy":"product_icon","embeddable":true,"href":"https:\/\/www.danosa.com\/es-co\/wp-json\/wp\/v2\/product_icon?post=9151"},{"taxonomy":"product_application","embeddable":true,"href":"https:\/\/www.danosa.com\/es-co\/wp-json\/wp\/v2\/product_application?post=9151"},{"taxonomy":"product_standards_certification","embeddable":true,"href":"https:\/\/www.danosa.com\/es-co\/wp-json\/wp\/v2\/product_standards_certification?post=9151"},{"taxonomy":"product_benefits","embeddable":true,"href":"https:\/\/www.danosa.com\/es-co\/wp-json\/wp\/v2\/product_benefits?post=9151"},{"taxonomy":"product_support","embeddable":true,"href":"https:\/\/www.danosa.com\/es-co\/wp-json\/wp\/v2\/product_support?post=9151"},{"taxonomy":"product_substrate_preparation","embeddable":true,"href":"https:\/\/www.danosa.com\/es-co\/wp-json\/wp\/v2\/product_substrate_preparation?post=9151"},{"taxonomy":"product_important_indications","embeddable":true,"href":"https:\/\/www.danosa.com\/es-co\/wp-json\/wp\/v2\/product_important_indications?post=9151"},{"taxonomy":"product_conservation","embeddable":true,"href":"https:\/\/www.danosa.com\/es-co\/wp-json\/wp\/v2\/product_conservation?post=9151"},{"taxonomy":"product_warning","embeddable":true,"href":"https:\/\/www.danosa.com\/es-co\/wp-json\/wp\/v2\/product_warning?post=9151"},{"taxonomy":"product_safety_hygiene","embeddable":true,"href":"https:\/\/www.danosa.com\/es-co\/wp-json\/wp\/v2\/product_safety_hygiene?post=9151"},{"taxonomy":"system_certification","embeddable":true,"href":"https:\/\/www.danosa.com\/es-co\/wp-json\/wp\/v2\/system_certification?post=9151"},{"taxonomy":"product_maintenance","embeddable":true,"href":"https:\/\/www.danosa.com\/es-co\/wp-json\/wp\/v2\/product_maintenance?post=9151"},{"taxonomy":"product_safety_datasheet","embeddable":true,"href":"https:\/\/www.danosa.com\/es-co\/wp-json\/wp\/v2\/product_safety_datasheet?post=9151"},{"taxonomy":"filter_special_uses","embeddable":true,"href":"https:\/\/www.danosa.com\/es-co\/wp-json\/wp\/v2\/filter_special_uses?post=9151"}],"curies":[{"name":"wp","href":"https:\/\/api.w.org\/{rel}","templated":true}]}}