{"id":9348,"date":"2026-02-18T19:40:53","date_gmt":"2026-02-18T18:40:53","guid":{"rendered":"https:\/\/www.danosa.com\/es-co\/producto\/granulo-de-pizarra\/pizarra-blanca-10-kg\/"},"modified":"2026-02-18T19:40:56","modified_gmt":"2026-02-18T18:40:56","slug":"pizarra-blanca-10-kg","status":"publish","type":"product","link":"https:\/\/www.danosa.com\/es-co\/producto\/granulo-de-pizarra\/pizarra-blanca-10-kg\/","title":{"rendered":"PIZARRA BLANCA  10 KG."},"content":{"rendered":"","protected":false},"excerpt":{"rendered":"","protected":false},"featured_media":0,"parent":4069,"menu_order":0,"template":"","meta":{"inline_featured_image":false,"site-sidebar-layout":"default","site-content-layout":"default","ast-main-header-display":"","ast-hfb-above-header-display":"","ast-hfb-below-header-display":"","ast-hfb-mobile-header-display":"","site-post-title":"","ast-breadcrumbs-content":"","ast-featured-img":"","footer-sml-layout":"","theme-transparent-header-meta":"","adv-header-id-meta":"","stick-header-meta":"","header-above-stick-meta":"","header-main-stick-meta":"","header-below-stick-meta":""},"family":[],"product_notice":[],"product_icon":[],"product_application":[],"product_standards_certification":[],"product_benefits":[],"product_support":[],"product_substrate_preparation":[],"product_important_indications":[],"product_conservation":[],"product_warning":[],"product_safety_hygiene":[],"system_certification":[],"product_maintenance":[],"product_safety_datasheet":[],"filter_special_uses":[],"acf":[],"yoast_head":"<!-- This site is optimized with the Yoast SEO plugin v18.1 - https:\/\/yoast.com\/wordpress\/plugins\/seo\/ -->\n<title>Gr\u00e1nulo de pizarra o mineral cer\u00e1mico | PIZARRA BLANCA 10 KG<\/title>\n<meta name=\"description\" content=\"Gr\u00e1nulo de pizarra o mineral cer\u00e1mico a granel para repasar las juntas y desperfectos causados por la soldadura. Con la garant\u00eda de Danosa. Pizarra Blanca 10 kg\" \/>\n<meta name=\"robots\" content=\"index, follow, max-snippet:-1, max-image-preview:large, max-video-preview:-1\" \/>\n<link rel=\"canonical\" href=\"https:\/\/www.danosa.com\/es-co\/producto\/granulo-de-pizarra\/pizarra-blanca-10-kg\/\" \/>\n<meta property=\"og:locale\" content=\"es_ES\" \/>\n<meta property=\"og:type\" content=\"article\" \/>\n<meta property=\"og:title\" content=\"Gr\u00e1nulo de pizarra o mineral cer\u00e1mico | PIZARRA BLANCA 10 KG\" \/>\n<meta property=\"og:description\" content=\"Gr\u00e1nulo de pizarra o mineral cer\u00e1mico a granel para repasar las juntas y desperfectos causados por la soldadura. Con la garant\u00eda de Danosa. Pizarra Blanca 10 kg\" \/>\n<meta property=\"og:url\" content=\"https:\/\/www.danosa.com\/es-co\/producto\/granulo-de-pizarra\/pizarra-blanca-10-kg\/\" \/>\n<meta property=\"og:site_name\" content=\"Danosa Colombia\" \/>\n<meta property=\"article:modified_time\" content=\"2026-02-18T18:40:56+00:00\" \/>\n<meta name=\"twitter:card\" content=\"summary_large_image\" \/>\n<script type=\"application\/ld+json\" class=\"yoast-schema-graph\">{\"@context\":\"https:\/\/schema.org\",\"@graph\":[{\"@type\":\"WebSite\",\"@id\":\"https:\/\/www.danosa.com\/es-co\/#website\",\"url\":\"https:\/\/www.danosa.com\/es-co\/\",\"name\":\"Danosa Colombia\",\"description\":\"Danosa\",\"potentialAction\":[{\"@type\":\"SearchAction\",\"target\":{\"@type\":\"EntryPoint\",\"urlTemplate\":\"https:\/\/www.danosa.com\/es-co\/?s={search_term_string}\"},\"query-input\":\"required name=search_term_string\"}],\"inLanguage\":\"es\"},{\"@type\":\"WebPage\",\"@id\":\"https:\/\/www.danosa.com\/es-co\/producto\/granulo-de-pizarra\/pizarra-blanca-10-kg\/#webpage\",\"url\":\"https:\/\/www.danosa.com\/es-co\/producto\/granulo-de-pizarra\/pizarra-blanca-10-kg\/\",\"name\":\"Gr\u00e1nulo de pizarra o mineral cer\u00e1mico | PIZARRA BLANCA 10 KG\",\"isPartOf\":{\"@id\":\"https:\/\/www.danosa.com\/es-co\/#website\"},\"datePublished\":\"2026-02-18T18:40:53+00:00\",\"dateModified\":\"2026-02-18T18:40:56+00:00\",\"description\":\"Gr\u00e1nulo de pizarra o mineral cer\u00e1mico a granel para repasar las juntas y desperfectos causados por la soldadura. Con la garant\u00eda de Danosa. Pizarra Blanca 10 kg\",\"breadcrumb\":{\"@id\":\"https:\/\/www.danosa.com\/es-co\/producto\/granulo-de-pizarra\/pizarra-blanca-10-kg\/#breadcrumb\"},\"inLanguage\":\"es\",\"potentialAction\":[{\"@type\":\"ReadAction\",\"target\":[\"https:\/\/www.danosa.com\/es-co\/producto\/granulo-de-pizarra\/pizarra-blanca-10-kg\/\"]}]},{\"@type\":\"BreadcrumbList\",\"@id\":\"https:\/\/www.danosa.com\/es-co\/producto\/granulo-de-pizarra\/pizarra-blanca-10-kg\/#breadcrumb\",\"itemListElement\":[{\"@type\":\"ListItem\",\"position\":1,\"name\":\"Portada\",\"item\":\"https:\/\/www.danosa.com\/es-co\/\"},{\"@type\":\"ListItem\",\"position\":2,\"name\":\"GRANULO DE PIZARRA\",\"item\":\"https:\/\/www.danosa.com\/es-co\/producto\/granulo-de-pizarra\/\"},{\"@type\":\"ListItem\",\"position\":3,\"name\":\"PIZARRA BLANCA 10 KG.\"}]}]}<\/script>\n<!-- \/ Yoast SEO plugin. -->","yoast_head_json":{"title":"Gr\u00e1nulo de pizarra o mineral cer\u00e1mico | PIZARRA BLANCA 10 KG","description":"Gr\u00e1nulo de pizarra o mineral cer\u00e1mico a granel para repasar las juntas y desperfectos causados por la soldadura. Con la garant\u00eda de Danosa. Pizarra Blanca 10 kg","robots":{"index":"index","follow":"follow","max-snippet":"max-snippet:-1","max-image-preview":"max-image-preview:large","max-video-preview":"max-video-preview:-1"},"canonical":"https:\/\/www.danosa.com\/es-co\/producto\/granulo-de-pizarra\/pizarra-blanca-10-kg\/","og_locale":"es_ES","og_type":"article","og_title":"Gr\u00e1nulo de pizarra o mineral cer\u00e1mico | PIZARRA BLANCA 10 KG","og_description":"Gr\u00e1nulo de pizarra o mineral cer\u00e1mico a granel para repasar las juntas y desperfectos causados por la soldadura. Con la garant\u00eda de Danosa. Pizarra Blanca 10 kg","og_url":"https:\/\/www.danosa.com\/es-co\/producto\/granulo-de-pizarra\/pizarra-blanca-10-kg\/","og_site_name":"Danosa Colombia","article_modified_time":"2026-02-18T18:40:56+00:00","twitter_card":"summary_large_image","schema":{"@context":"https:\/\/schema.org","@graph":[{"@type":"WebSite","@id":"https:\/\/www.danosa.com\/es-co\/#website","url":"https:\/\/www.danosa.com\/es-co\/","name":"Danosa Colombia","description":"Danosa","potentialAction":[{"@type":"SearchAction","target":{"@type":"EntryPoint","urlTemplate":"https:\/\/www.danosa.com\/es-co\/?s={search_term_string}"},"query-input":"required name=search_term_string"}],"inLanguage":"es"},{"@type":"WebPage","@id":"https:\/\/www.danosa.com\/es-co\/producto\/granulo-de-pizarra\/pizarra-blanca-10-kg\/#webpage","url":"https:\/\/www.danosa.com\/es-co\/producto\/granulo-de-pizarra\/pizarra-blanca-10-kg\/","name":"Gr\u00e1nulo de pizarra o mineral cer\u00e1mico | PIZARRA BLANCA 10 KG","isPartOf":{"@id":"https:\/\/www.danosa.com\/es-co\/#website"},"datePublished":"2026-02-18T18:40:53+00:00","dateModified":"2026-02-18T18:40:56+00:00","description":"Gr\u00e1nulo de pizarra o mineral cer\u00e1mico a granel para repasar las juntas y desperfectos causados por la soldadura. Con la garant\u00eda de Danosa. Pizarra Blanca 10 kg","breadcrumb":{"@id":"https:\/\/www.danosa.com\/es-co\/producto\/granulo-de-pizarra\/pizarra-blanca-10-kg\/#breadcrumb"},"inLanguage":"es","potentialAction":[{"@type":"ReadAction","target":["https:\/\/www.danosa.com\/es-co\/producto\/granulo-de-pizarra\/pizarra-blanca-10-kg\/"]}]},{"@type":"BreadcrumbList","@id":"https:\/\/www.danosa.com\/es-co\/producto\/granulo-de-pizarra\/pizarra-blanca-10-kg\/#breadcrumb","itemListElement":[{"@type":"ListItem","position":1,"name":"Portada","item":"https:\/\/www.danosa.com\/es-co\/"},{"@type":"ListItem","position":2,"name":"GRANULO DE PIZARRA","item":"https:\/\/www.danosa.com\/es-co\/producto\/granulo-de-pizarra\/"},{"@type":"ListItem","position":3,"name":"PIZARRA BLANCA 10 KG."}]}]}},"_links":{"self":[{"href":"https:\/\/www.danosa.com\/es-co\/wp-json\/wp\/v2\/product\/9348"}],"collection":[{"href":"https:\/\/www.danosa.com\/es-co\/wp-json\/wp\/v2\/product"}],"about":[{"href":"https:\/\/www.danosa.com\/es-co\/wp-json\/wp\/v2\/types\/product"}],"up":[{"embeddable":true,"href":"https:\/\/www.danosa.com\/es-co\/wp-json\/wp\/v2\/product\/4069"}],"wp:attachment":[{"href":"https:\/\/www.danosa.com\/es-co\/wp-json\/wp\/v2\/media?parent=9348"}],"wp:term":[{"taxonomy":"family","embeddable":true,"href":"https:\/\/www.danosa.com\/es-co\/wp-json\/wp\/v2\/family?post=9348"},{"taxonomy":"product_notice","embeddable":true,"href":"https:\/\/www.danosa.com\/es-co\/wp-json\/wp\/v2\/product_notice?post=9348"},{"taxonomy":"product_icon","embeddable":true,"href":"https:\/\/www.danosa.com\/es-co\/wp-json\/wp\/v2\/product_icon?post=9348"},{"taxonomy":"product_application","embeddable":true,"href":"https:\/\/www.danosa.com\/es-co\/wp-json\/wp\/v2\/product_application?post=9348"},{"taxonomy":"product_standards_certification","embeddable":true,"href":"https:\/\/www.danosa.com\/es-co\/wp-json\/wp\/v2\/product_standards_certification?post=9348"},{"taxonomy":"product_benefits","embeddable":true,"href":"https:\/\/www.danosa.com\/es-co\/wp-json\/wp\/v2\/product_benefits?post=9348"},{"taxonomy":"product_support","embeddable":true,"href":"https:\/\/www.danosa.com\/es-co\/wp-json\/wp\/v2\/product_support?post=9348"},{"taxonomy":"product_substrate_preparation","embeddable":true,"href":"https:\/\/www.danosa.com\/es-co\/wp-json\/wp\/v2\/product_substrate_preparation?post=9348"},{"taxonomy":"product_important_indications","embeddable":true,"href":"https:\/\/www.danosa.com\/es-co\/wp-json\/wp\/v2\/product_important_indications?post=9348"},{"taxonomy":"product_conservation","embeddable":true,"href":"https:\/\/www.danosa.com\/es-co\/wp-json\/wp\/v2\/product_conservation?post=9348"},{"taxonomy":"product_warning","embeddable":true,"href":"https:\/\/www.danosa.com\/es-co\/wp-json\/wp\/v2\/product_warning?post=9348"},{"taxonomy":"product_safety_hygiene","embeddable":true,"href":"https:\/\/www.danosa.com\/es-co\/wp-json\/wp\/v2\/product_safety_hygiene?post=9348"},{"taxonomy":"system_certification","embeddable":true,"href":"https:\/\/www.danosa.com\/es-co\/wp-json\/wp\/v2\/system_certification?post=9348"},{"taxonomy":"product_maintenance","embeddable":true,"href":"https:\/\/www.danosa.com\/es-co\/wp-json\/wp\/v2\/product_maintenance?post=9348"},{"taxonomy":"product_safety_datasheet","embeddable":true,"href":"https:\/\/www.danosa.com\/es-co\/wp-json\/wp\/v2\/product_safety_datasheet?post=9348"},{"taxonomy":"filter_special_uses","embeddable":true,"href":"https:\/\/www.danosa.com\/es-co\/wp-json\/wp\/v2\/filter_special_uses?post=9348"}],"curies":[{"name":"wp","href":"https:\/\/api.w.org\/{rel}","templated":true}]}}