{"id":9494,"date":"2026-04-09T08:21:30","date_gmt":"2026-04-09T06:21:30","guid":{"rendered":"https:\/\/www.danosa.com\/es-co\/producto\/argotec-fixtherm-netzero\/"},"modified":"2026-04-09T08:21:30","modified_gmt":"2026-04-09T06:21:30","slug":"argotec-fixtherm-netzero","status":"publish","type":"product","link":"https:\/\/www.danosa.com\/es-co\/producto\/argotec-fixtherm-netzero\/","title":{"rendered":"ARGOTEC FIXTHERM NETZERO."},"content":{"rendered":"<p>ARGOTEC\u00ae FIXTHERM \u00c9lite NetZero es un mortero pol\u00edmero modificado y de retracci\u00f3n compensada para la adhesi\u00f3n y fijaci\u00f3n de placas aislantes de poliestireno expandido, poliestireno extruido y lana mineral, para el sistema de aislamiento t\u00e9rmico por el exterior (SATE\/ETIC). ARGOTEC\u00ae FIXTHERM \u00c9lite NetZero est\u00e1 formulado a base de cemento portland, \u00e1ridos seleccionados, aditivos org\u00e1nicos, fibras y resinas sint\u00e9ticas que mejoran la trabajabilidad, retenci\u00f3n de agua, tiempo abierto y adherencia del mortero.<\/p>\n","protected":false},"excerpt":{"rendered":"<p>Mortero de fijaci\u00f3n y revestimiento de placas de EPS, XPS y MW para el sistema de aislamiento t\u00e9rmico por el exterior(SATE).<\/p>\n","protected":false},"featured_media":0,"parent":0,"menu_order":0,"template":"","meta":{"inline_featured_image":false,"site-sidebar-layout":"default","site-content-layout":"default","ast-main-header-display":"","ast-hfb-above-header-display":"","ast-hfb-below-header-display":"","ast-hfb-mobile-header-display":"","site-post-title":"","ast-breadcrumbs-content":"","ast-featured-img":"","footer-sml-layout":"","theme-transparent-header-meta":"","adv-header-id-meta":"","stick-header-meta":"","header-above-stick-meta":"","header-main-stick-meta":"","header-below-stick-meta":""},"family":[3208],"product_notice":[11437],"product_icon":[],"product_application":[9996,10311,10315],"product_standards_certification":[],"product_benefits":[9435,9531,9533,9585,9641,9649,9656,9753,9799],"product_support":[11186,11195,11207,11214,11219],"product_substrate_preparation":[11382,11383,11396,11400,11412],"product_important_indications":[],"product_conservation":[10948],"product_warning":[11013,11018,11029,11040,11055,11062,11063,11067,11108,11110,11122],"product_safety_hygiene":[],"system_certification":[3371,3145,5443],"product_maintenance":[],"product_safety_datasheet":[3267],"filter_special_uses":[],"acf":[],"yoast_head":"<!-- This site is optimized with the Yoast SEO plugin v18.1 - https:\/\/yoast.com\/wordpress\/plugins\/seo\/ -->\n<title>Mortero de fijaci\u00f3n de placas de XPS, EPS y MW para sistema SATE<\/title>\n<meta name=\"description\" content=\"Mortero pol\u00edmero modificado y retracci\u00f3n compensada para adhesi\u00f3n y fijaci\u00f3n de placas aislantes de poliestireno expandido, poliestireno extruido y lana mineral\" \/>\n<meta name=\"robots\" content=\"index, follow, max-snippet:-1, max-image-preview:large, max-video-preview:-1\" \/>\n<link rel=\"canonical\" href=\"https:\/\/www.danosa.com\/es-co\/producto\/argotec-fixtherm-netzero\/\" \/>\n<meta property=\"og:locale\" content=\"es_ES\" \/>\n<meta property=\"og:type\" content=\"article\" \/>\n<meta property=\"og:title\" content=\"Mortero de fijaci\u00f3n de placas de XPS, EPS y MW para sistema SATE\" \/>\n<meta property=\"og:description\" content=\"Mortero pol\u00edmero modificado y retracci\u00f3n compensada para adhesi\u00f3n y fijaci\u00f3n de placas aislantes de poliestireno expandido, poliestireno extruido y lana mineral\" \/>\n<meta property=\"og:url\" content=\"https:\/\/www.danosa.com\/es-co\/producto\/argotec-fixtherm-netzero\/\" \/>\n<meta property=\"og:site_name\" content=\"Danosa Colombia\" \/>\n<meta name=\"twitter:card\" content=\"summary_large_image\" \/>\n<script type=\"application\/ld+json\" class=\"yoast-schema-graph\">{\"@context\":\"https:\/\/schema.org\",\"@graph\":[{\"@type\":\"WebSite\",\"@id\":\"https:\/\/www.danosa.com\/es-co\/#website\",\"url\":\"https:\/\/www.danosa.com\/es-co\/\",\"name\":\"Danosa Colombia\",\"description\":\"Danosa\",\"potentialAction\":[{\"@type\":\"SearchAction\",\"target\":{\"@type\":\"EntryPoint\",\"urlTemplate\":\"https:\/\/www.danosa.com\/es-co\/?s={search_term_string}\"},\"query-input\":\"required name=search_term_string\"}],\"inLanguage\":\"es\"},{\"@type\":\"WebPage\",\"@id\":\"https:\/\/www.danosa.com\/es-co\/producto\/argotec-fixtherm-netzero\/#webpage\",\"url\":\"https:\/\/www.danosa.com\/es-co\/producto\/argotec-fixtherm-netzero\/\",\"name\":\"Mortero de fijaci\u00f3n de placas de XPS, EPS y MW para sistema SATE\",\"isPartOf\":{\"@id\":\"https:\/\/www.danosa.com\/es-co\/#website\"},\"datePublished\":\"2026-04-09T06:21:30+00:00\",\"dateModified\":\"2026-04-09T06:21:30+00:00\",\"description\":\"Mortero pol\u00edmero modificado y retracci\u00f3n compensada para adhesi\u00f3n y fijaci\u00f3n de placas aislantes de poliestireno expandido, poliestireno extruido y lana mineral\",\"breadcrumb\":{\"@id\":\"https:\/\/www.danosa.com\/es-co\/producto\/argotec-fixtherm-netzero\/#breadcrumb\"},\"inLanguage\":\"es\",\"potentialAction\":[{\"@type\":\"ReadAction\",\"target\":[\"https:\/\/www.danosa.com\/es-co\/producto\/argotec-fixtherm-netzero\/\"]}]},{\"@type\":\"BreadcrumbList\",\"@id\":\"https:\/\/www.danosa.com\/es-co\/producto\/argotec-fixtherm-netzero\/#breadcrumb\",\"itemListElement\":[{\"@type\":\"ListItem\",\"position\":1,\"name\":\"Portada\",\"item\":\"https:\/\/www.danosa.com\/es-co\/\"},{\"@type\":\"ListItem\",\"position\":2,\"name\":\"ARGOTEC FIXTHERM NETZERO.\"}]}]}<\/script>\n<!-- \/ Yoast SEO plugin. -->","yoast_head_json":{"title":"Mortero de fijaci\u00f3n de placas de XPS, EPS y MW para sistema SATE","description":"Mortero pol\u00edmero modificado y retracci\u00f3n compensada para adhesi\u00f3n y fijaci\u00f3n de placas aislantes de poliestireno expandido, poliestireno extruido y lana mineral","robots":{"index":"index","follow":"follow","max-snippet":"max-snippet:-1","max-image-preview":"max-image-preview:large","max-video-preview":"max-video-preview:-1"},"canonical":"https:\/\/www.danosa.com\/es-co\/producto\/argotec-fixtherm-netzero\/","og_locale":"es_ES","og_type":"article","og_title":"Mortero de fijaci\u00f3n de placas de XPS, EPS y MW para sistema SATE","og_description":"Mortero pol\u00edmero modificado y retracci\u00f3n compensada para adhesi\u00f3n y fijaci\u00f3n de placas aislantes de poliestireno expandido, poliestireno extruido y lana mineral","og_url":"https:\/\/www.danosa.com\/es-co\/producto\/argotec-fixtherm-netzero\/","og_site_name":"Danosa Colombia","twitter_card":"summary_large_image","schema":{"@context":"https:\/\/schema.org","@graph":[{"@type":"WebSite","@id":"https:\/\/www.danosa.com\/es-co\/#website","url":"https:\/\/www.danosa.com\/es-co\/","name":"Danosa Colombia","description":"Danosa","potentialAction":[{"@type":"SearchAction","target":{"@type":"EntryPoint","urlTemplate":"https:\/\/www.danosa.com\/es-co\/?s={search_term_string}"},"query-input":"required name=search_term_string"}],"inLanguage":"es"},{"@type":"WebPage","@id":"https:\/\/www.danosa.com\/es-co\/producto\/argotec-fixtherm-netzero\/#webpage","url":"https:\/\/www.danosa.com\/es-co\/producto\/argotec-fixtherm-netzero\/","name":"Mortero de fijaci\u00f3n de placas de XPS, EPS y MW para sistema SATE","isPartOf":{"@id":"https:\/\/www.danosa.com\/es-co\/#website"},"datePublished":"2026-04-09T06:21:30+00:00","dateModified":"2026-04-09T06:21:30+00:00","description":"Mortero pol\u00edmero modificado y retracci\u00f3n compensada para adhesi\u00f3n y fijaci\u00f3n de placas aislantes de poliestireno expandido, poliestireno extruido y lana mineral","breadcrumb":{"@id":"https:\/\/www.danosa.com\/es-co\/producto\/argotec-fixtherm-netzero\/#breadcrumb"},"inLanguage":"es","potentialAction":[{"@type":"ReadAction","target":["https:\/\/www.danosa.com\/es-co\/producto\/argotec-fixtherm-netzero\/"]}]},{"@type":"BreadcrumbList","@id":"https:\/\/www.danosa.com\/es-co\/producto\/argotec-fixtherm-netzero\/#breadcrumb","itemListElement":[{"@type":"ListItem","position":1,"name":"Portada","item":"https:\/\/www.danosa.com\/es-co\/"},{"@type":"ListItem","position":2,"name":"ARGOTEC FIXTHERM NETZERO."}]}]}},"_links":{"self":[{"href":"https:\/\/www.danosa.com\/es-co\/wp-json\/wp\/v2\/product\/9494"}],"collection":[{"href":"https:\/\/www.danosa.com\/es-co\/wp-json\/wp\/v2\/product"}],"about":[{"href":"https:\/\/www.danosa.com\/es-co\/wp-json\/wp\/v2\/types\/product"}],"wp:attachment":[{"href":"https:\/\/www.danosa.com\/es-co\/wp-json\/wp\/v2\/media?parent=9494"}],"wp:term":[{"taxonomy":"family","embeddable":true,"href":"https:\/\/www.danosa.com\/es-co\/wp-json\/wp\/v2\/family?post=9494"},{"taxonomy":"product_notice","embeddable":true,"href":"https:\/\/www.danosa.com\/es-co\/wp-json\/wp\/v2\/product_notice?post=9494"},{"taxonomy":"product_icon","embeddable":true,"href":"https:\/\/www.danosa.com\/es-co\/wp-json\/wp\/v2\/product_icon?post=9494"},{"taxonomy":"product_application","embeddable":true,"href":"https:\/\/www.danosa.com\/es-co\/wp-json\/wp\/v2\/product_application?post=9494"},{"taxonomy":"product_standards_certification","embeddable":true,"href":"https:\/\/www.danosa.com\/es-co\/wp-json\/wp\/v2\/product_standards_certification?post=9494"},{"taxonomy":"product_benefits","embeddable":true,"href":"https:\/\/www.danosa.com\/es-co\/wp-json\/wp\/v2\/product_benefits?post=9494"},{"taxonomy":"product_support","embeddable":true,"href":"https:\/\/www.danosa.com\/es-co\/wp-json\/wp\/v2\/product_support?post=9494"},{"taxonomy":"product_substrate_preparation","embeddable":true,"href":"https:\/\/www.danosa.com\/es-co\/wp-json\/wp\/v2\/product_substrate_preparation?post=9494"},{"taxonomy":"product_important_indications","embeddable":true,"href":"https:\/\/www.danosa.com\/es-co\/wp-json\/wp\/v2\/product_important_indications?post=9494"},{"taxonomy":"product_conservation","embeddable":true,"href":"https:\/\/www.danosa.com\/es-co\/wp-json\/wp\/v2\/product_conservation?post=9494"},{"taxonomy":"product_warning","embeddable":true,"href":"https:\/\/www.danosa.com\/es-co\/wp-json\/wp\/v2\/product_warning?post=9494"},{"taxonomy":"product_safety_hygiene","embeddable":true,"href":"https:\/\/www.danosa.com\/es-co\/wp-json\/wp\/v2\/product_safety_hygiene?post=9494"},{"taxonomy":"system_certification","embeddable":true,"href":"https:\/\/www.danosa.com\/es-co\/wp-json\/wp\/v2\/system_certification?post=9494"},{"taxonomy":"product_maintenance","embeddable":true,"href":"https:\/\/www.danosa.com\/es-co\/wp-json\/wp\/v2\/product_maintenance?post=9494"},{"taxonomy":"product_safety_datasheet","embeddable":true,"href":"https:\/\/www.danosa.com\/es-co\/wp-json\/wp\/v2\/product_safety_datasheet?post=9494"},{"taxonomy":"filter_special_uses","embeddable":true,"href":"https:\/\/www.danosa.com\/es-co\/wp-json\/wp\/v2\/filter_special_uses?post=9494"}],"curies":[{"name":"wp","href":"https:\/\/api.w.org\/{rel}","templated":true}]}}