{"id":9499,"date":"2026-04-09T08:21:42","date_gmt":"2026-04-09T06:21:42","guid":{"rendered":"https:\/\/www.danosa.com\/es-co\/producto\/danocret-protect-200\/"},"modified":"2026-04-09T08:21:45","modified_gmt":"2026-04-09T06:21:45","slug":"danocret-protect-200","status":"publish","type":"product","link":"https:\/\/www.danosa.com\/es-co\/producto\/danocret-protect-200\/","title":{"rendered":"DANOCRET PROTECT 200"},"content":{"rendered":"<p>DANOCRET Protect 200 es un mortero pol\u00edmero modificado (PCC), monocomponente para la impermeabilizaci\u00f3n de estructuras de hormig\u00f3n y mortero v\u00eda la colmataci\u00f3n de la red capilar, formulado a base de mezcla de conglomerantes hidr\u00e1ulicos, \u00e1ridos seleccionados y agentes hidroreactivos que le proporcionan una excelente adherencia y capacidad impermeable.<\/p>\n","protected":false},"excerpt":{"rendered":"<p>Mortero para impermeabilizaci\u00f3n de estructuras de hormig\u00f3n y de la red capilar en morteros<\/p>\n","protected":false},"featured_media":0,"parent":0,"menu_order":0,"template":"","meta":{"inline_featured_image":false,"site-sidebar-layout":"default","site-content-layout":"default","ast-main-header-display":"","ast-hfb-above-header-display":"","ast-hfb-below-header-display":"","ast-hfb-mobile-header-display":"","site-post-title":"","ast-breadcrumbs-content":"","ast-featured-img":"","footer-sml-layout":"","theme-transparent-header-meta":"","adv-header-id-meta":"","stick-header-meta":"","header-above-stick-meta":"","header-main-stick-meta":"","header-below-stick-meta":""},"family":[5711,3087],"product_notice":[11437],"product_icon":[],"product_application":[9993,10286,10457],"product_standards_certification":[],"product_benefits":[9418,9440,9470,9572,9573,9625,9634,9657,9814],"product_support":[11207,11216,11240],"product_substrate_preparation":[],"product_important_indications":[],"product_conservation":[10901,10946],"product_warning":[11055,11063,11070,11072,11086,11114],"product_safety_hygiene":[],"system_certification":[3370],"product_maintenance":[],"product_safety_datasheet":[3288],"filter_special_uses":[],"acf":[],"yoast_head":"<!-- This site is optimized with the Yoast SEO plugin v18.1 - https:\/\/yoast.com\/wordpress\/plugins\/seo\/ -->\n<title>Mortero hidr\u00f3fugo para estructuras hormig\u00f3n | Danocret Protect Hydro<\/title>\n<meta name=\"description\" content=\"Mortero hidr\u00f3fugo para estructuras de hormig\u00f3n y de la red capilar en morteros. Mortero polimero modificado (PCC) monocomponente. Impermeabilizante.\" \/>\n<meta name=\"robots\" content=\"index, follow, max-snippet:-1, max-image-preview:large, max-video-preview:-1\" \/>\n<link rel=\"canonical\" href=\"https:\/\/www.danosa.com\/es-co\/producto\/danocret-protect-200\/\" \/>\n<meta property=\"og:locale\" content=\"es_ES\" \/>\n<meta property=\"og:type\" content=\"article\" \/>\n<meta property=\"og:title\" content=\"Mortero hidr\u00f3fugo para estructuras hormig\u00f3n | Danocret Protect Hydro\" \/>\n<meta property=\"og:description\" content=\"Mortero hidr\u00f3fugo para estructuras de hormig\u00f3n y de la red capilar en morteros. Mortero polimero modificado (PCC) monocomponente. Impermeabilizante.\" \/>\n<meta property=\"og:url\" content=\"https:\/\/www.danosa.com\/es-co\/producto\/danocret-protect-200\/\" \/>\n<meta property=\"og:site_name\" content=\"Danosa Colombia\" \/>\n<meta property=\"article:modified_time\" content=\"2026-04-09T06:21:45+00:00\" \/>\n<meta name=\"twitter:card\" content=\"summary_large_image\" \/>\n<script type=\"application\/ld+json\" class=\"yoast-schema-graph\">{\"@context\":\"https:\/\/schema.org\",\"@graph\":[{\"@type\":\"WebSite\",\"@id\":\"https:\/\/www.danosa.com\/es-co\/#website\",\"url\":\"https:\/\/www.danosa.com\/es-co\/\",\"name\":\"Danosa Colombia\",\"description\":\"Danosa\",\"potentialAction\":[{\"@type\":\"SearchAction\",\"target\":{\"@type\":\"EntryPoint\",\"urlTemplate\":\"https:\/\/www.danosa.com\/es-co\/?s={search_term_string}\"},\"query-input\":\"required name=search_term_string\"}],\"inLanguage\":\"es\"},{\"@type\":\"WebPage\",\"@id\":\"https:\/\/www.danosa.com\/es-co\/producto\/danocret-protect-200\/#webpage\",\"url\":\"https:\/\/www.danosa.com\/es-co\/producto\/danocret-protect-200\/\",\"name\":\"Mortero hidr\u00f3fugo para estructuras hormig\u00f3n | Danocret Protect Hydro\",\"isPartOf\":{\"@id\":\"https:\/\/www.danosa.com\/es-co\/#website\"},\"datePublished\":\"2026-04-09T06:21:42+00:00\",\"dateModified\":\"2026-04-09T06:21:45+00:00\",\"description\":\"Mortero hidr\u00f3fugo para estructuras de hormig\u00f3n y de la red capilar en morteros. Mortero polimero modificado (PCC) monocomponente. Impermeabilizante.\",\"breadcrumb\":{\"@id\":\"https:\/\/www.danosa.com\/es-co\/producto\/danocret-protect-200\/#breadcrumb\"},\"inLanguage\":\"es\",\"potentialAction\":[{\"@type\":\"ReadAction\",\"target\":[\"https:\/\/www.danosa.com\/es-co\/producto\/danocret-protect-200\/\"]}]},{\"@type\":\"BreadcrumbList\",\"@id\":\"https:\/\/www.danosa.com\/es-co\/producto\/danocret-protect-200\/#breadcrumb\",\"itemListElement\":[{\"@type\":\"ListItem\",\"position\":1,\"name\":\"Portada\",\"item\":\"https:\/\/www.danosa.com\/es-co\/\"},{\"@type\":\"ListItem\",\"position\":2,\"name\":\"DANOCRET PROTECT 200\"}]}]}<\/script>\n<!-- \/ Yoast SEO plugin. -->","yoast_head_json":{"title":"Mortero hidr\u00f3fugo para estructuras hormig\u00f3n | Danocret Protect Hydro","description":"Mortero hidr\u00f3fugo para estructuras de hormig\u00f3n y de la red capilar en morteros. Mortero polimero modificado (PCC) monocomponente. Impermeabilizante.","robots":{"index":"index","follow":"follow","max-snippet":"max-snippet:-1","max-image-preview":"max-image-preview:large","max-video-preview":"max-video-preview:-1"},"canonical":"https:\/\/www.danosa.com\/es-co\/producto\/danocret-protect-200\/","og_locale":"es_ES","og_type":"article","og_title":"Mortero hidr\u00f3fugo para estructuras hormig\u00f3n | Danocret Protect Hydro","og_description":"Mortero hidr\u00f3fugo para estructuras de hormig\u00f3n y de la red capilar en morteros. Mortero polimero modificado (PCC) monocomponente. Impermeabilizante.","og_url":"https:\/\/www.danosa.com\/es-co\/producto\/danocret-protect-200\/","og_site_name":"Danosa Colombia","article_modified_time":"2026-04-09T06:21:45+00:00","twitter_card":"summary_large_image","schema":{"@context":"https:\/\/schema.org","@graph":[{"@type":"WebSite","@id":"https:\/\/www.danosa.com\/es-co\/#website","url":"https:\/\/www.danosa.com\/es-co\/","name":"Danosa Colombia","description":"Danosa","potentialAction":[{"@type":"SearchAction","target":{"@type":"EntryPoint","urlTemplate":"https:\/\/www.danosa.com\/es-co\/?s={search_term_string}"},"query-input":"required name=search_term_string"}],"inLanguage":"es"},{"@type":"WebPage","@id":"https:\/\/www.danosa.com\/es-co\/producto\/danocret-protect-200\/#webpage","url":"https:\/\/www.danosa.com\/es-co\/producto\/danocret-protect-200\/","name":"Mortero hidr\u00f3fugo para estructuras hormig\u00f3n | Danocret Protect Hydro","isPartOf":{"@id":"https:\/\/www.danosa.com\/es-co\/#website"},"datePublished":"2026-04-09T06:21:42+00:00","dateModified":"2026-04-09T06:21:45+00:00","description":"Mortero hidr\u00f3fugo para estructuras de hormig\u00f3n y de la red capilar en morteros. Mortero polimero modificado (PCC) monocomponente. Impermeabilizante.","breadcrumb":{"@id":"https:\/\/www.danosa.com\/es-co\/producto\/danocret-protect-200\/#breadcrumb"},"inLanguage":"es","potentialAction":[{"@type":"ReadAction","target":["https:\/\/www.danosa.com\/es-co\/producto\/danocret-protect-200\/"]}]},{"@type":"BreadcrumbList","@id":"https:\/\/www.danosa.com\/es-co\/producto\/danocret-protect-200\/#breadcrumb","itemListElement":[{"@type":"ListItem","position":1,"name":"Portada","item":"https:\/\/www.danosa.com\/es-co\/"},{"@type":"ListItem","position":2,"name":"DANOCRET PROTECT 200"}]}]}},"_links":{"self":[{"href":"https:\/\/www.danosa.com\/es-co\/wp-json\/wp\/v2\/product\/9499"}],"collection":[{"href":"https:\/\/www.danosa.com\/es-co\/wp-json\/wp\/v2\/product"}],"about":[{"href":"https:\/\/www.danosa.com\/es-co\/wp-json\/wp\/v2\/types\/product"}],"wp:attachment":[{"href":"https:\/\/www.danosa.com\/es-co\/wp-json\/wp\/v2\/media?parent=9499"}],"wp:term":[{"taxonomy":"family","embeddable":true,"href":"https:\/\/www.danosa.com\/es-co\/wp-json\/wp\/v2\/family?post=9499"},{"taxonomy":"product_notice","embeddable":true,"href":"https:\/\/www.danosa.com\/es-co\/wp-json\/wp\/v2\/product_notice?post=9499"},{"taxonomy":"product_icon","embeddable":true,"href":"https:\/\/www.danosa.com\/es-co\/wp-json\/wp\/v2\/product_icon?post=9499"},{"taxonomy":"product_application","embeddable":true,"href":"https:\/\/www.danosa.com\/es-co\/wp-json\/wp\/v2\/product_application?post=9499"},{"taxonomy":"product_standards_certification","embeddable":true,"href":"https:\/\/www.danosa.com\/es-co\/wp-json\/wp\/v2\/product_standards_certification?post=9499"},{"taxonomy":"product_benefits","embeddable":true,"href":"https:\/\/www.danosa.com\/es-co\/wp-json\/wp\/v2\/product_benefits?post=9499"},{"taxonomy":"product_support","embeddable":true,"href":"https:\/\/www.danosa.com\/es-co\/wp-json\/wp\/v2\/product_support?post=9499"},{"taxonomy":"product_substrate_preparation","embeddable":true,"href":"https:\/\/www.danosa.com\/es-co\/wp-json\/wp\/v2\/product_substrate_preparation?post=9499"},{"taxonomy":"product_important_indications","embeddable":true,"href":"https:\/\/www.danosa.com\/es-co\/wp-json\/wp\/v2\/product_important_indications?post=9499"},{"taxonomy":"product_conservation","embeddable":true,"href":"https:\/\/www.danosa.com\/es-co\/wp-json\/wp\/v2\/product_conservation?post=9499"},{"taxonomy":"product_warning","embeddable":true,"href":"https:\/\/www.danosa.com\/es-co\/wp-json\/wp\/v2\/product_warning?post=9499"},{"taxonomy":"product_safety_hygiene","embeddable":true,"href":"https:\/\/www.danosa.com\/es-co\/wp-json\/wp\/v2\/product_safety_hygiene?post=9499"},{"taxonomy":"system_certification","embeddable":true,"href":"https:\/\/www.danosa.com\/es-co\/wp-json\/wp\/v2\/system_certification?post=9499"},{"taxonomy":"product_maintenance","embeddable":true,"href":"https:\/\/www.danosa.com\/es-co\/wp-json\/wp\/v2\/product_maintenance?post=9499"},{"taxonomy":"product_safety_datasheet","embeddable":true,"href":"https:\/\/www.danosa.com\/es-co\/wp-json\/wp\/v2\/product_safety_datasheet?post=9499"},{"taxonomy":"filter_special_uses","embeddable":true,"href":"https:\/\/www.danosa.com\/es-co\/wp-json\/wp\/v2\/filter_special_uses?post=9499"}],"curies":[{"name":"wp","href":"https:\/\/api.w.org\/{rel}","templated":true}]}}