{"id":9566,"date":"2026-04-29T20:26:05","date_gmt":"2026-04-29T18:26:05","guid":{"rendered":"https:\/\/www.danosa.com\/es-co\/producto\/self-dan-pe-2\/"},"modified":"2026-04-29T20:26:06","modified_gmt":"2026-04-29T18:26:06","slug":"self-dan-pe","status":"publish","type":"product","link":"https:\/\/www.danosa.com\/es-co\/producto\/self-dan-pe\/","title":{"rendered":"SELF-DAN PE."},"content":{"rendered":"<p>La SELF-DAN PE es una l\u00e1mina impermeabilizante bituminosa autoadhesiva con protecci\u00f3n de polietileno, , de 1.5 kg\/m\u00b2.Est\u00e1 compuesta por\u00a0un m\u00e1stico bituminoso de bet\u00fan modificado con elast\u00f3meros (SBS) autoadhesivo\u00a0con un\u00a0film de polioletileno (HDPE) de 95 g\/m2\u00a0como\u00a0protecci\u00f3n en su cara superior, que le sirve como armadura y un film pl\u00e1stico retirable en su cara inferior.<\/p>\n","protected":false},"excerpt":{"rendered":"<p>L\u00e1mina de bet\u00fan modificado con elast\u00f3meros (SBS) autoadhesivo para la impermeabilizaci\u00f3n de muros de s\u00f3tano y cubiertas inclinadas, bajo teja.<\/p>\n","protected":false},"featured_media":0,"parent":0,"menu_order":0,"template":"","meta":{"inline_featured_image":false,"site-sidebar-layout":"default","site-content-layout":"default","ast-main-header-display":"","ast-hfb-above-header-display":"","ast-hfb-below-header-display":"","ast-hfb-mobile-header-display":"","site-post-title":"","ast-breadcrumbs-content":"","ast-featured-img":"","footer-sml-layout":"","theme-transparent-header-meta":"","adv-header-id-meta":"","stick-header-meta":"","header-above-stick-meta":"","header-main-stick-meta":"","header-below-stick-meta":""},"family":[3053],"product_notice":[11437],"product_icon":[],"product_application":[10050,10160,10202,10354,10381,12135],"product_standards_certification":[11310,11314,11321,11324],"product_benefits":[9434,9447,9488,9498,9594,9654,9661,9681,9733,9750,9875],"product_support":[],"product_substrate_preparation":[],"product_important_indications":[10528,10544,10558,10560,10562,10565,10576,10590,10600,10631,10635,10656,10695,10704,10711,10718,10735,10751,10795],"product_conservation":[10808,10828,10834,10840,10842,10854,10867,10870,10877,10919,10926,10930,10931,10952,10964,10997,10998,11000],"product_warning":[],"product_safety_hygiene":[],"system_certification":[8220,3155],"product_maintenance":[4217],"product_safety_datasheet":[2693],"filter_special_uses":[2876,2871],"acf":[],"yoast_head":"<!-- This site is optimized with the Yoast SEO plugin v18.1 - https:\/\/yoast.com\/wordpress\/plugins\/seo\/ -->\n<title>L\u00e1mina de polietileno impermeabilizante autoadhesiva | SELF-DAN PE<\/title>\n<meta name=\"description\" content=\"L\u00e1mina de polietileno impermeabilizante autoadhesiva de bet\u00fan elastom\u00e9rico SBS. impermeabilizaci\u00f3n cubiertas, muros y soleras. Gama profesional Danosa.\" \/>\n<meta name=\"robots\" content=\"index, follow, max-snippet:-1, max-image-preview:large, max-video-preview:-1\" \/>\n<link rel=\"canonical\" href=\"https:\/\/www.danosa.com\/es-co\/producto\/self-dan-pe\/\" \/>\n<meta property=\"og:locale\" content=\"es_ES\" \/>\n<meta property=\"og:type\" content=\"article\" \/>\n<meta property=\"og:title\" content=\"L\u00e1mina de polietileno impermeabilizante autoadhesiva | SELF-DAN PE\" \/>\n<meta property=\"og:description\" content=\"L\u00e1mina de polietileno impermeabilizante autoadhesiva de bet\u00fan elastom\u00e9rico SBS. impermeabilizaci\u00f3n cubiertas, muros y soleras. Gama profesional Danosa.\" \/>\n<meta property=\"og:url\" content=\"https:\/\/www.danosa.com\/es-co\/producto\/self-dan-pe\/\" \/>\n<meta property=\"og:site_name\" content=\"Danosa Colombia\" \/>\n<meta property=\"article:modified_time\" content=\"2026-04-29T18:26:06+00:00\" \/>\n<meta name=\"twitter:card\" content=\"summary_large_image\" \/>\n<script type=\"application\/ld+json\" class=\"yoast-schema-graph\">{\"@context\":\"https:\/\/schema.org\",\"@graph\":[{\"@type\":\"WebSite\",\"@id\":\"https:\/\/www.danosa.com\/es-co\/#website\",\"url\":\"https:\/\/www.danosa.com\/es-co\/\",\"name\":\"Danosa Colombia\",\"description\":\"Danosa\",\"potentialAction\":[{\"@type\":\"SearchAction\",\"target\":{\"@type\":\"EntryPoint\",\"urlTemplate\":\"https:\/\/www.danosa.com\/es-co\/?s={search_term_string}\"},\"query-input\":\"required name=search_term_string\"}],\"inLanguage\":\"es\"},{\"@type\":\"WebPage\",\"@id\":\"https:\/\/www.danosa.com\/es-co\/producto\/self-dan-pe\/#webpage\",\"url\":\"https:\/\/www.danosa.com\/es-co\/producto\/self-dan-pe\/\",\"name\":\"L\u00e1mina de polietileno impermeabilizante autoadhesiva | SELF-DAN PE\",\"isPartOf\":{\"@id\":\"https:\/\/www.danosa.com\/es-co\/#website\"},\"datePublished\":\"2026-04-29T18:26:05+00:00\",\"dateModified\":\"2026-04-29T18:26:06+00:00\",\"description\":\"L\u00e1mina de polietileno impermeabilizante autoadhesiva de bet\u00fan elastom\u00e9rico SBS. impermeabilizaci\u00f3n cubiertas, muros y soleras. Gama profesional Danosa.\",\"breadcrumb\":{\"@id\":\"https:\/\/www.danosa.com\/es-co\/producto\/self-dan-pe\/#breadcrumb\"},\"inLanguage\":\"es\",\"potentialAction\":[{\"@type\":\"ReadAction\",\"target\":[\"https:\/\/www.danosa.com\/es-co\/producto\/self-dan-pe\/\"]}]},{\"@type\":\"BreadcrumbList\",\"@id\":\"https:\/\/www.danosa.com\/es-co\/producto\/self-dan-pe\/#breadcrumb\",\"itemListElement\":[{\"@type\":\"ListItem\",\"position\":1,\"name\":\"Portada\",\"item\":\"https:\/\/www.danosa.com\/es-co\/\"},{\"@type\":\"ListItem\",\"position\":2,\"name\":\"SELF-DAN PE.\"}]}]}<\/script>\n<!-- \/ Yoast SEO plugin. -->","yoast_head_json":{"title":"L\u00e1mina de polietileno impermeabilizante autoadhesiva | SELF-DAN PE","description":"L\u00e1mina de polietileno impermeabilizante autoadhesiva de bet\u00fan elastom\u00e9rico SBS. impermeabilizaci\u00f3n cubiertas, muros y soleras. Gama profesional Danosa.","robots":{"index":"index","follow":"follow","max-snippet":"max-snippet:-1","max-image-preview":"max-image-preview:large","max-video-preview":"max-video-preview:-1"},"canonical":"https:\/\/www.danosa.com\/es-co\/producto\/self-dan-pe\/","og_locale":"es_ES","og_type":"article","og_title":"L\u00e1mina de polietileno impermeabilizante autoadhesiva | SELF-DAN PE","og_description":"L\u00e1mina de polietileno impermeabilizante autoadhesiva de bet\u00fan elastom\u00e9rico SBS. impermeabilizaci\u00f3n cubiertas, muros y soleras. Gama profesional Danosa.","og_url":"https:\/\/www.danosa.com\/es-co\/producto\/self-dan-pe\/","og_site_name":"Danosa Colombia","article_modified_time":"2026-04-29T18:26:06+00:00","twitter_card":"summary_large_image","schema":{"@context":"https:\/\/schema.org","@graph":[{"@type":"WebSite","@id":"https:\/\/www.danosa.com\/es-co\/#website","url":"https:\/\/www.danosa.com\/es-co\/","name":"Danosa Colombia","description":"Danosa","potentialAction":[{"@type":"SearchAction","target":{"@type":"EntryPoint","urlTemplate":"https:\/\/www.danosa.com\/es-co\/?s={search_term_string}"},"query-input":"required name=search_term_string"}],"inLanguage":"es"},{"@type":"WebPage","@id":"https:\/\/www.danosa.com\/es-co\/producto\/self-dan-pe\/#webpage","url":"https:\/\/www.danosa.com\/es-co\/producto\/self-dan-pe\/","name":"L\u00e1mina de polietileno impermeabilizante autoadhesiva | SELF-DAN PE","isPartOf":{"@id":"https:\/\/www.danosa.com\/es-co\/#website"},"datePublished":"2026-04-29T18:26:05+00:00","dateModified":"2026-04-29T18:26:06+00:00","description":"L\u00e1mina de polietileno impermeabilizante autoadhesiva de bet\u00fan elastom\u00e9rico SBS. impermeabilizaci\u00f3n cubiertas, muros y soleras. Gama profesional Danosa.","breadcrumb":{"@id":"https:\/\/www.danosa.com\/es-co\/producto\/self-dan-pe\/#breadcrumb"},"inLanguage":"es","potentialAction":[{"@type":"ReadAction","target":["https:\/\/www.danosa.com\/es-co\/producto\/self-dan-pe\/"]}]},{"@type":"BreadcrumbList","@id":"https:\/\/www.danosa.com\/es-co\/producto\/self-dan-pe\/#breadcrumb","itemListElement":[{"@type":"ListItem","position":1,"name":"Portada","item":"https:\/\/www.danosa.com\/es-co\/"},{"@type":"ListItem","position":2,"name":"SELF-DAN PE."}]}]}},"_links":{"self":[{"href":"https:\/\/www.danosa.com\/es-co\/wp-json\/wp\/v2\/product\/9566"}],"collection":[{"href":"https:\/\/www.danosa.com\/es-co\/wp-json\/wp\/v2\/product"}],"about":[{"href":"https:\/\/www.danosa.com\/es-co\/wp-json\/wp\/v2\/types\/product"}],"wp:attachment":[{"href":"https:\/\/www.danosa.com\/es-co\/wp-json\/wp\/v2\/media?parent=9566"}],"wp:term":[{"taxonomy":"family","embeddable":true,"href":"https:\/\/www.danosa.com\/es-co\/wp-json\/wp\/v2\/family?post=9566"},{"taxonomy":"product_notice","embeddable":true,"href":"https:\/\/www.danosa.com\/es-co\/wp-json\/wp\/v2\/product_notice?post=9566"},{"taxonomy":"product_icon","embeddable":true,"href":"https:\/\/www.danosa.com\/es-co\/wp-json\/wp\/v2\/product_icon?post=9566"},{"taxonomy":"product_application","embeddable":true,"href":"https:\/\/www.danosa.com\/es-co\/wp-json\/wp\/v2\/product_application?post=9566"},{"taxonomy":"product_standards_certification","embeddable":true,"href":"https:\/\/www.danosa.com\/es-co\/wp-json\/wp\/v2\/product_standards_certification?post=9566"},{"taxonomy":"product_benefits","embeddable":true,"href":"https:\/\/www.danosa.com\/es-co\/wp-json\/wp\/v2\/product_benefits?post=9566"},{"taxonomy":"product_support","embeddable":true,"href":"https:\/\/www.danosa.com\/es-co\/wp-json\/wp\/v2\/product_support?post=9566"},{"taxonomy":"product_substrate_preparation","embeddable":true,"href":"https:\/\/www.danosa.com\/es-co\/wp-json\/wp\/v2\/product_substrate_preparation?post=9566"},{"taxonomy":"product_important_indications","embeddable":true,"href":"https:\/\/www.danosa.com\/es-co\/wp-json\/wp\/v2\/product_important_indications?post=9566"},{"taxonomy":"product_conservation","embeddable":true,"href":"https:\/\/www.danosa.com\/es-co\/wp-json\/wp\/v2\/product_conservation?post=9566"},{"taxonomy":"product_warning","embeddable":true,"href":"https:\/\/www.danosa.com\/es-co\/wp-json\/wp\/v2\/product_warning?post=9566"},{"taxonomy":"product_safety_hygiene","embeddable":true,"href":"https:\/\/www.danosa.com\/es-co\/wp-json\/wp\/v2\/product_safety_hygiene?post=9566"},{"taxonomy":"system_certification","embeddable":true,"href":"https:\/\/www.danosa.com\/es-co\/wp-json\/wp\/v2\/system_certification?post=9566"},{"taxonomy":"product_maintenance","embeddable":true,"href":"https:\/\/www.danosa.com\/es-co\/wp-json\/wp\/v2\/product_maintenance?post=9566"},{"taxonomy":"product_safety_datasheet","embeddable":true,"href":"https:\/\/www.danosa.com\/es-co\/wp-json\/wp\/v2\/product_safety_datasheet?post=9566"},{"taxonomy":"filter_special_uses","embeddable":true,"href":"https:\/\/www.danosa.com\/es-co\/wp-json\/wp\/v2\/filter_special_uses?post=9566"}],"curies":[{"name":"wp","href":"https:\/\/api.w.org\/{rel}","templated":true}]}}