{"id":9601,"date":"2026-04-09T08:21:38","date_gmt":"2026-04-09T06:21:38","guid":{"rendered":"https:\/\/www.danosa.com\/es-co\/producto\/confordan-al\/"},"modified":"2026-04-09T08:21:41","modified_gmt":"2026-04-09T06:21:41","slug":"confordan-al","status":"publish","type":"product","link":"https:\/\/www.danosa.com\/es-co\/producto\/confordan-al\/","title":{"rendered":"CONFORDAN AL"},"content":{"rendered":"<p>El CONFORDAN AL es una l\u00e1mina flexible de polietileno qu\u00edmicamente reticulado de celda cerrada que proporciona al producto una estructuraci\u00f3n interna el\u00e1stica, est\u00e1 acabado en un film aluminizado de LDPE.<br \/>\nAc\u00fasticamente, CONFORDAN AL funciona como amortiguador aplicado en un sistema masa-resorte-masa.<\/p>\n","protected":false},"excerpt":{"rendered":"<p>Aislamiento ac\u00fastico para tarima flotante<\/p>\n","protected":false},"featured_media":0,"parent":0,"menu_order":0,"template":"","meta":{"inline_featured_image":false,"site-sidebar-layout":"default","site-content-layout":"default","ast-main-header-display":"","ast-hfb-above-header-display":"","ast-hfb-below-header-display":"","ast-hfb-mobile-header-display":"","site-post-title":"","ast-breadcrumbs-content":"","ast-featured-img":"","footer-sml-layout":"","theme-transparent-header-meta":"","adv-header-id-meta":"","stick-header-meta":"","header-above-stick-meta":"","header-main-stick-meta":"","header-below-stick-meta":""},"family":[3103],"product_notice":[11437],"product_icon":[],"product_application":[10047,10076,1568],"product_standards_certification":[11348,11372],"product_benefits":[9393,9458,9462,9632,9665,9670,9713,9812],"product_support":[],"product_substrate_preparation":[],"product_important_indications":[10554,10624,10626,10726],"product_conservation":[10806,10819,10823,10837,10896,10925,10998,11000],"product_warning":[],"product_safety_hygiene":[],"system_certification":[],"product_maintenance":[],"product_safety_datasheet":[],"filter_special_uses":[],"acf":[],"yoast_head":"<!-- This site is optimized with the Yoast SEO plugin v18.1 - https:\/\/yoast.com\/wordpress\/plugins\/seo\/ -->\n<title>Insonorizaci\u00f3n ac\u00fastica suelos de madera tarima flotante | CONFORDAN AL<\/title>\n<meta name=\"description\" content=\"Insonorizaci\u00f3n ac\u00fastica para suelos de madera con tarima flotante en viviendas con sistema de calefacci\u00f3n tradicional (radiadores). Garant\u00eda Danosa.\" \/>\n<meta name=\"robots\" content=\"index, follow, max-snippet:-1, max-image-preview:large, max-video-preview:-1\" \/>\n<link rel=\"canonical\" href=\"https:\/\/www.danosa.com\/es-co\/producto\/confordan-al\/\" \/>\n<meta property=\"og:locale\" content=\"es_ES\" \/>\n<meta property=\"og:type\" content=\"article\" \/>\n<meta property=\"og:title\" content=\"Insonorizaci\u00f3n ac\u00fastica suelos de madera tarima flotante | CONFORDAN AL\" \/>\n<meta property=\"og:description\" content=\"Insonorizaci\u00f3n ac\u00fastica para suelos de madera con tarima flotante en viviendas con sistema de calefacci\u00f3n tradicional (radiadores). Garant\u00eda Danosa.\" \/>\n<meta property=\"og:url\" content=\"https:\/\/www.danosa.com\/es-co\/producto\/confordan-al\/\" \/>\n<meta property=\"og:site_name\" content=\"Danosa Colombia\" \/>\n<meta property=\"article:modified_time\" content=\"2026-04-09T06:21:41+00:00\" \/>\n<meta name=\"twitter:card\" content=\"summary_large_image\" \/>\n<script type=\"application\/ld+json\" class=\"yoast-schema-graph\">{\"@context\":\"https:\/\/schema.org\",\"@graph\":[{\"@type\":\"WebSite\",\"@id\":\"https:\/\/www.danosa.com\/es-co\/#website\",\"url\":\"https:\/\/www.danosa.com\/es-co\/\",\"name\":\"Danosa Colombia\",\"description\":\"Danosa\",\"potentialAction\":[{\"@type\":\"SearchAction\",\"target\":{\"@type\":\"EntryPoint\",\"urlTemplate\":\"https:\/\/www.danosa.com\/es-co\/?s={search_term_string}\"},\"query-input\":\"required name=search_term_string\"}],\"inLanguage\":\"es\"},{\"@type\":\"WebPage\",\"@id\":\"https:\/\/www.danosa.com\/es-co\/producto\/confordan-al\/#webpage\",\"url\":\"https:\/\/www.danosa.com\/es-co\/producto\/confordan-al\/\",\"name\":\"Insonorizaci\u00f3n ac\u00fastica suelos de madera tarima flotante | CONFORDAN AL\",\"isPartOf\":{\"@id\":\"https:\/\/www.danosa.com\/es-co\/#website\"},\"datePublished\":\"2026-04-09T06:21:38+00:00\",\"dateModified\":\"2026-04-09T06:21:41+00:00\",\"description\":\"Insonorizaci\u00f3n ac\u00fastica para suelos de madera con tarima flotante en viviendas con sistema de calefacci\u00f3n tradicional (radiadores). Garant\u00eda Danosa.\",\"breadcrumb\":{\"@id\":\"https:\/\/www.danosa.com\/es-co\/producto\/confordan-al\/#breadcrumb\"},\"inLanguage\":\"es\",\"potentialAction\":[{\"@type\":\"ReadAction\",\"target\":[\"https:\/\/www.danosa.com\/es-co\/producto\/confordan-al\/\"]}]},{\"@type\":\"BreadcrumbList\",\"@id\":\"https:\/\/www.danosa.com\/es-co\/producto\/confordan-al\/#breadcrumb\",\"itemListElement\":[{\"@type\":\"ListItem\",\"position\":1,\"name\":\"Portada\",\"item\":\"https:\/\/www.danosa.com\/es-co\/\"},{\"@type\":\"ListItem\",\"position\":2,\"name\":\"CONFORDAN AL\"}]}]}<\/script>\n<!-- \/ Yoast SEO plugin. -->","yoast_head_json":{"title":"Insonorizaci\u00f3n ac\u00fastica suelos de madera tarima flotante | CONFORDAN AL","description":"Insonorizaci\u00f3n ac\u00fastica para suelos de madera con tarima flotante en viviendas con sistema de calefacci\u00f3n tradicional (radiadores). Garant\u00eda Danosa.","robots":{"index":"index","follow":"follow","max-snippet":"max-snippet:-1","max-image-preview":"max-image-preview:large","max-video-preview":"max-video-preview:-1"},"canonical":"https:\/\/www.danosa.com\/es-co\/producto\/confordan-al\/","og_locale":"es_ES","og_type":"article","og_title":"Insonorizaci\u00f3n ac\u00fastica suelos de madera tarima flotante | CONFORDAN AL","og_description":"Insonorizaci\u00f3n ac\u00fastica para suelos de madera con tarima flotante en viviendas con sistema de calefacci\u00f3n tradicional (radiadores). Garant\u00eda Danosa.","og_url":"https:\/\/www.danosa.com\/es-co\/producto\/confordan-al\/","og_site_name":"Danosa Colombia","article_modified_time":"2026-04-09T06:21:41+00:00","twitter_card":"summary_large_image","schema":{"@context":"https:\/\/schema.org","@graph":[{"@type":"WebSite","@id":"https:\/\/www.danosa.com\/es-co\/#website","url":"https:\/\/www.danosa.com\/es-co\/","name":"Danosa Colombia","description":"Danosa","potentialAction":[{"@type":"SearchAction","target":{"@type":"EntryPoint","urlTemplate":"https:\/\/www.danosa.com\/es-co\/?s={search_term_string}"},"query-input":"required name=search_term_string"}],"inLanguage":"es"},{"@type":"WebPage","@id":"https:\/\/www.danosa.com\/es-co\/producto\/confordan-al\/#webpage","url":"https:\/\/www.danosa.com\/es-co\/producto\/confordan-al\/","name":"Insonorizaci\u00f3n ac\u00fastica suelos de madera tarima flotante | CONFORDAN AL","isPartOf":{"@id":"https:\/\/www.danosa.com\/es-co\/#website"},"datePublished":"2026-04-09T06:21:38+00:00","dateModified":"2026-04-09T06:21:41+00:00","description":"Insonorizaci\u00f3n ac\u00fastica para suelos de madera con tarima flotante en viviendas con sistema de calefacci\u00f3n tradicional (radiadores). Garant\u00eda Danosa.","breadcrumb":{"@id":"https:\/\/www.danosa.com\/es-co\/producto\/confordan-al\/#breadcrumb"},"inLanguage":"es","potentialAction":[{"@type":"ReadAction","target":["https:\/\/www.danosa.com\/es-co\/producto\/confordan-al\/"]}]},{"@type":"BreadcrumbList","@id":"https:\/\/www.danosa.com\/es-co\/producto\/confordan-al\/#breadcrumb","itemListElement":[{"@type":"ListItem","position":1,"name":"Portada","item":"https:\/\/www.danosa.com\/es-co\/"},{"@type":"ListItem","position":2,"name":"CONFORDAN AL"}]}]}},"_links":{"self":[{"href":"https:\/\/www.danosa.com\/es-co\/wp-json\/wp\/v2\/product\/9601"}],"collection":[{"href":"https:\/\/www.danosa.com\/es-co\/wp-json\/wp\/v2\/product"}],"about":[{"href":"https:\/\/www.danosa.com\/es-co\/wp-json\/wp\/v2\/types\/product"}],"wp:attachment":[{"href":"https:\/\/www.danosa.com\/es-co\/wp-json\/wp\/v2\/media?parent=9601"}],"wp:term":[{"taxonomy":"family","embeddable":true,"href":"https:\/\/www.danosa.com\/es-co\/wp-json\/wp\/v2\/family?post=9601"},{"taxonomy":"product_notice","embeddable":true,"href":"https:\/\/www.danosa.com\/es-co\/wp-json\/wp\/v2\/product_notice?post=9601"},{"taxonomy":"product_icon","embeddable":true,"href":"https:\/\/www.danosa.com\/es-co\/wp-json\/wp\/v2\/product_icon?post=9601"},{"taxonomy":"product_application","embeddable":true,"href":"https:\/\/www.danosa.com\/es-co\/wp-json\/wp\/v2\/product_application?post=9601"},{"taxonomy":"product_standards_certification","embeddable":true,"href":"https:\/\/www.danosa.com\/es-co\/wp-json\/wp\/v2\/product_standards_certification?post=9601"},{"taxonomy":"product_benefits","embeddable":true,"href":"https:\/\/www.danosa.com\/es-co\/wp-json\/wp\/v2\/product_benefits?post=9601"},{"taxonomy":"product_support","embeddable":true,"href":"https:\/\/www.danosa.com\/es-co\/wp-json\/wp\/v2\/product_support?post=9601"},{"taxonomy":"product_substrate_preparation","embeddable":true,"href":"https:\/\/www.danosa.com\/es-co\/wp-json\/wp\/v2\/product_substrate_preparation?post=9601"},{"taxonomy":"product_important_indications","embeddable":true,"href":"https:\/\/www.danosa.com\/es-co\/wp-json\/wp\/v2\/product_important_indications?post=9601"},{"taxonomy":"product_conservation","embeddable":true,"href":"https:\/\/www.danosa.com\/es-co\/wp-json\/wp\/v2\/product_conservation?post=9601"},{"taxonomy":"product_warning","embeddable":true,"href":"https:\/\/www.danosa.com\/es-co\/wp-json\/wp\/v2\/product_warning?post=9601"},{"taxonomy":"product_safety_hygiene","embeddable":true,"href":"https:\/\/www.danosa.com\/es-co\/wp-json\/wp\/v2\/product_safety_hygiene?post=9601"},{"taxonomy":"system_certification","embeddable":true,"href":"https:\/\/www.danosa.com\/es-co\/wp-json\/wp\/v2\/system_certification?post=9601"},{"taxonomy":"product_maintenance","embeddable":true,"href":"https:\/\/www.danosa.com\/es-co\/wp-json\/wp\/v2\/product_maintenance?post=9601"},{"taxonomy":"product_safety_datasheet","embeddable":true,"href":"https:\/\/www.danosa.com\/es-co\/wp-json\/wp\/v2\/product_safety_datasheet?post=9601"},{"taxonomy":"filter_special_uses","embeddable":true,"href":"https:\/\/www.danosa.com\/es-co\/wp-json\/wp\/v2\/filter_special_uses?post=9601"}],"curies":[{"name":"wp","href":"https:\/\/api.w.org\/{rel}","templated":true}]}}