{"id":9602,"date":"2026-04-09T08:22:13","date_gmt":"2026-04-09T06:22:13","guid":{"rendered":"https:\/\/www.danosa.com\/es-co\/producto\/confordan-900\/"},"modified":"2026-04-09T08:22:13","modified_gmt":"2026-04-09T06:22:13","slug":"confordan-900","status":"publish","type":"product","link":"https:\/\/www.danosa.com\/es-co\/producto\/confordan-900\/","title":{"rendered":"CONFORDAN 900."},"content":{"rendered":"<p>CONFORDAN 900 es un producto bicapa formado por una membrana autoadhesiva de alta densidad y un polietileno qu\u00edmicamente reticulado termosoldado al anterior. Ac\u00fasticamente el CONFORDAN 900 funciona aportando masa ac\u00fastica a la superficie donde se adose, quitando las frecuencias de resonancia.<\/p>\n","protected":false},"excerpt":{"rendered":"<p>Banda antiresonante entre elementos r\u00edgidos.<\/p>\n","protected":false},"featured_media":0,"parent":0,"menu_order":0,"template":"","meta":{"inline_featured_image":false,"site-sidebar-layout":"default","site-content-layout":"default","ast-main-header-display":"","ast-hfb-above-header-display":"","ast-hfb-below-header-display":"","ast-hfb-mobile-header-display":"","site-post-title":"","ast-breadcrumbs-content":"","ast-featured-img":"","footer-sml-layout":"","theme-transparent-header-meta":"","adv-header-id-meta":"","stick-header-meta":"","header-above-stick-meta":"","header-main-stick-meta":"","header-below-stick-meta":""},"family":[3103],"product_notice":[11437],"product_icon":[],"product_application":[10047,10077,10313,10377],"product_standards_certification":[11348,11361,11372],"product_benefits":[9386,9458,9480,9508,9632,9648,9665,9670,9716,9718,9812,9845,9855],"product_support":[],"product_substrate_preparation":[],"product_important_indications":[10554,10556,10610,10620,10674,10693,10697,10726,10739],"product_conservation":[10806,10819,10823,10837,10843,10848,10850,10864,10918,10927,10998,11000],"product_warning":[],"product_safety_hygiene":[],"system_certification":[3139],"product_maintenance":[],"product_safety_datasheet":[],"filter_special_uses":[],"acf":[],"yoast_head":"<!-- This site is optimized with the Yoast SEO plugin v18.1 - https:\/\/yoast.com\/wordpress\/plugins\/seo\/ -->\n<title>Aislante ac\u00fastico suelos de tarima en hoteles y residencias | CONFORDAN 900<\/title>\n<meta name=\"description\" content=\"CONFORDAN 900 es un aislante ac\u00fastico de altas prestaciones y baja sonoridad para suelos de tarima en hoteles y lugares comerciales de alto tr\u00e1nsito.\" \/>\n<meta name=\"robots\" content=\"index, follow, max-snippet:-1, max-image-preview:large, max-video-preview:-1\" \/>\n<link rel=\"canonical\" href=\"https:\/\/www.danosa.com\/es-co\/producto\/confordan-900\/\" \/>\n<meta property=\"og:locale\" content=\"es_ES\" \/>\n<meta property=\"og:type\" content=\"article\" \/>\n<meta property=\"og:title\" content=\"Aislante ac\u00fastico suelos de tarima en hoteles y residencias | CONFORDAN 900\" \/>\n<meta property=\"og:description\" content=\"CONFORDAN 900 es un aislante ac\u00fastico de altas prestaciones y baja sonoridad para suelos de tarima en hoteles y lugares comerciales de alto tr\u00e1nsito.\" \/>\n<meta property=\"og:url\" content=\"https:\/\/www.danosa.com\/es-co\/producto\/confordan-900\/\" \/>\n<meta property=\"og:site_name\" content=\"Danosa Colombia\" \/>\n<meta name=\"twitter:card\" content=\"summary_large_image\" \/>\n<script type=\"application\/ld+json\" class=\"yoast-schema-graph\">{\"@context\":\"https:\/\/schema.org\",\"@graph\":[{\"@type\":\"WebSite\",\"@id\":\"https:\/\/www.danosa.com\/es-co\/#website\",\"url\":\"https:\/\/www.danosa.com\/es-co\/\",\"name\":\"Danosa Colombia\",\"description\":\"Danosa\",\"potentialAction\":[{\"@type\":\"SearchAction\",\"target\":{\"@type\":\"EntryPoint\",\"urlTemplate\":\"https:\/\/www.danosa.com\/es-co\/?s={search_term_string}\"},\"query-input\":\"required name=search_term_string\"}],\"inLanguage\":\"es\"},{\"@type\":\"WebPage\",\"@id\":\"https:\/\/www.danosa.com\/es-co\/producto\/confordan-900\/#webpage\",\"url\":\"https:\/\/www.danosa.com\/es-co\/producto\/confordan-900\/\",\"name\":\"Aislante ac\u00fastico suelos de tarima en hoteles y residencias | CONFORDAN 900\",\"isPartOf\":{\"@id\":\"https:\/\/www.danosa.com\/es-co\/#website\"},\"datePublished\":\"2026-04-09T06:22:13+00:00\",\"dateModified\":\"2026-04-09T06:22:13+00:00\",\"description\":\"CONFORDAN 900 es un aislante ac\u00fastico de altas prestaciones y baja sonoridad para suelos de tarima en hoteles y lugares comerciales de alto tr\u00e1nsito.\",\"breadcrumb\":{\"@id\":\"https:\/\/www.danosa.com\/es-co\/producto\/confordan-900\/#breadcrumb\"},\"inLanguage\":\"es\",\"potentialAction\":[{\"@type\":\"ReadAction\",\"target\":[\"https:\/\/www.danosa.com\/es-co\/producto\/confordan-900\/\"]}]},{\"@type\":\"BreadcrumbList\",\"@id\":\"https:\/\/www.danosa.com\/es-co\/producto\/confordan-900\/#breadcrumb\",\"itemListElement\":[{\"@type\":\"ListItem\",\"position\":1,\"name\":\"Portada\",\"item\":\"https:\/\/www.danosa.com\/es-co\/\"},{\"@type\":\"ListItem\",\"position\":2,\"name\":\"CONFORDAN 900.\"}]}]}<\/script>\n<!-- \/ Yoast SEO plugin. -->","yoast_head_json":{"title":"Aislante ac\u00fastico suelos de tarima en hoteles y residencias | CONFORDAN 900","description":"CONFORDAN 900 es un aislante ac\u00fastico de altas prestaciones y baja sonoridad para suelos de tarima en hoteles y lugares comerciales de alto tr\u00e1nsito.","robots":{"index":"index","follow":"follow","max-snippet":"max-snippet:-1","max-image-preview":"max-image-preview:large","max-video-preview":"max-video-preview:-1"},"canonical":"https:\/\/www.danosa.com\/es-co\/producto\/confordan-900\/","og_locale":"es_ES","og_type":"article","og_title":"Aislante ac\u00fastico suelos de tarima en hoteles y residencias | CONFORDAN 900","og_description":"CONFORDAN 900 es un aislante ac\u00fastico de altas prestaciones y baja sonoridad para suelos de tarima en hoteles y lugares comerciales de alto tr\u00e1nsito.","og_url":"https:\/\/www.danosa.com\/es-co\/producto\/confordan-900\/","og_site_name":"Danosa Colombia","twitter_card":"summary_large_image","schema":{"@context":"https:\/\/schema.org","@graph":[{"@type":"WebSite","@id":"https:\/\/www.danosa.com\/es-co\/#website","url":"https:\/\/www.danosa.com\/es-co\/","name":"Danosa Colombia","description":"Danosa","potentialAction":[{"@type":"SearchAction","target":{"@type":"EntryPoint","urlTemplate":"https:\/\/www.danosa.com\/es-co\/?s={search_term_string}"},"query-input":"required name=search_term_string"}],"inLanguage":"es"},{"@type":"WebPage","@id":"https:\/\/www.danosa.com\/es-co\/producto\/confordan-900\/#webpage","url":"https:\/\/www.danosa.com\/es-co\/producto\/confordan-900\/","name":"Aislante ac\u00fastico suelos de tarima en hoteles y residencias | CONFORDAN 900","isPartOf":{"@id":"https:\/\/www.danosa.com\/es-co\/#website"},"datePublished":"2026-04-09T06:22:13+00:00","dateModified":"2026-04-09T06:22:13+00:00","description":"CONFORDAN 900 es un aislante ac\u00fastico de altas prestaciones y baja sonoridad para suelos de tarima en hoteles y lugares comerciales de alto tr\u00e1nsito.","breadcrumb":{"@id":"https:\/\/www.danosa.com\/es-co\/producto\/confordan-900\/#breadcrumb"},"inLanguage":"es","potentialAction":[{"@type":"ReadAction","target":["https:\/\/www.danosa.com\/es-co\/producto\/confordan-900\/"]}]},{"@type":"BreadcrumbList","@id":"https:\/\/www.danosa.com\/es-co\/producto\/confordan-900\/#breadcrumb","itemListElement":[{"@type":"ListItem","position":1,"name":"Portada","item":"https:\/\/www.danosa.com\/es-co\/"},{"@type":"ListItem","position":2,"name":"CONFORDAN 900."}]}]}},"_links":{"self":[{"href":"https:\/\/www.danosa.com\/es-co\/wp-json\/wp\/v2\/product\/9602"}],"collection":[{"href":"https:\/\/www.danosa.com\/es-co\/wp-json\/wp\/v2\/product"}],"about":[{"href":"https:\/\/www.danosa.com\/es-co\/wp-json\/wp\/v2\/types\/product"}],"wp:attachment":[{"href":"https:\/\/www.danosa.com\/es-co\/wp-json\/wp\/v2\/media?parent=9602"}],"wp:term":[{"taxonomy":"family","embeddable":true,"href":"https:\/\/www.danosa.com\/es-co\/wp-json\/wp\/v2\/family?post=9602"},{"taxonomy":"product_notice","embeddable":true,"href":"https:\/\/www.danosa.com\/es-co\/wp-json\/wp\/v2\/product_notice?post=9602"},{"taxonomy":"product_icon","embeddable":true,"href":"https:\/\/www.danosa.com\/es-co\/wp-json\/wp\/v2\/product_icon?post=9602"},{"taxonomy":"product_application","embeddable":true,"href":"https:\/\/www.danosa.com\/es-co\/wp-json\/wp\/v2\/product_application?post=9602"},{"taxonomy":"product_standards_certification","embeddable":true,"href":"https:\/\/www.danosa.com\/es-co\/wp-json\/wp\/v2\/product_standards_certification?post=9602"},{"taxonomy":"product_benefits","embeddable":true,"href":"https:\/\/www.danosa.com\/es-co\/wp-json\/wp\/v2\/product_benefits?post=9602"},{"taxonomy":"product_support","embeddable":true,"href":"https:\/\/www.danosa.com\/es-co\/wp-json\/wp\/v2\/product_support?post=9602"},{"taxonomy":"product_substrate_preparation","embeddable":true,"href":"https:\/\/www.danosa.com\/es-co\/wp-json\/wp\/v2\/product_substrate_preparation?post=9602"},{"taxonomy":"product_important_indications","embeddable":true,"href":"https:\/\/www.danosa.com\/es-co\/wp-json\/wp\/v2\/product_important_indications?post=9602"},{"taxonomy":"product_conservation","embeddable":true,"href":"https:\/\/www.danosa.com\/es-co\/wp-json\/wp\/v2\/product_conservation?post=9602"},{"taxonomy":"product_warning","embeddable":true,"href":"https:\/\/www.danosa.com\/es-co\/wp-json\/wp\/v2\/product_warning?post=9602"},{"taxonomy":"product_safety_hygiene","embeddable":true,"href":"https:\/\/www.danosa.com\/es-co\/wp-json\/wp\/v2\/product_safety_hygiene?post=9602"},{"taxonomy":"system_certification","embeddable":true,"href":"https:\/\/www.danosa.com\/es-co\/wp-json\/wp\/v2\/system_certification?post=9602"},{"taxonomy":"product_maintenance","embeddable":true,"href":"https:\/\/www.danosa.com\/es-co\/wp-json\/wp\/v2\/product_maintenance?post=9602"},{"taxonomy":"product_safety_datasheet","embeddable":true,"href":"https:\/\/www.danosa.com\/es-co\/wp-json\/wp\/v2\/product_safety_datasheet?post=9602"},{"taxonomy":"filter_special_uses","embeddable":true,"href":"https:\/\/www.danosa.com\/es-co\/wp-json\/wp\/v2\/filter_special_uses?post=9602"}],"curies":[{"name":"wp","href":"https:\/\/api.w.org\/{rel}","templated":true}]}}