{"id":9735,"date":"2026-04-09T08:26:01","date_gmt":"2026-04-09T06:26:01","guid":{"rendered":"https:\/\/www.danosa.com\/es-co\/producto\/polydan-pro-50-gp\/"},"modified":"2026-04-09T08:26:05","modified_gmt":"2026-04-09T06:26:05","slug":"polydan-pro-50-gp","status":"publish","type":"product","link":"https:\/\/www.danosa.com\/es-co\/producto\/polydan-pro-50-gp\/","title":{"rendered":"POLYDAN PRO 50\/GP."},"content":{"rendered":"<p>L\u00e1mina bituminosa de superficie autoprotegida tipo LBM(SBS)-50\/G-FP.<br \/>\nEst\u00e1 compuesta por una armadura de fieltro de poli\u00e9ster no tejido de gran gramaje, recubierta por ambas caras con un m\u00e1stico de bet\u00fan modificado con elast\u00f3meros (SBS) de alta durabilidad, acabada en su cara externa en gr\u00e1nulos de pizarra. En su cara interna, como material antiadherente, incorpora un film pl\u00e1stico de terminaci\u00f3n.<\/p>\n","protected":false},"excerpt":{"rendered":"<p>L\u00e1mina impermeabilizante de bet\u00fan modificado con elast\u00f3meros (SBS) con autoprotecci\u00f3n mineral.<\/p>\n","protected":false},"featured_media":0,"parent":0,"menu_order":0,"template":"","meta":{"inline_featured_image":false,"site-sidebar-layout":"default","site-content-layout":"default","ast-main-header-display":"","ast-hfb-above-header-display":"","ast-hfb-below-header-display":"","ast-hfb-mobile-header-display":"","site-post-title":"","ast-breadcrumbs-content":"","ast-featured-img":"","footer-sml-layout":"","theme-transparent-header-meta":"","adv-header-id-meta":"","stick-header-meta":"","header-above-stick-meta":"","header-main-stick-meta":"","header-below-stick-meta":""},"family":[3053],"product_notice":[11437],"product_icon":[],"product_application":[10229,10232,10250],"product_standards_certification":[11295,11297,11310,11324,11331,11332,11343,11347],"product_benefits":[9632,9638,9645,9648,9650,9654,9661,9733],"product_support":[11202,11246,11253,11255],"product_substrate_preparation":[],"product_important_indications":[10558,10560,10562,10564,10590,10612,10656,10695,10708,10711,10735,10795],"product_conservation":[10808,10834,10841,10894,10926],"product_warning":[11073],"product_safety_hygiene":[],"system_certification":[8080,8082,3369,3155],"product_maintenance":[4217],"product_safety_datasheet":[2693],"filter_special_uses":[2875],"acf":[],"yoast_head":"<!-- This site is optimized with the Yoast SEO plugin v18.1 - https:\/\/yoast.com\/wordpress\/plugins\/seo\/ -->\n<title>Membrana asf\u00e1ltica impermeable autoprotegida | POLYDAN PRO<\/title>\n<meta name=\"description\" content=\"L\u00e1mina asf\u00e1ltica autoprotegida con armadura de fieltro de poli\u00e9ster no tejido gran gramaje y m\u00e1stico de bet\u00fan modificado con elast\u00f3meros. Polydan Pro 50 GP\" \/>\n<meta name=\"robots\" content=\"index, follow, max-snippet:-1, max-image-preview:large, max-video-preview:-1\" \/>\n<link rel=\"canonical\" href=\"https:\/\/www.danosa.com\/es-co\/producto\/polydan-pro-50-gp\/\" \/>\n<meta property=\"og:locale\" content=\"es_ES\" \/>\n<meta property=\"og:type\" content=\"article\" \/>\n<meta property=\"og:title\" content=\"Membrana asf\u00e1ltica impermeable autoprotegida | POLYDAN PRO\" \/>\n<meta property=\"og:description\" content=\"L\u00e1mina asf\u00e1ltica autoprotegida con armadura de fieltro de poli\u00e9ster no tejido gran gramaje y m\u00e1stico de bet\u00fan modificado con elast\u00f3meros. Polydan Pro 50 GP\" \/>\n<meta property=\"og:url\" content=\"https:\/\/www.danosa.com\/es-co\/producto\/polydan-pro-50-gp\/\" \/>\n<meta property=\"og:site_name\" content=\"Danosa Colombia\" \/>\n<meta property=\"article:modified_time\" content=\"2026-04-09T06:26:05+00:00\" \/>\n<meta name=\"twitter:card\" content=\"summary_large_image\" \/>\n<script type=\"application\/ld+json\" class=\"yoast-schema-graph\">{\"@context\":\"https:\/\/schema.org\",\"@graph\":[{\"@type\":\"WebSite\",\"@id\":\"https:\/\/www.danosa.com\/es-co\/#website\",\"url\":\"https:\/\/www.danosa.com\/es-co\/\",\"name\":\"Danosa Colombia\",\"description\":\"Danosa\",\"potentialAction\":[{\"@type\":\"SearchAction\",\"target\":{\"@type\":\"EntryPoint\",\"urlTemplate\":\"https:\/\/www.danosa.com\/es-co\/?s={search_term_string}\"},\"query-input\":\"required name=search_term_string\"}],\"inLanguage\":\"es\"},{\"@type\":\"WebPage\",\"@id\":\"https:\/\/www.danosa.com\/es-co\/producto\/polydan-pro-50-gp\/#webpage\",\"url\":\"https:\/\/www.danosa.com\/es-co\/producto\/polydan-pro-50-gp\/\",\"name\":\"Membrana asf\u00e1ltica impermeable autoprotegida | POLYDAN PRO\",\"isPartOf\":{\"@id\":\"https:\/\/www.danosa.com\/es-co\/#website\"},\"datePublished\":\"2026-04-09T06:26:01+00:00\",\"dateModified\":\"2026-04-09T06:26:05+00:00\",\"description\":\"L\u00e1mina asf\u00e1ltica autoprotegida con armadura de fieltro de poli\u00e9ster no tejido gran gramaje y m\u00e1stico de bet\u00fan modificado con elast\u00f3meros. Polydan Pro 50 GP\",\"breadcrumb\":{\"@id\":\"https:\/\/www.danosa.com\/es-co\/producto\/polydan-pro-50-gp\/#breadcrumb\"},\"inLanguage\":\"es\",\"potentialAction\":[{\"@type\":\"ReadAction\",\"target\":[\"https:\/\/www.danosa.com\/es-co\/producto\/polydan-pro-50-gp\/\"]}]},{\"@type\":\"BreadcrumbList\",\"@id\":\"https:\/\/www.danosa.com\/es-co\/producto\/polydan-pro-50-gp\/#breadcrumb\",\"itemListElement\":[{\"@type\":\"ListItem\",\"position\":1,\"name\":\"Portada\",\"item\":\"https:\/\/www.danosa.com\/es-co\/\"},{\"@type\":\"ListItem\",\"position\":2,\"name\":\"POLYDAN PRO 50\/GP.\"}]}]}<\/script>\n<!-- \/ Yoast SEO plugin. -->","yoast_head_json":{"title":"Membrana asf\u00e1ltica impermeable autoprotegida | POLYDAN PRO","description":"L\u00e1mina asf\u00e1ltica autoprotegida con armadura de fieltro de poli\u00e9ster no tejido gran gramaje y m\u00e1stico de bet\u00fan modificado con elast\u00f3meros. Polydan Pro 50 GP","robots":{"index":"index","follow":"follow","max-snippet":"max-snippet:-1","max-image-preview":"max-image-preview:large","max-video-preview":"max-video-preview:-1"},"canonical":"https:\/\/www.danosa.com\/es-co\/producto\/polydan-pro-50-gp\/","og_locale":"es_ES","og_type":"article","og_title":"Membrana asf\u00e1ltica impermeable autoprotegida | POLYDAN PRO","og_description":"L\u00e1mina asf\u00e1ltica autoprotegida con armadura de fieltro de poli\u00e9ster no tejido gran gramaje y m\u00e1stico de bet\u00fan modificado con elast\u00f3meros. Polydan Pro 50 GP","og_url":"https:\/\/www.danosa.com\/es-co\/producto\/polydan-pro-50-gp\/","og_site_name":"Danosa Colombia","article_modified_time":"2026-04-09T06:26:05+00:00","twitter_card":"summary_large_image","schema":{"@context":"https:\/\/schema.org","@graph":[{"@type":"WebSite","@id":"https:\/\/www.danosa.com\/es-co\/#website","url":"https:\/\/www.danosa.com\/es-co\/","name":"Danosa Colombia","description":"Danosa","potentialAction":[{"@type":"SearchAction","target":{"@type":"EntryPoint","urlTemplate":"https:\/\/www.danosa.com\/es-co\/?s={search_term_string}"},"query-input":"required name=search_term_string"}],"inLanguage":"es"},{"@type":"WebPage","@id":"https:\/\/www.danosa.com\/es-co\/producto\/polydan-pro-50-gp\/#webpage","url":"https:\/\/www.danosa.com\/es-co\/producto\/polydan-pro-50-gp\/","name":"Membrana asf\u00e1ltica impermeable autoprotegida | POLYDAN PRO","isPartOf":{"@id":"https:\/\/www.danosa.com\/es-co\/#website"},"datePublished":"2026-04-09T06:26:01+00:00","dateModified":"2026-04-09T06:26:05+00:00","description":"L\u00e1mina asf\u00e1ltica autoprotegida con armadura de fieltro de poli\u00e9ster no tejido gran gramaje y m\u00e1stico de bet\u00fan modificado con elast\u00f3meros. Polydan Pro 50 GP","breadcrumb":{"@id":"https:\/\/www.danosa.com\/es-co\/producto\/polydan-pro-50-gp\/#breadcrumb"},"inLanguage":"es","potentialAction":[{"@type":"ReadAction","target":["https:\/\/www.danosa.com\/es-co\/producto\/polydan-pro-50-gp\/"]}]},{"@type":"BreadcrumbList","@id":"https:\/\/www.danosa.com\/es-co\/producto\/polydan-pro-50-gp\/#breadcrumb","itemListElement":[{"@type":"ListItem","position":1,"name":"Portada","item":"https:\/\/www.danosa.com\/es-co\/"},{"@type":"ListItem","position":2,"name":"POLYDAN PRO 50\/GP."}]}]}},"_links":{"self":[{"href":"https:\/\/www.danosa.com\/es-co\/wp-json\/wp\/v2\/product\/9735"}],"collection":[{"href":"https:\/\/www.danosa.com\/es-co\/wp-json\/wp\/v2\/product"}],"about":[{"href":"https:\/\/www.danosa.com\/es-co\/wp-json\/wp\/v2\/types\/product"}],"wp:attachment":[{"href":"https:\/\/www.danosa.com\/es-co\/wp-json\/wp\/v2\/media?parent=9735"}],"wp:term":[{"taxonomy":"family","embeddable":true,"href":"https:\/\/www.danosa.com\/es-co\/wp-json\/wp\/v2\/family?post=9735"},{"taxonomy":"product_notice","embeddable":true,"href":"https:\/\/www.danosa.com\/es-co\/wp-json\/wp\/v2\/product_notice?post=9735"},{"taxonomy":"product_icon","embeddable":true,"href":"https:\/\/www.danosa.com\/es-co\/wp-json\/wp\/v2\/product_icon?post=9735"},{"taxonomy":"product_application","embeddable":true,"href":"https:\/\/www.danosa.com\/es-co\/wp-json\/wp\/v2\/product_application?post=9735"},{"taxonomy":"product_standards_certification","embeddable":true,"href":"https:\/\/www.danosa.com\/es-co\/wp-json\/wp\/v2\/product_standards_certification?post=9735"},{"taxonomy":"product_benefits","embeddable":true,"href":"https:\/\/www.danosa.com\/es-co\/wp-json\/wp\/v2\/product_benefits?post=9735"},{"taxonomy":"product_support","embeddable":true,"href":"https:\/\/www.danosa.com\/es-co\/wp-json\/wp\/v2\/product_support?post=9735"},{"taxonomy":"product_substrate_preparation","embeddable":true,"href":"https:\/\/www.danosa.com\/es-co\/wp-json\/wp\/v2\/product_substrate_preparation?post=9735"},{"taxonomy":"product_important_indications","embeddable":true,"href":"https:\/\/www.danosa.com\/es-co\/wp-json\/wp\/v2\/product_important_indications?post=9735"},{"taxonomy":"product_conservation","embeddable":true,"href":"https:\/\/www.danosa.com\/es-co\/wp-json\/wp\/v2\/product_conservation?post=9735"},{"taxonomy":"product_warning","embeddable":true,"href":"https:\/\/www.danosa.com\/es-co\/wp-json\/wp\/v2\/product_warning?post=9735"},{"taxonomy":"product_safety_hygiene","embeddable":true,"href":"https:\/\/www.danosa.com\/es-co\/wp-json\/wp\/v2\/product_safety_hygiene?post=9735"},{"taxonomy":"system_certification","embeddable":true,"href":"https:\/\/www.danosa.com\/es-co\/wp-json\/wp\/v2\/system_certification?post=9735"},{"taxonomy":"product_maintenance","embeddable":true,"href":"https:\/\/www.danosa.com\/es-co\/wp-json\/wp\/v2\/product_maintenance?post=9735"},{"taxonomy":"product_safety_datasheet","embeddable":true,"href":"https:\/\/www.danosa.com\/es-co\/wp-json\/wp\/v2\/product_safety_datasheet?post=9735"},{"taxonomy":"filter_special_uses","embeddable":true,"href":"https:\/\/www.danosa.com\/es-co\/wp-json\/wp\/v2\/filter_special_uses?post=9735"}],"curies":[{"name":"wp","href":"https:\/\/api.w.org\/{rel}","templated":true}]}}