{"id":9794,"date":"2026-04-09T08:26:10","date_gmt":"2026-04-09T06:26:10","guid":{"rendered":"https:\/\/www.danosa.com\/es-co\/producto\/self-dan-al-100\/"},"modified":"2026-04-09T08:26:11","modified_gmt":"2026-04-09T06:26:11","slug":"self-dan-al-100","status":"publish","type":"product","link":"https:\/\/www.danosa.com\/es-co\/producto\/self-dan-al-100\/","title":{"rendered":"SELF-DAN AL 100"},"content":{"rendered":"<p>SELF-DAN AL 100 es una l\u00e1mina impermeabilizante autoadhesiva con autoprotecci\u00f3n met\u00e1lica compuesta por un m\u00e1stico bituminoso de bet\u00fan elast\u00f3mero. Como material de protecci\u00f3n de la cara externa lleva una hoja de aluminio de 60\/1000 mm de color natural y como material de terminaci\u00f3n en su cara interna, un film pl\u00e1stico retirable.<\/p>\n","protected":false},"excerpt":{"rendered":"<p>Cinta autoadhesiva de 1 m de ancho de bet\u00fan modificado con elast\u00f3meros (SBS).<\/p>\n","protected":false},"featured_media":0,"parent":0,"menu_order":0,"template":"","meta":{"inline_featured_image":false,"site-sidebar-layout":"default","site-content-layout":"default","ast-main-header-display":"","ast-hfb-above-header-display":"","ast-hfb-below-header-display":"","ast-hfb-mobile-header-display":"","site-post-title":"","ast-breadcrumbs-content":"","ast-featured-img":"","footer-sml-layout":"","theme-transparent-header-meta":"","adv-header-id-meta":"","stick-header-meta":"","header-above-stick-meta":"","header-main-stick-meta":"","header-below-stick-meta":""},"family":[3053,3057],"product_notice":[11437],"product_icon":[],"product_application":[10046,10050,10052,10108,10111,10121,10318],"product_standards_certification":[11310,11314],"product_benefits":[9401,9549,9575,9617,9643,9655,9755,9818,9875],"product_support":[],"product_substrate_preparation":[],"product_important_indications":[10544,10558,10560,10561,10565,10576,10590,10600,10631,10636,10656,10658,10659,10670,10695,10711,10714,10718,10740,10795],"product_conservation":[10808,10829,10834,10840,10842,10854,10867,10870,10877,10919,10926,10930,10931,10997,10998,11000],"product_warning":[],"product_safety_hygiene":[],"system_certification":[8220,3155],"product_maintenance":[4217],"product_safety_datasheet":[2693],"filter_special_uses":[2876],"acf":[],"yoast_head":"<!-- This site is optimized with the Yoast SEO plugin v18.1 - https:\/\/yoast.com\/wordpress\/plugins\/seo\/ -->\n<title>L\u00e1mina autoadhesiva con autoprotecci\u00f3n met\u00e1lica | SELF-DAN AL Danosa<\/title>\n<meta name=\"description\" content=\"L\u00e1mina autoadhesiva con autoprotecci\u00f3n met\u00e1lica para impermeabilizaci\u00f3n y sellado de chimeneas, tubos, claraboyas, grietas, ranuras, etc. Gama profesional\" \/>\n<meta name=\"robots\" content=\"index, follow, max-snippet:-1, max-image-preview:large, max-video-preview:-1\" \/>\n<link rel=\"canonical\" href=\"https:\/\/www.danosa.com\/es-co\/producto\/self-dan-al-100\/\" \/>\n<meta property=\"og:locale\" content=\"es_ES\" \/>\n<meta property=\"og:type\" content=\"article\" \/>\n<meta property=\"og:title\" content=\"L\u00e1mina autoadhesiva con autoprotecci\u00f3n met\u00e1lica | SELF-DAN AL Danosa\" \/>\n<meta property=\"og:description\" content=\"L\u00e1mina autoadhesiva con autoprotecci\u00f3n met\u00e1lica para impermeabilizaci\u00f3n y sellado de chimeneas, tubos, claraboyas, grietas, ranuras, etc. Gama profesional\" \/>\n<meta property=\"og:url\" content=\"https:\/\/www.danosa.com\/es-co\/producto\/self-dan-al-100\/\" \/>\n<meta property=\"og:site_name\" content=\"Danosa Colombia\" \/>\n<meta property=\"article:modified_time\" content=\"2026-04-09T06:26:11+00:00\" \/>\n<meta name=\"twitter:card\" content=\"summary_large_image\" \/>\n<script type=\"application\/ld+json\" class=\"yoast-schema-graph\">{\"@context\":\"https:\/\/schema.org\",\"@graph\":[{\"@type\":\"WebSite\",\"@id\":\"https:\/\/www.danosa.com\/es-co\/#website\",\"url\":\"https:\/\/www.danosa.com\/es-co\/\",\"name\":\"Danosa Colombia\",\"description\":\"Danosa\",\"potentialAction\":[{\"@type\":\"SearchAction\",\"target\":{\"@type\":\"EntryPoint\",\"urlTemplate\":\"https:\/\/www.danosa.com\/es-co\/?s={search_term_string}\"},\"query-input\":\"required name=search_term_string\"}],\"inLanguage\":\"es\"},{\"@type\":\"WebPage\",\"@id\":\"https:\/\/www.danosa.com\/es-co\/producto\/self-dan-al-100\/#webpage\",\"url\":\"https:\/\/www.danosa.com\/es-co\/producto\/self-dan-al-100\/\",\"name\":\"L\u00e1mina autoadhesiva con autoprotecci\u00f3n met\u00e1lica | SELF-DAN AL Danosa\",\"isPartOf\":{\"@id\":\"https:\/\/www.danosa.com\/es-co\/#website\"},\"datePublished\":\"2026-04-09T06:26:10+00:00\",\"dateModified\":\"2026-04-09T06:26:11+00:00\",\"description\":\"L\u00e1mina autoadhesiva con autoprotecci\u00f3n met\u00e1lica para impermeabilizaci\u00f3n y sellado de chimeneas, tubos, claraboyas, grietas, ranuras, etc. Gama profesional\",\"breadcrumb\":{\"@id\":\"https:\/\/www.danosa.com\/es-co\/producto\/self-dan-al-100\/#breadcrumb\"},\"inLanguage\":\"es\",\"potentialAction\":[{\"@type\":\"ReadAction\",\"target\":[\"https:\/\/www.danosa.com\/es-co\/producto\/self-dan-al-100\/\"]}]},{\"@type\":\"BreadcrumbList\",\"@id\":\"https:\/\/www.danosa.com\/es-co\/producto\/self-dan-al-100\/#breadcrumb\",\"itemListElement\":[{\"@type\":\"ListItem\",\"position\":1,\"name\":\"Portada\",\"item\":\"https:\/\/www.danosa.com\/es-co\/\"},{\"@type\":\"ListItem\",\"position\":2,\"name\":\"SELF-DAN AL 100\"}]}]}<\/script>\n<!-- \/ Yoast SEO plugin. -->","yoast_head_json":{"title":"L\u00e1mina autoadhesiva con autoprotecci\u00f3n met\u00e1lica | SELF-DAN AL Danosa","description":"L\u00e1mina autoadhesiva con autoprotecci\u00f3n met\u00e1lica para impermeabilizaci\u00f3n y sellado de chimeneas, tubos, claraboyas, grietas, ranuras, etc. Gama profesional","robots":{"index":"index","follow":"follow","max-snippet":"max-snippet:-1","max-image-preview":"max-image-preview:large","max-video-preview":"max-video-preview:-1"},"canonical":"https:\/\/www.danosa.com\/es-co\/producto\/self-dan-al-100\/","og_locale":"es_ES","og_type":"article","og_title":"L\u00e1mina autoadhesiva con autoprotecci\u00f3n met\u00e1lica | SELF-DAN AL Danosa","og_description":"L\u00e1mina autoadhesiva con autoprotecci\u00f3n met\u00e1lica para impermeabilizaci\u00f3n y sellado de chimeneas, tubos, claraboyas, grietas, ranuras, etc. Gama profesional","og_url":"https:\/\/www.danosa.com\/es-co\/producto\/self-dan-al-100\/","og_site_name":"Danosa Colombia","article_modified_time":"2026-04-09T06:26:11+00:00","twitter_card":"summary_large_image","schema":{"@context":"https:\/\/schema.org","@graph":[{"@type":"WebSite","@id":"https:\/\/www.danosa.com\/es-co\/#website","url":"https:\/\/www.danosa.com\/es-co\/","name":"Danosa Colombia","description":"Danosa","potentialAction":[{"@type":"SearchAction","target":{"@type":"EntryPoint","urlTemplate":"https:\/\/www.danosa.com\/es-co\/?s={search_term_string}"},"query-input":"required name=search_term_string"}],"inLanguage":"es"},{"@type":"WebPage","@id":"https:\/\/www.danosa.com\/es-co\/producto\/self-dan-al-100\/#webpage","url":"https:\/\/www.danosa.com\/es-co\/producto\/self-dan-al-100\/","name":"L\u00e1mina autoadhesiva con autoprotecci\u00f3n met\u00e1lica | SELF-DAN AL Danosa","isPartOf":{"@id":"https:\/\/www.danosa.com\/es-co\/#website"},"datePublished":"2026-04-09T06:26:10+00:00","dateModified":"2026-04-09T06:26:11+00:00","description":"L\u00e1mina autoadhesiva con autoprotecci\u00f3n met\u00e1lica para impermeabilizaci\u00f3n y sellado de chimeneas, tubos, claraboyas, grietas, ranuras, etc. Gama profesional","breadcrumb":{"@id":"https:\/\/www.danosa.com\/es-co\/producto\/self-dan-al-100\/#breadcrumb"},"inLanguage":"es","potentialAction":[{"@type":"ReadAction","target":["https:\/\/www.danosa.com\/es-co\/producto\/self-dan-al-100\/"]}]},{"@type":"BreadcrumbList","@id":"https:\/\/www.danosa.com\/es-co\/producto\/self-dan-al-100\/#breadcrumb","itemListElement":[{"@type":"ListItem","position":1,"name":"Portada","item":"https:\/\/www.danosa.com\/es-co\/"},{"@type":"ListItem","position":2,"name":"SELF-DAN AL 100"}]}]}},"_links":{"self":[{"href":"https:\/\/www.danosa.com\/es-co\/wp-json\/wp\/v2\/product\/9794"}],"collection":[{"href":"https:\/\/www.danosa.com\/es-co\/wp-json\/wp\/v2\/product"}],"about":[{"href":"https:\/\/www.danosa.com\/es-co\/wp-json\/wp\/v2\/types\/product"}],"wp:attachment":[{"href":"https:\/\/www.danosa.com\/es-co\/wp-json\/wp\/v2\/media?parent=9794"}],"wp:term":[{"taxonomy":"family","embeddable":true,"href":"https:\/\/www.danosa.com\/es-co\/wp-json\/wp\/v2\/family?post=9794"},{"taxonomy":"product_notice","embeddable":true,"href":"https:\/\/www.danosa.com\/es-co\/wp-json\/wp\/v2\/product_notice?post=9794"},{"taxonomy":"product_icon","embeddable":true,"href":"https:\/\/www.danosa.com\/es-co\/wp-json\/wp\/v2\/product_icon?post=9794"},{"taxonomy":"product_application","embeddable":true,"href":"https:\/\/www.danosa.com\/es-co\/wp-json\/wp\/v2\/product_application?post=9794"},{"taxonomy":"product_standards_certification","embeddable":true,"href":"https:\/\/www.danosa.com\/es-co\/wp-json\/wp\/v2\/product_standards_certification?post=9794"},{"taxonomy":"product_benefits","embeddable":true,"href":"https:\/\/www.danosa.com\/es-co\/wp-json\/wp\/v2\/product_benefits?post=9794"},{"taxonomy":"product_support","embeddable":true,"href":"https:\/\/www.danosa.com\/es-co\/wp-json\/wp\/v2\/product_support?post=9794"},{"taxonomy":"product_substrate_preparation","embeddable":true,"href":"https:\/\/www.danosa.com\/es-co\/wp-json\/wp\/v2\/product_substrate_preparation?post=9794"},{"taxonomy":"product_important_indications","embeddable":true,"href":"https:\/\/www.danosa.com\/es-co\/wp-json\/wp\/v2\/product_important_indications?post=9794"},{"taxonomy":"product_conservation","embeddable":true,"href":"https:\/\/www.danosa.com\/es-co\/wp-json\/wp\/v2\/product_conservation?post=9794"},{"taxonomy":"product_warning","embeddable":true,"href":"https:\/\/www.danosa.com\/es-co\/wp-json\/wp\/v2\/product_warning?post=9794"},{"taxonomy":"product_safety_hygiene","embeddable":true,"href":"https:\/\/www.danosa.com\/es-co\/wp-json\/wp\/v2\/product_safety_hygiene?post=9794"},{"taxonomy":"system_certification","embeddable":true,"href":"https:\/\/www.danosa.com\/es-co\/wp-json\/wp\/v2\/system_certification?post=9794"},{"taxonomy":"product_maintenance","embeddable":true,"href":"https:\/\/www.danosa.com\/es-co\/wp-json\/wp\/v2\/product_maintenance?post=9794"},{"taxonomy":"product_safety_datasheet","embeddable":true,"href":"https:\/\/www.danosa.com\/es-co\/wp-json\/wp\/v2\/product_safety_datasheet?post=9794"},{"taxonomy":"filter_special_uses","embeddable":true,"href":"https:\/\/www.danosa.com\/es-co\/wp-json\/wp\/v2\/filter_special_uses?post=9794"}],"curies":[{"name":"wp","href":"https:\/\/api.w.org\/{rel}","templated":true}]}}