{"id":9869,"date":"2026-04-09T08:26:42","date_gmt":"2026-04-09T06:26:42","guid":{"rendered":"https:\/\/www.danosa.com\/es-co\/producto\/nexalon-adhesive\/"},"modified":"2026-04-09T08:26:43","modified_gmt":"2026-04-09T06:26:43","slug":"nexalon-adhesive","status":"publish","type":"product","link":"https:\/\/www.danosa.com\/es-co\/producto\/nexalon-adhesive\/","title":{"rendered":"NEXALON ADHESIVE"},"content":{"rendered":"<p>Adhesivo de contacto elaborado a base de caucho de policloropreno, resinas sint\u00e9ticas, mezcla de disolventes adecuada (hidrocarburos arom\u00e1ticos, alif\u00e1ticos y cetonas).<\/p>\n","protected":false},"excerpt":{"rendered":"<p>Adhesivo para l\u00e1minas impermeables de TPO<\/p>\n","protected":false},"featured_media":0,"parent":0,"menu_order":0,"template":"","meta":{"inline_featured_image":false,"site-sidebar-layout":"default","site-content-layout":"default","ast-main-header-display":"","ast-hfb-above-header-display":"","ast-hfb-below-header-display":"","ast-hfb-mobile-header-display":"","site-post-title":"","ast-breadcrumbs-content":"","ast-featured-img":"","footer-sml-layout":"","theme-transparent-header-meta":"","adv-header-id-meta":"","stick-header-meta":"","header-above-stick-meta":"","header-main-stick-meta":"","header-below-stick-meta":""},"family":[3073],"product_notice":[11437],"product_icon":[],"product_application":[13760,13761],"product_standards_certification":[],"product_benefits":[9908,13753],"product_support":[],"product_substrate_preparation":[],"product_important_indications":[],"product_conservation":[10834],"product_warning":[],"product_safety_hygiene":[11422,11431],"system_certification":[],"product_maintenance":[],"product_safety_datasheet":[],"filter_special_uses":[],"acf":[],"yoast_head":"<!-- This site is optimized with the Yoast SEO plugin v18.1 - https:\/\/yoast.com\/wordpress\/plugins\/seo\/ -->\n<title>Adhesivo para l\u00e1minas impermeables de TPO| NEXALON ADHESIVE<\/title>\n<meta name=\"description\" content=\"Adhesivo de contacto a base de cauchos y resinas sint\u00e9ticas en disoluci\u00f3n. Adhesivado de l\u00e1minas impermeabilizantes en la construcci\u00f3n de cubiertas.\" \/>\n<meta name=\"robots\" content=\"index, follow, max-snippet:-1, max-image-preview:large, max-video-preview:-1\" \/>\n<link rel=\"canonical\" href=\"https:\/\/www.danosa.com\/es-co\/producto\/nexalon-adhesive\/\" \/>\n<meta property=\"og:locale\" content=\"es_ES\" \/>\n<meta property=\"og:type\" content=\"article\" \/>\n<meta property=\"og:title\" content=\"Adhesivo para l\u00e1minas impermeables de TPO| NEXALON ADHESIVE\" \/>\n<meta property=\"og:description\" content=\"Adhesivo de contacto a base de cauchos y resinas sint\u00e9ticas en disoluci\u00f3n. Adhesivado de l\u00e1minas impermeabilizantes en la construcci\u00f3n de cubiertas.\" \/>\n<meta property=\"og:url\" content=\"https:\/\/www.danosa.com\/es-co\/producto\/nexalon-adhesive\/\" \/>\n<meta property=\"og:site_name\" content=\"Danosa Colombia\" \/>\n<meta property=\"article:modified_time\" content=\"2026-04-09T06:26:43+00:00\" \/>\n<meta name=\"twitter:card\" content=\"summary_large_image\" \/>\n<script type=\"application\/ld+json\" class=\"yoast-schema-graph\">{\"@context\":\"https:\/\/schema.org\",\"@graph\":[{\"@type\":\"WebSite\",\"@id\":\"https:\/\/www.danosa.com\/es-co\/#website\",\"url\":\"https:\/\/www.danosa.com\/es-co\/\",\"name\":\"Danosa Colombia\",\"description\":\"Danosa\",\"potentialAction\":[{\"@type\":\"SearchAction\",\"target\":{\"@type\":\"EntryPoint\",\"urlTemplate\":\"https:\/\/www.danosa.com\/es-co\/?s={search_term_string}\"},\"query-input\":\"required name=search_term_string\"}],\"inLanguage\":\"es\"},{\"@type\":\"WebPage\",\"@id\":\"https:\/\/www.danosa.com\/es-co\/producto\/nexalon-adhesive\/#webpage\",\"url\":\"https:\/\/www.danosa.com\/es-co\/producto\/nexalon-adhesive\/\",\"name\":\"Adhesivo para l\u00e1minas impermeables de TPO| NEXALON ADHESIVE\",\"isPartOf\":{\"@id\":\"https:\/\/www.danosa.com\/es-co\/#website\"},\"datePublished\":\"2026-04-09T06:26:42+00:00\",\"dateModified\":\"2026-04-09T06:26:43+00:00\",\"description\":\"Adhesivo de contacto a base de cauchos y resinas sint\u00e9ticas en disoluci\u00f3n. Adhesivado de l\u00e1minas impermeabilizantes en la construcci\u00f3n de cubiertas.\",\"breadcrumb\":{\"@id\":\"https:\/\/www.danosa.com\/es-co\/producto\/nexalon-adhesive\/#breadcrumb\"},\"inLanguage\":\"es\",\"potentialAction\":[{\"@type\":\"ReadAction\",\"target\":[\"https:\/\/www.danosa.com\/es-co\/producto\/nexalon-adhesive\/\"]}]},{\"@type\":\"BreadcrumbList\",\"@id\":\"https:\/\/www.danosa.com\/es-co\/producto\/nexalon-adhesive\/#breadcrumb\",\"itemListElement\":[{\"@type\":\"ListItem\",\"position\":1,\"name\":\"Portada\",\"item\":\"https:\/\/www.danosa.com\/es-co\/\"},{\"@type\":\"ListItem\",\"position\":2,\"name\":\"NEXALON ADHESIVE\"}]}]}<\/script>\n<!-- \/ Yoast SEO plugin. -->","yoast_head_json":{"title":"Adhesivo para l\u00e1minas impermeables de TPO| NEXALON ADHESIVE","description":"Adhesivo de contacto a base de cauchos y resinas sint\u00e9ticas en disoluci\u00f3n. Adhesivado de l\u00e1minas impermeabilizantes en la construcci\u00f3n de cubiertas.","robots":{"index":"index","follow":"follow","max-snippet":"max-snippet:-1","max-image-preview":"max-image-preview:large","max-video-preview":"max-video-preview:-1"},"canonical":"https:\/\/www.danosa.com\/es-co\/producto\/nexalon-adhesive\/","og_locale":"es_ES","og_type":"article","og_title":"Adhesivo para l\u00e1minas impermeables de TPO| NEXALON ADHESIVE","og_description":"Adhesivo de contacto a base de cauchos y resinas sint\u00e9ticas en disoluci\u00f3n. Adhesivado de l\u00e1minas impermeabilizantes en la construcci\u00f3n de cubiertas.","og_url":"https:\/\/www.danosa.com\/es-co\/producto\/nexalon-adhesive\/","og_site_name":"Danosa Colombia","article_modified_time":"2026-04-09T06:26:43+00:00","twitter_card":"summary_large_image","schema":{"@context":"https:\/\/schema.org","@graph":[{"@type":"WebSite","@id":"https:\/\/www.danosa.com\/es-co\/#website","url":"https:\/\/www.danosa.com\/es-co\/","name":"Danosa Colombia","description":"Danosa","potentialAction":[{"@type":"SearchAction","target":{"@type":"EntryPoint","urlTemplate":"https:\/\/www.danosa.com\/es-co\/?s={search_term_string}"},"query-input":"required name=search_term_string"}],"inLanguage":"es"},{"@type":"WebPage","@id":"https:\/\/www.danosa.com\/es-co\/producto\/nexalon-adhesive\/#webpage","url":"https:\/\/www.danosa.com\/es-co\/producto\/nexalon-adhesive\/","name":"Adhesivo para l\u00e1minas impermeables de TPO| NEXALON ADHESIVE","isPartOf":{"@id":"https:\/\/www.danosa.com\/es-co\/#website"},"datePublished":"2026-04-09T06:26:42+00:00","dateModified":"2026-04-09T06:26:43+00:00","description":"Adhesivo de contacto a base de cauchos y resinas sint\u00e9ticas en disoluci\u00f3n. Adhesivado de l\u00e1minas impermeabilizantes en la construcci\u00f3n de cubiertas.","breadcrumb":{"@id":"https:\/\/www.danosa.com\/es-co\/producto\/nexalon-adhesive\/#breadcrumb"},"inLanguage":"es","potentialAction":[{"@type":"ReadAction","target":["https:\/\/www.danosa.com\/es-co\/producto\/nexalon-adhesive\/"]}]},{"@type":"BreadcrumbList","@id":"https:\/\/www.danosa.com\/es-co\/producto\/nexalon-adhesive\/#breadcrumb","itemListElement":[{"@type":"ListItem","position":1,"name":"Portada","item":"https:\/\/www.danosa.com\/es-co\/"},{"@type":"ListItem","position":2,"name":"NEXALON ADHESIVE"}]}]}},"_links":{"self":[{"href":"https:\/\/www.danosa.com\/es-co\/wp-json\/wp\/v2\/product\/9869"}],"collection":[{"href":"https:\/\/www.danosa.com\/es-co\/wp-json\/wp\/v2\/product"}],"about":[{"href":"https:\/\/www.danosa.com\/es-co\/wp-json\/wp\/v2\/types\/product"}],"wp:attachment":[{"href":"https:\/\/www.danosa.com\/es-co\/wp-json\/wp\/v2\/media?parent=9869"}],"wp:term":[{"taxonomy":"family","embeddable":true,"href":"https:\/\/www.danosa.com\/es-co\/wp-json\/wp\/v2\/family?post=9869"},{"taxonomy":"product_notice","embeddable":true,"href":"https:\/\/www.danosa.com\/es-co\/wp-json\/wp\/v2\/product_notice?post=9869"},{"taxonomy":"product_icon","embeddable":true,"href":"https:\/\/www.danosa.com\/es-co\/wp-json\/wp\/v2\/product_icon?post=9869"},{"taxonomy":"product_application","embeddable":true,"href":"https:\/\/www.danosa.com\/es-co\/wp-json\/wp\/v2\/product_application?post=9869"},{"taxonomy":"product_standards_certification","embeddable":true,"href":"https:\/\/www.danosa.com\/es-co\/wp-json\/wp\/v2\/product_standards_certification?post=9869"},{"taxonomy":"product_benefits","embeddable":true,"href":"https:\/\/www.danosa.com\/es-co\/wp-json\/wp\/v2\/product_benefits?post=9869"},{"taxonomy":"product_support","embeddable":true,"href":"https:\/\/www.danosa.com\/es-co\/wp-json\/wp\/v2\/product_support?post=9869"},{"taxonomy":"product_substrate_preparation","embeddable":true,"href":"https:\/\/www.danosa.com\/es-co\/wp-json\/wp\/v2\/product_substrate_preparation?post=9869"},{"taxonomy":"product_important_indications","embeddable":true,"href":"https:\/\/www.danosa.com\/es-co\/wp-json\/wp\/v2\/product_important_indications?post=9869"},{"taxonomy":"product_conservation","embeddable":true,"href":"https:\/\/www.danosa.com\/es-co\/wp-json\/wp\/v2\/product_conservation?post=9869"},{"taxonomy":"product_warning","embeddable":true,"href":"https:\/\/www.danosa.com\/es-co\/wp-json\/wp\/v2\/product_warning?post=9869"},{"taxonomy":"product_safety_hygiene","embeddable":true,"href":"https:\/\/www.danosa.com\/es-co\/wp-json\/wp\/v2\/product_safety_hygiene?post=9869"},{"taxonomy":"system_certification","embeddable":true,"href":"https:\/\/www.danosa.com\/es-co\/wp-json\/wp\/v2\/system_certification?post=9869"},{"taxonomy":"product_maintenance","embeddable":true,"href":"https:\/\/www.danosa.com\/es-co\/wp-json\/wp\/v2\/product_maintenance?post=9869"},{"taxonomy":"product_safety_datasheet","embeddable":true,"href":"https:\/\/www.danosa.com\/es-co\/wp-json\/wp\/v2\/product_safety_datasheet?post=9869"},{"taxonomy":"filter_special_uses","embeddable":true,"href":"https:\/\/www.danosa.com\/es-co\/wp-json\/wp\/v2\/filter_special_uses?post=9869"}],"curies":[{"name":"wp","href":"https:\/\/api.w.org\/{rel}","templated":true}]}}