{"id":9908,"date":"2026-04-09T08:26:13","date_gmt":"2026-04-09T06:26:13","guid":{"rendered":"https:\/\/www.danosa.com\/es-co\/producto\/danodren-h-15\/"},"modified":"2026-04-09T08:26:16","modified_gmt":"2026-04-09T06:26:16","slug":"danodren-h-15","status":"publish","type":"product","link":"https:\/\/www.danosa.com\/es-co\/producto\/danodren-h-15\/","title":{"rendered":"DANODREN H 15"},"content":{"rendered":"<p>DANODREN H 15 es una l\u00e1mina nodular anticapilaridad de polietileno de alta densidad (PEAD) de color marr\u00f3n para protecci\u00f3n y eventual drenaje.<\/p>\n","protected":false},"excerpt":{"rendered":"<p>L\u00e1mina nodular de polietileno de alta densidad (PEAD).<\/p>\n","protected":false},"featured_media":0,"parent":0,"menu_order":0,"template":"","meta":{"inline_featured_image":false,"site-sidebar-layout":"default","site-content-layout":"default","ast-main-header-display":"","ast-hfb-above-header-display":"","ast-hfb-below-header-display":"","ast-hfb-mobile-header-display":"","site-post-title":"","ast-breadcrumbs-content":"","ast-featured-img":"","footer-sml-layout":"","theme-transparent-header-meta":"","adv-header-id-meta":"","stick-header-meta":"","header-above-stick-meta":"","header-main-stick-meta":"","header-below-stick-meta":""},"family":[3089],"product_notice":[11437],"product_icon":[],"product_application":[10443,10444,10445,10446],"product_standards_certification":[11299,11313,11356,11357,11358],"product_benefits":[9543,9623,9661,9662,9791,9795,9797,9815],"product_support":[],"product_substrate_preparation":[],"product_important_indications":[10521,10555,10696,10702,10741],"product_conservation":[10834,10841,10870,10999],"product_warning":[],"product_safety_hygiene":[],"system_certification":[7610,5644,4033],"product_maintenance":[],"product_safety_datasheet":[3197],"filter_special_uses":[],"acf":[],"yoast_head":"<!-- This site is optimized with the Yoast SEO plugin v18.1 - https:\/\/yoast.com\/wordpress\/plugins\/seo\/ -->\n<title>L\u00e1mina polietileno alta densidad | Drenaje soleras y cubiertas<\/title>\n<meta name=\"description\" content=\"L\u00e1mina drenante nodular de polietileno de alta densidad para la impermeabilizaci\u00f3n y drenaje de soleras, cubiertas y muros enterrados. Garant\u00eda Danosa\" \/>\n<meta name=\"robots\" content=\"index, follow, max-snippet:-1, max-image-preview:large, max-video-preview:-1\" \/>\n<link rel=\"canonical\" href=\"https:\/\/www.danosa.com\/es-co\/producto\/danodren-h-15\/\" \/>\n<meta property=\"og:locale\" content=\"es_ES\" \/>\n<meta property=\"og:type\" content=\"article\" \/>\n<meta property=\"og:title\" content=\"L\u00e1mina polietileno alta densidad | Drenaje soleras y cubiertas\" \/>\n<meta property=\"og:description\" content=\"L\u00e1mina drenante nodular de polietileno de alta densidad para la impermeabilizaci\u00f3n y drenaje de soleras, cubiertas y muros enterrados. Garant\u00eda Danosa\" \/>\n<meta property=\"og:url\" content=\"https:\/\/www.danosa.com\/es-co\/producto\/danodren-h-15\/\" \/>\n<meta property=\"og:site_name\" content=\"Danosa Colombia\" \/>\n<meta property=\"article:modified_time\" content=\"2026-04-09T06:26:16+00:00\" \/>\n<meta name=\"twitter:card\" content=\"summary_large_image\" \/>\n<script type=\"application\/ld+json\" class=\"yoast-schema-graph\">{\"@context\":\"https:\/\/schema.org\",\"@graph\":[{\"@type\":\"WebSite\",\"@id\":\"https:\/\/www.danosa.com\/es-co\/#website\",\"url\":\"https:\/\/www.danosa.com\/es-co\/\",\"name\":\"Danosa Colombia\",\"description\":\"Danosa\",\"potentialAction\":[{\"@type\":\"SearchAction\",\"target\":{\"@type\":\"EntryPoint\",\"urlTemplate\":\"https:\/\/www.danosa.com\/es-co\/?s={search_term_string}\"},\"query-input\":\"required name=search_term_string\"}],\"inLanguage\":\"es\"},{\"@type\":\"WebPage\",\"@id\":\"https:\/\/www.danosa.com\/es-co\/producto\/danodren-h-15\/#webpage\",\"url\":\"https:\/\/www.danosa.com\/es-co\/producto\/danodren-h-15\/\",\"name\":\"L\u00e1mina polietileno alta densidad | Drenaje soleras y cubiertas\",\"isPartOf\":{\"@id\":\"https:\/\/www.danosa.com\/es-co\/#website\"},\"datePublished\":\"2026-04-09T06:26:13+00:00\",\"dateModified\":\"2026-04-09T06:26:16+00:00\",\"description\":\"L\u00e1mina drenante nodular de polietileno de alta densidad para la impermeabilizaci\u00f3n y drenaje de soleras, cubiertas y muros enterrados. Garant\u00eda Danosa\",\"breadcrumb\":{\"@id\":\"https:\/\/www.danosa.com\/es-co\/producto\/danodren-h-15\/#breadcrumb\"},\"inLanguage\":\"es\",\"potentialAction\":[{\"@type\":\"ReadAction\",\"target\":[\"https:\/\/www.danosa.com\/es-co\/producto\/danodren-h-15\/\"]}]},{\"@type\":\"BreadcrumbList\",\"@id\":\"https:\/\/www.danosa.com\/es-co\/producto\/danodren-h-15\/#breadcrumb\",\"itemListElement\":[{\"@type\":\"ListItem\",\"position\":1,\"name\":\"Portada\",\"item\":\"https:\/\/www.danosa.com\/es-co\/\"},{\"@type\":\"ListItem\",\"position\":2,\"name\":\"DANODREN H 15\"}]}]}<\/script>\n<!-- \/ Yoast SEO plugin. -->","yoast_head_json":{"title":"L\u00e1mina polietileno alta densidad | Drenaje soleras y cubiertas","description":"L\u00e1mina drenante nodular de polietileno de alta densidad para la impermeabilizaci\u00f3n y drenaje de soleras, cubiertas y muros enterrados. Garant\u00eda Danosa","robots":{"index":"index","follow":"follow","max-snippet":"max-snippet:-1","max-image-preview":"max-image-preview:large","max-video-preview":"max-video-preview:-1"},"canonical":"https:\/\/www.danosa.com\/es-co\/producto\/danodren-h-15\/","og_locale":"es_ES","og_type":"article","og_title":"L\u00e1mina polietileno alta densidad | Drenaje soleras y cubiertas","og_description":"L\u00e1mina drenante nodular de polietileno de alta densidad para la impermeabilizaci\u00f3n y drenaje de soleras, cubiertas y muros enterrados. Garant\u00eda Danosa","og_url":"https:\/\/www.danosa.com\/es-co\/producto\/danodren-h-15\/","og_site_name":"Danosa Colombia","article_modified_time":"2026-04-09T06:26:16+00:00","twitter_card":"summary_large_image","schema":{"@context":"https:\/\/schema.org","@graph":[{"@type":"WebSite","@id":"https:\/\/www.danosa.com\/es-co\/#website","url":"https:\/\/www.danosa.com\/es-co\/","name":"Danosa Colombia","description":"Danosa","potentialAction":[{"@type":"SearchAction","target":{"@type":"EntryPoint","urlTemplate":"https:\/\/www.danosa.com\/es-co\/?s={search_term_string}"},"query-input":"required name=search_term_string"}],"inLanguage":"es"},{"@type":"WebPage","@id":"https:\/\/www.danosa.com\/es-co\/producto\/danodren-h-15\/#webpage","url":"https:\/\/www.danosa.com\/es-co\/producto\/danodren-h-15\/","name":"L\u00e1mina polietileno alta densidad | Drenaje soleras y cubiertas","isPartOf":{"@id":"https:\/\/www.danosa.com\/es-co\/#website"},"datePublished":"2026-04-09T06:26:13+00:00","dateModified":"2026-04-09T06:26:16+00:00","description":"L\u00e1mina drenante nodular de polietileno de alta densidad para la impermeabilizaci\u00f3n y drenaje de soleras, cubiertas y muros enterrados. Garant\u00eda Danosa","breadcrumb":{"@id":"https:\/\/www.danosa.com\/es-co\/producto\/danodren-h-15\/#breadcrumb"},"inLanguage":"es","potentialAction":[{"@type":"ReadAction","target":["https:\/\/www.danosa.com\/es-co\/producto\/danodren-h-15\/"]}]},{"@type":"BreadcrumbList","@id":"https:\/\/www.danosa.com\/es-co\/producto\/danodren-h-15\/#breadcrumb","itemListElement":[{"@type":"ListItem","position":1,"name":"Portada","item":"https:\/\/www.danosa.com\/es-co\/"},{"@type":"ListItem","position":2,"name":"DANODREN H 15"}]}]}},"_links":{"self":[{"href":"https:\/\/www.danosa.com\/es-co\/wp-json\/wp\/v2\/product\/9908"}],"collection":[{"href":"https:\/\/www.danosa.com\/es-co\/wp-json\/wp\/v2\/product"}],"about":[{"href":"https:\/\/www.danosa.com\/es-co\/wp-json\/wp\/v2\/types\/product"}],"wp:attachment":[{"href":"https:\/\/www.danosa.com\/es-co\/wp-json\/wp\/v2\/media?parent=9908"}],"wp:term":[{"taxonomy":"family","embeddable":true,"href":"https:\/\/www.danosa.com\/es-co\/wp-json\/wp\/v2\/family?post=9908"},{"taxonomy":"product_notice","embeddable":true,"href":"https:\/\/www.danosa.com\/es-co\/wp-json\/wp\/v2\/product_notice?post=9908"},{"taxonomy":"product_icon","embeddable":true,"href":"https:\/\/www.danosa.com\/es-co\/wp-json\/wp\/v2\/product_icon?post=9908"},{"taxonomy":"product_application","embeddable":true,"href":"https:\/\/www.danosa.com\/es-co\/wp-json\/wp\/v2\/product_application?post=9908"},{"taxonomy":"product_standards_certification","embeddable":true,"href":"https:\/\/www.danosa.com\/es-co\/wp-json\/wp\/v2\/product_standards_certification?post=9908"},{"taxonomy":"product_benefits","embeddable":true,"href":"https:\/\/www.danosa.com\/es-co\/wp-json\/wp\/v2\/product_benefits?post=9908"},{"taxonomy":"product_support","embeddable":true,"href":"https:\/\/www.danosa.com\/es-co\/wp-json\/wp\/v2\/product_support?post=9908"},{"taxonomy":"product_substrate_preparation","embeddable":true,"href":"https:\/\/www.danosa.com\/es-co\/wp-json\/wp\/v2\/product_substrate_preparation?post=9908"},{"taxonomy":"product_important_indications","embeddable":true,"href":"https:\/\/www.danosa.com\/es-co\/wp-json\/wp\/v2\/product_important_indications?post=9908"},{"taxonomy":"product_conservation","embeddable":true,"href":"https:\/\/www.danosa.com\/es-co\/wp-json\/wp\/v2\/product_conservation?post=9908"},{"taxonomy":"product_warning","embeddable":true,"href":"https:\/\/www.danosa.com\/es-co\/wp-json\/wp\/v2\/product_warning?post=9908"},{"taxonomy":"product_safety_hygiene","embeddable":true,"href":"https:\/\/www.danosa.com\/es-co\/wp-json\/wp\/v2\/product_safety_hygiene?post=9908"},{"taxonomy":"system_certification","embeddable":true,"href":"https:\/\/www.danosa.com\/es-co\/wp-json\/wp\/v2\/system_certification?post=9908"},{"taxonomy":"product_maintenance","embeddable":true,"href":"https:\/\/www.danosa.com\/es-co\/wp-json\/wp\/v2\/product_maintenance?post=9908"},{"taxonomy":"product_safety_datasheet","embeddable":true,"href":"https:\/\/www.danosa.com\/es-co\/wp-json\/wp\/v2\/product_safety_datasheet?post=9908"},{"taxonomy":"filter_special_uses","embeddable":true,"href":"https:\/\/www.danosa.com\/es-co\/wp-json\/wp\/v2\/filter_special_uses?post=9908"}],"curies":[{"name":"wp","href":"https:\/\/api.w.org\/{rel}","templated":true}]}}