{"id":9920,"date":"2026-04-09T08:26:18","date_gmt":"2026-04-09T06:26:18","guid":{"rendered":"https:\/\/www.danosa.com\/es-co\/producto\/danofelt-py-200\/"},"modified":"2026-04-09T08:26:20","modified_gmt":"2026-04-09T06:26:20","slug":"danofelt-py-200","status":"publish","type":"product","link":"https:\/\/www.danosa.com\/es-co\/producto\/danofelt-py-200\/","title":{"rendered":"DANOFELT PY 200"},"content":{"rendered":"<p>Geotextil no tejido, fabricado a base de fibra corta de poli\u00e9ster de 200 (+10%;-15%) g\/m\u00b2, ligado mec\u00e1nicamente mediante agujeteado sin aplicaci\u00f3n de ligantes qu\u00edmicos, presiones o calor.<\/p>\n","protected":false},"excerpt":{"rendered":"<p>Geotextil no tejido de 200 (+10%;-15%) g\/m\u00b2 de fibra corta de poli\u00e9ster.<\/p>\n","protected":false},"featured_media":0,"parent":0,"menu_order":0,"template":"","meta":{"inline_featured_image":false,"site-sidebar-layout":"default","site-content-layout":"default","ast-main-header-display":"","ast-hfb-above-header-display":"","ast-hfb-below-header-display":"","ast-hfb-mobile-header-display":"","site-post-title":"","ast-breadcrumbs-content":"","ast-featured-img":"","footer-sml-layout":"","theme-transparent-header-meta":"","adv-header-id-meta":"","stick-header-meta":"","header-above-stick-meta":"","header-main-stick-meta":"","header-below-stick-meta":""},"family":[3107],"product_notice":[11437],"product_icon":[],"product_application":[10065,10066,10067,10068],"product_standards_certification":[11324],"product_benefits":[9436,9449,9537,9538,9632,9704,9755,9816],"product_support":[],"product_substrate_preparation":[],"product_important_indications":[10540,10584,10590,10598,10637,10681,10708,10717,10730,10795],"product_conservation":[10834,10840],"product_warning":[11084],"product_safety_hygiene":[],"system_certification":[3151,3152,4034],"product_maintenance":[],"product_safety_datasheet":[3482],"filter_special_uses":[],"acf":[],"yoast_head":"<!-- This site is optimized with the Yoast SEO plugin v18.1 - https:\/\/yoast.com\/wordpress\/plugins\/seo\/ -->\n<title>Manta geotextil para drenaje de sistemas impermeabilizaci\u00f3n | DANOFELT<\/title>\n<meta name=\"description\" content=\"Manta geotextil no tejido de poli\u00e9ster para protecci\u00f3n, separaci\u00f3n, filtraci\u00f3n y drenaje de sistemas de impermeabilizaci\u00f3n. DANOFELT PY 200. Garant\u00eda Danosa\" \/>\n<meta name=\"robots\" content=\"index, follow, max-snippet:-1, max-image-preview:large, max-video-preview:-1\" \/>\n<link rel=\"canonical\" href=\"https:\/\/www.danosa.com\/es-co\/producto\/danofelt-py-200\/\" \/>\n<meta property=\"og:locale\" content=\"es_ES\" \/>\n<meta property=\"og:type\" content=\"article\" \/>\n<meta property=\"og:title\" content=\"Manta geotextil para drenaje de sistemas impermeabilizaci\u00f3n | DANOFELT\" \/>\n<meta property=\"og:description\" content=\"Manta geotextil no tejido de poli\u00e9ster para protecci\u00f3n, separaci\u00f3n, filtraci\u00f3n y drenaje de sistemas de impermeabilizaci\u00f3n. DANOFELT PY 200. Garant\u00eda Danosa\" \/>\n<meta property=\"og:url\" content=\"https:\/\/www.danosa.com\/es-co\/producto\/danofelt-py-200\/\" \/>\n<meta property=\"og:site_name\" content=\"Danosa Colombia\" \/>\n<meta property=\"article:modified_time\" content=\"2026-04-09T06:26:20+00:00\" \/>\n<meta name=\"twitter:card\" content=\"summary_large_image\" \/>\n<script type=\"application\/ld+json\" class=\"yoast-schema-graph\">{\"@context\":\"https:\/\/schema.org\",\"@graph\":[{\"@type\":\"WebSite\",\"@id\":\"https:\/\/www.danosa.com\/es-co\/#website\",\"url\":\"https:\/\/www.danosa.com\/es-co\/\",\"name\":\"Danosa Colombia\",\"description\":\"Danosa\",\"potentialAction\":[{\"@type\":\"SearchAction\",\"target\":{\"@type\":\"EntryPoint\",\"urlTemplate\":\"https:\/\/www.danosa.com\/es-co\/?s={search_term_string}\"},\"query-input\":\"required name=search_term_string\"}],\"inLanguage\":\"es\"},{\"@type\":\"WebPage\",\"@id\":\"https:\/\/www.danosa.com\/es-co\/producto\/danofelt-py-200\/#webpage\",\"url\":\"https:\/\/www.danosa.com\/es-co\/producto\/danofelt-py-200\/\",\"name\":\"Manta geotextil para drenaje de sistemas impermeabilizaci\u00f3n | DANOFELT\",\"isPartOf\":{\"@id\":\"https:\/\/www.danosa.com\/es-co\/#website\"},\"datePublished\":\"2026-04-09T06:26:18+00:00\",\"dateModified\":\"2026-04-09T06:26:20+00:00\",\"description\":\"Manta geotextil no tejido de poli\u00e9ster para protecci\u00f3n, separaci\u00f3n, filtraci\u00f3n y drenaje de sistemas de impermeabilizaci\u00f3n. DANOFELT PY 200. Garant\u00eda Danosa\",\"breadcrumb\":{\"@id\":\"https:\/\/www.danosa.com\/es-co\/producto\/danofelt-py-200\/#breadcrumb\"},\"inLanguage\":\"es\",\"potentialAction\":[{\"@type\":\"ReadAction\",\"target\":[\"https:\/\/www.danosa.com\/es-co\/producto\/danofelt-py-200\/\"]}]},{\"@type\":\"BreadcrumbList\",\"@id\":\"https:\/\/www.danosa.com\/es-co\/producto\/danofelt-py-200\/#breadcrumb\",\"itemListElement\":[{\"@type\":\"ListItem\",\"position\":1,\"name\":\"Portada\",\"item\":\"https:\/\/www.danosa.com\/es-co\/\"},{\"@type\":\"ListItem\",\"position\":2,\"name\":\"DANOFELT PY 200\"}]}]}<\/script>\n<!-- \/ Yoast SEO plugin. -->","yoast_head_json":{"title":"Manta geotextil para drenaje de sistemas impermeabilizaci\u00f3n | DANOFELT","description":"Manta geotextil no tejido de poli\u00e9ster para protecci\u00f3n, separaci\u00f3n, filtraci\u00f3n y drenaje de sistemas de impermeabilizaci\u00f3n. DANOFELT PY 200. Garant\u00eda Danosa","robots":{"index":"index","follow":"follow","max-snippet":"max-snippet:-1","max-image-preview":"max-image-preview:large","max-video-preview":"max-video-preview:-1"},"canonical":"https:\/\/www.danosa.com\/es-co\/producto\/danofelt-py-200\/","og_locale":"es_ES","og_type":"article","og_title":"Manta geotextil para drenaje de sistemas impermeabilizaci\u00f3n | DANOFELT","og_description":"Manta geotextil no tejido de poli\u00e9ster para protecci\u00f3n, separaci\u00f3n, filtraci\u00f3n y drenaje de sistemas de impermeabilizaci\u00f3n. DANOFELT PY 200. Garant\u00eda Danosa","og_url":"https:\/\/www.danosa.com\/es-co\/producto\/danofelt-py-200\/","og_site_name":"Danosa Colombia","article_modified_time":"2026-04-09T06:26:20+00:00","twitter_card":"summary_large_image","schema":{"@context":"https:\/\/schema.org","@graph":[{"@type":"WebSite","@id":"https:\/\/www.danosa.com\/es-co\/#website","url":"https:\/\/www.danosa.com\/es-co\/","name":"Danosa Colombia","description":"Danosa","potentialAction":[{"@type":"SearchAction","target":{"@type":"EntryPoint","urlTemplate":"https:\/\/www.danosa.com\/es-co\/?s={search_term_string}"},"query-input":"required name=search_term_string"}],"inLanguage":"es"},{"@type":"WebPage","@id":"https:\/\/www.danosa.com\/es-co\/producto\/danofelt-py-200\/#webpage","url":"https:\/\/www.danosa.com\/es-co\/producto\/danofelt-py-200\/","name":"Manta geotextil para drenaje de sistemas impermeabilizaci\u00f3n | DANOFELT","isPartOf":{"@id":"https:\/\/www.danosa.com\/es-co\/#website"},"datePublished":"2026-04-09T06:26:18+00:00","dateModified":"2026-04-09T06:26:20+00:00","description":"Manta geotextil no tejido de poli\u00e9ster para protecci\u00f3n, separaci\u00f3n, filtraci\u00f3n y drenaje de sistemas de impermeabilizaci\u00f3n. DANOFELT PY 200. Garant\u00eda Danosa","breadcrumb":{"@id":"https:\/\/www.danosa.com\/es-co\/producto\/danofelt-py-200\/#breadcrumb"},"inLanguage":"es","potentialAction":[{"@type":"ReadAction","target":["https:\/\/www.danosa.com\/es-co\/producto\/danofelt-py-200\/"]}]},{"@type":"BreadcrumbList","@id":"https:\/\/www.danosa.com\/es-co\/producto\/danofelt-py-200\/#breadcrumb","itemListElement":[{"@type":"ListItem","position":1,"name":"Portada","item":"https:\/\/www.danosa.com\/es-co\/"},{"@type":"ListItem","position":2,"name":"DANOFELT PY 200"}]}]}},"_links":{"self":[{"href":"https:\/\/www.danosa.com\/es-co\/wp-json\/wp\/v2\/product\/9920"}],"collection":[{"href":"https:\/\/www.danosa.com\/es-co\/wp-json\/wp\/v2\/product"}],"about":[{"href":"https:\/\/www.danosa.com\/es-co\/wp-json\/wp\/v2\/types\/product"}],"wp:attachment":[{"href":"https:\/\/www.danosa.com\/es-co\/wp-json\/wp\/v2\/media?parent=9920"}],"wp:term":[{"taxonomy":"family","embeddable":true,"href":"https:\/\/www.danosa.com\/es-co\/wp-json\/wp\/v2\/family?post=9920"},{"taxonomy":"product_notice","embeddable":true,"href":"https:\/\/www.danosa.com\/es-co\/wp-json\/wp\/v2\/product_notice?post=9920"},{"taxonomy":"product_icon","embeddable":true,"href":"https:\/\/www.danosa.com\/es-co\/wp-json\/wp\/v2\/product_icon?post=9920"},{"taxonomy":"product_application","embeddable":true,"href":"https:\/\/www.danosa.com\/es-co\/wp-json\/wp\/v2\/product_application?post=9920"},{"taxonomy":"product_standards_certification","embeddable":true,"href":"https:\/\/www.danosa.com\/es-co\/wp-json\/wp\/v2\/product_standards_certification?post=9920"},{"taxonomy":"product_benefits","embeddable":true,"href":"https:\/\/www.danosa.com\/es-co\/wp-json\/wp\/v2\/product_benefits?post=9920"},{"taxonomy":"product_support","embeddable":true,"href":"https:\/\/www.danosa.com\/es-co\/wp-json\/wp\/v2\/product_support?post=9920"},{"taxonomy":"product_substrate_preparation","embeddable":true,"href":"https:\/\/www.danosa.com\/es-co\/wp-json\/wp\/v2\/product_substrate_preparation?post=9920"},{"taxonomy":"product_important_indications","embeddable":true,"href":"https:\/\/www.danosa.com\/es-co\/wp-json\/wp\/v2\/product_important_indications?post=9920"},{"taxonomy":"product_conservation","embeddable":true,"href":"https:\/\/www.danosa.com\/es-co\/wp-json\/wp\/v2\/product_conservation?post=9920"},{"taxonomy":"product_warning","embeddable":true,"href":"https:\/\/www.danosa.com\/es-co\/wp-json\/wp\/v2\/product_warning?post=9920"},{"taxonomy":"product_safety_hygiene","embeddable":true,"href":"https:\/\/www.danosa.com\/es-co\/wp-json\/wp\/v2\/product_safety_hygiene?post=9920"},{"taxonomy":"system_certification","embeddable":true,"href":"https:\/\/www.danosa.com\/es-co\/wp-json\/wp\/v2\/system_certification?post=9920"},{"taxonomy":"product_maintenance","embeddable":true,"href":"https:\/\/www.danosa.com\/es-co\/wp-json\/wp\/v2\/product_maintenance?post=9920"},{"taxonomy":"product_safety_datasheet","embeddable":true,"href":"https:\/\/www.danosa.com\/es-co\/wp-json\/wp\/v2\/product_safety_datasheet?post=9920"},{"taxonomy":"filter_special_uses","embeddable":true,"href":"https:\/\/www.danosa.com\/es-co\/wp-json\/wp\/v2\/filter_special_uses?post=9920"}],"curies":[{"name":"wp","href":"https:\/\/api.w.org\/{rel}","templated":true}]}}