{"id":9946,"date":"2026-04-09T08:26:23","date_gmt":"2026-04-09T06:26:23","guid":{"rendered":"https:\/\/www.danosa.com\/es-co\/producto\/absordan-pren-80\/"},"modified":"2026-04-09T08:26:25","modified_gmt":"2026-04-09T06:26:25","slug":"absordan-pren-80","status":"publish","type":"product","link":"https:\/\/www.danosa.com\/es-co\/producto\/absordan-pren-80\/","title":{"rendered":"ABSORDAN PREN 80"},"content":{"rendered":"<p>Panel aglomerado flexible de poliuretano con altas prestaciones de aislamiento ac\u00fastico y t\u00e9rmico.<\/p>\n<p>Ac\u00fasticamente el ABSORDAN PREN 80 funciona como panel absorbente y antirresonante a ruido a\u00e9reo consiguiendo las m\u00e1s altas prestaciones ac\u00fasticas. Ideal tanto para la rehabilitaci\u00f3n y el bricolaje por su f\u00e1cil instalaci\u00f3n y en obra nueva resuelve los m\u00e1s altos requerimientos ac\u00fasticos. El formato del producto est\u00e1 dise\u00f1ado para optimizar al m\u00e1ximo su aprovechamiento en soluciones de placa de yeso reduciendo as\u00ed el tiempo de instalaci\u00f3n y la generaci\u00f3n de producto sobrante.<\/p>\n<p>Producto conformado de materiales 100% reciclados.<\/p>\n","protected":false},"excerpt":{"rendered":"<p>Panel de aglomerado de poliuretano flexible para aislamiento ac\u00fastico y t\u00e9rmico<\/p>\n","protected":false},"featured_media":0,"parent":0,"menu_order":0,"template":"","meta":{"inline_featured_image":false,"site-sidebar-layout":"default","site-content-layout":"default","ast-main-header-display":"","ast-hfb-above-header-display":"","ast-hfb-below-header-display":"","ast-hfb-mobile-header-display":"","site-post-title":"","ast-breadcrumbs-content":"","ast-featured-img":"","footer-sml-layout":"","theme-transparent-header-meta":"","adv-header-id-meta":"","stick-header-meta":"","header-above-stick-meta":"","header-main-stick-meta":"","header-below-stick-meta":""},"family":[3750],"product_notice":[11437],"product_icon":[],"product_application":[10075,10447,10448,10449],"product_standards_certification":[11362,11363,11372],"product_benefits":[9405,9672,9867,9920,9921,9922,9923,9924,9925,9926],"product_support":[],"product_substrate_preparation":[],"product_important_indications":[10778,10779,10780],"product_conservation":[10927,10972,10973,10974,10998,11000],"product_warning":[11001],"product_safety_hygiene":[],"system_certification":[],"product_maintenance":[],"product_safety_datasheet":[],"filter_special_uses":[],"acf":[],"yoast_head":"<!-- This site is optimized with the Yoast SEO plugin v18.1 - https:\/\/yoast.com\/wordpress\/plugins\/seo\/ -->\n<title>Panel absorbente y antirresonante a ruido a\u00e9reo | 100% reciclado<\/title>\n<meta name=\"description\" content=\"Funciona como panel absorbente y antirresonante a ruido a\u00e9reo. Producto conformado de materiales 100% reciclados. Aislamiento t\u00e9rmico para falsos techos.\" \/>\n<meta name=\"robots\" content=\"index, follow, max-snippet:-1, max-image-preview:large, max-video-preview:-1\" \/>\n<link rel=\"canonical\" href=\"https:\/\/www.danosa.com\/es-co\/producto\/absordan-pren-80\/\" \/>\n<meta property=\"og:locale\" content=\"es_ES\" \/>\n<meta property=\"og:type\" content=\"article\" \/>\n<meta property=\"og:title\" content=\"Panel absorbente y antirresonante a ruido a\u00e9reo | 100% reciclado\" \/>\n<meta property=\"og:description\" content=\"Funciona como panel absorbente y antirresonante a ruido a\u00e9reo. Producto conformado de materiales 100% reciclados. Aislamiento t\u00e9rmico para falsos techos.\" \/>\n<meta property=\"og:url\" content=\"https:\/\/www.danosa.com\/es-co\/producto\/absordan-pren-80\/\" \/>\n<meta property=\"og:site_name\" content=\"Danosa Colombia\" \/>\n<meta property=\"article:modified_time\" content=\"2026-04-09T06:26:25+00:00\" \/>\n<meta name=\"twitter:card\" content=\"summary_large_image\" \/>\n<meta name=\"twitter:label1\" content=\"Tiempo de lectura\" \/>\n\t<meta name=\"twitter:data1\" content=\"1 minuto\" \/>\n<script type=\"application\/ld+json\" class=\"yoast-schema-graph\">{\"@context\":\"https:\/\/schema.org\",\"@graph\":[{\"@type\":\"WebSite\",\"@id\":\"https:\/\/www.danosa.com\/es-co\/#website\",\"url\":\"https:\/\/www.danosa.com\/es-co\/\",\"name\":\"Danosa Colombia\",\"description\":\"Danosa\",\"potentialAction\":[{\"@type\":\"SearchAction\",\"target\":{\"@type\":\"EntryPoint\",\"urlTemplate\":\"https:\/\/www.danosa.com\/es-co\/?s={search_term_string}\"},\"query-input\":\"required name=search_term_string\"}],\"inLanguage\":\"es\"},{\"@type\":\"WebPage\",\"@id\":\"https:\/\/www.danosa.com\/es-co\/producto\/absordan-pren-80\/#webpage\",\"url\":\"https:\/\/www.danosa.com\/es-co\/producto\/absordan-pren-80\/\",\"name\":\"Panel absorbente y antirresonante a ruido a\u00e9reo | 100% reciclado\",\"isPartOf\":{\"@id\":\"https:\/\/www.danosa.com\/es-co\/#website\"},\"datePublished\":\"2026-04-09T06:26:23+00:00\",\"dateModified\":\"2026-04-09T06:26:25+00:00\",\"description\":\"Funciona como panel absorbente y antirresonante a ruido a\u00e9reo. Producto conformado de materiales 100% reciclados. Aislamiento t\u00e9rmico para falsos techos.\",\"breadcrumb\":{\"@id\":\"https:\/\/www.danosa.com\/es-co\/producto\/absordan-pren-80\/#breadcrumb\"},\"inLanguage\":\"es\",\"potentialAction\":[{\"@type\":\"ReadAction\",\"target\":[\"https:\/\/www.danosa.com\/es-co\/producto\/absordan-pren-80\/\"]}]},{\"@type\":\"BreadcrumbList\",\"@id\":\"https:\/\/www.danosa.com\/es-co\/producto\/absordan-pren-80\/#breadcrumb\",\"itemListElement\":[{\"@type\":\"ListItem\",\"position\":1,\"name\":\"Portada\",\"item\":\"https:\/\/www.danosa.com\/es-co\/\"},{\"@type\":\"ListItem\",\"position\":2,\"name\":\"ABSORDAN PREN 80\"}]}]}<\/script>\n<!-- \/ Yoast SEO plugin. -->","yoast_head_json":{"title":"Panel absorbente y antirresonante a ruido a\u00e9reo | 100% reciclado","description":"Funciona como panel absorbente y antirresonante a ruido a\u00e9reo. Producto conformado de materiales 100% reciclados. Aislamiento t\u00e9rmico para falsos techos.","robots":{"index":"index","follow":"follow","max-snippet":"max-snippet:-1","max-image-preview":"max-image-preview:large","max-video-preview":"max-video-preview:-1"},"canonical":"https:\/\/www.danosa.com\/es-co\/producto\/absordan-pren-80\/","og_locale":"es_ES","og_type":"article","og_title":"Panel absorbente y antirresonante a ruido a\u00e9reo | 100% reciclado","og_description":"Funciona como panel absorbente y antirresonante a ruido a\u00e9reo. Producto conformado de materiales 100% reciclados. Aislamiento t\u00e9rmico para falsos techos.","og_url":"https:\/\/www.danosa.com\/es-co\/producto\/absordan-pren-80\/","og_site_name":"Danosa Colombia","article_modified_time":"2026-04-09T06:26:25+00:00","twitter_card":"summary_large_image","twitter_misc":{"Tiempo de lectura":"1 minuto"},"schema":{"@context":"https:\/\/schema.org","@graph":[{"@type":"WebSite","@id":"https:\/\/www.danosa.com\/es-co\/#website","url":"https:\/\/www.danosa.com\/es-co\/","name":"Danosa Colombia","description":"Danosa","potentialAction":[{"@type":"SearchAction","target":{"@type":"EntryPoint","urlTemplate":"https:\/\/www.danosa.com\/es-co\/?s={search_term_string}"},"query-input":"required name=search_term_string"}],"inLanguage":"es"},{"@type":"WebPage","@id":"https:\/\/www.danosa.com\/es-co\/producto\/absordan-pren-80\/#webpage","url":"https:\/\/www.danosa.com\/es-co\/producto\/absordan-pren-80\/","name":"Panel absorbente y antirresonante a ruido a\u00e9reo | 100% reciclado","isPartOf":{"@id":"https:\/\/www.danosa.com\/es-co\/#website"},"datePublished":"2026-04-09T06:26:23+00:00","dateModified":"2026-04-09T06:26:25+00:00","description":"Funciona como panel absorbente y antirresonante a ruido a\u00e9reo. Producto conformado de materiales 100% reciclados. Aislamiento t\u00e9rmico para falsos techos.","breadcrumb":{"@id":"https:\/\/www.danosa.com\/es-co\/producto\/absordan-pren-80\/#breadcrumb"},"inLanguage":"es","potentialAction":[{"@type":"ReadAction","target":["https:\/\/www.danosa.com\/es-co\/producto\/absordan-pren-80\/"]}]},{"@type":"BreadcrumbList","@id":"https:\/\/www.danosa.com\/es-co\/producto\/absordan-pren-80\/#breadcrumb","itemListElement":[{"@type":"ListItem","position":1,"name":"Portada","item":"https:\/\/www.danosa.com\/es-co\/"},{"@type":"ListItem","position":2,"name":"ABSORDAN PREN 80"}]}]}},"_links":{"self":[{"href":"https:\/\/www.danosa.com\/es-co\/wp-json\/wp\/v2\/product\/9946"}],"collection":[{"href":"https:\/\/www.danosa.com\/es-co\/wp-json\/wp\/v2\/product"}],"about":[{"href":"https:\/\/www.danosa.com\/es-co\/wp-json\/wp\/v2\/types\/product"}],"wp:attachment":[{"href":"https:\/\/www.danosa.com\/es-co\/wp-json\/wp\/v2\/media?parent=9946"}],"wp:term":[{"taxonomy":"family","embeddable":true,"href":"https:\/\/www.danosa.com\/es-co\/wp-json\/wp\/v2\/family?post=9946"},{"taxonomy":"product_notice","embeddable":true,"href":"https:\/\/www.danosa.com\/es-co\/wp-json\/wp\/v2\/product_notice?post=9946"},{"taxonomy":"product_icon","embeddable":true,"href":"https:\/\/www.danosa.com\/es-co\/wp-json\/wp\/v2\/product_icon?post=9946"},{"taxonomy":"product_application","embeddable":true,"href":"https:\/\/www.danosa.com\/es-co\/wp-json\/wp\/v2\/product_application?post=9946"},{"taxonomy":"product_standards_certification","embeddable":true,"href":"https:\/\/www.danosa.com\/es-co\/wp-json\/wp\/v2\/product_standards_certification?post=9946"},{"taxonomy":"product_benefits","embeddable":true,"href":"https:\/\/www.danosa.com\/es-co\/wp-json\/wp\/v2\/product_benefits?post=9946"},{"taxonomy":"product_support","embeddable":true,"href":"https:\/\/www.danosa.com\/es-co\/wp-json\/wp\/v2\/product_support?post=9946"},{"taxonomy":"product_substrate_preparation","embeddable":true,"href":"https:\/\/www.danosa.com\/es-co\/wp-json\/wp\/v2\/product_substrate_preparation?post=9946"},{"taxonomy":"product_important_indications","embeddable":true,"href":"https:\/\/www.danosa.com\/es-co\/wp-json\/wp\/v2\/product_important_indications?post=9946"},{"taxonomy":"product_conservation","embeddable":true,"href":"https:\/\/www.danosa.com\/es-co\/wp-json\/wp\/v2\/product_conservation?post=9946"},{"taxonomy":"product_warning","embeddable":true,"href":"https:\/\/www.danosa.com\/es-co\/wp-json\/wp\/v2\/product_warning?post=9946"},{"taxonomy":"product_safety_hygiene","embeddable":true,"href":"https:\/\/www.danosa.com\/es-co\/wp-json\/wp\/v2\/product_safety_hygiene?post=9946"},{"taxonomy":"system_certification","embeddable":true,"href":"https:\/\/www.danosa.com\/es-co\/wp-json\/wp\/v2\/system_certification?post=9946"},{"taxonomy":"product_maintenance","embeddable":true,"href":"https:\/\/www.danosa.com\/es-co\/wp-json\/wp\/v2\/product_maintenance?post=9946"},{"taxonomy":"product_safety_datasheet","embeddable":true,"href":"https:\/\/www.danosa.com\/es-co\/wp-json\/wp\/v2\/product_safety_datasheet?post=9946"},{"taxonomy":"filter_special_uses","embeddable":true,"href":"https:\/\/www.danosa.com\/es-co\/wp-json\/wp\/v2\/filter_special_uses?post=9946"}],"curies":[{"name":"wp","href":"https:\/\/api.w.org\/{rel}","templated":true}]}}