{"id":9949,"date":"2026-04-09T08:26:23","date_gmt":"2026-04-09T06:26:23","guid":{"rendered":"https:\/\/www.danosa.com\/es-co\/producto\/danocoat-pur-2c-pool\/"},"modified":"2026-04-09T08:26:27","modified_gmt":"2026-04-09T06:26:27","slug":"danocoat-pur-2c-pool","status":"publish","type":"product","link":"https:\/\/www.danosa.com\/es-co\/producto\/danocoat-pur-2c-pool\/","title":{"rendered":"DANOCOAT PUR 2C POOL"},"content":{"rendered":"<p>Poliuretano bicomponente alif\u00e1tico, el\u00e1stico, resistente a la intemperie, al tr\u00e1fico peatonal y vehicular y a los rayos UV. Especialmente formulado para la aplicaci\u00f3n en piscinas como capa de sellado y acabado (top coat) para los sistemas DANOCOAT\u00ae y DANOPUR\u00ae.<\/p>\n<p>DANOCOAT PUR 2C es un poliuretano bicomponente alif\u00e1tico, el\u00e1stico, base disolvente, el\u00e1stico, resistente a la intemperie y estable a los rayos UV. Est\u00e1 especialmente indicado para la aplicaci\u00f3n en piscinas por su buen comportamiento en inmersi\u00f3n en agua clorada y\/o salada. Incorpora en su formulaci\u00f3n un aditivo para su conservaci\u00f3n frente a la aparici\u00f3n de musgos y algas. Altas prestaciones de resistencia qu\u00edmica y a la abrasi\u00f3n. De aplicaci\u00f3n manual en fr\u00edo, que no amarillea, y recomendado como capa de protecci\u00f3n a la intemperie, de sistemas de poliurea DANOCOAT\u00ae, de membranas de poliuretano DANOPUR\u00ae para asegurar un efecto est\u00e9tico durable.<\/p>\n","protected":false},"excerpt":{"rendered":"<p>Poliuretano bicomponente alif\u00e1tico, resistente a la intemperie, al tr\u00e1fico peatonal y vehicular y a los rayos UV. Especialmente formulado para la aplicaci\u00f3n en piscinas como capa de sellado y acabado (top coat) para los sistemas DANOCOAT\u00ae y DANOPUR\u00ae.<\/p>\n","protected":false},"featured_media":0,"parent":0,"menu_order":0,"template":"","meta":{"inline_featured_image":false,"site-sidebar-layout":"default","site-content-layout":"default","ast-main-header-display":"","ast-hfb-above-header-display":"","ast-hfb-below-header-display":"","ast-hfb-mobile-header-display":"","site-post-title":"","ast-breadcrumbs-content":"","ast-featured-img":"","footer-sml-layout":"","theme-transparent-header-meta":"","adv-header-id-meta":"","stick-header-meta":"","header-above-stick-meta":"","header-main-stick-meta":"","header-below-stick-meta":""},"family":[5698],"product_notice":[11437],"product_icon":[],"product_application":[10464,10465],"product_standards_certification":[],"product_benefits":[9643,9818,9899,9942],"product_support":[11216,11217,11275,11276],"product_substrate_preparation":[11418],"product_important_indications":[],"product_conservation":[10977],"product_warning":[11045,11147,11180],"product_safety_hygiene":[],"system_certification":[],"product_maintenance":[],"product_safety_datasheet":[4255],"filter_special_uses":[],"acf":[],"yoast_head":"<!-- This site is optimized with the Yoast SEO plugin v18.1 - https:\/\/yoast.com\/wordpress\/plugins\/seo\/ -->\n<title>Poliuretano DANOCOAT | Resina alif\u00e1tica bicomponente piscinas<\/title>\n<meta name=\"description\" content=\"Resina de poliuretano bicomponente el\u00e1stica formulada para la aplicaci\u00f3n en piscinas como capa de sellado y acabado. Resistente a intemperie y rayos UV.\" \/>\n<meta name=\"robots\" content=\"index, follow, max-snippet:-1, max-image-preview:large, max-video-preview:-1\" \/>\n<link rel=\"canonical\" href=\"https:\/\/www.danosa.com\/es-co\/producto\/danocoat-pur-2c-pool\/\" \/>\n<meta property=\"og:locale\" content=\"es_ES\" \/>\n<meta property=\"og:type\" content=\"article\" \/>\n<meta property=\"og:title\" content=\"Poliuretano DANOCOAT | Resina alif\u00e1tica bicomponente piscinas\" \/>\n<meta property=\"og:description\" content=\"Resina de poliuretano bicomponente el\u00e1stica formulada para la aplicaci\u00f3n en piscinas como capa de sellado y acabado. Resistente a intemperie y rayos UV.\" \/>\n<meta property=\"og:url\" content=\"https:\/\/www.danosa.com\/es-co\/producto\/danocoat-pur-2c-pool\/\" \/>\n<meta property=\"og:site_name\" content=\"Danosa Colombia\" \/>\n<meta property=\"article:modified_time\" content=\"2026-04-09T06:26:27+00:00\" \/>\n<meta name=\"twitter:card\" content=\"summary_large_image\" \/>\n<meta name=\"twitter:label1\" content=\"Tiempo de lectura\" \/>\n\t<meta name=\"twitter:data1\" content=\"1 minuto\" \/>\n<script type=\"application\/ld+json\" class=\"yoast-schema-graph\">{\"@context\":\"https:\/\/schema.org\",\"@graph\":[{\"@type\":\"WebSite\",\"@id\":\"https:\/\/www.danosa.com\/es-co\/#website\",\"url\":\"https:\/\/www.danosa.com\/es-co\/\",\"name\":\"Danosa Colombia\",\"description\":\"Danosa\",\"potentialAction\":[{\"@type\":\"SearchAction\",\"target\":{\"@type\":\"EntryPoint\",\"urlTemplate\":\"https:\/\/www.danosa.com\/es-co\/?s={search_term_string}\"},\"query-input\":\"required name=search_term_string\"}],\"inLanguage\":\"es\"},{\"@type\":\"WebPage\",\"@id\":\"https:\/\/www.danosa.com\/es-co\/producto\/danocoat-pur-2c-pool\/#webpage\",\"url\":\"https:\/\/www.danosa.com\/es-co\/producto\/danocoat-pur-2c-pool\/\",\"name\":\"Poliuretano DANOCOAT | Resina alif\u00e1tica bicomponente piscinas\",\"isPartOf\":{\"@id\":\"https:\/\/www.danosa.com\/es-co\/#website\"},\"datePublished\":\"2026-04-09T06:26:23+00:00\",\"dateModified\":\"2026-04-09T06:26:27+00:00\",\"description\":\"Resina de poliuretano bicomponente el\u00e1stica formulada para la aplicaci\u00f3n en piscinas como capa de sellado y acabado. Resistente a intemperie y rayos UV.\",\"breadcrumb\":{\"@id\":\"https:\/\/www.danosa.com\/es-co\/producto\/danocoat-pur-2c-pool\/#breadcrumb\"},\"inLanguage\":\"es\",\"potentialAction\":[{\"@type\":\"ReadAction\",\"target\":[\"https:\/\/www.danosa.com\/es-co\/producto\/danocoat-pur-2c-pool\/\"]}]},{\"@type\":\"BreadcrumbList\",\"@id\":\"https:\/\/www.danosa.com\/es-co\/producto\/danocoat-pur-2c-pool\/#breadcrumb\",\"itemListElement\":[{\"@type\":\"ListItem\",\"position\":1,\"name\":\"Portada\",\"item\":\"https:\/\/www.danosa.com\/es-co\/\"},{\"@type\":\"ListItem\",\"position\":2,\"name\":\"DANOCOAT PUR 2C POOL\"}]}]}<\/script>\n<!-- \/ Yoast SEO plugin. -->","yoast_head_json":{"title":"Poliuretano DANOCOAT | Resina alif\u00e1tica bicomponente piscinas","description":"Resina de poliuretano bicomponente el\u00e1stica formulada para la aplicaci\u00f3n en piscinas como capa de sellado y acabado. Resistente a intemperie y rayos UV.","robots":{"index":"index","follow":"follow","max-snippet":"max-snippet:-1","max-image-preview":"max-image-preview:large","max-video-preview":"max-video-preview:-1"},"canonical":"https:\/\/www.danosa.com\/es-co\/producto\/danocoat-pur-2c-pool\/","og_locale":"es_ES","og_type":"article","og_title":"Poliuretano DANOCOAT | Resina alif\u00e1tica bicomponente piscinas","og_description":"Resina de poliuretano bicomponente el\u00e1stica formulada para la aplicaci\u00f3n en piscinas como capa de sellado y acabado. Resistente a intemperie y rayos UV.","og_url":"https:\/\/www.danosa.com\/es-co\/producto\/danocoat-pur-2c-pool\/","og_site_name":"Danosa Colombia","article_modified_time":"2026-04-09T06:26:27+00:00","twitter_card":"summary_large_image","twitter_misc":{"Tiempo de lectura":"1 minuto"},"schema":{"@context":"https:\/\/schema.org","@graph":[{"@type":"WebSite","@id":"https:\/\/www.danosa.com\/es-co\/#website","url":"https:\/\/www.danosa.com\/es-co\/","name":"Danosa Colombia","description":"Danosa","potentialAction":[{"@type":"SearchAction","target":{"@type":"EntryPoint","urlTemplate":"https:\/\/www.danosa.com\/es-co\/?s={search_term_string}"},"query-input":"required name=search_term_string"}],"inLanguage":"es"},{"@type":"WebPage","@id":"https:\/\/www.danosa.com\/es-co\/producto\/danocoat-pur-2c-pool\/#webpage","url":"https:\/\/www.danosa.com\/es-co\/producto\/danocoat-pur-2c-pool\/","name":"Poliuretano DANOCOAT | Resina alif\u00e1tica bicomponente piscinas","isPartOf":{"@id":"https:\/\/www.danosa.com\/es-co\/#website"},"datePublished":"2026-04-09T06:26:23+00:00","dateModified":"2026-04-09T06:26:27+00:00","description":"Resina de poliuretano bicomponente el\u00e1stica formulada para la aplicaci\u00f3n en piscinas como capa de sellado y acabado. Resistente a intemperie y rayos UV.","breadcrumb":{"@id":"https:\/\/www.danosa.com\/es-co\/producto\/danocoat-pur-2c-pool\/#breadcrumb"},"inLanguage":"es","potentialAction":[{"@type":"ReadAction","target":["https:\/\/www.danosa.com\/es-co\/producto\/danocoat-pur-2c-pool\/"]}]},{"@type":"BreadcrumbList","@id":"https:\/\/www.danosa.com\/es-co\/producto\/danocoat-pur-2c-pool\/#breadcrumb","itemListElement":[{"@type":"ListItem","position":1,"name":"Portada","item":"https:\/\/www.danosa.com\/es-co\/"},{"@type":"ListItem","position":2,"name":"DANOCOAT PUR 2C POOL"}]}]}},"_links":{"self":[{"href":"https:\/\/www.danosa.com\/es-co\/wp-json\/wp\/v2\/product\/9949"}],"collection":[{"href":"https:\/\/www.danosa.com\/es-co\/wp-json\/wp\/v2\/product"}],"about":[{"href":"https:\/\/www.danosa.com\/es-co\/wp-json\/wp\/v2\/types\/product"}],"wp:attachment":[{"href":"https:\/\/www.danosa.com\/es-co\/wp-json\/wp\/v2\/media?parent=9949"}],"wp:term":[{"taxonomy":"family","embeddable":true,"href":"https:\/\/www.danosa.com\/es-co\/wp-json\/wp\/v2\/family?post=9949"},{"taxonomy":"product_notice","embeddable":true,"href":"https:\/\/www.danosa.com\/es-co\/wp-json\/wp\/v2\/product_notice?post=9949"},{"taxonomy":"product_icon","embeddable":true,"href":"https:\/\/www.danosa.com\/es-co\/wp-json\/wp\/v2\/product_icon?post=9949"},{"taxonomy":"product_application","embeddable":true,"href":"https:\/\/www.danosa.com\/es-co\/wp-json\/wp\/v2\/product_application?post=9949"},{"taxonomy":"product_standards_certification","embeddable":true,"href":"https:\/\/www.danosa.com\/es-co\/wp-json\/wp\/v2\/product_standards_certification?post=9949"},{"taxonomy":"product_benefits","embeddable":true,"href":"https:\/\/www.danosa.com\/es-co\/wp-json\/wp\/v2\/product_benefits?post=9949"},{"taxonomy":"product_support","embeddable":true,"href":"https:\/\/www.danosa.com\/es-co\/wp-json\/wp\/v2\/product_support?post=9949"},{"taxonomy":"product_substrate_preparation","embeddable":true,"href":"https:\/\/www.danosa.com\/es-co\/wp-json\/wp\/v2\/product_substrate_preparation?post=9949"},{"taxonomy":"product_important_indications","embeddable":true,"href":"https:\/\/www.danosa.com\/es-co\/wp-json\/wp\/v2\/product_important_indications?post=9949"},{"taxonomy":"product_conservation","embeddable":true,"href":"https:\/\/www.danosa.com\/es-co\/wp-json\/wp\/v2\/product_conservation?post=9949"},{"taxonomy":"product_warning","embeddable":true,"href":"https:\/\/www.danosa.com\/es-co\/wp-json\/wp\/v2\/product_warning?post=9949"},{"taxonomy":"product_safety_hygiene","embeddable":true,"href":"https:\/\/www.danosa.com\/es-co\/wp-json\/wp\/v2\/product_safety_hygiene?post=9949"},{"taxonomy":"system_certification","embeddable":true,"href":"https:\/\/www.danosa.com\/es-co\/wp-json\/wp\/v2\/system_certification?post=9949"},{"taxonomy":"product_maintenance","embeddable":true,"href":"https:\/\/www.danosa.com\/es-co\/wp-json\/wp\/v2\/product_maintenance?post=9949"},{"taxonomy":"product_safety_datasheet","embeddable":true,"href":"https:\/\/www.danosa.com\/es-co\/wp-json\/wp\/v2\/product_safety_datasheet?post=9949"},{"taxonomy":"filter_special_uses","embeddable":true,"href":"https:\/\/www.danosa.com\/es-co\/wp-json\/wp\/v2\/filter_special_uses?post=9949"}],"curies":[{"name":"wp","href":"https:\/\/api.w.org\/{rel}","templated":true}]}}