{"id":9953,"date":"2026-04-09T08:26:28","date_gmt":"2026-04-09T06:26:28","guid":{"rendered":"https:\/\/www.danosa.com\/es-co\/producto\/danocret-impermeable\/"},"modified":"2026-04-09T08:26:30","modified_gmt":"2026-04-09T06:26:30","slug":"danocret-impermeable","status":"publish","type":"product","link":"https:\/\/www.danosa.com\/es-co\/producto\/danocret-impermeable\/","title":{"rendered":"DANOCRET IMPERMEABLE"},"content":{"rendered":"<p>DANOCRET IMPERMEABLE es un mortero pol\u00edmero modificado (PCC) tixotr\u00f3pico, monocomponente, para la protecci\u00f3n superficial e impermeabilizaci\u00f3n del concreto y del mortero, formulado a base de mezcla de conglomerantes hidr\u00e1ulicos, \u00e1ridos seleccionados y pol\u00edmeros que le proporcionan una excelente adherencia y capacidad impermeable. Con tecnolog\u00eda Danocret que contiene aditivos de tecnolog\u00eda europea.<\/p>\n","protected":false},"excerpt":{"rendered":"<p>Mortero impermeable y de protecci\u00f3n monocomponente, de uso general en obra.<\/p>\n","protected":false},"featured_media":0,"parent":0,"menu_order":0,"template":"","meta":{"inline_featured_image":false,"site-sidebar-layout":"default","site-content-layout":"default","ast-main-header-display":"","ast-hfb-above-header-display":"","ast-hfb-below-header-display":"","ast-hfb-mobile-header-display":"","site-post-title":"","ast-breadcrumbs-content":"","ast-featured-img":"","footer-sml-layout":"","theme-transparent-header-meta":"","adv-header-id-meta":"","stick-header-meta":"","header-above-stick-meta":"","header-main-stick-meta":"","header-below-stick-meta":""},"family":[5711,3087],"product_notice":[11437],"product_icon":[],"product_application":[18407,18408],"product_standards_certification":[],"product_benefits":[9572,9573,9657,9814,9854,9903,9960,9961,9962],"product_support":[11268,11280],"product_substrate_preparation":[11384,11397,11414],"product_important_indications":[],"product_conservation":[10949],"product_warning":[11055,11063,11070,11072,11114,11129,11130,11165,11166],"product_safety_hygiene":[11426],"system_certification":[],"product_maintenance":[],"product_safety_datasheet":[],"filter_special_uses":[],"acf":[],"yoast_head":"<!-- This site is optimized with the Yoast SEO plugin v18.1 - https:\/\/yoast.com\/wordpress\/plugins\/seo\/ -->\n<title>Mortero flexible impermeabilizante monocomponente | Danocret Impermeable<\/title>\n<meta name=\"description\" content=\"DANOCRET IMPERMEABLE es un mortero flexible para impermeabilizaci\u00f3n de estructuras de hormig\u00f3n, balcones, terrazas, alf\u00e9izares y piscinas. Gama profesional\" \/>\n<meta name=\"robots\" content=\"index, follow, max-snippet:-1, max-image-preview:large, max-video-preview:-1\" \/>\n<link rel=\"canonical\" href=\"https:\/\/www.danosa.com\/es-co\/producto\/danocret-impermeable\/\" \/>\n<meta property=\"og:locale\" content=\"es_ES\" \/>\n<meta property=\"og:type\" content=\"article\" \/>\n<meta property=\"og:title\" content=\"Mortero flexible impermeabilizante monocomponente | Danocret Impermeable\" \/>\n<meta property=\"og:description\" content=\"DANOCRET IMPERMEABLE es un mortero flexible para impermeabilizaci\u00f3n de estructuras de hormig\u00f3n, balcones, terrazas, alf\u00e9izares y piscinas. Gama profesional\" \/>\n<meta property=\"og:url\" content=\"https:\/\/www.danosa.com\/es-co\/producto\/danocret-impermeable\/\" \/>\n<meta property=\"og:site_name\" content=\"Danosa Colombia\" \/>\n<meta property=\"article:modified_time\" content=\"2026-04-09T06:26:30+00:00\" \/>\n<meta name=\"twitter:card\" content=\"summary_large_image\" \/>\n<script type=\"application\/ld+json\" class=\"yoast-schema-graph\">{\"@context\":\"https:\/\/schema.org\",\"@graph\":[{\"@type\":\"WebSite\",\"@id\":\"https:\/\/www.danosa.com\/es-co\/#website\",\"url\":\"https:\/\/www.danosa.com\/es-co\/\",\"name\":\"Danosa Colombia\",\"description\":\"Danosa\",\"potentialAction\":[{\"@type\":\"SearchAction\",\"target\":{\"@type\":\"EntryPoint\",\"urlTemplate\":\"https:\/\/www.danosa.com\/es-co\/?s={search_term_string}\"},\"query-input\":\"required name=search_term_string\"}],\"inLanguage\":\"es\"},{\"@type\":\"WebPage\",\"@id\":\"https:\/\/www.danosa.com\/es-co\/producto\/danocret-impermeable\/#webpage\",\"url\":\"https:\/\/www.danosa.com\/es-co\/producto\/danocret-impermeable\/\",\"name\":\"Mortero flexible impermeabilizante monocomponente | Danocret Impermeable\",\"isPartOf\":{\"@id\":\"https:\/\/www.danosa.com\/es-co\/#website\"},\"datePublished\":\"2026-04-09T06:26:28+00:00\",\"dateModified\":\"2026-04-09T06:26:30+00:00\",\"description\":\"DANOCRET IMPERMEABLE es un mortero flexible para impermeabilizaci\u00f3n de estructuras de hormig\u00f3n, balcones, terrazas, alf\u00e9izares y piscinas. Gama profesional\",\"breadcrumb\":{\"@id\":\"https:\/\/www.danosa.com\/es-co\/producto\/danocret-impermeable\/#breadcrumb\"},\"inLanguage\":\"es\",\"potentialAction\":[{\"@type\":\"ReadAction\",\"target\":[\"https:\/\/www.danosa.com\/es-co\/producto\/danocret-impermeable\/\"]}]},{\"@type\":\"BreadcrumbList\",\"@id\":\"https:\/\/www.danosa.com\/es-co\/producto\/danocret-impermeable\/#breadcrumb\",\"itemListElement\":[{\"@type\":\"ListItem\",\"position\":1,\"name\":\"Portada\",\"item\":\"https:\/\/www.danosa.com\/es-co\/\"},{\"@type\":\"ListItem\",\"position\":2,\"name\":\"DANOCRET IMPERMEABLE\"}]}]}<\/script>\n<!-- \/ Yoast SEO plugin. -->","yoast_head_json":{"title":"Mortero flexible impermeabilizante monocomponente | Danocret Impermeable","description":"DANOCRET IMPERMEABLE es un mortero flexible para impermeabilizaci\u00f3n de estructuras de hormig\u00f3n, balcones, terrazas, alf\u00e9izares y piscinas. Gama profesional","robots":{"index":"index","follow":"follow","max-snippet":"max-snippet:-1","max-image-preview":"max-image-preview:large","max-video-preview":"max-video-preview:-1"},"canonical":"https:\/\/www.danosa.com\/es-co\/producto\/danocret-impermeable\/","og_locale":"es_ES","og_type":"article","og_title":"Mortero flexible impermeabilizante monocomponente | Danocret Impermeable","og_description":"DANOCRET IMPERMEABLE es un mortero flexible para impermeabilizaci\u00f3n de estructuras de hormig\u00f3n, balcones, terrazas, alf\u00e9izares y piscinas. Gama profesional","og_url":"https:\/\/www.danosa.com\/es-co\/producto\/danocret-impermeable\/","og_site_name":"Danosa Colombia","article_modified_time":"2026-04-09T06:26:30+00:00","twitter_card":"summary_large_image","schema":{"@context":"https:\/\/schema.org","@graph":[{"@type":"WebSite","@id":"https:\/\/www.danosa.com\/es-co\/#website","url":"https:\/\/www.danosa.com\/es-co\/","name":"Danosa Colombia","description":"Danosa","potentialAction":[{"@type":"SearchAction","target":{"@type":"EntryPoint","urlTemplate":"https:\/\/www.danosa.com\/es-co\/?s={search_term_string}"},"query-input":"required name=search_term_string"}],"inLanguage":"es"},{"@type":"WebPage","@id":"https:\/\/www.danosa.com\/es-co\/producto\/danocret-impermeable\/#webpage","url":"https:\/\/www.danosa.com\/es-co\/producto\/danocret-impermeable\/","name":"Mortero flexible impermeabilizante monocomponente | Danocret Impermeable","isPartOf":{"@id":"https:\/\/www.danosa.com\/es-co\/#website"},"datePublished":"2026-04-09T06:26:28+00:00","dateModified":"2026-04-09T06:26:30+00:00","description":"DANOCRET IMPERMEABLE es un mortero flexible para impermeabilizaci\u00f3n de estructuras de hormig\u00f3n, balcones, terrazas, alf\u00e9izares y piscinas. Gama profesional","breadcrumb":{"@id":"https:\/\/www.danosa.com\/es-co\/producto\/danocret-impermeable\/#breadcrumb"},"inLanguage":"es","potentialAction":[{"@type":"ReadAction","target":["https:\/\/www.danosa.com\/es-co\/producto\/danocret-impermeable\/"]}]},{"@type":"BreadcrumbList","@id":"https:\/\/www.danosa.com\/es-co\/producto\/danocret-impermeable\/#breadcrumb","itemListElement":[{"@type":"ListItem","position":1,"name":"Portada","item":"https:\/\/www.danosa.com\/es-co\/"},{"@type":"ListItem","position":2,"name":"DANOCRET IMPERMEABLE"}]}]}},"_links":{"self":[{"href":"https:\/\/www.danosa.com\/es-co\/wp-json\/wp\/v2\/product\/9953"}],"collection":[{"href":"https:\/\/www.danosa.com\/es-co\/wp-json\/wp\/v2\/product"}],"about":[{"href":"https:\/\/www.danosa.com\/es-co\/wp-json\/wp\/v2\/types\/product"}],"wp:attachment":[{"href":"https:\/\/www.danosa.com\/es-co\/wp-json\/wp\/v2\/media?parent=9953"}],"wp:term":[{"taxonomy":"family","embeddable":true,"href":"https:\/\/www.danosa.com\/es-co\/wp-json\/wp\/v2\/family?post=9953"},{"taxonomy":"product_notice","embeddable":true,"href":"https:\/\/www.danosa.com\/es-co\/wp-json\/wp\/v2\/product_notice?post=9953"},{"taxonomy":"product_icon","embeddable":true,"href":"https:\/\/www.danosa.com\/es-co\/wp-json\/wp\/v2\/product_icon?post=9953"},{"taxonomy":"product_application","embeddable":true,"href":"https:\/\/www.danosa.com\/es-co\/wp-json\/wp\/v2\/product_application?post=9953"},{"taxonomy":"product_standards_certification","embeddable":true,"href":"https:\/\/www.danosa.com\/es-co\/wp-json\/wp\/v2\/product_standards_certification?post=9953"},{"taxonomy":"product_benefits","embeddable":true,"href":"https:\/\/www.danosa.com\/es-co\/wp-json\/wp\/v2\/product_benefits?post=9953"},{"taxonomy":"product_support","embeddable":true,"href":"https:\/\/www.danosa.com\/es-co\/wp-json\/wp\/v2\/product_support?post=9953"},{"taxonomy":"product_substrate_preparation","embeddable":true,"href":"https:\/\/www.danosa.com\/es-co\/wp-json\/wp\/v2\/product_substrate_preparation?post=9953"},{"taxonomy":"product_important_indications","embeddable":true,"href":"https:\/\/www.danosa.com\/es-co\/wp-json\/wp\/v2\/product_important_indications?post=9953"},{"taxonomy":"product_conservation","embeddable":true,"href":"https:\/\/www.danosa.com\/es-co\/wp-json\/wp\/v2\/product_conservation?post=9953"},{"taxonomy":"product_warning","embeddable":true,"href":"https:\/\/www.danosa.com\/es-co\/wp-json\/wp\/v2\/product_warning?post=9953"},{"taxonomy":"product_safety_hygiene","embeddable":true,"href":"https:\/\/www.danosa.com\/es-co\/wp-json\/wp\/v2\/product_safety_hygiene?post=9953"},{"taxonomy":"system_certification","embeddable":true,"href":"https:\/\/www.danosa.com\/es-co\/wp-json\/wp\/v2\/system_certification?post=9953"},{"taxonomy":"product_maintenance","embeddable":true,"href":"https:\/\/www.danosa.com\/es-co\/wp-json\/wp\/v2\/product_maintenance?post=9953"},{"taxonomy":"product_safety_datasheet","embeddable":true,"href":"https:\/\/www.danosa.com\/es-co\/wp-json\/wp\/v2\/product_safety_datasheet?post=9953"},{"taxonomy":"filter_special_uses","embeddable":true,"href":"https:\/\/www.danosa.com\/es-co\/wp-json\/wp\/v2\/filter_special_uses?post=9953"}],"curies":[{"name":"wp","href":"https:\/\/api.w.org\/{rel}","templated":true}]}}