{"id":11353,"date":"2023-03-13T12:56:49","date_gmt":"2023-03-13T11:56:49","guid":{"rendered":"https:\/\/www.danosa.com\/es-es\/?page_id=11353"},"modified":"2024-11-19T15:34:12","modified_gmt":"2024-11-19T14:34:12","slug":"oficina-tecnica","status":"publish","type":"page","link":"https:\/\/www.danosa.com\/es-es\/oficina-tecnica\/","title":{"rendered":"Oficina t\u00e9cnica"},"content":{"rendered":"\n<div class=\"wp-block-cover alignfull is-light parallax\" id=\"about-us-header\"><span aria-hidden=\"true\" class=\"has-background-dim-40 wp-block-cover__gradient-background has-background-dim\"><\/span><img loading=\"lazy\" width=\"1920\" height=\"552\" class=\"wp-block-cover__image-background wp-image-11376\" alt=\"\" src=\"https:\/\/www.danosa.com\/es-es\/wp-content\/uploads\/sites\/2\/2023\/03\/oficina_tecnica_danosa.png\" style=\"object-position:26% 69%\" data-object-fit=\"cover\" data-object-position=\"26% 69%\" srcset=\"https:\/\/www.danosa.com\/es-es\/wp-content\/uploads\/sites\/2\/2023\/03\/oficina_tecnica_danosa.png 1920w, https:\/\/www.danosa.com\/es-es\/wp-content\/uploads\/sites\/2\/2023\/03\/oficina_tecnica_danosa-300x86.png 300w, https:\/\/www.danosa.com\/es-es\/wp-content\/uploads\/sites\/2\/2023\/03\/oficina_tecnica_danosa-1024x294.png 1024w, https:\/\/www.danosa.com\/es-es\/wp-content\/uploads\/sites\/2\/2023\/03\/oficina_tecnica_danosa-768x221.png 768w, https:\/\/www.danosa.com\/es-es\/wp-content\/uploads\/sites\/2\/2023\/03\/oficina_tecnica_danosa-1536x442.png 1536w\" sizes=\"(max-width: 1920px) 100vw, 1920px\" \/><div class=\"wp-block-cover__inner-container\">\n<div style=\"height:80px\" aria-hidden=\"true\" class=\"wp-block-spacer\"><\/div>\n\n\n\n<h1 class=\"has-white-color has-text-color has-x-large-font-size\" style=\"font-style:normal;font-weight:600\">OFICINA T\u00c9CNICA DANOSA<\/h1>\n\n\n\n<p class=\"has-ast-global-color-5-color has-text-color has-medium-font-size\">\u201cDamos respuestas y soluciones desde la innovaci\u00f3n y el conocimiento\u201d<\/p>\n<\/div><\/div>\n\n\n\n<div style=\"height:50px\" aria-hidden=\"true\" class=\"wp-block-spacer\"><\/div>\n\n\n\n<div class=\"wp-block-columns\">\n<div class=\"wp-block-column\">\n<p>Desde DANOSA, proponemos diferentes sistemas para asegurar la estanquidad al agua, el aislamiento t\u00e9rmico de las envolventes de los edificios, as\u00ed como el aislamiento ac\u00fastico de los recintos interiores y, en caso de ser necesaria, la correcta iluminaci\u00f3n natural y protecci\u00f3n contra incendios, fruto de la experiencia de m\u00e1s de 50 a\u00f1os en el sector en los 5 continentes.<\/p>\n\n\n\n<p>Es por este motivo, que ponemos a disposici\u00f3n del cliente la Oficina T\u00e9cnica de DANOSA, cubriendo la necesidad por parte de empresas constructoras, arquitectos, ingenier\u00edas o instaladoras para que cuenten con nuestro servicio t\u00e9cnico personalizado por parte de nuestros t\u00e9cnicos.<\/p>\n\n\n\n<p>Este asesoramiento es completamente gratuito y sin ning\u00fan tipo de compromiso, d\u00f3nde lo que queremos promover es la confianza e impulsar las soluciones m\u00e1s innovadoras y sostenibles, para mejorar la envolvente del edificio y la calidad de vida de las personas.<\/p>\n<\/div>\n<\/div>\n\n\n\n<div class=\"wp-block-columns\">\n<div class=\"wp-block-column\">\n<h3><strong>Servicios que ofrecemos<\/strong>:<\/h3>\n\n\n\n<ul><li>El servicio de asesoramiento t\u00e9cnico ser\u00e1 completamente personalizado en funci\u00f3n del proyecto.<\/li><\/ul>\n\n\n\n<ul><li>Elaboramos una <strong>MEMORIA T\u00c9CNICA<\/strong> d\u00f3nde se incorporan los mejores sistemas en funci\u00f3n del proyecto a realizar incorporando toda la informaci\u00f3n necesaria de cada producto. <\/li><\/ul>\n\n\n\n<ul><li>Nuestro departamento t\u00e9cnico elabora los <strong>DETALLES CONSTRUCTIVOS<\/strong> de cada encuentro, especialmente aquellos puntos singulares que encontramos en las cubiertas o en las fachadas. <\/li><\/ul>\n\n\n\n<ul><li>Realizamos el <strong>C\u00c1LCULO T\u00c9RMICO<\/strong> de la soluci\u00f3n partiendo de la transmitancia t\u00e9rmica de la zona, indicando los espesores m\u00ednimos a emplear de aislamiento t\u00e9rmico y la soluci\u00f3n m\u00e1s adecuada para cada proyecto. <\/li><\/ul>\n\n\n\n<ul><li>Damos el valor aproximado del precio\/m2 y la <strong>UNIDAD DE OBRA<\/strong> de cada soluci\u00f3n. <\/li><\/ul>\n\n\n\n<ul><li>Adjuntamos toda aquella <strong>DOCUMENTACI\u00d3N T\u00c9CNICA<\/strong> necesaria de nuestros productos, instalaci\u00f3n, fichas y manuales.<\/li><\/ul>\n<\/div>\n<\/div>\n\n\n\n<p>Puedes consultar en nuestra secci\u00f3n de descargas toda la documentaci\u00f3n relacionada:<\/p>\n\n\n\n<div class=\"wp-container-1 wp-block-buttons\">\n<div class=\"wp-block-button alignleft is-style-fill\"><a class=\"wp-block-button__link\" href=\"https:\/\/www.danosa.com\/es-es\/descargas\/\">Documentaci\u00f3n<\/a><\/div>\n<\/div>\n\n\n\n<div style=\"height:40px\" aria-hidden=\"true\" class=\"wp-block-spacer\"><\/div>\n\n\n\n<h3><strong>Tu t\u00e9cnico Danosa aqu\u00ed y ahora \u00bfHablamos? Nosotros te llamamos<\/strong><\/h3>\n\n\n\n<p>Resuelve cualquier duda concertando una entrevista con tu t\u00e9cnico especialista Danosa.<br>Porque a veces necesitas respuestas r\u00e1pidas a problemas que no pueden esperar, ponemos a tu disposici\u00f3n nuestro equipo t\u00e9cnico Danosa para prestar soporte en lo que necesites<\/p>\n\n\n\n<div class=\"wp-container-2 wp-block-buttons\">\n<div class=\"wp-block-button alignleft is-style-fill\"><a class=\"wp-block-button__link\" href=\"https:\/\/www.danosa.com\/es-es\/contacto\/soporte-tecnico\/\">TECH4U &#8211; SOPORTE T\u00c9CNICO ON LINE<\/a><\/div>\n<\/div>\n\n\n\n<div style=\"height:40px\" aria-hidden=\"true\" class=\"wp-block-spacer\"><\/div>\n\n\n\n<div class=\"wp-block-cover alignfull is-light\" style=\"min-height:262px\"><span aria-hidden=\"true\" class=\"has-cyan-bluish-gray-background-color has-background-dim-40 wp-block-cover__gradient-background has-background-dim\"><\/span><img loading=\"lazy\" width=\"2098\" height=\"2770\" class=\"wp-block-cover__image-background wp-image-11412\" alt=\"\" src=\"https:\/\/www.danosa.com\/es-es\/wp-content\/uploads\/sites\/2\/2023\/03\/cad2.png\" style=\"object-position:46% 43%\" data-object-fit=\"cover\" data-object-position=\"46% 43%\" srcset=\"https:\/\/www.danosa.com\/es-es\/wp-content\/uploads\/sites\/2\/2023\/03\/cad2.png 2098w, https:\/\/www.danosa.com\/es-es\/wp-content\/uploads\/sites\/2\/2023\/03\/cad2-227x300.png 227w, https:\/\/www.danosa.com\/es-es\/wp-content\/uploads\/sites\/2\/2023\/03\/cad2-776x1024.png 776w, https:\/\/www.danosa.com\/es-es\/wp-content\/uploads\/sites\/2\/2023\/03\/cad2-768x1014.png 768w, https:\/\/www.danosa.com\/es-es\/wp-content\/uploads\/sites\/2\/2023\/03\/cad2-1163x1536.png 1163w, https:\/\/www.danosa.com\/es-es\/wp-content\/uploads\/sites\/2\/2023\/03\/cad2-1551x2048.png 1551w\" sizes=\"(max-width: 2098px) 100vw, 2098px\" \/><div class=\"wp-block-cover__inner-container\">\n<div class=\"wp-block-columns\">\n<div class=\"wp-block-column is-vertically-aligned-top\" style=\"flex-basis:100%\">\n<div style=\"height:30px\" aria-hidden=\"true\" class=\"wp-block-spacer\"><\/div>\n\n\n\n<h3><strong>\u00bfTienes un proyecto?<\/strong><\/h3>\n\n\n\n<p>Nosotros te asesoramos para darte la mejor soluci\u00f3n. Contacta con la Oficina T\u00e9cnica de DANOSA:<\/p>\n\n\n\n<div class=\"wp-block-columns\">\n<div class=\"wp-block-column\" style=\"flex-basis:65%\"><div role=\"form\" class=\"wpcf7\" id=\"wpcf7-f11351-o1\" lang=\"es-ES\" dir=\"ltr\">\n<div class=\"screen-reader-response\"><p role=\"status\" aria-live=\"polite\" aria-atomic=\"true\"><\/p> <ul><\/ul><\/div>\n<form action=\"\/es-es\/wp-json\/wp\/v2\/pages\/11353#wpcf7-f11351-o1\" method=\"post\" class=\"wpcf7-form init\" novalidate=\"novalidate\" data-status=\"init\">\n<div style=\"display: none;\">\n<input type=\"hidden\" name=\"_wpcf7\" value=\"11351\" \/>\n<input type=\"hidden\" name=\"_wpcf7_version\" value=\"5.5.5\" \/>\n<input type=\"hidden\" name=\"_wpcf7_locale\" value=\"es_ES\" \/>\n<input type=\"hidden\" name=\"_wpcf7_unit_tag\" value=\"wpcf7-f11351-o1\" \/>\n<input type=\"hidden\" name=\"_wpcf7_container_post\" value=\"0\" \/>\n<input type=\"hidden\" name=\"_wpcf7_posted_data_hash\" value=\"\" \/>\n<input type=\"hidden\" name=\"_wpcf7_recaptcha_response\" value=\"\" \/>\n<\/div>\n<div class=\"wp-block-columns\">\n<div class=\"wp-block-column\">\n        <label><br \/>\n            <span>Nombre:<\/span><br \/>\n            <span class=\"wpcf7-form-control-wrap your-name\"><input type=\"text\" name=\"your-name\" value=\"\" size=\"40\" class=\"wpcf7-form-control wpcf7-text wpcf7-validates-as-required\" aria-required=\"true\" aria-invalid=\"false\" \/><\/span><br \/>\n        <\/label>\n    <\/div>\n<div class=\"wp-block-column\">\n        <label><br \/>\n            <span>Apellidos:<\/span><br \/>\n            <span class=\"wpcf7-form-control-wrap your-surnames\"><input type=\"text\" name=\"your-surnames\" value=\"\" size=\"40\" class=\"wpcf7-form-control wpcf7-text wpcf7-validates-as-required\" aria-required=\"true\" aria-invalid=\"false\" \/><\/span><br \/>\n        <\/label>\n    <\/div>\n<\/div>\n<div class=\"wp-block-columns\">\n<div class=\"wp-block-column\">\n        <label><br \/>\n            <span>E-mail:<\/span><br \/>\n            <span class=\"wpcf7-form-control-wrap your-email\"><input type=\"email\" name=\"your-email\" value=\"\" size=\"40\" class=\"wpcf7-form-control wpcf7-text wpcf7-email wpcf7-validates-as-required wpcf7-validates-as-email\" aria-required=\"true\" aria-invalid=\"false\" \/><\/span><br \/>\n        <\/label>\n    <\/div>\n<div class=\"wp-block-column\">\n        <label><br \/>\n            Tel\u00e9fono:<br \/>\n            <span><span class=\"wpcf7-form-control-wrap phone\"><input type=\"text\" name=\"phone\" value=\"\" size=\"40\" class=\"wpcf7-form-control wpcf7-text wpcf7-validates-as-required\" aria-required=\"true\" aria-invalid=\"false\" \/><\/span><\/span><br \/>\n        <\/label>\n    <\/div>\n<\/div>\n<div class=\"wp-block-columns\">\n<div class=\"wp-block-column\">\n        <label><br \/>\n            <span>Profesi\u00f3n:<\/span><br \/>\n            <span class=\"wpcf7-form-control-wrap profession\"><select name=\"profession\" class=\"wpcf7-form-control wpcf7-select wpcf7-validates-as-required\" aria-required=\"true\" aria-invalid=\"false\"><option value=\"Selecione...\">Selecione...<\/option><option value=\"Arquitecto\">Arquitecto<\/option><option value=\"Ingeniero\">Ingeniero<\/option><option value=\"Instalador\">Instalador<\/option><option value=\"Distribuidor\">Distribuidor<\/option><option value=\"Particular\">Particular<\/option><option value=\"Estudiante\">Estudiante<\/option><option value=\"Otros\">Otros<\/option><\/select><\/span><br \/>\n        <\/label>\n    <\/div>\n<div class=\"wp-block-column\">\n        <label><br \/>\n            <span>Provincia:<\/span><br \/>\n            <span class=\"wpcf7-form-control-wrap province\"><select name=\"province\" class=\"wpcf7-form-control wpcf7-select wpcf7-validates-as-required\" aria-required=\"true\" aria-invalid=\"false\"><option value=\"Selecione...\">Selecione...<\/option><option value=\"Araba\/\u00c1lava\">Araba\/\u00c1lava<\/option><option value=\"Albacete\">Albacete<\/option><option value=\"Alicante-Alacant\">Alicante-Alacant<\/option><option value=\"Almer\u00eda\">Almer\u00eda<\/option><option value=\"Asturias\">Asturias<\/option><option value=\"\u00c1vila\">\u00c1vila<\/option><option value=\"Badajoz\">Badajoz<\/option><option value=\"Barcelona\">Barcelona<\/option><option value=\"Burgos\">Burgos<\/option><option value=\"C\u00e1ceres\">C\u00e1ceres<\/option><option value=\"C\u00e1diz\">C\u00e1diz<\/option><option value=\"Cantabria\">Cantabria<\/option><option value=\"Castell\u00f3n-Castell\u00f3\">Castell\u00f3n-Castell\u00f3<\/option><option value=\"Ciudad Real\">Ciudad Real<\/option><option value=\"C\u00f3rdoba\">C\u00f3rdoba<\/option><option value=\"A Coru\u00f1a\">A Coru\u00f1a<\/option><option value=\"Cuenca\">Cuenca<\/option><option value=\"Girona\">Girona<\/option><option value=\"Granada\">Granada<\/option><option value=\"Guadalajara\">Guadalajara<\/option><option value=\"Gipuzkoa\">Gipuzkoa<\/option><option value=\"Huelva\">Huelva<\/option><option value=\"Huesca\">Huesca<\/option><option value=\"Illes Balears\">Illes Balears<\/option><option value=\"Ja\u00e9n\">Ja\u00e9n<\/option><option value=\"Le\u00f3n\">Le\u00f3n<\/option><option value=\"Lleida\">Lleida<\/option><option value=\"Lugo\">Lugo<\/option><option value=\"Madrid\">Madrid<\/option><option value=\"M\u00e1laga\">M\u00e1laga<\/option><option value=\"Murcia\">Murcia<\/option><option value=\"Navarra\">Navarra<\/option><option value=\"Ourense\">Ourense<\/option><option value=\"Palencia\">Palencia<\/option><option value=\"Las Palmas\">Las Palmas<\/option><option value=\"Pontevedra\">Pontevedra<\/option><option value=\"La Rioja\">La Rioja<\/option><option value=\"Salamanca\">Salamanca<\/option><option value=\"Segovia\">Segovia<\/option><option value=\"Sevilla\">Sevilla<\/option><option value=\"Soria\">Soria<\/option><option value=\"Tarragona\">Tarragona<\/option><option value=\"Santa Cruz de Tenerife\">Santa Cruz de Tenerife<\/option><option value=\"Teruel\">Teruel<\/option><option value=\"Toledo\">Toledo<\/option><option value=\"Valencia-Val\u00e8ncia\">Valencia-Val\u00e8ncia<\/option><option value=\"Valladolid\">Valladolid<\/option><option value=\"Bizkaia\">Bizkaia<\/option><option value=\"Zamora\">Zamora<\/option><option value=\"Zaragoza\">Zaragoza<\/option><\/select><\/span><br \/>\n        <\/label>\n    <\/div>\n<\/div>\n<div class=\"wp-block-columns\">\n<div class=\"wp-block-column\">\n        <label><br \/>\n            <span>Tipo de consulta:<\/span><br \/>\n            <span class=\"wpcf7-form-control-wrap type-of-question\"><select name=\"type-of-question\" class=\"wpcf7-form-control wpcf7-select wpcf7-validates-as-required\" aria-required=\"true\" aria-invalid=\"false\"><option value=\"Selecione...\">Selecione...<\/option><option value=\"Estanqueidad al agua\">Estanqueidad al agua<\/option><option value=\"Aislamiento ac\u00fastico\">Aislamiento ac\u00fastico<\/option><option value=\"Ahorro de energ\u00eda\">Ahorro de energ\u00eda<\/option><option value=\"Drenajes\">Drenajes<\/option><option value=\"Geotextiles\">Geotextiles<\/option><option value=\"Morteros\">Morteros<\/option><option value=\"Claraboyas y lucernarios\">Claraboyas y lucernarios<\/option><option value=\"Auxiliares\">Auxiliares<\/option><option value=\"Otros\">Otros<\/option><\/select><\/span><br \/>\n        <\/label>\n    <\/div>\n<div class=\"wp-block-column\">\n        <label><br \/>\n            M<sup>2<\/sup>:<br \/>\n            <span class=\"wpcf7-form-control-wrap cover\"><input type=\"number\" name=\"cover\" value=\"\" class=\"wpcf7-form-control wpcf7-number wpcf7-validates-as-required wpcf7-validates-as-number\" min=\"1\" max=\"10000\" aria-required=\"true\" aria-invalid=\"false\" \/><\/span><br \/>\n        <\/label>\n    <\/div>\n<\/div>\n<div class=\"wp-block-column\">\n<div class=\"wp-block-column\">\n        <label><br \/>\n            Mensaje<br \/>\n            <span class=\"wpcf7-form-control-wrap your-message\"><textarea name=\"your-message\" cols=\"40\" rows=\"10\" class=\"wpcf7-form-control wpcf7-textarea wpcf7-validates-as-required\" aria-required=\"true\" aria-invalid=\"false\"><\/textarea><\/span><br \/>\n        <\/label>\n    <\/div>\n<\/div>\n<div class=\"wp-block-columns\">\n<div class=\"wp-block-column\">\n        <label><br \/>\n             <span class=\"wpcf7-form-control-wrap rgpd\"><span class=\"wpcf7-form-control wpcf7-acceptance\"><span class=\"wpcf7-list-item\"><input type=\"checkbox\" name=\"rgpd\" value=\"1\" aria-invalid=\"false\" \/><\/span><\/span><\/span>Acepto que he le\u00eddo y estoy conforme con el <a href=\"https:\/\/www.danosa.com\/es-es\/wp-content\/uploads\/sites\/2\/2022\/03\/DANOSA_Consentimiento_para_el_tratamiento_de_datos.pdf\">consentimiento para el tratamiento de datos personales<\/a>.<br \/>\n        <\/label>\n    <\/div>\n<\/div>\n<p><input type=\"submit\" value=\"Enviar\" class=\"wpcf7-form-control has-spinner wpcf7-submit\" \/><\/p>\n<div class=\"wpcf7-response-output\" aria-hidden=\"true\"><\/div><\/form><\/div>\n<\/div>\n<\/div>\n<\/div>\n<\/div>\n<\/div><\/div>\n","protected":false},"excerpt":{"rendered":"<p>Desde DANOSA, proponemos diferentes sistemas para asegurar la estanquidad al agua, el aislamiento t\u00e9rmico de las envolventes de los edificios, as\u00ed como el aislamiento ac\u00fastico de los recintos interiores y, en caso de ser necesaria, la correcta iluminaci\u00f3n natural y protecci\u00f3n contra incendios, fruto de la experiencia de m\u00e1s de 50 a\u00f1os en el sector&#8230;<\/p>\n","protected":false},"author":2,"featured_media":0,"parent":0,"menu_order":0,"comment_status":"closed","ping_status":"closed","template":"","meta":{"inline_featured_image":false,"site-sidebar-layout":"default","site-content-layout":"plain-container","ast-main-header-display":"","ast-hfb-above-header-display":"","ast-hfb-below-header-display":"","ast-hfb-mobile-header-display":"","site-post-title":"disabled","ast-breadcrumbs-content":"","ast-featured-img":"","footer-sml-layout":"","theme-transparent-header-meta":"","adv-header-id-meta":"","stick-header-meta":"","header-above-stick-meta":"","header-main-stick-meta":"","header-below-stick-meta":""},"acf":[],"yoast_head":"<!-- This site is optimized with the Yoast SEO plugin v18.1 - https:\/\/yoast.com\/wordpress\/plugins\/seo\/ -->\n<title>Oficina t\u00e9cnica - Danosa | Soluciones para la construcci\u00f3n<\/title>\n<meta name=\"description\" content=\"Proponemos sistemas para asegurar la impermeabilizaci\u00f3n, el aislamiento t\u00e9rmico de las envolventes de edificios y el aislamiento ac\u00fastico de los interiores\" \/>\n<meta name=\"robots\" content=\"index, follow, max-snippet:-1, max-image-preview:large, max-video-preview:-1\" \/>\n<link rel=\"canonical\" href=\"https:\/\/www.danosa.com\/es-es\/oficina-tecnica\/\" \/>\n<meta property=\"og:locale\" content=\"es_ES\" \/>\n<meta property=\"og:type\" content=\"article\" \/>\n<meta property=\"og:title\" content=\"Oficina t\u00e9cnica - Danosa | Soluciones para la construcci\u00f3n\" \/>\n<meta property=\"og:description\" content=\"Proponemos sistemas para asegurar la impermeabilizaci\u00f3n, el aislamiento t\u00e9rmico de las envolventes de edificios y el aislamiento ac\u00fastico de los interiores\" \/>\n<meta property=\"og:url\" content=\"https:\/\/www.danosa.com\/es-es\/oficina-tecnica\/\" \/>\n<meta property=\"og:site_name\" content=\"Danosa | Soluciones para la construcci\u00f3n\" \/>\n<meta property=\"article:publisher\" content=\"https:\/\/www.facebook.com\/aislamientoeimpermeabilizacion\/\" \/>\n<meta property=\"article:modified_time\" content=\"2024-11-19T14:34:12+00:00\" \/>\n<meta property=\"og:image\" content=\"https:\/\/www.danosa.com\/es-es\/wp-content\/uploads\/sites\/2\/2023\/03\/oficina_tecnica_danosa.png\" \/>\n<meta name=\"twitter:card\" content=\"summary_large_image\" \/>\n<meta name=\"twitter:site\" content=\"@DANOSA_SPAIN\" \/>\n<meta name=\"twitter:label1\" content=\"Tiempo de lectura\" \/>\n\t<meta name=\"twitter:data1\" content=\"3 minutos\" \/>\n<script type=\"application\/ld+json\" class=\"yoast-schema-graph\">{\"@context\":\"https:\/\/schema.org\",\"@graph\":[{\"@type\":\"WebSite\",\"@id\":\"https:\/\/www.danosa.com\/es-es\/#website\",\"url\":\"https:\/\/www.danosa.com\/es-es\/\",\"name\":\"Danosa | Soluciones para la construcci\u00f3n\",\"description\":\"Impermeabilizaci\u00f3n, aislamiento ac\u00fastico y t\u00e9rmico\",\"potentialAction\":[{\"@type\":\"SearchAction\",\"target\":{\"@type\":\"EntryPoint\",\"urlTemplate\":\"https:\/\/www.danosa.com\/es-es\/?s={search_term_string}\"},\"query-input\":\"required name=search_term_string\"}],\"inLanguage\":\"es\"},{\"@type\":\"ImageObject\",\"@id\":\"https:\/\/www.danosa.com\/es-es\/oficina-tecnica\/#primaryimage\",\"inLanguage\":\"es\",\"url\":\"https:\/\/www.danosa.com\/es-es\/wp-content\/uploads\/sites\/2\/2023\/03\/oficina_tecnica_danosa.png\",\"contentUrl\":\"https:\/\/www.danosa.com\/es-es\/wp-content\/uploads\/sites\/2\/2023\/03\/oficina_tecnica_danosa.png\",\"width\":1920,\"height\":552,\"caption\":\"Oficina Tecnica Danosa Espa\u00f1a\"},{\"@type\":\"WebPage\",\"@id\":\"https:\/\/www.danosa.com\/es-es\/oficina-tecnica\/#webpage\",\"url\":\"https:\/\/www.danosa.com\/es-es\/oficina-tecnica\/\",\"name\":\"Oficina t\u00e9cnica - Danosa | Soluciones para la construcci\u00f3n\",\"isPartOf\":{\"@id\":\"https:\/\/www.danosa.com\/es-es\/#website\"},\"primaryImageOfPage\":{\"@id\":\"https:\/\/www.danosa.com\/es-es\/oficina-tecnica\/#primaryimage\"},\"datePublished\":\"2023-03-13T11:56:49+00:00\",\"dateModified\":\"2024-11-19T14:34:12+00:00\",\"description\":\"Proponemos sistemas para asegurar la impermeabilizaci\u00f3n, el aislamiento t\u00e9rmico de las envolventes de edificios y el aislamiento ac\u00fastico de los interiores\",\"breadcrumb\":{\"@id\":\"https:\/\/www.danosa.com\/es-es\/oficina-tecnica\/#breadcrumb\"},\"inLanguage\":\"es\",\"potentialAction\":[{\"@type\":\"ReadAction\",\"target\":[\"https:\/\/www.danosa.com\/es-es\/oficina-tecnica\/\"]}]},{\"@type\":\"BreadcrumbList\",\"@id\":\"https:\/\/www.danosa.com\/es-es\/oficina-tecnica\/#breadcrumb\",\"itemListElement\":[{\"@type\":\"ListItem\",\"position\":1,\"name\":\"Portada\",\"item\":\"https:\/\/www.danosa.com\/es-es\/\"},{\"@type\":\"ListItem\",\"position\":2,\"name\":\"Oficina t\u00e9cnica\"}]}]}<\/script>\n<!-- \/ Yoast SEO plugin. -->","yoast_head_json":{"title":"Oficina t\u00e9cnica - Danosa | Soluciones para la construcci\u00f3n","description":"Proponemos sistemas para asegurar la impermeabilizaci\u00f3n, el aislamiento t\u00e9rmico de las envolventes de edificios y el aislamiento ac\u00fastico de los interiores","robots":{"index":"index","follow":"follow","max-snippet":"max-snippet:-1","max-image-preview":"max-image-preview:large","max-video-preview":"max-video-preview:-1"},"canonical":"https:\/\/www.danosa.com\/es-es\/oficina-tecnica\/","og_locale":"es_ES","og_type":"article","og_title":"Oficina t\u00e9cnica - Danosa | Soluciones para la construcci\u00f3n","og_description":"Proponemos sistemas para asegurar la impermeabilizaci\u00f3n, el aislamiento t\u00e9rmico de las envolventes de edificios y el aislamiento ac\u00fastico de los interiores","og_url":"https:\/\/www.danosa.com\/es-es\/oficina-tecnica\/","og_site_name":"Danosa | Soluciones para la construcci\u00f3n","article_publisher":"https:\/\/www.facebook.com\/aislamientoeimpermeabilizacion\/","article_modified_time":"2024-11-19T14:34:12+00:00","og_image":[{"url":"https:\/\/www.danosa.com\/es-es\/wp-content\/uploads\/sites\/2\/2023\/03\/oficina_tecnica_danosa.png"}],"twitter_card":"summary_large_image","twitter_site":"@DANOSA_SPAIN","twitter_misc":{"Tiempo de lectura":"3 minutos"},"schema":{"@context":"https:\/\/schema.org","@graph":[{"@type":"WebSite","@id":"https:\/\/www.danosa.com\/es-es\/#website","url":"https:\/\/www.danosa.com\/es-es\/","name":"Danosa | Soluciones para la construcci\u00f3n","description":"Impermeabilizaci\u00f3n, aislamiento ac\u00fastico y t\u00e9rmico","potentialAction":[{"@type":"SearchAction","target":{"@type":"EntryPoint","urlTemplate":"https:\/\/www.danosa.com\/es-es\/?s={search_term_string}"},"query-input":"required name=search_term_string"}],"inLanguage":"es"},{"@type":"ImageObject","@id":"https:\/\/www.danosa.com\/es-es\/oficina-tecnica\/#primaryimage","inLanguage":"es","url":"https:\/\/www.danosa.com\/es-es\/wp-content\/uploads\/sites\/2\/2023\/03\/oficina_tecnica_danosa.png","contentUrl":"https:\/\/www.danosa.com\/es-es\/wp-content\/uploads\/sites\/2\/2023\/03\/oficina_tecnica_danosa.png","width":1920,"height":552,"caption":"Oficina Tecnica Danosa Espa\u00f1a"},{"@type":"WebPage","@id":"https:\/\/www.danosa.com\/es-es\/oficina-tecnica\/#webpage","url":"https:\/\/www.danosa.com\/es-es\/oficina-tecnica\/","name":"Oficina t\u00e9cnica - Danosa | Soluciones para la construcci\u00f3n","isPartOf":{"@id":"https:\/\/www.danosa.com\/es-es\/#website"},"primaryImageOfPage":{"@id":"https:\/\/www.danosa.com\/es-es\/oficina-tecnica\/#primaryimage"},"datePublished":"2023-03-13T11:56:49+00:00","dateModified":"2024-11-19T14:34:12+00:00","description":"Proponemos sistemas para asegurar la impermeabilizaci\u00f3n, el aislamiento t\u00e9rmico de las envolventes de edificios y el aislamiento ac\u00fastico de los interiores","breadcrumb":{"@id":"https:\/\/www.danosa.com\/es-es\/oficina-tecnica\/#breadcrumb"},"inLanguage":"es","potentialAction":[{"@type":"ReadAction","target":["https:\/\/www.danosa.com\/es-es\/oficina-tecnica\/"]}]},{"@type":"BreadcrumbList","@id":"https:\/\/www.danosa.com\/es-es\/oficina-tecnica\/#breadcrumb","itemListElement":[{"@type":"ListItem","position":1,"name":"Portada","item":"https:\/\/www.danosa.com\/es-es\/"},{"@type":"ListItem","position":2,"name":"Oficina t\u00e9cnica"}]}]}},"_links":{"self":[{"href":"https:\/\/www.danosa.com\/es-es\/wp-json\/wp\/v2\/pages\/11353"}],"collection":[{"href":"https:\/\/www.danosa.com\/es-es\/wp-json\/wp\/v2\/pages"}],"about":[{"href":"https:\/\/www.danosa.com\/es-es\/wp-json\/wp\/v2\/types\/page"}],"author":[{"embeddable":true,"href":"https:\/\/www.danosa.com\/es-es\/wp-json\/wp\/v2\/users\/2"}],"replies":[{"embeddable":true,"href":"https:\/\/www.danosa.com\/es-es\/wp-json\/wp\/v2\/comments?post=11353"}],"version-history":[{"count":87,"href":"https:\/\/www.danosa.com\/es-es\/wp-json\/wp\/v2\/pages\/11353\/revisions"}],"predecessor-version":[{"id":13227,"href":"https:\/\/www.danosa.com\/es-es\/wp-json\/wp\/v2\/pages\/11353\/revisions\/13227"}],"wp:attachment":[{"href":"https:\/\/www.danosa.com\/es-es\/wp-json\/wp\/v2\/media?parent=11353"}],"curies":[{"name":"wp","href":"https:\/\/api.w.org\/{rel}","templated":true}]}}